{"id":86597,"date":"2023-12-22T12:06:36","date_gmt":"2023-12-22T11:06:36","guid":{"rendered":"https:\/\/soolong.com\/product\/cheque-cadeau-2\/"},"modified":"2025-06-11T10:20:50","modified_gmt":"2025-06-11T08:20:50","slug":"cheque-cadeau-2","status":"publish","type":"product","link":"https:\/\/soolong.com\/fr\/product\/cheque-cadeau-2\/","title":{"rendered":"Carte cadeau num\u00e9rique Soolong"},"content":{"rendered":"<p><strong>Bon d&#8217;achat de 15 \u00e0 100 euros par courriel.<\/strong><\/p>\n<p><strong>Le cadeau de derni\u00e8re minute id\u00e9al pour toutes les occasions !<\/strong><\/p>\n<p>Vous \u00eates \u00e0 la recherche du cadeau id\u00e9al, mais vous avez du mal \u00e0 choisir ou vous avez oubli\u00e9 de commander ? Pas de soucis, la carte cadeau Soolong est la solution. Ce bon d&#8217;achat num\u00e9rique offre choix et plaisir aux hommes et aux femmes, aux jeunes et aux moins jeunes. Que le destinataire soit un grand buveur de th\u00e9, un connaisseur de caf\u00e9 ou un amateur de notre unique T-Vino, avec une carte-cadeau Soolong, vous offrirez toujours quelque chose de sp\u00e9cial.<\/p>\n<p><strong>Facile et rapide : votre carte-cadeau num\u00e9rique est envoy\u00e9e par courrier dans la demi-heure qui suit !<\/strong><\/p>\n<p>Il vous suffit de s\u00e9lectionner le montant souhait\u00e9 (de 15 \u00e0 100 euros) pour votre carte-cadeau, de l&#8217;ajouter \u00e0 votre panier et de personnaliser votre cadeau avec un message affectueux (facultatif). Dans la demi-heure qui suit l&#8217;achat, vous recevrez la carte-cadeau dans votre bo\u00eete aux lettres, pr\u00eate \u00e0 \u00eatre surprise ou utilis\u00e9e !<\/p>\n<p><strong>Personnalit\u00e9 ajout\u00e9e :<\/strong><\/p>\n<p>Ajoutez une touche personnelle suppl\u00e9mentaire en ajoutant un texte personnel \u00e0 votre carte-cadeau (150 caract\u00e8res maximum).<\/p>\n<p><strong>Vous avez besoin d&#8217;un plus grand nombre de personnes ?<\/strong><\/p>\n<p>Ajuster le nombre de cartes cadeaux dans votre panier est rapide et facile lorsque vous avez plusieurs heureux b\u00e9n\u00e9ficiaires.<\/p>\n<p><strong>Paiement et livraison :<\/strong><\/p>\n<ul>\n<li>La carte cadeau est cr\u00e9\u00e9e apr\u00e8s l&#8217;achat et l&#8217;expiration du d\u00e9lai de r\u00e9tractation.<\/li>\n<li>La carte-cadeau vous sera envoy\u00e9e par e-mail dans les 30 minutes qui suivent.<\/li>\n<li>Dans de rares cas, le t\u00e9l\u00e9chargement de la carte cadeau peut \u00eatre retard\u00e9. Si vous n&#8217;avez pas re\u00e7u votre carte cadeau apr\u00e8s 24 heures, veuillez contacter notre service client\u00e8le.<\/li>\n<\/ul>\n<p>Avec une carte-cadeau Soolong, vous offrez plus qu&#8217;un simple cadeau ; vous partagez un monde de go\u00fbt et de qualit\u00e9 avec &#8220;quelqu&#8217;un de sp\u00e9cial&#8221;.<\/p>\n<p class=\"p1\">\n","protected":false},"excerpt":{"rendered":"<p>Bon d&#8217;achat Soolong \u20ac15-\u20ac100 par email. Le cadeau de derni\u00e8re minute id\u00e9al pour toutes les occasions !<\/p>\n","protected":false},"featured_media":88662,"comment_status":"closed","ping_status":"closed","template":"","meta":{"_acf_changed":false},"product_cat":[771,352,634],"product_tag":[],"giftcard-category":[],"class_list":{"0":"post-86597","1":"product","2":"type-product","3":"status-publish","4":"has-post-thumbnail","6":"product_cat-paquets-cadeaux","7":"product_cat-cadeaux","8":"product_cat-non-classe-fr","10":"first","11":"instock","12":"featured","13":"virtual","14":"product-type-gift-card"},"acf":{"lijn_nummer":"","weight":"","wissel":true,"new_description":"<p><strong>Bon d&#8217;achat de 15 \u00e0 100 euros par courriel.<\/strong><\/p>\n<p><strong>Le cadeau de derni\u00e8re minute id\u00e9al pour toutes les occasions !<\/strong><\/p>\n<p>Vous \u00eates \u00e0 la recherche du cadeau id\u00e9al, mais vous avez du mal \u00e0 choisir ou vous avez oubli\u00e9 de commander ? Pas de soucis, la carte cadeau Soolong est la solution. Ce bon d&#8217;achat num\u00e9rique offre choix et plaisir aux hommes et aux femmes, aux jeunes et aux moins jeunes. Que le destinataire soit un grand buveur de th\u00e9, un connaisseur de caf\u00e9 ou un amateur de notre unique T-Vino, avec une carte-cadeau Soolong, vous offrirez toujours quelque chose de sp\u00e9cial.<\/p>\n<p><strong>Facile et rapide : votre carte-cadeau num\u00e9rique est envoy\u00e9e par courrier dans la demi-heure qui suit !<\/strong><\/p>\n<p>Il vous suffit de s\u00e9lectionner le montant souhait\u00e9 (de 15 \u00e0 100 euros) pour votre carte-cadeau, de l&#8217;ajouter \u00e0 votre panier et de personnaliser votre cadeau avec un message affectueux (facultatif). Dans la demi-heure qui suit l&#8217;achat, vous recevrez la carte-cadeau dans votre bo\u00eete aux lettres, pr\u00eate \u00e0 \u00eatre surprise ou utilis\u00e9e !<\/p>\n<p><strong>La personnalit\u00e9 a \u00e9t\u00e9 ajout\u00e9e :<\/strong><\/p>\n<p>Ajoutez une touche personnelle suppl\u00e9mentaire en ajoutant un texte personnel \u00e0 votre carte-cadeau (150 caract\u00e8res maximum).<\/p>\n<p><strong>Vous avez besoin de plus grandes quantit\u00e9s ?<\/strong><\/p>\n<p>Ajuster le nombre de cartes cadeaux dans votre panier est rapide et facile lorsque vous avez plusieurs heureux b\u00e9n\u00e9ficiaires.<\/p>\n<p><strong>Paiement et livraison :<\/strong><\/p>\n<ul>\n<li>La carte cadeau est cr\u00e9\u00e9e apr\u00e8s l&#8217;achat et l&#8217;expiration du d\u00e9lai de r\u00e9tractation.<\/li>\n<li>La carte-cadeau vous sera envoy\u00e9e par e-mail dans les 30 minutes qui suivent.<\/li>\n<li>Dans de rares cas, le t\u00e9l\u00e9chargement de la carte cadeau peut \u00eatre retard\u00e9. Si vous n&#8217;avez pas re\u00e7u votre carte cadeau apr\u00e8s 24 heures, veuillez contacter notre service client\u00e8le.<\/li>\n<\/ul>\n<p>Avec une carte-cadeau Soolong, vous offrez plus qu&#8217;un simple cadeau ; vous partagez un monde de go\u00fbt et de qualit\u00e9 avec &#8220;quelqu&#8217;un de sp\u00e9cial&#8221;.<\/p>\n","productkenmerk1":"Carte cadeau num\u00e9rique Soolong \u20ac15-\u20ac100","productkenmerk2":"Le cadeau de derni\u00e8re minute id\u00e9al pour toutes les occasions ! Dans la demi-heure qui suit, vous recevrez le ch\u00e8que-cadeau Soolong par e-mail.","productkenmerk3":"Avec une carte-cadeau Soolong, vous offrez plus qu'un simple cadeau ; vous partagez un monde de go\u00fbt et de qualit\u00e9 avec \"quelqu'un de sp\u00e9cial\".","marktplaatstitel1":"Carte cadeau num\u00e9rique Soolong","marktplaatstitel2":"Bon num\u00e9rique Soolong","marktplaatstitel3":"Ch\u00e8que-cadeau num\u00e9rique Soolong"},"_links":{"self":[{"href":"https:\/\/soolong.com\/fr\/wp-json\/wp\/v2\/product\/86597","targetHints":{"allow":["GET"]}}],"collection":[{"href":"https:\/\/soolong.com\/fr\/wp-json\/wp\/v2\/product"}],"about":[{"href":"https:\/\/soolong.com\/fr\/wp-json\/wp\/v2\/types\/product"}],"replies":[{"embeddable":true,"href":"https:\/\/soolong.com\/fr\/wp-json\/wp\/v2\/comments?post=86597"}],"wp:featuredmedia":[{"embeddable":true,"href":"https:\/\/soolong.com\/fr\/wp-json\/wp\/v2\/media\/88662"}],"wp:attachment":[{"href":"https:\/\/soolong.com\/fr\/wp-json\/wp\/v2\/media?parent=86597"}],"wp:term":[{"taxonomy":"product_cat","embeddable":true,"href":"https:\/\/soolong.com\/fr\/wp-json\/wp\/v2\/product_cat?post=86597"},{"taxonomy":"product_tag","embeddable":true,"href":"https:\/\/soolong.com\/fr\/wp-json\/wp\/v2\/product_tag?post=86597"},{"taxonomy":"giftcard-category","embeddable":true,"href":"https:\/\/soolong.com\/fr\/wp-json\/wp\/v2\/giftcard-category?post=86597"}],"curies":[{"name":"wp","href":"https:\/\/api.w.org\/{rel}","templated":true}]}}