{"id":85881,"date":"2023-12-15T09:28:49","date_gmt":"2023-12-15T08:28:49","guid":{"rendered":"https:\/\/soolong.com\/product\/cheque-cadeau\/"},"modified":"2025-06-11T10:52:36","modified_gmt":"2025-06-11T08:52:36","slug":"cheque-cadeau","status":"publish","type":"product","link":"https:\/\/soolong.com\/fr\/product\/cheque-cadeau\/","title":{"rendered":"Carte-cadeau Soolong"},"content":{"rendered":"<p><strong>Ch\u00e8que de 15 \u00e0 100 euros dans un coffret cadeau.  <\/strong><strong>Le cadeau id\u00e9al pour toutes les occasions !<\/strong><\/p>\n<p>Vous \u00eates \u00e0 la recherche du cadeau id\u00e9al, mais vous avez du mal \u00e0 choisir ? Pas de soucis, la carte cadeau Soolong est la solution. Ce bon offre du choix et du plaisir aux hommes et aux femmes, aux jeunes et aux moins jeunes. Que le destinataire soit un grand buveur de th\u00e9, un connaisseur de caf\u00e9 ou un amateur de notre unique T-Vino, avec une carte-cadeau Soolong, vous offrez toujours quelque chose de sp\u00e9cial.<\/p>\n<p>Il vous suffit de s\u00e9lectionner le montant souhait\u00e9 (de 15 \u00e0 100 euros) pour votre carte-cadeau, de l&#8217;ajouter \u00e0 votre panier et de personnaliser votre cadeau avec un message affectueux (facultatif &#8211; jusqu&#8217;\u00e0 150 caract\u00e8res maximum).<\/p>\n<p>Pr\u00eat \u00e0 surprendre ou \u00e0 utiliser !<\/p>\n<p><strong>Vous avez besoin de plus grandes quantit\u00e9s ?<\/strong><\/p>\n<p>Ajuster le nombre de cartes cadeaux dans votre panier est rapide et facile lorsque vous avez plusieurs heureux b\u00e9n\u00e9ficiaires.<\/p>\n<p>Avec une carte-cadeau Soolong, vous offrez plus qu&#8217;un simple cadeau ; vous partagez un monde de go\u00fbt et de qualit\u00e9 avec &#8220;quelqu&#8217;un de sp\u00e9cial&#8221;.<\/p>\n<p class=\"p1\">\n","protected":false},"excerpt":{"rendered":"<p>Bon d&#8217;achat Soolong de 15 \u00e0 100 euros dans un coffret cadeau. Le cadeau id\u00e9al pour toutes les occasions !<\/p>\n<p>&nbsp;<\/p>\n","protected":false},"featured_media":88671,"comment_status":"closed","ping_status":"closed","template":"","meta":{"_acf_changed":false},"product_cat":[771,352,634],"product_tag":[],"giftcard-category":[],"class_list":{"0":"post-85881","1":"product","2":"type-product","3":"status-publish","4":"has-post-thumbnail","6":"product_cat-paquets-cadeaux","7":"product_cat-cadeaux","8":"product_cat-non-classe-fr","10":"first","11":"instock","12":"product-type-gift-card"},"acf":{"lijn_nummer":"","weight":"","wissel":true,"new_description":"<p><strong>Ch\u00e8que de 15 \u00e0 100 euros dans un coffret cadeau.  <\/strong><strong>Le cadeau id\u00e9al pour toutes les occasions !<\/strong><\/p>\n<p>Vous \u00eates \u00e0 la recherche du cadeau id\u00e9al, mais vous avez du mal \u00e0 choisir ? Pas de soucis, la carte cadeau Soolong est la solution. Ce bon offre du choix et du plaisir aux hommes et aux femmes, aux jeunes et aux moins jeunes. Que le destinataire soit un grand buveur de th\u00e9, un connaisseur de caf\u00e9 ou un amateur de notre unique T-Vino, avec une carte-cadeau Soolong, vous offrez toujours quelque chose de sp\u00e9cial.<\/p>\n<p>Il vous suffit de s\u00e9lectionner le montant souhait\u00e9 (de 15 \u00e0 100 euros) pour votre carte-cadeau, de l&#8217;ajouter \u00e0 votre panier et de personnaliser votre cadeau avec un message affectueux (facultatif &#8211; jusqu&#8217;\u00e0 150 caract\u00e8res maximum).<\/p>\n<p>Pr\u00eat \u00e0 surprendre ou \u00e0 utiliser !<\/p>\n<p><strong>Vous avez besoin de plus grandes quantit\u00e9s ?<\/strong><\/p>\n<p>Ajuster le nombre de cartes cadeaux dans votre panier est rapide et facile lorsque vous avez plusieurs heureux b\u00e9n\u00e9ficiaires.<\/p>\n<p>Avec une carte-cadeau Soolong, vous offrez plus qu&#8217;un simple cadeau ; vous partagez un monde de go\u00fbt et de qualit\u00e9 avec &#8220;quelqu&#8217;un de sp\u00e9cial&#8221;.<\/p>\n","productkenmerk1":"Ch\u00e8que de 15 \u00e0 100 euros dans un coffret cadeau. Le cadeau id\u00e9al pour toutes les occasions !","productkenmerk2":"Que le destinataire soit un grand buveur de th\u00e9, un connaisseur de caf\u00e9 ou un amateur de notre unique T-Vino, avec une carte-cadeau Soolong, vous offrez toujours quelque chose de sp\u00e9cial.","productkenmerk3":"Personnalisez facilement votre cadeau avec un message d'amour.","productkenmerk4":"Avec une carte-cadeau Soolong, vous offrez plus qu'un simple cadeau ; vous partagez un monde de go\u00fbt et de qualit\u00e9 avec \"quelqu'un de sp\u00e9cial\"."},"_links":{"self":[{"href":"https:\/\/soolong.com\/fr\/wp-json\/wp\/v2\/product\/85881","targetHints":{"allow":["GET"]}}],"collection":[{"href":"https:\/\/soolong.com\/fr\/wp-json\/wp\/v2\/product"}],"about":[{"href":"https:\/\/soolong.com\/fr\/wp-json\/wp\/v2\/types\/product"}],"replies":[{"embeddable":true,"href":"https:\/\/soolong.com\/fr\/wp-json\/wp\/v2\/comments?post=85881"}],"wp:featuredmedia":[{"embeddable":true,"href":"https:\/\/soolong.com\/fr\/wp-json\/wp\/v2\/media\/88671"}],"wp:attachment":[{"href":"https:\/\/soolong.com\/fr\/wp-json\/wp\/v2\/media?parent=85881"}],"wp:term":[{"taxonomy":"product_cat","embeddable":true,"href":"https:\/\/soolong.com\/fr\/wp-json\/wp\/v2\/product_cat?post=85881"},{"taxonomy":"product_tag","embeddable":true,"href":"https:\/\/soolong.com\/fr\/wp-json\/wp\/v2\/product_tag?post=85881"},{"taxonomy":"giftcard-category","embeddable":true,"href":"https:\/\/soolong.com\/fr\/wp-json\/wp\/v2\/giftcard-category?post=85881"}],"curies":[{"name":"wp","href":"https:\/\/api.w.org\/{rel}","templated":true}]}}