{"id":85484,"date":"2023-12-08T14:17:00","date_gmt":"2023-12-08T13:17:00","guid":{"rendered":"https:\/\/soolong.com\/product\/forfait-de-noel-soolong-degustation-de-luxe-delices-exclusifs-boite-a-brunch-a-partager\/"},"modified":"2025-06-10T16:05:23","modified_gmt":"2025-06-10T14:05:23","slug":"forfait-de-noel-soolong-degustation-de-luxe-delices-exclusifs-boite-a-brunch-a-partager","status":"publish","type":"product","link":"https:\/\/soolong.com\/fr\/product\/forfait-de-noel-soolong-degustation-de-luxe-delices-exclusifs-boite-a-brunch-a-partager\/","title":{"rendered":"Forfait Soolong D\u00e9gustation de luxe D\u00e9lices exclusifs &#8220;Bo\u00eete \u00e0 brunch \u00e0 partager&#8221;"},"content":{"rendered":"<p>Il y a tant \u00e0 donner<\/p>\n<p>Faites-vous plaisir, faites plaisir \u00e0 vos proches et \u00e0 vos relations avec une d\u00e9gustation luxueuse, un v\u00e9ritable festin pour les sens. Ce luxueux coffret brunch \u00e0 partager est rempli de d\u00e9lices exclusifs. Un joyau d&#8217;emballage \u00e0 l&#8217;allure \u00e9l\u00e9gante gr\u00e2ce aux produits de qualit\u00e9 sup\u00e9rieure soigneusement s\u00e9lectionn\u00e9s dans les meilleures r\u00e9gions du monde. Il ne s&#8217;agit pas d&#8217;une simple d\u00e9gustation, mais d&#8217;une invitation ultime \u00e0 savourer les saveurs les plus raffin\u00e9es du monde. Qu&#8217;il s&#8217;agisse de cadeaux d&#8217;affaires ou de plaisirs personnels, ce paquet unique et exclusif est un cadeau en soi et ne manquera pas d&#8217;impressionner. Cr\u00e9ez des moments inoubliables et c\u00e9l\u00e9brez des moments sp\u00e9ciaux comme les f\u00eates avec style gr\u00e2ce \u00e0 cette d\u00e9gustation incomparable.<\/p>\n<p>En savoir plus : cette magnifique collection offre un voyage unique \u00e0 travers les saveurs du monde, directement sur votre table. Savourez le p\u00e9tillant T-Vino Jasmin Sparkling, un p\u00e9tillant infus\u00e9 de th\u00e9 vert au jasmin, fabriqu\u00e9 \u00e0 partir de vin blanc d\u00e9salcoolis\u00e9, qui ajoute une d\u00e9licate douceur florale \u00e0 chaque gorg\u00e9e.<\/p>\n<p>Dans cette d\u00e9gustation exclusive, vous trouverez \u00e9galement le Forgotten Vineyards Chardonnay, un d\u00e9licieux vin sud-africain qui pr\u00e9sente un \u00e9quilibre parfait entre g\u00e9n\u00e9rosit\u00e9 et min\u00e9ralit\u00e9. Notre s\u00e9lection de th\u00e9s de qualit\u00e9 sup\u00e9rieure provenant de diff\u00e9rents pays offre un monde de saveurs, allant des m\u00e9langes d&#8217;herbes \u00e9pic\u00e9es \u00e0 un th\u00e9 oolong festif aux p\u00e9tales de rose. Facile \u00e0 utiliser avec le co\u00e9quipier inclus. Vous pr\u00e9parez 400 ml de th\u00e9 en vrac en un rien de temps.<\/p>\n<p>Mais ce n&#8217;est pas tout ! Notre bo\u00eete \u00e0 boissons exclusive comprend \u00e9galement de d\u00e9licieuses olives gordal dans une sauce m\u00e9diterran\u00e9enne, du fromage \u00e0 la truffe du Pi\u00e9mont italien avec 3 accords de fromage assortis, et une s\u00e9lection de saucisses fabriqu\u00e9es \u00e0 partir de porcs Bellota de Salamanque. Accompagn\u00e9e de toasts de pita \u00e0 l&#8217;huile d&#8217;olive extra vierge et de sardines \u00e0 l&#8217;huile d&#8217;olive \u00e9pic\u00e9e, cette d\u00e9gustation de luxe offre une exp\u00e9rience gustative inoubliable. Et pour pr\u00e9senter le tout de mani\u00e8re festive, il est possible d&#8217;inclure une belle planche de service en h\u00eatre, un produit vraiment naturel.<\/p>\n<p>Que vous soyez gourmand ou \u00e0 la recherche du cadeau id\u00e9al pour une occasion sp\u00e9ciale, ce coffret exclusif de brunch \u00e0 partager est le choix ultime. Commandez-la d\u00e8s aujourd&#8217;hui et partagez ces saveurs sophistiqu\u00e9es avec vos proches. A la sant\u00e9 d&#8217;un voyage culinaire inoubliable ! Parce qu&#8217;il y a tellement plus \u00e0 sentir, \u00e0 voir, \u00e0 go\u00fbter et \u00e0 appr\u00e9cier.<\/p>\n<p>Grands volumes, personnalisation ou pr\u00e9f\u00e9rence pour une composition diff\u00e9rente, renseignez-vous sur les possibilit\u00e9s.<\/p>\n","protected":false},"excerpt":{"rendered":"<p>Des d\u00e9lices de luxe pour le brunch, des produits de qualit\u00e9 sup\u00e9rieure soigneusement s\u00e9lectionn\u00e9s et des saveurs raffin\u00e9es.<\/p>\n","protected":false},"featured_media":84776,"comment_status":"closed","ping_status":"closed","template":"","meta":{"_acf_changed":false},"product_cat":[625,655,604,352],"product_tag":[],"giftcard-category":[],"class_list":{"0":"post-85484","1":"product","2":"type-product","3":"status-publish","4":"has-post-thumbnail","6":"product_cat-noel","7":"product_cat-paniers-de-noel","8":"product_cat-vendredi-noir","9":"product_cat-cadeaux","11":"first","12":"onbackorder","13":"taxable","14":"shipping-taxable","15":"product-type-yith_bundle"},"acf":{"lijn_nummer":"G2","weight":"","wissel":true,"foodpairing":"<p><strong>T-Vino Enjoy Jasmin Sparkling 0,0%<\/strong><\/p>\n<p>D\u00e9licieux avec des plats \u00e9pic\u00e9s et piquants ou comme vin d&#8217;ap\u00e9ritif ou de dessert 0,0%.<\/p>\n<p><b>13<\/b><b>China Taste Silky, oolong tea<\/b><\/p>\n<p>Combinez, par exemple, cet oolong l\u00e9g\u00e8rement oxyd\u00e9 avec un morceau de fromage (fum\u00e9) et d\u00e9couvrez comment le go\u00fbt soyeux de cet oolong prend tout son sens.<\/p>\n<p><strong>Chardonnay Forgotten Vineyards Kruger<\/strong><\/p>\n<p>D\u00e9licieux avec un filet de fl\u00e9tan po\u00eal\u00e9 au beurre avec de la buerre noisette et du chou pointu brais\u00e9 et des pommes de terre grelots.<\/p>\n","ingredients":"<p><strong>T-Vino Enjoy Jasmin Sparkling 0.0%VOL 750ML<\/strong><\/p>\n<p>Boisson p\u00e9tillante \u00e0 base de vin blanc d\u00e9salcoolis\u00e9, infus\u00e9e de th\u00e9 vert au jasmin.<\/p>\n<p>Ingr\u00e9dients : vin d\u00e9salcoolis\u00e9 d&#8217;Espagne, th\u00e9 vert au jasmin, ar\u00f4me de jasmin, mo\u00fbt de raisin concentr\u00e9 rectifi\u00e9, acide carbonique, conservateur (dioxyde de soufre), Informations nutritionnelles pour 100 ml : \u00e9nergie 96 kJ\/23 kcal, mati\u00e8res grasses 0 g, dont acides gras satur\u00e9s 0 g, hydrates de carbone 5,3 g, dont sucres 4,9 g, prot\u00e9ines 0 g, sel <0,1 g.\n\n\nConseil de conservation : Ouvert, conservez au r\u00e9frig\u00e9rateur jusqu'\u00e0 3 jours.\n\n<strong>Coffret 10 th\u00e9s chinois  <\/strong><\/p>\n<div class=\"woocommerce-tabs wc-tabs-wrapper\">\n<p><strong>11 China Sense Vitality**<\/strong> 25g<br \/>\nM\u00e9lange de plantes \/ ingr\u00e9dients :<br \/>\nGingembre, citronnelle, mat\u00e9 vert, fleur de th\u00e9, \u00e9corce d&#8217;orange, \u00e9corce de citron, p\u00e9tales de tournesol, myrte citronn\u00e9.<\/p>\n<p><strong>12 Chine Voir DynasTea* <\/strong>25g<br \/>\nTh\u00e9 Oolong \/ ingr\u00e9dients :<br \/>\nTh\u00e9 Oolong oxyd\u00e9 fonc\u00e9<\/p>\n<p><strong>13 China Taste Silky*<\/strong> 25g<br \/>\nTh\u00e9 Oolong \/ ingr\u00e9dients : Th\u00e9 Oolong l\u00e9g\u00e8rement oxyd\u00e9<\/p>\n<p><strong>14 China Enjoy Roses*<\/strong> 20g<br \/>\nM\u00e9lange de th\u00e9 Oolong \/ ingr\u00e9dients :<br \/>\nTh\u00e9 Oolong 87%, p\u00e9tales de rose 8%, fleurs d&#8217;herbes aromatiques, fleurs de lavande<\/p>\n<p>* Contient de la caf\u00e9ine<br \/>\n** Le gingembre soutient le syst\u00e8me immunitaire et contribue \u00e0 la vitalit\u00e9.<br \/>\nL&#8217;effet sur la sant\u00e9 n&#8217;a pas encore \u00e9t\u00e9 officiellement \u00e9tabli. Un mode de vie sain est important, tout comme une alimentation \u00e9quilibr\u00e9e et vari\u00e9e.<\/p>\n<\/div>\n<p><strong>Charcuterie :<\/strong><\/p>\n<p>&#8211; Fromage de brebis \u00e0 la truffe ou au safran +\/-250gr du Pi\u00e9mont italien ;<br \/>\n&#8211; 3 accords fromagers 3x30g ;<br \/>\n&#8211; Blister salchichon 80gr ;<br \/>\n&#8211; Blister Jamon CEBO de Campo ;<br \/>\n&#8211; Sardines \u00e0 l&#8217;huile d&#8217;olive \u00e9pic\u00e9e<br \/>\n&#8211; Mousse de canard<br \/>\n&#8211; Sal de flor flakes, sel<\/p>\n<p><strong>Chardonnay Forgotten Vineyards Kruger<\/strong><\/p>\n<p>Couleur \/ Type<br \/>\nVin blanc<\/p>\n<p>Caract\u00e8re du vin<br \/>\nBlanc frais<\/p>\n<p>Contenu<br \/>\n0.75l<\/p>\n<p>Alcool %<br \/>\n13,5%<\/p>\n<p>C\u00e9page<br \/>\nChardonnay (blanc)<\/p>\n","origin":"<p><strong>T-VINO Enjoy Jasmin Sparkling<\/strong><\/p>\n<p>Origine du raisin : Espagne Origine du th\u00e9 : Chine<\/p>\n<p><strong>Coffret 10 Chine, th\u00e9<\/strong><\/p>\n<p>Les anciennes traditions du th\u00e9 du beau pays qu&#8217;est la Chine sont une v\u00e9ritable source d&#8217;inspiration pour la s\u00e9lection de th\u00e9s et de m\u00e9langes de ce coffret cadeau.<\/p>\n<p>1<strong>1 China Sense Vitality<\/strong> Pour cr\u00e9er ce m\u00e9lange, nous nous sommes inspir\u00e9s de la cuisine chinoise, o\u00f9 la puissance du gingembre et la fra\u00eecheur du citron enchantent de nombreuses papilles. Cette infusion de plantes avec des ingr\u00e9dients de diff\u00e9rents pays est un m\u00e9lange magnifiquement \u00e9quilibr\u00e9 de saveurs naturelles avec un caract\u00e8re piquant et rafra\u00eechissant.<\/p>\n<p><strong>12 Chine Voir DynasTea<\/strong><br \/>\n<strong>13 China Taste Silky<\/strong><br \/>\n<strong>14 China Enjoy Roses<\/strong><br \/>\nLes d\u00e9licieux oolongs purs, allant d&#8217;un oolong l\u00e9g\u00e8rement plus lourd et plus prononc\u00e9 \u00e0 un oolong au go\u00fbt soyeux et doux, proviennent de Wuhan, la capitale de la province de Hubei en Chine. Beaucoup connaissent la route de la soie, mais la \u00ab route des chameaux des prairies \u00bb est moins connue.<br \/>\nDepuis la fin du XVIIe si\u00e8cle, sous la dynastie Qing, Wuhan \u00e9tait le point de d\u00e9part de la route commerciale du th\u00e9 vers la Mongolie.  Cette route commerciale \u00e9tait \u00e9galement appel\u00e9e la &#8220;route des chameaux des prairies&#8221;.<\/p>\n<p><strong>D\u00e9lices m\u00e9diterran\u00e9ens provenant d&#8217;Espagne et d&#8217;Italie,<\/strong><\/p>\n<p><strong>Fromage de brebis \u00e0 la truffe ou au safran<\/strong><br \/>\nLa truffe est l&#8217;un des aliments les plus pris\u00e9s. Ce fromage contient donc les meilleures truffes italiennes du Pi\u00e9mont. Avec une maturation d&#8217;environ cinq mois dans les meilleures conditions atmosph\u00e9riques, ce qui permet d&#8217;exalter tous les ar\u00f4mes au fur et \u00e0 mesure que le fromage perd son humidit\u00e9 initiale. La truffe est ajout\u00e9e directement dans le lait, sans ar\u00f4mes, huiles ou essences, ce qui conf\u00e8re \u00e0 ce fromage de brebis au lait cru des propri\u00e9t\u00e9s uniques.<\/p>\n<p><strong>Association de fromages<\/strong><br \/>\nLes fromages sont souvent accompagn\u00e9s de condiments compl\u00e9mentaires de type confiture, qui rehaussent la saveur du fromage et forment une combinaison harmonieuse. Faites-en l&#8217;exp\u00e9rience en d\u00e9couvrant ces trois d\u00e9licieuses associations de fromages.<\/p>\n<p><strong>Salchichon<\/strong><br \/>\nD\u00e9licieuse saucisse fabriqu\u00e9e \u00e0 partir de porcs Bellota de Salamanque. Ce type particulier de porc dispose de 4,5 hectares d&#8217;espace de marche chacun et mange tout ce qu&#8217;il y a \u00e0 manger. La graisse de ces porcs, qui se refl\u00e8te si bien dans la saveur, provient des glands qu&#8217;ils mangent.<\/p>\n<p><strong>Blister CEBO de Campo, jambon<\/strong><br \/>\nCebo de Campo 50% race Iberco<br \/>\nVieilli au moins 12 mois<br \/>\nOrigine : Salamanca<\/p>\n<p><strong>Sardines \u00e0 l&#8217;huile d&#8217;olive \u00e9pic\u00e9e<\/strong><br \/>\nCes beaux poissons proviennent de Galice et sont sp\u00e9cialement s\u00e9lectionn\u00e9s pour leur qualit\u00e9.<br \/>\nIls sont marin\u00e9s un par un \u00e0 la main dans une huile d&#8217;olive \u00e9pic\u00e9e, apr\u00e8s quoi ils deviennent de plus en plus d\u00e9licieux.<\/p>\n<p><strong>Mouse de cannard<\/strong><br \/>\nUne souris de foie de canard et de viande de canard.<\/p>\n<p><strong>Sel Flor de sal<\/strong><br \/>\nRecueilli \u00e0 la surface de l&#8217;eau des bassins, il pr\u00e9sente une texture lisse et une blancheur incomparable et apporte des oligo-\u00e9l\u00e9ments tels que l&#8217;iode, le magn\u00e9sium, le potassium, le calcium, le fluor et le fer.<\/p>\n<p><strong>Planche de service en h\u00eatre <\/strong>(peut \u00eatre command\u00e9e en option)<\/p>\n<p>Le h\u00eatre est un produit naturel. Chaque planche est \u00e9tuv\u00e9e, ce qui la rend plus stable et moins susceptible de se d\u00e9former sous l&#8217;influence de l&#8217;humidit\u00e9 ou des changements de temp\u00e9rature.<\/p>\n<p>Apr\u00e8s utilisation, il est pr\u00e9f\u00e9rable de nettoyer l&#8217;\u00e9tag\u00e8re avec une brosse douce, de l&#8217;eau ti\u00e8de et du savon, puis de la s\u00e9cher soigneusement et de la laisser s\u00e9cher verticalement, avec les veines du bois vers le haut.<br \/>\nLe bois est sujet \u00e0 des modifications, ce qui signifie que des fissures peuvent appara\u00eetre au fil du temps. \u00c9viter l&#8217;exposition prolong\u00e9e \u00e0 l&#8217;eau et \u00e0 la chaleur. Le bois ne convient pas au lave-vaisselle. Frotter r\u00e9guli\u00e8rement avec de l&#8217;huile d&#8217;entretien ou de la cire pour conserver sa belle couleur et sa brillance.<\/p>\n<p>Le bois de cette collection provient de for\u00eats europ\u00e9ennes et est certifi\u00e9 FSC.<\/p>\n<p><strong>Chardonnay Forgotten Vineyards Kruger <\/strong>(\u00e0 commander en option)<\/p>\n<p>Western Cape, Afrique du Sud R\u00e9gion : R\u00e9gion c\u00f4ti\u00e8re<\/p>\n<p>L&#8217;histoire du vin en Afrique du Sud trouve son origine dans des lieux qui se trouvent aujourd&#8217;hui tous dans la r\u00e9gion viticole de la Coastal Region. Des districts tels que Stellenbosch, Paarl, Swartland, Franschhoek et Constantia se trouvent dans l&#8217;arri\u00e8re-pays du Cap. Les vins de la r\u00e9gion c\u00f4ti\u00e8re comptent parmi les meilleurs d&#8217;Afrique du Sud. Le gouverneur du Cap, Simon van der Stel, a choisi Constantia pour y installer sa r\u00e9sidence personnelle et ses vignobles. Une beaut\u00e9 naturelle sans pr\u00e9c\u00e9dent, des sols complexes et bien drain\u00e9s, de belles vues sur la mer et un climat particulier ont fait de Constantia un choix \u00e9vident pour la viticulture d\u00e8s le XVIIe si\u00e8cle. Les vignobles sont situ\u00e9s sur les contreforts de la montagne Constantia, dans le prolongement de la montagne de la Table, et sont naturellement rafra\u00eechis par la brise de l&#8217;oc\u00e9an Indien provenant de False Bay au sud et de l&#8217;oc\u00e9an Atlantique \u00e0 l&#8217;ouest.<\/p>\n","tasting_notes":"<p><strong>T-Vino Enjoy Jasmin Sparkling 0,0 %.<\/strong><\/p>\n<p><strong>Ar\u00f4me :<\/strong> joli jasmin floral<br \/>\n<strong>Infusion :<\/strong> jaune clair<br \/>\n<strong>Go\u00fbt :<\/strong> p\u00e9tillant, festif et rafra\u00eechissant, associ\u00e9 \u00e0 la d\u00e9licieuse saveur du jasmin.<\/p>\n<p>Si vous aimez le th\u00e9 au jasmin, le cava ou les vins l\u00e9g\u00e8rement sucr\u00e9s comme le Viognier, ce T-Vino Enjoy Jasmin Sparkling est fait pour vous.<\/p>\n<p><strong>Coffret 10 Chine, th\u00e9<\/strong><\/p>\n<p><strong>11 Chine Sense Vitality<\/strong><br \/>\n<strong>Aspect et sensation :<\/strong> vert (citronnelle), jaune clair (gingembre) et jaune (p\u00e9tales de tournesol).<br \/>\n<strong>Ar\u00f4me :<\/strong> agrumes et \u00e9pices fortes<br \/>\n<strong>Infusion :<\/strong> jaune dor\u00e9<br \/>\n<strong>Go\u00fbt :<\/strong> citronnelle vivifiante avec des notes puissantes de gingembre.<\/p>\n<p><strong>12 Chine Voir DynasTea<\/strong><br \/>\n<strong>Look &#038; Feel :<\/strong> perles de couleur sombre<br \/>\n<strong>Ar\u00f4me :<\/strong> terreux avec un ar\u00f4me de r\u00e2p\u00e9<br \/>\n<strong>Infusion :<\/strong> infusion rouge-brun<br \/>\n<strong>Go\u00fbt :<\/strong> terreux, min\u00e9ral, fruits doux.<\/p>\n<p><strong>13 China Taste Silky<\/strong><br \/>\n<strong>Look &#038; Feel :<\/strong> perles vert fonc\u00e9<br \/>\n<strong>Ar\u00f4me :<\/strong> orchid\u00e9e \/ lilas<br \/>\n<strong>Infusion :<\/strong> jaune doux \/ vert<br \/>\n<strong>Go\u00fbt :<\/strong> l\u00e9g\u00e8rement v\u00e9g\u00e9tal, doux, floral<\/p>\n<p><strong>14 China Enjoy Roses<\/strong><br \/>\n<strong>Look &#038; Feel :<\/strong> perles vert clair entour\u00e9es de p\u00e9tales de rose rouges et de lavande violette.<br \/>\n<strong>Ar\u00f4me :<\/strong> orchid\u00e9e \/ lilas<br \/>\n<strong>Infusion :<\/strong> jaune doux \/ vert<br \/>\n<strong>Go\u00fbt :<\/strong> l\u00e9g\u00e8rement v\u00e9g\u00e9tal, doux, floral<\/p>\n<p><strong>Chardonnay Forgotten Vineyards Kruger<\/strong><\/p>\n<p>Il s&#8217;agit d&#8217;un autre vin brillant dans sa gamme de prix, alliant \u00e0 la fois g\u00e9n\u00e9rosit\u00e9 et min\u00e9ralit\u00e9. Bref, tout ce qui fait le charme d&#8217;un chardonnay.<\/p>\n<p>Johan Kruger est un vigneron passionn\u00e9 et comp\u00e9tent. En 2005, il a remport\u00e9 le prix du jeune vigneron sud-africain de l&#8217;ann\u00e9e et a re\u00e7u cinq \u00e9toiles dans le guide des vins Platter. \u00c0 Stellenbosch, il a fait fureur dans le domaine viticole de son p\u00e8re, Sterhuis, mais en raison de d\u00e9saccords, Johan a d\u00e9cid\u00e9 de se mettre \u00e0 son compte. Il \u00e9tait depuis longtemps tr\u00e8s impressionn\u00e9 par les nouvelles r\u00e9gions \u00e0 climat frais du Cap-Occidental en Afrique du Sud et avait de nombreux amis dans cette r\u00e9gion qui voulaient l&#8217;aider. C&#8217;est ainsi que Johan a lanc\u00e9 le projet fou &#8220;Kruger Family Wines&#8221;, dans le cadre duquel il recherche des vignobles de tr\u00e8s grande qualit\u00e9 dans les zones de climat frais et, si n\u00e9cessaire, fait travailler les agriculteurs selon sa philosophie, puis leur ach\u00e8te les raisins. Les vins de Johan sont synonymes de souplesse, d&#8217;\u00e9l\u00e9gance et d&#8217;\u00e9quilibre.<\/p>\n","zetadvies":"<p><strong>T-Vino Enjoy Jasmin Sparkling 0,0 %.<\/strong><\/p>\n<p>Servez ce d\u00e9licieux T-Vino frais et dans une fl\u00fbte \u00e0 champagne pour une exp\u00e9rience gustative optimale.<\/p>\n<p>Si tu veux plus d&#8217;ar\u00f4me et de saveur, laisse le T-Vino respirer avant de le servir.<\/p>\n<p><strong>Coffret cadeau 10 Chine<\/strong><\/p>\n<p><strong>11 China Sense Vitality<\/strong><br \/>\nEau : 100\u00b0C<br \/>\nTh\u00e9 : 2g \/ 1 cuill\u00e8re \u00e0 caf\u00e9 par tasse (150 ml)<br \/>\nTemps d&#8217;infusion : 8-10 minutes<\/p>\n<p><strong>12 Chine Voir DynasTea<\/strong><br \/>\nEau : 100\u00b0C<br \/>\nTh\u00e9 : 2g \/ 1 tsp par tasse (150 ml)<br \/>\nInfusion : 2 minutes<\/p>\n<p><strong>13 China Taste Silky<\/strong><br \/>\nEau : 100\u00b0C<br \/>\nTh\u00e9 : 2g \/ 1 tsp par tasse (150 ml)<br \/>\nInfusion : 2 minutes<\/p>\n<p>1<strong>4 China Enjoy Roses<\/strong> Eau : 100\u00b0C Th\u00e9 : 2g \/ 1 cuill\u00e8re \u00e0 caf\u00e9 par tasse (150 ml) Infusion : 2 minutes<\/p>\n<p><strong>Conseils de stockage :<\/strong> conserver au frais, au sec, \u00e0 la lumi\u00e8re et \u00e0 l&#8217;abri de l&#8217;air.<\/p>\n<p><strong>Chardonnay Forgotten Vineyards Kruger<\/strong><\/p>\n<p>10-12\u00b0C<\/p>\n<p><strong>T-Vino Enjoy Jasmin Sparkling 0,0 %.<\/strong><\/p>\n<p>7-9\u00b0C<\/p>\n","new_description":"<p>Il y a tellement plus \u00e0 donner.<\/p>\n<p>Faites-vous plaisir, faites plaisir \u00e0 vos proches et \u00e0 vos relations avec une d\u00e9gustation de luxe. Une v\u00e9ritable f\u00eate des sens. Ce luxueux coffret brunch \u00e0 partager est rempli de d\u00e9lices exclusifs. Un joyau d&#8217;emballage \u00e0 l&#8217;allure \u00e9l\u00e9gante gr\u00e2ce aux produits de qualit\u00e9 sup\u00e9rieure soigneusement s\u00e9lectionn\u00e9s dans les meilleures r\u00e9gions du monde. Il ne s&#8217;agit pas d&#8217;une simple d\u00e9gustation. C&#8217;est l&#8217;ultime invitation \u00e0 savourer les saveurs du monde les plus raffin\u00e9es. Qu&#8217;il s&#8217;agisse de cadeaux d&#8217;affaires ou de plaisirs personnels, ce paquet unique et exclusif est un cadeau en soi et ne manquera pas d&#8217;impressionner. Cr\u00e9ez des moments inoubliables et c\u00e9l\u00e9brez des moments sp\u00e9ciaux comme les f\u00eates avec style gr\u00e2ce \u00e0 cette d\u00e9gustation incomparable.<\/p>\n<p>En savoir plus : cette magnifique collection offre un voyage unique \u00e0 travers les saveurs du monde, directement sur votre table. Savourez le p\u00e9tillant T-Vino Jasmin Sparkling. Un mousseux \u00e0 base de vin blanc d\u00e9salcoolis\u00e9, infus\u00e9 de th\u00e9 vert au jasmin, qui ajoute une d\u00e9licate douceur florale \u00e0 chaque gorg\u00e9e.<\/p>\n<p>Dans cette d\u00e9gustation exclusive, vous trouverez \u00e9galement le Forgotten Vineyards Chardonnay, un d\u00e9licieux vin sud-africain qui pr\u00e9sente un \u00e9quilibre parfait entre g\u00e9n\u00e9rosit\u00e9 et min\u00e9ralit\u00e9. Notre s\u00e9lection de th\u00e9s de qualit\u00e9 sup\u00e9rieure provenant de diff\u00e9rents pays offre un monde de saveurs, allant des m\u00e9langes d&#8217;herbes \u00e9pic\u00e9es \u00e0 un th\u00e9 oolong festif aux p\u00e9tales de rose. Facile \u00e0 utiliser avec le co\u00e9quipier inclus. Vous pr\u00e9parez 400 ml de th\u00e9 en vrac en un rien de temps.<\/p>\n<p>Mais ce n&#8217;est pas tout ! Notre coffret brunch exclusif comprend \u00e9galement de d\u00e9licieuses olives gordal dans une sauce m\u00e9diterran\u00e9enne, du fromage de truffe du Pi\u00e9mont italien avec 3 accords de fromage assortis et une s\u00e9lection de saucisses fabriqu\u00e9es \u00e0 partir de porcs Bellota de Salamanque. Accompagn\u00e9e de toasts de pita \u00e0 l&#8217;huile d&#8217;olive extra vierge et de sardines \u00e0 l&#8217;huile d&#8217;olive \u00e9pic\u00e9e, cette d\u00e9gustation de luxe offre une exp\u00e9rience gustative inoubliable. Et pour pr\u00e9senter le tout de mani\u00e8re festive, il est accompagn\u00e9 d&#8217;une belle planche de service en h\u00eatre, un produit vraiment naturel.<\/p>\n<p>Que vous soyez gourmand ou \u00e0 la recherche du cadeau id\u00e9al pour une occasion sp\u00e9ciale, ce coffret exclusif de brunch \u00e0 partager est le choix ultime. Commandez-la d\u00e8s aujourd&#8217;hui et partagez ces saveurs sophistiqu\u00e9es avec vos proches. A la sant\u00e9 d&#8217;un voyage culinaire inoubliable ! Parce qu&#8217;il y a tellement plus \u00e0 sentir, \u00e0 voir, \u00e0 go\u00fbter et \u00e0 appr\u00e9cier.<\/p>\n<p>Grands volumes, personnalisation ou pr\u00e9f\u00e9rence pour une composition diff\u00e9rente, renseignez-vous sur les possibilit\u00e9s.<\/p>\n","productkenmerk1":"Luxury Brunch Box : Un brunch exclusif avec des d\u00e9lices de luxe pour les f\u00eates ou d'autres occasions sp\u00e9ciales. Faites-vous plaisir ou faites plaisir \u00e0 vos proches en leur offrant un cadeau exclusif.","productkenmerk2":"Qualit\u00e9 sup\u00e9rieure : des produits de qualit\u00e9 sup\u00e9rieure soigneusement s\u00e9lectionn\u00e9s et provenant des meilleures r\u00e9gions du monde.","productkenmerk3":"Saveurs du monde : Un voyage unique \u00e0 travers les saveurs du monde, directement sur votre table.","productkenmerk4":"Personnalisation, personnalisation du volume et de l'emballage, demandez les possibilit\u00e9s.","productkenmerk5":"Convient aux cadeaux d'affaires : Id\u00e9al pour les cadeaux d'affaires et les plaisirs personnels","productkenmerk6":"Convient \u00e0 toutes les occasions, de No\u00ebl \u00e0 l'ap\u00e9ritif, en passant par les anniversaires et les cadeaux d'entreprise.","marktplaatstitel1":"Soolong - coffret brunch - Luxe - D\u00e9gustation - Exclusif - Epicerie fine - Coffret \u00e0 partager - Cadeau - F\u00eate des m\u00e8res - No\u00ebl - F\u00eates - Cadeau de No\u00ebl - Cadeau d'affaires"},"_links":{"self":[{"href":"https:\/\/soolong.com\/fr\/wp-json\/wp\/v2\/product\/85484","targetHints":{"allow":["GET"]}}],"collection":[{"href":"https:\/\/soolong.com\/fr\/wp-json\/wp\/v2\/product"}],"about":[{"href":"https:\/\/soolong.com\/fr\/wp-json\/wp\/v2\/types\/product"}],"replies":[{"embeddable":true,"href":"https:\/\/soolong.com\/fr\/wp-json\/wp\/v2\/comments?post=85484"}],"wp:featuredmedia":[{"embeddable":true,"href":"https:\/\/soolong.com\/fr\/wp-json\/wp\/v2\/media\/84776"}],"wp:attachment":[{"href":"https:\/\/soolong.com\/fr\/wp-json\/wp\/v2\/media?parent=85484"}],"wp:term":[{"taxonomy":"product_cat","embeddable":true,"href":"https:\/\/soolong.com\/fr\/wp-json\/wp\/v2\/product_cat?post=85484"},{"taxonomy":"product_tag","embeddable":true,"href":"https:\/\/soolong.com\/fr\/wp-json\/wp\/v2\/product_tag?post=85484"},{"taxonomy":"giftcard-category","embeddable":true,"href":"https:\/\/soolong.com\/fr\/wp-json\/wp\/v2\/giftcard-category?post=85484"}],"curies":[{"name":"wp","href":"https:\/\/api.w.org\/{rel}","templated":true}]}}