{"id":85472,"date":"2023-12-07T14:43:00","date_gmt":"2023-12-07T13:43:00","guid":{"rendered":"https:\/\/soolong.com\/product\/brunch-de-luxe-a-lepicerie-fine\/"},"modified":"2025-06-11T09:37:59","modified_gmt":"2025-06-11T07:37:59","slug":"brunch-de-luxe-a-lepicerie-fine","status":"publish","type":"product","link":"https:\/\/soolong.com\/fr\/product\/brunch-de-luxe-a-lepicerie-fine\/","title":{"rendered":"Brunch de luxe \u00e0 l&#8217;\u00e9picerie fine"},"content":{"rendered":"<p>Faites-vous plaisir, ainsi qu&#8217;\u00e0 vos proches et associ\u00e9s, lors d&#8217;une luxueuse s\u00e9ance de d\u00e9gustation, un v\u00e9ritable festin pour les sens. Des produits de qualit\u00e9 sup\u00e9rieure soigneusement s\u00e9lectionn\u00e9s en provenance d&#8217;Italie et d&#8217;Espagne, ce n&#8217;est pas n&#8217;importe quelle s\u00e9ance de d\u00e9gustation ; c&#8217;est une invitation ultime \u00e0 se laisser tenter par les saveurs m\u00e9diterran\u00e9ennes les plus raffin\u00e9es, qu&#8217;il s&#8217;agisse de cadeaux d&#8217;affaires ou de plaisirs personnels, ces d\u00e9lices uniques et exclusifs sont un cadeau en soi et impressionneront sans aucun doute, Cre&#8217;er des moments inoubliables et c\u00e9l\u00e9brez les f\u00eates avec style gr\u00e2ce \u00e0 cette s\u00e9ance de d\u00e9gustation de No\u00ebl sans pareil,<\/p>\n<p>Des d\u00e9lices exclusifs sp\u00e9cialement s\u00e9lectionn\u00e9s :<br \/>\n&#8211; fromage de brebis \u00e0 la truffe ou au safran, avec<br \/>\n&#8211; 3 accords fromagers<br \/>\n&#8211; saucisse salchichon,<br \/>\n&#8211; Blister Jamon CEBO de Campo,<br \/>\n&#8211; sardines \u00e0 l&#8217;huile d&#8217;olive \u00e9pic\u00e9e<br \/>\n&#8211; Blister salchichon 80gr<br \/>\n&#8211; Mousse de canard<br \/>\n&#8211; Sal de flor flakes<br \/>\nCes d\u00e9licieuses gourmandises offrent un voyage unique \u00e0 travers les saveurs m\u00e9diterran\u00e9ennes, directement sur votre table, Le cadeau ultime pour les amateurs de saveurs raffin\u00e9es et exclusives,<\/p>\n","protected":false},"excerpt":{"rendered":"<p>D\u00e9gustation de luxe de produits d\u00e9licats, soigneusement s\u00e9lectionn\u00e9s, de qualit\u00e9 sup\u00e9rieure et aux saveurs raffin\u00e9es,<\/p>\n","protected":false},"featured_media":0,"comment_status":"closed","ping_status":"closed","template":"","meta":{"_acf_changed":false},"product_cat":[625,352],"product_tag":[],"giftcard-category":[],"class_list":{"0":"post-85472","1":"product","2":"type-product","3":"status-publish","5":"product_cat-noel","6":"product_cat-cadeaux","8":"first","9":"onbackorder","10":"taxable","11":"shipping-taxable","12":"purchasable","13":"product-type-simple"},"acf":{"lijn_nummer":"","wissel":true,"ingredients":"<p>Gourmandises :<br \/>\n&#8211; fromage de brebis \u00e0 la truffe ou au safran +\/-250gr du Pi\u00e9mont italien ;<br \/>\n&#8211; 3 accords de fromage 3x30g ;<br \/>\n&#8211; Blister salchichon 80gr ;<br \/>\n-Blister Jamon CEBO de Campo ;<br \/>\n&#8211; Sardines \u00e0 l&#8217;huile d&#8217;olive \u00e9pic\u00e9e<br \/>\n&#8211; Mousse de canard<br \/>\n&#8211; Sal de flor flakes<\/p>\n<p>Pita Toast Mediterraneo \u00e0 l&#8217;huile d&#8217;olive extra vierge<br \/>\nIngr\u00e9dients : farine de bl\u00e9, huile d&#8217;olive vierge (13%), sel, levure de bi\u00e8re, ar\u00f4me naturel, (contient du bl\u00e9 et du lait), antioxydant : extraits de romarin, Peut contenir des traces de SOJA, MOSTERD, SELDERY et EGGS, Conserver dans un endroit frais et sec,<\/p>\n","origin":"<p>Des sp\u00e9cialit\u00e9s m\u00e9diterran\u00e9ennes provenant d&#8217;Espagne et d&#8217;Italie&#8221;,<\/p>\n<p>Fromage de brebis \u00e0 la truffe ou au safran<br \/>\nLa truffe est l&#8217;un des aliments les plus pris\u00e9s, ce fromage contient donc les meilleures truffes italiennes du Pi\u00e9mont, avec une maturation d&#8217;environ cinq mois dans les meilleures conditions atmosph\u00e9riques, exaltant tous les ar\u00f4mes au fur et \u00e0 mesure que le fromage perd son humidit\u00e9 initiale, la truffe est ajout\u00e9e directement dans le lait, aucun ar\u00f4me, huile ou essence n&#8217;est utilis\u00e9, ce qui conf\u00e8re \u00e0 ce fromage de brebis au lait cru des propri\u00e9t\u00e9s uniques,<\/p>\n<p>Association de fromages<br \/>\nLes fromages sont souvent accompagn\u00e9s de condiments compl\u00e9mentaires de type confiture, qui rehaussent la saveur du fromage et forment une combinaison harmonieuse, faites-en l&#8217;exp\u00e9rience vous-m\u00eame avec ces trois d\u00e9licieuses associations de fromages,<\/p>\n<p>Salchichon<br \/>\nD\u00e9licieuse saucisse fabriqu\u00e9e \u00e0 partir de porcs Bellota de Salamanque. Ce type particulier de porc dispose de 4,5 hectares d&#8217;espace de marche chacun et mange tout ce qu&#8217;il y a \u00e0 manger. La graisse de ces porcs, qui se refl\u00e8te si bien dans la saveur, provient des glands qu&#8217;ils mangent,<\/p>\n<p>Blister jambon CEBO de Campo,<br \/>\nCebo de Campo 50% race Iberco<br \/>\nAffin\u00e9 pendant au moins 12 mois<br \/>\nOrigine : Salamanca<\/p>\n<p>Sardines \u00e0 l&#8217;huile d&#8217;olive \u00e9pic\u00e9e<br \/>\nCes beaux petits poissons viennent de Galice et sont sp\u00e9cialement s\u00e9lectionn\u00e9s pour leur qualit\u00e9,<br \/>\n. Ils sont marin\u00e9s \u00e0 la main dans une huile d&#8217;olive \u00e9pic\u00e9e, apr\u00e8s quoi ils deviennent de plus en plus d\u00e9licieux,<\/p>\n<p>Mouse de cannard<br \/>\nUne souris de foie de canard et de viande de canard,<\/p>\n<p>Sel Flor de sal<br \/>\nRecueilli \u00e0 la surface de l&#8217;eau des bassins, il pr\u00e9sente une texture lisse et une blancheur incomparable et apporte des oligo-\u00e9l\u00e9ments tels que l&#8217;iode, le magn\u00e9sium, le potassium, le calcium, le fluor et le fer,<\/p>\n","new_description":"<p>Faites-vous plaisir, ainsi qu&#8217;\u00e0 vos proches et associ\u00e9s, lors d&#8217;une luxueuse s\u00e9ance de d\u00e9gustation, un v\u00e9ritable festin pour les sens. Des produits de qualit\u00e9 sup\u00e9rieure soigneusement s\u00e9lectionn\u00e9s en provenance d&#8217;Italie et d&#8217;Espagne, ce n&#8217;est pas n&#8217;importe quelle s\u00e9ance de d\u00e9gustation ; c&#8217;est une invitation ultime \u00e0 se laisser tenter par les saveurs m\u00e9diterran\u00e9ennes les plus raffin\u00e9es, qu&#8217;il s&#8217;agisse de cadeaux d&#8217;affaires ou de plaisirs personnels, ces d\u00e9lices uniques et exclusifs sont un cadeau en soi et impressionneront sans aucun doute, Cre&#8217;er des moments inoubliables et c\u00e9l\u00e9brez les f\u00eates avec style gr\u00e2ce \u00e0 cette s\u00e9ance de d\u00e9gustation de No\u00ebl sans pareil,<\/p>\n<p>D\u00e9lices exclusifs sp\u00e9cialement s\u00e9lectionn\u00e9s :<br \/>\n&#8211; fromage de brebis \u00e0 la truffe ou au safran, avec<br \/>\n&#8211; 3 accords de fromage assortis<br \/>\n&#8211; saucisse salchichon,<br \/>\n&#8211; Blister Jamon CEBO de Campo,<br \/>\n&#8211; sardines \u00e0 l&#8217;huile d&#8217;olive \u00e9pic\u00e9e<br \/>\n&#8211; Blister salchichon 80gr<br \/>\n&#8211; Mousse de canard<br \/>\n&#8211; Sal de flor en flocons<\/p>\n<p>Ces d\u00e9licieux produits offrent un voyage unique \u00e0 travers les saveurs m\u00e9diterran\u00e9ennes, directement sur votre table. Le cadeau ultime pour les amateurs de saveurs sophistiqu\u00e9es et exclusives,<\/p>\n","productkenmerk1":"Des d\u00e9lices exclusifs, faites-vous plaisir ou faites plaisir \u00e0 vos proches en leur offrant un cadeau exclusif.","productkenmerk2":"Qualit\u00e9 sup\u00e9rieure : Produits m\u00e9diterran\u00e9ens de qualit\u00e9 sup\u00e9rieure s\u00e9lectionn\u00e9s avec soin,","productkenmerk3":"Saveurs m\u00e9diterran\u00e9ennes : un voyage unique \u00e0 travers le territoire m\u00e9diterran\u00e9en, directement sur votre table,","productkenmerk4":"Id\u00e9al pour les cadeaux d'affaires et les plaisirs personnels","marktplaatstitel1":"Soolong - Exclusif - M\u00e9diterran\u00e9e - Gourmandises - Cadeau - No\u00ebl - F\u00eates - Cadeau de No\u00ebl - Cadeau d'affaires"},"_links":{"self":[{"href":"https:\/\/soolong.com\/fr\/wp-json\/wp\/v2\/product\/85472","targetHints":{"allow":["GET"]}}],"collection":[{"href":"https:\/\/soolong.com\/fr\/wp-json\/wp\/v2\/product"}],"about":[{"href":"https:\/\/soolong.com\/fr\/wp-json\/wp\/v2\/types\/product"}],"replies":[{"embeddable":true,"href":"https:\/\/soolong.com\/fr\/wp-json\/wp\/v2\/comments?post=85472"}],"wp:attachment":[{"href":"https:\/\/soolong.com\/fr\/wp-json\/wp\/v2\/media?parent=85472"}],"wp:term":[{"taxonomy":"product_cat","embeddable":true,"href":"https:\/\/soolong.com\/fr\/wp-json\/wp\/v2\/product_cat?post=85472"},{"taxonomy":"product_tag","embeddable":true,"href":"https:\/\/soolong.com\/fr\/wp-json\/wp\/v2\/product_tag?post=85472"},{"taxonomy":"giftcard-category","embeddable":true,"href":"https:\/\/soolong.com\/fr\/wp-json\/wp\/v2\/giftcard-category?post=85472"}],"curies":[{"name":"wp","href":"https:\/\/api.w.org\/{rel}","templated":true}]}}