{"id":84688,"date":"2023-12-06T11:08:00","date_gmt":"2023-12-06T10:08:00","guid":{"rendered":"https:\/\/soolong.com\/product\/soolong-christmas-pack-luxury-tasting-exclusive-delicacies-borrelbox-to-share-en-anglais\/"},"modified":"2025-06-10T13:12:24","modified_gmt":"2025-06-10T11:12:24","slug":"soolong-christmas-pack-luxury-tasting-exclusive-delicacies-borrelbox-to-share-en-anglais","status":"publish","type":"product","link":"https:\/\/soolong.com\/fr\/product\/soolong-christmas-pack-luxury-tasting-exclusive-delicacies-borrelbox-to-share-en-anglais\/","title":{"rendered":"Forfait Soolong D\u00e9gustation de luxe D\u00e9lices exclusifs &#8220;Borrelbox \u00e0 partager&#8221;"},"content":{"rendered":"<h2>D\u00e9couvrez un luxe in\u00e9gal\u00e9 avec notre bo\u00eete \u00e0 boissons exclusive remplie de d\u00e9lices.<\/h2>\n<p>Faites plaisir \u00e0 votre m\u00e8re, votre grand-m\u00e8re ou vos proches en leur offrant un forfait boissons exclusif de Soolong. Nos forfaits sont un mod\u00e8le d&#8217;\u00e9l\u00e9gance et de sophistication, soigneusement \u00e9labor\u00e9s \u00e0 partir d&#8217;un assortiment de d\u00e9lices les plus raffin\u00e9s provenant des meilleures r\u00e9gions du monde.<\/p>\n<p>Chaque paquet est un voyage \u00e0 travers les saveurs du monde, du raffin\u00e9 T-Vino Jasmin Sparkling &#8211; une fusion unique de th\u00e9 vert au jasmin et de vin blanc d\u00e9salcoolis\u00e9 &#8211; \u00e0 une collection de th\u00e9s soigneusement s\u00e9lectionn\u00e9s, allant des m\u00e9langes \u00e9pic\u00e9s au Rooibos \u00e0 la saveur douce et vanill\u00e9e. Cette luxueuse collection offre une palette d&#8217;exp\u00e9riences gustatives inoubliables.<\/p>\n<p>Outre ces boissons raffin\u00e9es, chaque paquet comprend \u00e9galement une s\u00e9lection de d\u00e9lices gastronomiques. Savourez un d\u00e9licieux fromage \u00e0 la truffe du Pi\u00e9mont italien, trois accords fromagers, des olives gordal dans une sauce m\u00e9diterran\u00e9enne et d&#8217;authentiques saucisses Bellota de Salamanque. Ces tr\u00e9sors culinaires sont accompagn\u00e9s de la d\u00e9licieuse huile d&#8217;olive Fontclara Arbequina de Catalogne, de toasts de pita \u00e0 l&#8217;huile d&#8217;olive extra vierge et de sardines \u00e0 l&#8217;huile d&#8217;olive \u00e9pic\u00e9e, pour une exp\u00e9rience gustative m\u00e9morable.<\/p>\n<p><span style=\"font-size: 1rem;\">En option, il est possible de pr\u00e9senter ces d\u00e9licieux mets sur une planche de service en h\u00eatre naturel, id\u00e9ale pour partager et d\u00e9guster ces d\u00e9lices de luxe lors de moments privil\u00e9gi\u00e9s.<\/span><\/p>\n<p>Pour ceux qui souhaitent ajouter une autre dimension \u00e0 leur forfait, nous proposons un Forgotten Vineyards Kruger Chardonnay en option suppl\u00e9mentaire. Un vin sud-africain \u00e9l\u00e9gant avec un \u00e9quilibre parfait entre g\u00e9n\u00e9rosit\u00e9 et min\u00e9ralit\u00e9.<\/p>\n<p>Commandez d\u00e8s maintenant et faites l&#8217;exp\u00e9rience du luxe ultime lors des journ\u00e9es sp\u00e9ciales avec la bo\u00eete \u00e0 boissons Soolong. A la sant\u00e9 d&#8217;un voyage culinaire inoubliable !<\/p>\n<p>Pour des compositions sur mesure ou des volumes importants, contactez-nous et d\u00e9couvrez les possibilit\u00e9s de rendre votre colis encore plus personnalis\u00e9.<\/p>\n","protected":false},"excerpt":{"rendered":"<p>VEUILLEZ NOTER : CE PRODUIT A UN D\u00c9LAI DE LIVRAISON ADJUST\u00c9 (voir ci-dessous) !<\/p>\n","protected":false},"featured_media":84832,"comment_status":"open","ping_status":"closed","template":"","meta":{"_acf_changed":false},"product_cat":[625,655,352],"product_tag":[],"giftcard-category":[],"class_list":{"0":"post-84688","1":"product","2":"type-product","3":"status-publish","4":"has-post-thumbnail","6":"product_cat-noel","7":"product_cat-paniers-de-noel","8":"product_cat-cadeaux","10":"first","11":"instock","12":"taxable","13":"shipping-taxable","14":"product-type-yith_bundle"},"acf":{"lijn_nummer":"G1","weight":"","wissel":true,"foodpairing":"<p><strong>T-Vino Enjoy Jasmin Sparkling 0,0 %.<\/strong><\/p>\n<p>D\u00e9licieux avec des plats \u00e9pic\u00e9s et piquants ou en tant qu&#8217;ap\u00e9ritif ou vin de dessert \u00e0 0,0 %,<\/p>\n<p><strong>33 Japan Taste Me<\/strong><br \/>\nCe Genmaicha Matcha Satsuki, ou th\u00e9 vert au matcha et au riz souffl\u00e9, a d\u00e9j\u00e0 une saveur unique en soi, mais essayez de le combiner avec des sashimis de saumon et de thon et d\u00e9couvrez comment il peut \u00eatre encore plus d\u00e9licieux. Ils ont un effet de renforcement du go\u00fbt les uns sur les autres, ce qui donne \u00e0 ce d\u00e9licieux th\u00e9 un go\u00fbt velout\u00e9.<\/p>\n<p><strong>Chardonnay Forgotten Vineyards Kruger<\/strong><\/p>\n<p>D\u00e9licieux avec un filet de fl\u00e9tan saut\u00e9 au beurre avec de la buerre noisette et du chou pointu brais\u00e9 et des pommes de terre.<\/p>\n","ingredients":"<p><strong>T-Vino Enjoy Jasmin Sparkling 0.0%VOL 750ML<\/strong><\/p>\n<p>Boisson p\u00e9tillante \u00e0 base de vin blanc d\u00e9salcoolis\u00e9, infus\u00e9e de th\u00e9 vert au jasmin.<\/p>\n<p>Ingr\u00e9dients : vin d\u00e9salcoolis\u00e9 d&#8217;Espagne, th\u00e9 vert au jasmin, ar\u00f4me de jasmin, mo\u00fbt de raisin concentr\u00e9 rectifi\u00e9, dioxyde de carbone, conservateur (dioxyde de soufre). Informations nutritionnelles pour 100 ml : \u00e9nergie 96 kJ\/23 kcal, graisses 0 g, dont acides gras satur\u00e9s 0 g, hydrates de carbone 5,3 g, dont sucres 4,9 g, prot\u00e9ines 0 g, sel <0,1 g.\n\n\nConseil de conservation : Ouvert, conservez au r\u00e9frig\u00e9rateur jusqu'\u00e0 3 jours.\n\n<strong>Coffret 5 Worldmix, th\u00e9<\/strong><\/p>\n<div class=\"woocommerce-tabs wc-tabs-wrapper\">\n<div id=\"tab-ingredients_tab\" class=\"woocommerce-Tabs-panel woocommerce-Tabs-panel--ingredients_tab panel entry-content wc-tab\" role=\"tabpanel\" aria-labelledby=\"tab-title-ingredients_tab\">\n<div class=\"woocommerce-Tabs-panel__content\">\n<p><strong>21 Malawi Sense Detox**<\/strong> 12g<br \/>\nM\u00e9lange de plantes \/ ingr\u00e9dients :<br \/>\nCitronnelle, Menthe verte, Herbe d&#8217;orge, M\u00e9lisse, Racine de pissenlit, Feuilles d&#8217;ortie, Feuilles de m\u00fbre douce, Feuilles de bleuet.<\/p>\n<p><strong>42 Afrique du Sud See Good Hope<\/strong> 25g<br \/>\nGreen Rooibos Herbal Blend \/ ingr\u00e9dients :<br \/>\nGreen Rooibos 93%, feuilles de m\u00fbres sucr\u00e9es, ar\u00f4me naturel de vanille.<\/p>\n<p><strong>33 Japan Taste Me*<\/strong> 25g<br \/>\nGenmaicha Matcha Satsuki \/ ingr\u00e9dients :<br \/>\nTh\u00e9 vert japonais avec matcha et riz souffl\u00e9<\/p>\n<p><strong>14 China Enjoy Roses*<\/strong> 20g<br \/>\nM\u00e9lange de th\u00e9 Oolong \/ ingr\u00e9dients :<br \/>\nTh\u00e9 Oolong 87%, p\u00e9tales de rose 8%, fleurs d&#8217;herbes aromatiques, fleurs de lavande.<\/p>\n<p>* Contient de la caf\u00e9ine<br \/>\n** Le pissenlit contribue \u00e0 la purification interne et favorise la digestion.<br \/>\nL&#8217;effet sur la sant\u00e9 n&#8217;a pas encore \u00e9t\u00e9 officiellement \u00e9tabli. Un mode de vie sain est<br \/>\nimportant, de m\u00eame qu&#8217;une alimentation \u00e9quilibr\u00e9e et vari\u00e9e.<\/p>\n<\/div>\n<\/div>\n<\/div>\n<p><strong>D\u00e9licatesses :<\/strong><br \/>\n&#8211; olives gordal, sans p\u00e9pins, dans une sauce m\u00e9diterran\u00e9enne ;<br \/>\n&#8211; fromage de brebis \u00e0 la truffe +\/-250gr du Pi\u00e9mont italien ;<br \/>\n&#8211; 3 accords de fromage 3x30g ;<br \/>\n&#8211; saucisse salchichon ou Chorizo +\/-250gr ;<br \/>\n-Blister Jamon CEBO de Campo ;<br \/>\n&#8211; Pita toast avec huile d&#8217;olive extra vierge ;<br \/>\n&#8211; Huile d&#8217;olive Fontclara Arbequina 100ml ;<br \/>\n&#8211; Sardines dans de l&#8217;huile d&#8217;olive \u00e9pic\u00e9e.<\/p>\n<p><strong>Pita Toast Mediterraneo \u00e0 l&#8217;huile d&#8217;olive extra vierge<\/strong><br \/>\nIngr\u00e9dients : farine de bl\u00e9, huile d&#8217;olive vierge (13%), sel, levure de bi\u00e8re, ar\u00f4me naturel, (contient du bl\u00e9 et du lait), antioxydant : extraits de romarin. Peut contenir des traces de SOJA, MOSTERD, SELDERIJ et EGGS. Conserver dans un endroit frais et sec.<\/p>\n<p><strong>Chardonnay Forgotten Vineyards Kruger<\/strong><\/p>\n<p>Couleur \/ Type<br \/>\nVin blanc<\/p>\n<p>Caract\u00e8re du vin<br \/>\nBlanc frais<\/p>\n<p>Contenu<br \/>\n0.75l<\/p>\n<p>Alcool %<br \/>\n13,5%<\/p>\n<p>C\u00e9page<br \/>\nChardonnay (blanc)<\/p>\n","origin":"<p><strong>T-VINO Enjoy Jasmin Sparkling<\/strong><\/p>\n<p>Origine du raisin : Espagne Origine du th\u00e9 : Chine<\/p>\n<p><strong>Coffret 5 th\u00e9s Worldmix<\/strong><\/p>\n<p>2<strong>1 Malawi Sense Detox<\/strong> (citronnelle et menthe) Ces d\u00e9licieuses herbes proviennent d&#8217;une plantation de th\u00e9 unique situ\u00e9e dans les Shire Highlands du Malawi (Afrique), o\u00f9 des th\u00e9s et des herbes de qualit\u00e9 sp\u00e9ciale sont cueillis \u00e0 la main et trait\u00e9s de mani\u00e8re artisanale.<\/p>\n<p>4<strong>2 Afrique du Sud Voir Bonne Esp\u00e9rance<\/strong> Origine rooibos : Afrique du Sud R\u00e9gion : Cederberg, Western Cape<\/p>\n<p>Le rooibos est \u00e9galement appel\u00e9 &#8220;th\u00e9 de brousse&#8221;. Le rooibos est un arbuste aux fleurs jaunes qui pousse naturellement pr\u00e8s des montagnes Cedar. Bien que cet arbuste puisse pousser d&#8217;un demi-m\u00e8tre \u00e0 un m\u00e8tre de haut, il est g\u00e9n\u00e9ralement r\u00e9colt\u00e9 \u00e0 une hauteur de 20 cm entre janvier et mars.<\/p>\n<p>Les feuilles en forme d&#8217;aiguille sont vertes lorsqu&#8217;elles sont cueillies. Ensuite, les feuilles sont \u00e9cras\u00e9es et rendues humides, ce qui d\u00e9clenche un processus de fermentation chimique. Les aiguilles sont ensuite plac\u00e9es sous le soleil africain le lendemain pour s&#8217;oxyder davantage. C&#8217;est la raison pour laquelle le rooibos est \u00e9galement appel\u00e9 &#8220;th\u00e9 rouge&#8221; ou &#8220;th\u00e9 de brousse&#8221;.<\/p>\n<p>3<strong>3 Japan Taste Me<\/strong> Origine : Japon<\/p>\n<p>Contrairement \u00e0 la Chine, le Japon produit presque exclusivement du th\u00e9 vert. Pour obtenir un th\u00e9 vert, il est important d&#8217;emp\u00eacher les feuilles de s&#8217;oxyder apr\u00e8s la r\u00e9colte. L&#8217;oxydation signifie le brunissement sous l&#8217;influence de l&#8217;oxyg\u00e8ne. En Chine, on emp\u00eache l&#8217;oxydation du th\u00e9 en le chauffant dans un wok. Au Japon, ils le font en cuisant les th\u00e9s verts \u00e0 la vapeur.<\/p>\n<p><strong>14 Chine Enjoy Roses<\/strong><br \/>\nCe d\u00e9licieux oolong pur provient de Wuhan, la capitale de la province de Hubei en Chine. Beaucoup connaissent la route de la soie, mais la \u00ab route des chameaux des prairies \u00bb est moins connue.<br \/>\nDepuis la fin du XVIIe si\u00e8cle, sous la dynastie Qing, Wuhan \u00e9tait le point de d\u00e9part de la route commerciale du th\u00e9 vers la Mongolie. Cette route commerciale \u00e9tait \u00e9galement appel\u00e9e la \u00ab Route des chameaux des prairies \u00bb.<br \/>\nLes autres ingr\u00e9dients de ce m\u00e9lange proviennent de diff\u00e9rents pays.  <\/p>\n<p><strong>D\u00e9lices m\u00e9diterran\u00e9ens provenant d&#8217;Espagne et d&#8217;Italie.<\/strong><\/p>\n<p>L&#8217;<strong>huile d&#8217;olive<\/strong><br \/>\nFontclara est une d\u00e9licieuse huile d&#8217;olive de Catalogne. Cette huile est produite dans l&#8217;exploitation agricole de la famille Zanotelli. Les olives sont cueillies \u00e0 la main \u00e0 la fin du mois d&#8217;octobre et trait\u00e9es naturellement \u00e0 l&#8217;aide de machines modernes.<br \/>\nLe jus \u00ab l\u00e9g\u00e8rement fruit\u00e9 \u00bb de l&#8217;Arbequina joue avec des notes douces et velout\u00e9es. L&#8217;huile d&#8217;olive Arbequina a un ar\u00f4me fruit\u00e9 d&#8217;olive, de pomme, de banane et d&#8217;amande.<br \/>\nFontclara Arbequina est une huile d&#8217;olive harmonieuse dont les notes vives et parfum\u00e9es s&#8217;accordent aussi bien avec la cuisine \u00ab froide \u00bb qu&#8217;avec la cuisine \u00ab chaude \u00bb.  Gr\u00e2ce \u00e0 sa riche profondeur, il reste stable m\u00eame pendant le processus de cuisson et de r\u00f4tissage, ce qui lui permet d&#8217;affiner de nombreux plats.<\/p>\n<p><strong>Fromage de brebis \u00e0 la truffe<\/strong><br \/>\nLa truffe est l&#8217;un des aliments les plus pris\u00e9s. Ce fromage contient donc les meilleures truffes italiennes du Pi\u00e9mont, avec une maturation d&#8217;environ cinq mois dans les meilleures conditions atmosph\u00e9riques, exaltant tous les ar\u00f4mes au fur et \u00e0 mesure que le fromage perd son humidit\u00e9 initiale. La truffe est ajout\u00e9e directement dans le lait, sans ar\u00f4mes, huiles ou essences, ce qui conf\u00e8re \u00e0 ce fromage de brebis au lait cru des propri\u00e9t\u00e9s uniques.<\/p>\n<p><strong>Association de fromages<\/strong><br \/>\nLes fromages sont souvent accompagn\u00e9s de condiments compl\u00e9mentaires de type confiture, qui rehaussent la saveur du fromage et forment une combinaison harmonieuse. Faites-en l&#8217;exp\u00e9rience en d\u00e9couvrant ces trois d\u00e9licieuses associations de fromages.<\/p>\n<p><strong>Salchichon ou Chorizo <\/strong><br \/>\nD\u00e9licieuses saucisses fabriqu\u00e9es \u00e0 partir de porcs Bellota de Salamanque. Ce type particulier de porc dispose de 4,5 hectares d&#8217;espace de marche chacun et mange tout ce qu&#8217;il y a \u00e0 trouver. La graisse de ces porcs, qui se refl\u00e8te si bien dans la saveur, provient des glands qu&#8217;ils mangent.<\/p>\n<p><strong>Blister CEBO de Campo, jambon<\/strong><br \/>\nCebo de Campo 50% race Iberco<br \/>\nVieilli au moins 12 mois<br \/>\nOrigine : Salamanca<\/p>\n<p><strong>Sardines \u00e0 l&#8217;huile d&#8217;olive \u00e9pic\u00e9e<\/strong><br \/>\nCes beaux poissons proviennent de Galice et sont sp\u00e9cialement s\u00e9lectionn\u00e9s pour leur qualit\u00e9.<br \/>\nIls sont marin\u00e9s un par un \u00e0 la main dans une huile d&#8217;olive \u00e9pic\u00e9e, apr\u00e8s quoi ils deviennent de plus en plus d\u00e9licieux.<\/p>\n<p><strong>Planche de service en h\u00eatre <\/strong>(peut \u00eatre command\u00e9e en option)<\/p>\n<p>Le h\u00eatre est un produit naturel. Chaque planche est \u00e9tuv\u00e9e, ce qui la rend plus stable et moins susceptible de se d\u00e9former sous l&#8217;influence de l&#8217;humidit\u00e9 ou des changements de temp\u00e9rature.<\/p>\n<p>Apr\u00e8s utilisation, il est pr\u00e9f\u00e9rable de nettoyer la planche avec une brosse douce, de l&#8217;eau ti\u00e8de et du savon. S\u00e9chez ensuite soigneusement et laissez s\u00e9cher verticalement, avec les veines du bois vers le haut.<br \/>\nLe bois est sujet \u00e0 des modifications, ce qui signifie que des fissures peuvent appara\u00eetre au fil du temps. \u00c9viter l&#8217;exposition prolong\u00e9e \u00e0 l&#8217;eau et \u00e0 la chaleur. Le bois ne convient pas au lave-vaisselle. Frotter r\u00e9guli\u00e8rement avec de l&#8217;huile d&#8217;entretien ou de la cire pour conserver sa belle couleur et sa brillance.<\/p>\n<p>Le bois de cette collection provient de for\u00eats europ\u00e9ennes et est certifi\u00e9 FSC.<\/p>\n<p><strong>Chardonnay Forgotten Vineyards Kruger <\/strong>(\u00e0 commander en option)<\/p>\n<p>Western Cape, Afrique du Sud R\u00e9gion : R\u00e9gion c\u00f4ti\u00e8re<\/p>\n<p>L&#8217;histoire du vin en Afrique du Sud trouve son origine dans des lieux qui se trouvent aujourd&#8217;hui tous dans la r\u00e9gion viticole de la Coastal Region. Des districts tels que Stellenbosch, Paarl, Swartland, Franschhoek et Constantia se trouvent dans l&#8217;arri\u00e8re-pays du Cap. Les vins de la r\u00e9gion c\u00f4ti\u00e8re comptent parmi les meilleurs d&#8217;Afrique du Sud. Le gouverneur du Cap, Simon van der Stel, a choisi Constantia pour y installer sa r\u00e9sidence personnelle et ses vignobles. Une beaut\u00e9 naturelle sans pr\u00e9c\u00e9dent, des sols complexes et bien drain\u00e9s, de belles vues sur la mer et un climat particulier ont fait de Constantia un choix \u00e9vident pour la viticulture d\u00e8s le XVIIe si\u00e8cle. Les vignobles sont situ\u00e9s sur les contreforts de la montagne Constantia, dans le prolongement de la montagne de la Table, et sont naturellement rafra\u00eechis par la brise de l&#8217;oc\u00e9an Indien provenant de False Bay au sud et de l&#8217;oc\u00e9an Atlantique \u00e0 l&#8217;ouest.<\/p>\n","tasting_notes":"<p><strong>T-Vino Enjoy Jasmin Sparkling 0,0 %.<\/strong><\/p>\n<p><strong>Ar\u00f4me :<\/strong> joli jasmin floral<br \/>\n<strong>Infusion :<\/strong> jaune clair<br \/>\n<strong>Go\u00fbt :<\/strong> p\u00e9tillant, festif et rafra\u00eechissant, associ\u00e9 \u00e0 la d\u00e9licieuse saveur du jasmin.<\/p>\n<p>Si vous aimez le th\u00e9 au jasmin, le cava ou les vins l\u00e9g\u00e8rement sucr\u00e9s comme le Viognier, ce T-Vino Enjoy Jasmin Sparkling est fait pour vous.<\/p>\n<p><strong>Coffret 5 th\u00e9s wordmix<\/strong><\/p>\n<p><strong>21 Malawi Sense Detox<\/strong><br \/>\n<strong>Look &#038; feel :<\/strong> vert (citronnelle), violet (bleuet)<br \/>\n<strong>Ar\u00f4me :<\/strong> agrumes et menthe<br \/>\n<strong>Infusion :<\/strong> jaune clair<br \/>\n<strong>Go\u00fbt :<\/strong> go\u00fbt frais et \u00e9pic\u00e9 de citronnelle et de menthe<\/p>\n<p><strong>42 Afrique du Sud See Good Hope<\/strong><br \/>\n<strong>Aspect :<\/strong> m\u00e9lange de feuilles jaunes claires et vertes en forme d&#8217;aiguille<br \/>\n<strong>Ar\u00f4me :<\/strong> vanille douce<br \/>\n<strong>Infusion :<\/strong> ambre clair<br \/>\n<strong>Go\u00fbt :<\/strong> l\u00e9g\u00e8rement sucr\u00e9, doux et velout\u00e9 avec des notes de miel et de vanille<\/p>\n<p><strong>33 Japon Go\u00fbte-moi<\/strong><br \/>\n<strong>Aspect et texture :<\/strong> feuilles vertes roul\u00e9es, grains jaunes de riz souffl\u00e9, poudre de matcha verte.<br \/>\n<strong>Ar\u00f4me :<\/strong> herbe et riz souffl\u00e9<br \/>\n<strong>Infusion :<\/strong> vert frais<br \/>\n<strong>Go\u00fbt :<\/strong> doux et velout\u00e9, go\u00fbt v\u00e9g\u00e9tal complet avec du riz souffl\u00e9 et de l&#8217;umami*.<\/p>\n<p><strong>14 China Enjoy Roses<\/strong><br \/>\n<strong>Look &#038; Feel :<\/strong> perles vert clair entour\u00e9es de p\u00e9tales de rose rouges et de lavande violette.<br \/>\n<strong>Ar\u00f4me :<\/strong> orchid\u00e9e \/ lilas<br \/>\n<strong>Infusion :<\/strong> jaune doux \/ vert<br \/>\n<strong>Go\u00fbt :<\/strong> l\u00e9g\u00e8rement v\u00e9g\u00e9tal, doux, floral<\/p>\n<p>* L&#8217;umami est l&#8217;une des cinq saveurs fondamentales, avec le sal\u00e9, le sucr\u00e9, l&#8217;acide et l&#8217;amer. Cette saveur a \u00e9t\u00e9 d\u00e9couverte en 1908 par le Japonais Kikunae Ikeda, professeur de chimie \u00e0 l&#8217;universit\u00e9 de Tokyo. Umami est donc \u00e0 l&#8217;origine un mot japonais qui signifie &#8220;d\u00e9licieux&#8221; ou &#8220;savoureux&#8221;.<\/p>\n<p>Le go\u00fbt des \u00e9pinards, des tomates ou du poisson, par exemple, peut \u00eatre d\u00e9crit comme umami.<\/p>\n<p><strong>Chardonnay Forgotten Vineyards Kruger<\/strong><\/p>\n<p>Il s&#8217;agit d&#8217;un autre vin brillant dans sa gamme de prix, alliant \u00e0 la fois g\u00e9n\u00e9rosit\u00e9 et min\u00e9ralit\u00e9. Bref, tout ce qui fait le charme d&#8217;un chardonnay.<\/p>\n<p>Johan Kruger est un vigneron passionn\u00e9 et comp\u00e9tent. En 2005, il a remport\u00e9 le prix du jeune vigneron sud-africain de l&#8217;ann\u00e9e et a re\u00e7u cinq \u00e9toiles dans le guide des vins Platter. \u00c0 Stellenbosch, il a fait fureur dans le domaine viticole de son p\u00e8re, Sterhuis, mais en raison de d\u00e9saccords, Johan a d\u00e9cid\u00e9 de se mettre \u00e0 son compte. Il \u00e9tait depuis longtemps tr\u00e8s impressionn\u00e9 par les nouvelles r\u00e9gions \u00e0 climat frais du Cap-Occidental en Afrique du Sud et avait de nombreux amis dans cette r\u00e9gion qui voulaient l&#8217;aider. C&#8217;est ainsi que Johan a lanc\u00e9 le projet fou &#8220;Kruger Family Wines&#8221;, dans le cadre duquel il recherche des vignobles de tr\u00e8s grande qualit\u00e9 dans les zones de climat frais et, si n\u00e9cessaire, fait travailler les agriculteurs selon sa philosophie, puis leur ach\u00e8te les raisins. Les vins de Johan sont synonymes de souplesse, d&#8217;\u00e9l\u00e9gance et d&#8217;\u00e9quilibre.<\/p>\n","zetadvies":"<p><strong>T-Vino Enjoy Jasmin Sparkling 0,0 %.<\/strong><\/p>\n<p>Servez ce d\u00e9licieux T-Vino frais et dans une fl\u00fbte \u00e0 champagne pour une exp\u00e9rience gustative optimale.<\/p>\n<p>Si tu veux plus d&#8217;ar\u00f4me et de saveur, laisse le T-Vino respirer avant de le servir.<\/p>\n<p><strong>Coffret 5 th\u00e9s Worldmix<\/strong><\/p>\n<p><strong>21 Malawi Sense Detox<\/strong><br \/>\nEau : 100\u00b0C<br \/>\nTh\u00e9 : 2g \/ 2 tsp par tasse (150 ml)<br \/>\nInfusion : 5 minutes<\/p>\n<p><strong>42 Afrique du Sud See Good Hope<\/strong><br \/>\nEau : 100\u00b0C<br \/>\nTh\u00e9 : 2g \/ 2 tsp par tasse (150 ml)<br \/>\nInfusion : 5 minutes<\/p>\n<p><strong>33 Japan Taste Me<\/strong><br \/>\nEau : 80\u00b0C<br \/>\nTh\u00e9 : 2g \/ 1 cuill\u00e8re \u00e0 caf\u00e9 par tasse (150 ml)<br \/>\nInfusion : 1-2 minutes<\/p>\n<p>1<strong>4 China Enjoy Roses<\/strong> Eau : 100\u00b0C Th\u00e9 : 2g \/ 1 cuill\u00e8re \u00e0 caf\u00e9 par tasse (150 ml) Infusion : 2 minutes<\/p>\n<p><strong>Conseils de stockage :<\/strong> \u00e0 conserver au frais, au sec, \u00e0 la lumi\u00e8re et \u00e0 l&#8217;abri de l&#8217;air.<\/p>\n<p><strong>Chardonnay Forgotten Vineyards Kruger<\/strong><\/p>\n<p>10-12\u00b0C<\/p>\n","new_description":"<h2>D\u00e9couvrez un luxe in\u00e9gal\u00e9 gr\u00e2ce \u00e0 notre offre exclusive de boissons et de d\u00e9lices.<\/h2>\n<p>Faites plaisir \u00e0 votre m\u00e8re, votre grand-m\u00e8re ou vos proches en leur offrant un forfait boissons exclusif de Soolong. Nos forfaits sont un mod\u00e8le d&#8217;\u00e9l\u00e9gance et de sophistication, soigneusement \u00e9labor\u00e9s \u00e0 partir d&#8217;un assortiment de d\u00e9lices les plus raffin\u00e9s provenant des meilleures r\u00e9gions du monde.<\/p>\n<p>Chaque paquet est un voyage \u00e0 travers les saveurs du monde, du raffin\u00e9 T-Vino Jasmin Sparkling &#8211; une fusion unique de th\u00e9 vert au jasmin et de vin blanc d\u00e9salcoolis\u00e9 &#8211; \u00e0 une collection de th\u00e9s soigneusement s\u00e9lectionn\u00e9s, allant des m\u00e9langes \u00e9pic\u00e9s au Rooibos \u00e0 la saveur douce et vanill\u00e9e. Cette luxueuse collection offre une palette d&#8217;exp\u00e9riences gustatives inoubliables.<\/p>\n<p>Outre ces boissons raffin\u00e9es, chaque paquet comprend \u00e9galement une s\u00e9lection de d\u00e9lices gastronomiques. Savourez un d\u00e9licieux fromage \u00e0 la truffe du Pi\u00e9mont italien, trois accords fromagers, des olives gordal dans une sauce m\u00e9diterran\u00e9enne et d&#8217;authentiques saucisses Bellota de Salamanque. Ces tr\u00e9sors culinaires sont accompagn\u00e9s de la d\u00e9licieuse huile d&#8217;olive Fontclara Arbequina de Catalogne, de toasts de pita \u00e0 l&#8217;huile d&#8217;olive extra vierge et de sardines \u00e0 l&#8217;huile d&#8217;olive \u00e9pic\u00e9e, pour une exp\u00e9rience gustative m\u00e9morable.<\/p>\n<p><span style=\"font-size: 1rem;\">En option, il est possible de pr\u00e9senter ces d\u00e9licieux mets sur une planche de service en h\u00eatre naturel, id\u00e9ale pour partager et savourer ces d\u00e9lices de luxe lors de journ\u00e9es sp\u00e9ciales.<\/span><\/p>\n<p>Pour ceux qui souhaitent ajouter une autre dimension \u00e0 leur forfait, nous proposons un Forgotten Vineyards Kruger Chardonnay en option suppl\u00e9mentaire. Un vin sud-africain \u00e9l\u00e9gant avec un \u00e9quilibre parfait entre g\u00e9n\u00e9rosit\u00e9 et min\u00e9ralit\u00e9.<\/p>\n<p>Commandez d\u00e8s maintenant et faites l&#8217;exp\u00e9rience du luxe ultime avec la bo\u00eete \u00e0 boissons de Soolong. A la sant\u00e9 d&#8217;un voyage culinaire inoubliable !<\/p>\n<p>Pour des compositions sur mesure ou des volumes importants, contactez-nous et d\u00e9couvrez les possibilit\u00e9s de rendre votre colis encore plus personnalis\u00e9.<\/p>\n<p>\u00a0<\/p>\n<h2>D\u00e9lai de livraison personnalis\u00e9<\/h2>\n<p>Comme ce produit est fra\u00eechement formul\u00e9 et livr\u00e9, tous les ingr\u00e9dients sont command\u00e9s sp\u00e9cifiquement.<\/p>\n<p>D\u00e9lai de livraison estim\u00e9 : 1 semaine. Si vous pr\u00e9f\u00e9rez \u00eatre collect\u00e9, veuillez nous contacter.<\/p>\n"},"_links":{"self":[{"href":"https:\/\/soolong.com\/fr\/wp-json\/wp\/v2\/product\/84688","targetHints":{"allow":["GET"]}}],"collection":[{"href":"https:\/\/soolong.com\/fr\/wp-json\/wp\/v2\/product"}],"about":[{"href":"https:\/\/soolong.com\/fr\/wp-json\/wp\/v2\/types\/product"}],"replies":[{"embeddable":true,"href":"https:\/\/soolong.com\/fr\/wp-json\/wp\/v2\/comments?post=84688"}],"wp:featuredmedia":[{"embeddable":true,"href":"https:\/\/soolong.com\/fr\/wp-json\/wp\/v2\/media\/84832"}],"wp:attachment":[{"href":"https:\/\/soolong.com\/fr\/wp-json\/wp\/v2\/media?parent=84688"}],"wp:term":[{"taxonomy":"product_cat","embeddable":true,"href":"https:\/\/soolong.com\/fr\/wp-json\/wp\/v2\/product_cat?post=84688"},{"taxonomy":"product_tag","embeddable":true,"href":"https:\/\/soolong.com\/fr\/wp-json\/wp\/v2\/product_tag?post=84688"},{"taxonomy":"giftcard-category","embeddable":true,"href":"https:\/\/soolong.com\/fr\/wp-json\/wp\/v2\/giftcard-category?post=84688"}],"curies":[{"name":"wp","href":"https:\/\/api.w.org\/{rel}","templated":true}]}}