{"id":76326,"date":"2023-11-26T16:34:00","date_gmt":"2023-11-26T15:34:00","guid":{"rendered":"https:\/\/soolong.com\/product\/degustation-de-rooibos-de-joyeux-noel\/"},"modified":"2025-06-12T12:46:26","modified_gmt":"2025-06-12T10:46:26","slug":"coffret-de-noel-degustation-de-the-rooibos-40-filtre-a-the","status":"publish","type":"product","link":"https:\/\/soolong.com\/fr\/product\/coffret-de-noel-degustation-de-the-rooibos-40-filtre-a-the\/","title":{"rendered":"D\u00e9gustation de Rooibos de Joyeux No\u00ebl"},"content":{"rendered":"<p><strong>Description :<\/strong><\/p>\n<p>Il y a tant \u00e0 donner,<\/p>\n<p>Offrez un th\u00e9 chaleureux avec une passoire \u00e0 th\u00e9 noir tr\u00e8s tendance dans un magnifique emballage de No\u00ebl en jute,<\/p>\n<p>Et le th\u00e9 Rooibos, qui ne l&#8217;aime pas ? Le rooibos ne pousse \u00e0 l&#8217;origine qu&#8217;en Afrique du Sud et a longtemps \u00e9t\u00e9 la boisson nationale de ce pays, mais il a maintenant conquis le reste du monde. Une d\u00e9licieuse g\u00e2terie pour vous-m\u00eame ou un cadeau id\u00e9al,<\/p>\n<p>Un cadeau chaleureux de m\u00e9langes de rooibos et de honeybush en vrac dans de magnifiques bo\u00eetes,<\/p>\n<p>41 Afrique du Sud Sense Focus &#8211; Rooibos Herbal Blend &#8211; 25g<\/p>\n<p>42 Afrique du Sud See Good Hope &#8211; M\u00e9lange d&#8217;herbes Rooibos &#8211; 25g<\/p>\n<p>43 South Africa Taste Honey &#8211; Honeybush Herbal Blend &#8211; 25g<\/p>\n<p>44 Afrique du Sud Enjoy Sunset &#8211; Rooibos Herbal Blend &#8211; 25g<\/p>\n<p>Pour plus d&#8217;informations sur la composition de ces teas\u221a&#8217;n, veuillez vous r\u00e9f\u00e9rer aux ingr\u00e9dients,<br \/>\n<strong>Ingr\u00e9dients :<\/strong><\/p>\n<p><strong>41 Afrique du Sud Sense Focus*<\/strong> 25g<br \/>\nRooibos Herbal Blend \/ ingr\u00e9dients :<br \/>\nRooibos 51%, Basilic, Graines de lin, Feuilles de Ginkgo, Fenouil doux, Morceaux d&#8217;amande<\/p>\n<p><strong>42 Afrique du Sud See Good Hope*<\/strong> 25g<br \/>\nGreen Rooibos Herbal Blend \/ ingr\u00e9dients :<br \/>\nGreen Rooibos 93%, feuilles de m\u00fbres sucr\u00e9es, ar\u00f4me naturel de vanille.<\/p>\n<p><strong>43 Afrique du Sud Go\u00fbt de miel*<\/strong> 25g<br \/>\nHoneybush m\u00e9lange d&#8217;herbes\/ ingr\u00e9dients :<br \/>\nHoneybush 60%, morceaux de caroube, morceaux de goyave, verveine citronn\u00e9e, morceaux de banane, ar\u00f4mes naturels\u221a\u00a9s<\/p>\n<p><strong>44 Afrique du Sud Enjoy Sunset*<\/strong> 25g<br \/>\nM\u00e9lange d&#8217;herbes Rooibos \/ ingr\u00e9dients :<br \/>\nRooibos 59%, citronnelle, basilic frott\u00e9, \u00e9corces de citron tranch\u00e9es, bleuets, ar\u00f4me naturel de citron.<\/p>\n<p>* Ne contient pas de caf\u00e9ine<\/p>\n<p><strong>Origine :<\/strong><\/p>\n<p>Origine rooibos\/honeybush : Afrique du Sud R\u00e9gion : Cederberg, Western Cape<\/p>\n<p><strong>41 Afrique du Sud Sense Focus<\/strong><br \/>\n<strong>42 Afrique du Sud See Good Hope<\/strong><\/p>\n<p>4<strong>4 Afrique du Sud Enjoy Sunset<\/strong> Le rooibos est \u00e9galement connu sous le nom de &#8220;bush tea&#8221;, car le rooibos est un arbuste \u00e0 fleurs jaunes qui pousse naturellement pr\u00e8s des montagnes du Cederberg. Bien que cet arbuste puisse atteindre une hauteur d&#8217;un demi-m\u00e8tre \u00e0 un m\u00e8tre, cette plante est g\u00e9n\u00e9ralement r\u00e9colt\u00e9e \u00e0 une hauteur de 20 cm entre janvier et mars,<\/p>\n<p>Les feuilles en forme d&#8217;aiguilles sont vertes lorsqu&#8217;elles sont cueillies, puis elles sont \u00e9cras\u00e9es et mouill\u00e9es, ce qui d\u00e9clenche un processus de fermentation chimique, qui cr\u00e9e la belle couleur rouge fonc\u00e9, apr\u00e8s quoi les aiguilles sont plac\u00e9es sous le soleil africain le lendemain pour s&#8217;oxyder davantage,<\/p>\n<p>4<strong>3 South Africa Taste Honey<\/strong> Honeybush ne pousse qu&#8217;en Afrique du Sud. Les fleurs jaunes de la plante Honeybush sentent le miel et c&#8217;est de l\u00e0 que vient le nom de cette plante particuli\u00e8re,<\/p>\n<p><strong>Go\u00fbte :<\/strong><\/p>\n<p><strong>41 Afrique du Sud Sense Focus<\/strong><br \/>\n<strong>Look &amp; feel :<\/strong> petites feuilles rouges en forme d&#8217;aiguille, graines brunes, morceaux d&#8217;amandes jaunes et blanches, feuilles de basilic vertes et ginkgo.<br \/>\n<strong>Ar\u00f4me :<\/strong> doux et \u00e9pic\u00e9<br \/>\n<strong>Infusion :<\/strong> ambre<br \/>\n<strong>Go\u00fbt :<\/strong> notes l\u00e9g\u00e8rement sucr\u00e9es et \u00e9pic\u00e9es de basilic et de goyave<\/p>\n<p><strong>42 Afrique du Sud See Good Hope<\/strong><br \/>\n<strong>Aspect :<\/strong> m\u00e9lange de feuilles jaunes claires et vertes en forme d&#8217;aiguille<br \/>\n<strong>Ar\u00f4me :<\/strong> vanille douce<br \/>\n<strong>Infusion :<\/strong> ambre clair<br \/>\n<strong>Go\u00fbt :<\/strong> l\u00e9g\u00e8rement sucr\u00e9, doux et velout\u00e9 avec des notes de miel et de vanille<\/p>\n<p><strong>43 Afrique du Sud Taste Honey<\/strong><br \/>\n<strong>Look &amp; feel :<\/strong> aiguilles rouge fonc\u00e9 de honeybush et morceaux verts de verveine citronn\u00e9e<br \/>\n<strong>Ar\u00f4me :<\/strong> doux (l&#8217;odeur est plus douce que le go\u00fbt doux et sucr\u00e9 tr\u00e8s agr\u00e9able)<br \/>\n<strong>Infusion :<\/strong> ambre<br \/>\n<strong>Go\u00fbt :<\/strong> go\u00fbt doux et sucr\u00e9 du miel et de la banane combin\u00e9 \u00e0 des notes l\u00e9g\u00e8rement fra\u00eeches de verveine citronn\u00e9e.<\/p>\n<p><strong>44 Afrique du Sud Profiter du coucher de soleil<\/strong><br \/>\n<strong>Look &amp; feel :<\/strong> la combinaison d&#8217;aiguilles rouges-brunes de rooibos, de citronnelle verte et de bleuets violets est un r\u00e9gal pour les yeux.<br \/>\n<strong>Ar\u00f4me :<\/strong> doux, agrume frais<br \/>\n<strong>Infusion :<\/strong> ambre<br \/>\n<strong>Go\u00fbt :<\/strong> doux, sucr\u00e9 combin\u00e9 \u00e0 de subtiles notes fra\u00eeches de citronnelle et d&#8217;\u00e9corce de citron,<\/p>\n<p><strong>Conseil de montage :<\/strong><\/p>\n<p>Eau : 100-C Th\u00e9 : 2g \/ 1 cuill\u00e8re \u00e0 caf\u00e9 par tasse (150 ml) Infusion : 5 minutes<\/p>\n<p><strong>Conseils de stockage :<\/strong> \u00e0 conserver au frais, au sec, \u00e0 la lumi\u00e8re et \u00e0 l&#8217;abri de l&#8217;air.<\/p>\n<p><strong>Accord mets et vins :<\/strong><\/p>\n<p>Dans le cadre de la &#8220;ligne de go\u00fbt&#8221;, nous accordons une attention particuli\u00e8re au th\u00e9 et au foodpairing,<\/p>\n<p>4<strong>3 Afrique du Sud Go\u00fbt Miel<\/strong> D\u00e9couvrez la sensation gustative insens\u00e9e de ce d\u00e9licieux th\u00e9 associ\u00e9 \u00e0 un plat sucr\u00e9, par exemple un morceau de chocolat dont la teneur en cacao est sup\u00e9rieure \u00e0 65 %,<\/p>\n<p>La saveur l\u00e9g\u00e8rement sucr\u00e9e de ce d\u00e9licieux th\u00e9 a un effet magique sur la sensation en bouche. Plus le cacao est pur, plus la sensation en bouche est serr\u00e9e (astringente), combin\u00e9e au th\u00e9 l\u00e9g\u00e8rement sucr\u00e9, la sensation en bouche est presque magique et beaucoup plus douce,<\/p>\n","protected":false},"excerpt":{"rendered":"<p>Un cadeau chaleureux compos\u00e9 de quatre belles bo\u00eetes remplies de d\u00e9licieux th\u00e9 Rooibos &amp; Honeybush en vrac dans un magnifique emballage de No\u00ebl en toile de jute,<\/p>\n","protected":false},"featured_media":76292,"comment_status":"closed","ping_status":"closed","template":"","meta":{"_acf_changed":false},"product_cat":[625,655,352,243,208,222,266,280],"product_tag":[],"giftcard-category":[],"class_list":{"0":"post-76326","1":"product","2":"type-product","3":"status-publish","4":"has-post-thumbnail","6":"product_cat-noel","7":"product_cat-paniers-de-noel","8":"product_cat-cadeaux","9":"product_cat-sense-fr","10":"product_cat-voir","11":"product_cat-gouter","12":"product_cat-profite-de","13":"product_cat-afrique-du-sud","15":"first","16":"instock","17":"taxable","18":"shipping-taxable","19":"purchasable","20":"product-type-simple"},"acf":{"lijn_nummer":"40","weight":"","wissel":true,"foodpairing":"<p>Dans la &#8220;ligne du go\u00fbt&#8221;, nous accordons une attention particuli\u00e8re aux th\u00e9s &#038;&#8230;<\/p>\n<p>foodpairing,<strong>43 South Africa Taste Honey<\/strong> D\u00e9couvrez la sensation gustative insens\u00e9e de ce d\u00e9licieux th\u00e9 en combinaison avec un plat sucr\u00e9, par exemple un morceau de chocolat avec une teneur en cacao de plus de 65%, Le go\u00fbt l\u00e9g\u00e8rement sucr\u00e9 de ce d\u00e9licieux th\u00e9 a un effet magique sur la sensation en bouche, Plus le cacao est pur, plus la sensation en bouche est serr\u00e9e (astringente), En combinaison avec le th\u00e9 l\u00e9g\u00e8rement sucr\u00e9, il est presque magique de sentir la sensation en bouche beaucoup plus douce,<\/p>\n","ingredients":"<p><strong>41 Afrique du Sud Sense Focus*<\/strong> 25g<br \/>\nRooibos Herbal Blend \/ ingr\u00e9dients :<br \/>\nRooibos 51%, Basilic, Graines de lin, Feuilles de Ginkgo, Fenouil doux, Morceaux d&#8217;amande<\/p>\n<p><strong>42 Afrique du Sud See Good Hope*<\/strong> 25g<br \/>\nGreen Rooibos Herbal Blend \/ ingr\u00e9dients :<br \/>\nGreen Rooibos 93%, feuilles de m\u00fbres sucr\u00e9es, ar\u00f4me naturel de vanille.<\/p>\n<p><strong>43 Afrique du Sud Go\u00fbt de miel*<\/strong> 25g<br \/>\nHoneybush m\u00e9lange d&#8217;herbes\/ ingr\u00e9dients :<br \/>\nHoneybush 60%, morceaux de caroube, morceaux de goyave, verveine citronn\u00e9e, morceaux de banane, ar\u00f4mes naturels\u221a\u00a9s<\/p>\n<p><strong>44 Afrique du Sud Enjoy Sunset*<\/strong> 25g<br \/>\nM\u00e9lange d&#8217;herbes Rooibos \/ ingr\u00e9dients :<br \/>\nRooibos 59%, citronnelle, basilic frott\u00e9, \u00e9corces de citron tranch\u00e9es, bleuets, ar\u00f4me naturel de citron.<\/p>\n<p>* Ne contient pas de caf\u00e9ine<\/p>\n","origin":"<p>Origine rooibos\/honeybush : Afrique du Sud R\u00e9gion : Cederberg, Western Cape<\/p>\n<p><strong>41 Afrique du Sud Sense Focus<\/strong><br \/>\n<strong>42 Afrique du Sud See Good Hope<\/strong><\/p>\n<p>4<strong>4 Afrique du Sud Enjoy Sunset<\/strong> Le rooibos est \u00e9galement connu sous le nom de &#8220;bush tea&#8221;, car le rooibos est un arbuste \u00e0 fleurs jaunes qui pousse naturellement pr\u00e8s des montagnes du Cederberg. Bien que cet arbuste puisse atteindre une hauteur d&#8217;un demi-m\u00e8tre \u00e0 un m\u00e8tre, cette plante est g\u00e9n\u00e9ralement r\u00e9colt\u00e9e \u00e0 une hauteur de 20 cm entre janvier et mars,<\/p>\n<p>Les feuilles en forme d&#8217;aiguilles sont vertes lorsqu&#8217;elles sont cueillies, puis elles sont \u00e9cras\u00e9es et mouill\u00e9es, ce qui d\u00e9clenche un processus de fermentation chimique, qui cr\u00e9e la belle couleur rouge fonc\u00e9, apr\u00e8s quoi les aiguilles sont plac\u00e9es sous le soleil africain le lendemain pour s&#8217;oxyder davantage,<\/p>\n<p>4<strong>3 South Africa Taste Honey<\/strong> Honeybush ne pousse qu&#8217;en Afrique du Sud. Les fleurs jaunes de la plante Honeybush sentent le miel et c&#8217;est de l\u00e0 que vient le nom de cette plante particuli\u00e8re,<\/p>\n","tasting_notes":"<p><strong>41 Afrique du Sud Sense Focus<\/strong><br \/>\n<strong>Look &#038; feel :<\/strong> petites feuilles rouges en forme d&#8217;aiguille, graines brunes, morceaux d&#8217;amandes jaunes et blanches, feuilles de basilic vertes et ginkgo.<br \/>\n<strong>Ar\u00f4me :<\/strong> doux et \u00e9pic\u00e9<br \/>\n<strong>Infusion :<\/strong> ambre<br \/>\n<strong>Go\u00fbt :<\/strong> notes l\u00e9g\u00e8rement sucr\u00e9es et \u00e9pic\u00e9es de basilic et de goyave<\/p>\n<p><strong>42 Afrique du Sud See Good Hope<\/strong><br \/>\n<strong>Aspect :<\/strong> m\u00e9lange de feuilles jaunes claires et vertes en forme d&#8217;aiguille<br \/>\n<strong>Ar\u00f4me :<\/strong> vanille douce<br \/>\n<strong>Infusion :<\/strong> ambre clair<br \/>\n<strong>Go\u00fbt :<\/strong> l\u00e9g\u00e8rement sucr\u00e9, doux et velout\u00e9 avec des notes de miel et de vanille<\/p>\n<p><strong>43 Afrique du Sud Taste Honey<\/strong><br \/>\n<strong>Look &#038; feel :<\/strong> aiguilles rouge fonc\u00e9 de honeybush et morceaux verts de verveine citronn\u00e9e<br \/>\n<strong>Ar\u00f4me :<\/strong> doux (l&#8217;odeur est plus douce que le go\u00fbt doux et sucr\u00e9 tr\u00e8s agr\u00e9able)<br \/>\n<strong>Infusion :<\/strong> ambre<br \/>\n<strong>Go\u00fbt :<\/strong> go\u00fbt doux et sucr\u00e9 du miel et de la banane combin\u00e9 \u00e0 des notes l\u00e9g\u00e8rement fra\u00eeches de verveine citronn\u00e9e.<\/p>\n<p><strong>44 Afrique du Sud Profiter du coucher de soleil<\/strong><br \/>\n<strong>Look &#038; feel :<\/strong> la combinaison d&#8217;aiguilles rouges-brunes de rooibos, de citronnelle verte et de bleuets violets est un r\u00e9gal pour les yeux.<br \/>\n<strong>Ar\u00f4me :<\/strong> doux, agrume frais<br \/>\n<strong>Infusion :<\/strong> ambre<br \/>\n<strong>Go\u00fbt :<\/strong> doux, sucr\u00e9 combin\u00e9 \u00e0 de subtiles notes fra\u00eeches de citronnelle et d&#8217;\u00e9corce de citron,<\/p>\n","zetadvies":"<p><strong>Conseils d&#8217;infusion<\/strong>:<\/p>\n<p>Eau : 100-C<br \/>\nTh\u00e9 : 2g \/ 1 tsp par tasse (150 ml)<br \/>\nInfusion : 5 minutes<\/p>\n<p><strong>Conseils de conservation :<\/strong> conservez au frais, au sec, \u00e0 la lumi\u00e8re et \u00e0 l&#8217;abri de l&#8217;air.<\/p>\n","new_description":"<p>Il y a tant \u00e0 donner,<\/p>\n<p>Offrez un th\u00e9 chaleureux avec une passoire \u00e0 th\u00e9 noir tr\u00e8s tendance dans un magnifique emballage de No\u00ebl en jute,<\/p>\n<p>Et le th\u00e9 Rooibos, qui ne l&#8217;aime pas ? Le rooibos ne pousse \u00e0 l&#8217;origine qu&#8217;en Afrique du Sud et a longtemps \u00e9t\u00e9 la boisson nationale de ce pays, mais il a maintenant conquis le reste du monde. Une d\u00e9licieuse g\u00e2terie pour vous-m\u00eame ou un cadeau id\u00e9al,<\/p>\n<p>Un cadeau chaleureux de m\u00e9langes de rooibos et de honeybush en vrac dans de magnifiques bo\u00eetes,<\/p>\n<p>41 Afrique du Sud Sense Focus &#8211; Rooibos Herbal Blend &#8211; 25g<\/p>\n<p>42 Afrique du Sud See Good Hope &#8211; M\u00e9lange d&#8217;herbes Rooibos &#8211; 25g<\/p>\n<p>43 South Africa Taste Honey &#8211; Honeybush Herbal Blend &#8211; 25g<\/p>\n<p>44 Afrique du Sud Enjoy Sunset &#8211; Rooibos Herbal Blend &#8211; 25g<\/p>\n<p>Pour plus d&#8217;informations sur la composition de ces th\u00e9s, veuillez vous r\u00e9f\u00e9rer aux ingr\u00e9dients,<\/p>\n","productkenmerk1":"D\u00e9gustation de m\u00e9langes rooibos\/honeybush, coffret cadeau avec 4 d\u00e9licieux th\u00e9s d\u00e9caf\u00e9in\u00e9s en vrac\u221a'n dans des bo\u00eetes design durables (100g), un plaisir pour soi ou un cadeau chaleureux pour les amateurs de th\u00e9,","productkenmerk2":"Le rooibos, qui ne pousse \u00e0 l'origine qu'en Afrique du Sud, a longtemps \u00e9t\u00e9 la boisson nationale de ce pays, mais il a maintenant conquis le reste du monde,","productkenmerk3":"Un cadeau chaleureux compos\u00e9 de 4 d\u00e9licieux th\u00e9s rooibos\/honeybush sans caf\u00e9ine :Soolong No, 41 South Africa Sense Focus, m\u00e9lange d'herbes Rooibos avec basilic et ginkgo (25g) ; Soolong No, 42 South Africa See Good Hope, rooibos vert avec vanille naturelle (25g) ; Soolong No, 43 South Africa Taste Honey, m\u00e9lange d'herbes Honeybush, tropical et doux comme du miel (25g) ; Soolong No, 44 South Africa Enjoy Sunset, m\u00e9lange d'herbes Rooibos, l\u00e9g\u00e8rement sucr\u00e9 avec des accents frais (25g),","productkenmerk4":"Th\u00e9 de haute qualit\u00e9, jusqu'\u00e0 3-5 moussages, prolonger le temps d'infusion apr\u00e8s plusieurs moussages,","productkenmerk5":"Une belle bo\u00eete cadeau avec quatre bo\u00eetes de conserve durables, de haute qualit\u00e9 et au design unique. Un spectacle joyeux pour la table et dans toutes les cuisines,","productkenmerk6":"Un plaisir pour soi ou un cadeau chaleureux pour les amateurs de th\u00e9,","productkenmerk7":"Un cadeau original pour toutes les occasions, qu'il s'agisse d'un anniversaire, de la f\u00eate des m\u00e8res, d'un mariage, de No\u00ebl, d'un remerciement ou pour remonter le moral de quelqu'un,","marktplaatstitel1":"Soolong - Coffret cadeau - 40 - Rooibos - D\u00e9gustation de th\u00e9 - Th\u00e9 - Cadeau - Sinterklaas - No\u00ebl - Vacances - Black Friday - Paquet de No\u00ebl - Cadeau d'affaires"},"_links":{"self":[{"href":"https:\/\/soolong.com\/fr\/wp-json\/wp\/v2\/product\/76326","targetHints":{"allow":["GET"]}}],"collection":[{"href":"https:\/\/soolong.com\/fr\/wp-json\/wp\/v2\/product"}],"about":[{"href":"https:\/\/soolong.com\/fr\/wp-json\/wp\/v2\/types\/product"}],"replies":[{"embeddable":true,"href":"https:\/\/soolong.com\/fr\/wp-json\/wp\/v2\/comments?post=76326"}],"wp:featuredmedia":[{"embeddable":true,"href":"https:\/\/soolong.com\/fr\/wp-json\/wp\/v2\/media\/76292"}],"wp:attachment":[{"href":"https:\/\/soolong.com\/fr\/wp-json\/wp\/v2\/media?parent=76326"}],"wp:term":[{"taxonomy":"product_cat","embeddable":true,"href":"https:\/\/soolong.com\/fr\/wp-json\/wp\/v2\/product_cat?post=76326"},{"taxonomy":"product_tag","embeddable":true,"href":"https:\/\/soolong.com\/fr\/wp-json\/wp\/v2\/product_tag?post=76326"},{"taxonomy":"giftcard-category","embeddable":true,"href":"https:\/\/soolong.com\/fr\/wp-json\/wp\/v2\/giftcard-category?post=76326"}],"curies":[{"name":"wp","href":"https:\/\/api.w.org\/{rel}","templated":true}]}}