{"id":76308,"date":"2023-11-26T16:34:00","date_gmt":"2023-11-26T15:34:00","guid":{"rendered":"https:\/\/soolong.com\/product\/joyeux-noel-gingembre-oolong\/"},"modified":"2025-06-12T12:46:59","modified_gmt":"2025-06-12T10:46:59","slug":"coffret-de-noel-degustation-de-the-chine-10-tea-sieve","status":"publish","type":"product","link":"https:\/\/soolong.com\/fr\/product\/coffret-de-noel-degustation-de-the-chine-10-tea-sieve\/","title":{"rendered":"Joyeux No\u00ebl Gingembre &amp; Oolong"},"content":{"rendered":"<p><strong>Description :<\/strong><\/p>\n<p>Il y a tant \u00e0 donner,<\/p>\n<p>Offrez un th\u00e9 chaleureux avec une passoire \u00e0 th\u00e9 noir tr\u00e8s tendance dans un magnifique emballage de No\u00ebl en jute,<\/p>\n<p>Les anciennes traditions du th\u00e9 de ce magnifique pays qu&#8217;est la Chine sont une v\u00e9ritable source d&#8217;inspiration pour la s\u00e9lection des th\u00e9s et des m\u00e9langes de ce coffret,<\/p>\n<p>Vari\u221a&#8217;rend d&#8217;un m\u00e9lange d&#8217;herbes fra\u00eeches, d&#8217;un magnifique Oolong oxyd\u00e9 fonc\u00e9, d&#8217;un Oolong oxyd\u00e9 doux et l\u00e9ger \u00e0 un Oolong festif avec des p\u00e9tales de rose, \u00e9galement l&#8217;un de nos m\u00e9langes les plus appr\u00e9ci\u00e9s,<\/p>\n<p>Un cadeau chaleureux compos\u00e9 de quatre d\u00e9licieux th\u00e9s en vrac dans de magnifiques bo\u00eetes,<\/p>\n<p>11 China Sense Vitality &#8211; m\u00e9lange de plantes &#8211; 25g<\/p>\n<p>12 Chine Voir DynasTea &#8211; Th\u00e9 Oolong fonc\u00e9 oxyd\u00e9- 25g<\/p>\n<p>13 China Taste Silky &#8211; Th\u00e9 Oolong &#8211; 25g<\/p>\n<p>14 China Enjoy Roses : Th\u00e9 Oolong : 20g<\/p>\n<p>Pour plus d&#8217;informations sur la composition de ces teas\u221a&#8217;n, veuillez vous r\u00e9f\u00e9rer aux ingr\u00e9dients,<br \/>\n<strong>Ingr\u00e9dients :<\/strong><\/p>\n<p><strong>11 China Sense Vitality**<\/strong> 25g<br \/>\nM\u00e9lange de plantes \/ ingr\u00e9dients :<br \/>\nGingembre, citronnelle, mat\u00e9 vert, fleur de th\u00e9, \u00e9corce d&#8217;orange, \u00e9corce de citron, p\u00e9tales de tournesol, myrte citronn\u00e9,<\/p>\n<p><strong>12 Chine Voir DynasTea* <\/strong>25g<br \/>\nTh\u00e9 Oolong \/ ingr\u00e9dients :<br \/>\nTh\u00e9 Oolong sombrement oxyd\u00e9,<\/p>\n<p><strong>13 China Taste Silky*<\/strong> 25g<br \/>\nTh\u00e9 Oolong \/ ingr\u00e9dients :<br \/>\nTh\u00e9 Oolong l\u00e9g\u00e8rement oxyd\u00e9,<\/p>\n<p><strong>14 China Enjoy Roses*<\/strong> 20g<br \/>\nM\u00e9lange de th\u00e9 Oolong \/ ingr\u00e9dients :<br \/>\nTh\u00e9 Oolong 87%, p\u00e9tales de rose 8%, fleurs d&#8217;herbes aromatiques, fleurs de lavande,<\/p>\n<p>* Contient de la caf\u00e9ine<br \/>\n** Le gingembre soutient le syst\u00e8me immunitaire et contribue \u00e0 la vitalit\u00e9,<br \/>\nL&#8217;effet sur la sant\u00e9 n&#8217;a pas encore \u00e9t\u00e9 officiellement \u00e9tabli, Un mode de vie sain est important, de m\u00eame qu&#8217;une alimentation \u00e9quilibr\u00e9e et vari\u00e9e,<\/p>\n<p><strong>Origine :<\/strong><\/p>\n<p>Les anciennes traditions du th\u00e9 de ce magnifique pays qu&#8217;est la Chine sont une v\u00e9ritable source d&#8217;inspiration pour la s\u00e9lection des th\u00e9s et des m\u00e9langes de ce coffret,<\/p>\n<p>1<strong>1 China Sense Vitality<\/strong> En cr\u00e9ant ce m\u00e9lange, nous nous sommes inspir\u00e9s de la cuisine chinoise, o\u00f9 le gingembre puissant et la fra\u00eecheur du citron enchantent de nombreuses papilles gustatives. Cette infusion \u00e0 base d&#8217;ingr\u00e9dients provenant de diff\u00e9rents pays est un m\u00e9lange magnifiquement \u00e9quilibr\u00e9 de saveurs naturelles au caract\u00e8re piquant et rafra\u00eechissant,<\/p>\n<p><strong>12 Chine Voir DynasTea<\/strong><br \/>\n<strong>13 China Taste Silky<\/strong><\/p>\n<p>1<strong>4 China Enjoy Roses<\/strong> Les d\u00e9licieux oolongs purs, allant d&#8217;un oolong l\u00e9g\u00e8rement plus lourd et plus prononc\u00e9 \u00e0 un oolong \u00e0 la saveur douce et soyeuse, proviennent de Wuhan, la capitale de la province de Hubei en Chine. Beaucoup connaissent la route de la soie, mais la &#8220;route des chameaux des prairies&#8221; est moins connue. \u00c0 la fin du XVIIe si\u00e8cle, sous la dynastie Qing, Wuhan \u00e9tait le point de d\u00e9part de la route commerciale du th\u00e9 vers la Mongolie,<\/p>\n<p><strong>Go\u00fbte :<\/strong><\/p>\n<p><strong>11 Chine Sense Vitality<\/strong><br \/>\n<strong>Aspect et sensation :<\/strong> vert (citronnelle), jaune clair (gingembre) et jaune (p\u00e9tales de tournesol),<br \/>\n<strong>Ar\u00f4me :<\/strong> agrumes et \u00e9pices fortes<br \/>\n<strong>Infusion :<\/strong> jaune dor\u00e9<br \/>\n<strong>Go\u00fbt :<\/strong> citronnelle vivifiante avec de puissantes notes de gingembre,<\/p>\n<p><strong>12 Chine Voir DynasTea<\/strong><br \/>\n<strong>Look &amp; Feel :<\/strong> perles de couleur sombre<br \/>\n<strong>Ar\u00f4me :<\/strong> terreux avec un ar\u00f4me de r\u00e2p\u00e9<br \/>\n<strong>Infusion :<\/strong> infusion rouge-brun<br \/>\n<strong>Go\u00fbt :<\/strong> terreux, min\u00e9ral, fruits doux.<\/p>\n<p><strong>13 China Taste Silky<\/strong><br \/>\n<strong>Look &amp; Feel :<\/strong> perles vert fonc\u00e9<br \/>\n<strong>Ar\u00f4me :<\/strong> orchid\u00e9e \/ lilas<br \/>\n<strong>Infusion :<\/strong> jaune doux \/ vert<br \/>\n<strong>Go\u00fbt :<\/strong> l\u00e9g\u00e8rement v\u00e9g\u00e9tal, doux, floral<\/p>\n<p><strong>14 China Enjoy Roses<\/strong><br \/>\n<strong>Look &amp; Feel :<\/strong> perles vert clair entour\u00e9es de p\u00e9tales de rose rouges et de lavande violette.<br \/>\n<strong>Ar\u00f4me :<\/strong> orchid\u00e9e \/ lilas<br \/>\n<strong>Infusion :<\/strong> jaune doux \/ vert<br \/>\n<strong>Go\u00fbt :<\/strong> l\u00e9g\u00e8rement v\u00e9g\u00e9tal, doux, floral<\/p>\n<p><strong>Conseil de montage :<\/strong><\/p>\n<p><strong>11 China Sense Vitality<\/strong><br \/>\nEau : 100-C<br \/>\nTh\u00e9 : 2g \/ 1 cuill\u00e8re \u00e0 caf\u00e9 par tasse (150 ml)<br \/>\nTemps d&#8217;infusion : 8-10 minutes<\/p>\n<p><strong>12 Chine Voir DynasTea<\/strong><br \/>\nEau : 100-C<br \/>\nTh\u00e9 : 2g \/ 1 tsp par tasse (150 ml)<br \/>\nInfusion : 2 minutes<\/p>\n<p><strong>13 China Taste Silky<\/strong><br \/>\nEau : 100-C<br \/>\nTh\u00e9 : 2g \/ 1 tsp par tasse (150 ml)<br \/>\nInfusion : 2 minutes<\/p>\n<p>1<strong>4 China Enjoy Roses<\/strong> Eau : 100-C Th\u00e9 : 2g \/ 1 cuill\u00e8re \u00e0 caf\u00e9 par tasse (150 ml) Infusion : 2 minutes<\/p>\n<p><strong>Conseils de stockage :<\/strong> \u00e0 conserver au frais, au sec, \u00e0 la lumi\u00e8re et \u00e0 l&#8217;abri de l&#8217;air.<\/p>\n<p><strong>Accord mets et vins :<\/strong><\/p>\n<p>Dans le cadre de la &#8220;ligne de go\u00fbt&#8221;, nous accordons une attention particuli\u00e8re au th\u00e9 et au foodpairing,<\/p>\n<p>1<strong>3 China Taste Silky<\/strong> Combinez par exemple ce oolong l\u00e9g\u00e8rement oxyd\u00e9 avec un morceau de fromage (fum\u00e9) et d\u00e9couvrez comment la saveur soyeuse de ce oolong s&#8217;exprime encore mieux,<\/p>\n","protected":false},"excerpt":{"rendered":"<p>Un cadeau chaleureux compos\u00e9 de quatre bo\u00eetes design remplies de th\u00e9 en vrac et d&#8217;une passoire \u00e0 th\u00e9 noir tr\u00e8s tendance, le tout dans un superbe emballage de No\u00ebl en jute,<\/p>\n","protected":false},"featured_media":76292,"comment_status":"closed","ping_status":"closed","template":"","meta":{"_acf_changed":false},"product_cat":[625,655,352,243,208,222,266,201],"product_tag":[],"giftcard-category":[],"class_list":{"0":"post-76308","1":"product","2":"type-product","3":"status-publish","4":"has-post-thumbnail","6":"product_cat-noel","7":"product_cat-paniers-de-noel","8":"product_cat-cadeaux","9":"product_cat-sense-fr","10":"product_cat-voir","11":"product_cat-gouter","12":"product_cat-profite-de","13":"product_cat-chine","15":"first","16":"instock","17":"taxable","18":"shipping-taxable","19":"purchasable","20":"product-type-simple"},"acf":{"lijn_nummer":"10","weight":"","wissel":true,"foodpairing":"<p>Dans le cadre de la &#8220;ligne de go\u00fbt&#8221;, nous accordons une attention particuli\u00e8re \u00e0 l&#8217;association th\u00e9\/aliment,<strong>13 China Taste Silky<\/strong> Combinez, par exemple, ce oolong l\u00e9g\u00e8rement oxyd\u00e9 avec un morceau de fromage (fum\u00e9) et d\u00e9couvrez comment la saveur soyeuse de ce oolong s&#8217;exprime encore mieux,<\/p>\n","ingredients":"<p><strong>11 China Sense Vitality**<\/strong> 25g<br \/>\nM\u00e9lange de plantes \/ ingr\u00e9dients :<br \/>\nGingembre, citronnelle, mat\u00e9 vert, fleur de th\u00e9, \u00e9corce d&#8217;orange, \u00e9corce de citron, p\u00e9tales de tournesol, myrte citronn\u00e9,<\/p>\n<p><strong>12 Chine Voir DynasTea* <\/strong>25g<br \/>\nTh\u00e9 Oolong \/ ingr\u00e9dients :<br \/>\nTh\u00e9 Oolong sombrement oxyd\u00e9,<\/p>\n<p><strong>13 China Taste Silky*<\/strong> 25g<br \/>\nTh\u00e9 Oolong \/ ingr\u00e9dients : Th\u00e9 Oolong l\u00e9g\u00e8rement oxyd\u00e9,<\/p>\n<p><strong>14 China Enjoy Roses*<\/strong> 20g<br \/>\nM\u00e9lange de th\u00e9 Oolong \/ ingr\u00e9dients :<br \/>\nTh\u00e9 Oolong 87%, p\u00e9tales de rose 8%, fleurs d&#8217;herbes aromatiques, fleurs de lavande,<\/p>\n<p>* Contient de la caf\u00e9ine<br \/>\n** Le gingembre soutient le syst\u00e8me immunitaire et contribue \u00e0 la vitalit\u00e9,<br \/>\nL&#8217;effet sur la sant\u00e9 n&#8217;a pas encore \u00e9t\u00e9 officiellement \u00e9tabli, Un mode de vie sain est important, de m\u00eame qu&#8217;une alimentation \u00e9quilibr\u00e9e et vari\u00e9e,<\/p>\n","origin":"<p>Les anciennes traditions du th\u00e9 de ce magnifique pays qu&#8217;est la Chine sont une v\u00e9ritable source d&#8217;inspiration pour la s\u00e9lection des th\u00e9s et des m\u00e9langes de ce coffret,<\/p>\n<p>1<strong>1 China Sense Vitality<\/strong> En cr\u00e9ant ce m\u00e9lange, nous nous sommes inspir\u00e9s de la cuisine chinoise, o\u00f9 le gingembre puissant et la fra\u00eecheur du citron enchantent de nombreuses papilles gustatives. Cette infusion \u00e0 base d&#8217;ingr\u00e9dients provenant de diff\u00e9rents pays est un m\u00e9lange magnifiquement \u00e9quilibr\u00e9 de saveurs naturelles au caract\u00e8re piquant et rafra\u00eechissant,<\/p>\n<p><strong>12 Chine Voir DynasTea<\/strong><br \/>\n<strong>13 China Taste Silky<\/strong><\/p>\n<p>1<strong>4 China Enjoy Roses<\/strong> Les d\u00e9licieux oolongs purs, allant d&#8217;un oolong l\u00e9g\u00e8rement plus lourd et plus prononc\u00e9 \u00e0 un oolong \u00e0 la saveur douce et soyeuse, proviennent de Wuhan, la capitale de la province de Hubei en Chine. Beaucoup connaissent la route de la soie, mais la &#8220;route des chameaux des prairies&#8221; est moins connue. \u00c0 la fin du XVIIe si\u00e8cle, sous la dynastie Qing, Wuhan \u00e9tait le point de d\u00e9part de la route commerciale du th\u00e9 vers la Mongolie,<\/p>\n","tasting_notes":"<p><strong>11 Chine Sense Vitality<\/strong><br \/>\n<strong>Aspect et sensation :<\/strong> vert (citronnelle), jaune clair (gingembre) et jaune (p\u00e9tales de tournesol),<br \/>\n<strong>Ar\u00f4me :<\/strong> agrumes et \u00e9pices fortes<br \/>\n<strong>Infusion :<\/strong> jaune dor\u00e9<br \/>\n<strong>Go\u00fbt :<\/strong> citronnelle vivifiante avec de puissantes notes de gingembre,<\/p>\n<p><strong>12 Chine Voir DynasTea<\/strong><br \/>\n<strong>Look &#038; Feel :<\/strong> perles de couleur sombre<br \/>\n<strong>Ar\u00f4me :<\/strong> terreux avec un ar\u00f4me de r\u00e2p\u00e9<br \/>\n<strong>Infusion :<\/strong> infusion rouge-brun<br \/>\n<strong>Go\u00fbt :<\/strong> terreux, min\u00e9ral, fruits doux.<\/p>\n<p><strong>13 China Taste Silky<\/strong><br \/>\n<strong>Look &#038; Feel :<\/strong> perles vert fonc\u00e9<br \/>\n<strong>Ar\u00f4me :<\/strong> orchid\u00e9e \/ lilas<br \/>\n<strong>Infusion :<\/strong> jaune doux \/ vert<br \/>\n<strong>Go\u00fbt :<\/strong> l\u00e9g\u00e8rement v\u00e9g\u00e9tal, doux, floral<\/p>\n<p><strong>14 China Enjoy Roses<\/strong><br \/>\n<strong>Look &#038; Feel :<\/strong> perles vert clair entour\u00e9es de p\u00e9tales de rose rouges et de lavande violette.<br \/>\n<strong>Ar\u00f4me :<\/strong> orchid\u00e9e \/ lilas<br \/>\n<strong>Infusion :<\/strong> jaune doux \/ vert<br \/>\n<strong>Go\u00fbt :<\/strong> l\u00e9g\u00e8rement v\u00e9g\u00e9tal, doux, floral<\/p>\n","zetadvies":"<p><strong>Conseil de montage :<\/strong><\/p>\n<p><strong>11 China Sense Vitality<\/strong><br \/>\nEau : 100-C<br \/>\nTh\u00e9 : 2g \/ 1 cuill\u00e8re \u00e0 caf\u00e9 par tasse (150 ml)<br \/>\nTemps d&#8217;infusion : 8-10 minutes<\/p>\n<p><strong>12 Chine Voir DynasTea<\/strong><br \/>\nEau : 100-C<br \/>\nTh\u00e9 : 2g \/ 1 tsp par tasse (150 ml)<br \/>\nInfusion : 2 minutes<\/p>\n<p><strong>13 China Taste Silky<\/strong><br \/>\nEau : 100-C<br \/>\nTh\u00e9 : 2g \/ 1 tsp par tasse (150 ml)<br \/>\nInfusion : 2 minutes<\/p>\n<p>1<strong>4 China Enjoy Roses<\/strong> Eau : 100-C Th\u00e9 : 2g \/ 1 cuill\u00e8re \u00e0 caf\u00e9 par tasse (150 ml) Infusion : 2 minutes<\/p>\n<p><strong>Conseils de stockage :<\/strong> \u00e0 conserver au frais, au sec, \u00e0 la lumi\u00e8re et \u00e0 l&#8217;abri de l&#8217;air.<\/p>\n","new_description":"<p>Il y a tant \u00e0 donner,<\/p>\n<p>Offrez un th\u00e9 chaleureux avec une passoire \u00e0 th\u00e9 noir tr\u00e8s tendance dans un magnifique emballage de No\u00ebl en jute,<\/p>\n<p>Les anciennes traditions du th\u00e9 de ce magnifique pays qu&#8217;est la Chine sont une v\u00e9ritable source d&#8217;inspiration pour la s\u00e9lection des th\u00e9s et des m\u00e9langes de ce coffret,<\/p>\n<p>Il s&#8217;agit d&#8217;un m\u00e9lange d&#8217;herbes fra\u00eeches, d&#8217;un magnifique oolong oxyd\u00e9 fonc\u00e9, d&#8217;un oolong oxyd\u00e9 doux et l\u00e9ger et d&#8217;un oolong festif aux p\u00e9tales de rose, qui est \u00e9galement l&#8217;un de nos m\u00e9langes les plus appr\u00e9ci\u00e9s,<\/p>\n<p>Un cadeau chaleureux compos\u00e9 de quatre d\u00e9licieux th\u00e9s en vrac dans de magnifiques bo\u00eetes,<\/p>\n<p>11 China Sense Vitality &#8211; m\u00e9lange de plantes &#8211; 25g<\/p>\n<p>12 Chine Voir DynasTea &#8211; Th\u00e9 Oolong fonc\u00e9 oxyd\u00e9- 25g<\/p>\n<p>13 China Taste Silky &#8211; Th\u00e9 Oolong l\u00e9g\u00e8rement oxyd\u00e9 &#8211; 25g<\/p>\n<p>14 China Enjoy Roses : Th\u00e9 Oolong : 20g<\/p>\n<p>Pour plus d&#8217;informations sur la composition de ces th\u00e9s, veuillez vous r\u00e9f\u00e9rer aux ingr\u00e9dients,<\/p>\n","productkenmerk1":"D\u00e9gustation de th\u00e9s chinois, coffret cadeau avec 4 d\u00e9licieux th\u00e9s en vrac dans des bo\u00eetes design r\u00e9sistantes (95g), un plaisir pour soi ou un cadeau chaleureux pour les amateurs de th\u00e9,","productkenmerk2":"Les anciennes traditions du th\u00e9 de ce magnifique pays qu'est la Chine sont une v\u00e9ritable source d'inspiration pour la s\u00e9lection des th\u00e9s et des m\u00e9langes de ce coffret,","productkenmerk3":"Une d\u00e9gustation de quatre d\u00e9licieux th\u00e9s en feuilles : Soolong no, 11 China Sense Vitality, m\u00e9lange d'herbes avec gingembre et citron (25g) ; Soolong no, 12 China See DynasTea, th\u00e9 oolong oxyd\u00e9 fonc\u00e9, pur et prononc\u00e9 (25g) ; Soolong no, 13 China Taste Silky, th\u00e9 oolong oxyd\u00e9 l\u00e9ger, doux et soyeux (25g) ; Soolong no, 14 China Enjoy Roses, m\u00e9lange de th\u00e9 oolong avec des roses et de la lavande (20g),","productkenmerk4":"Th\u00e9 de haute qualit\u00e9, jusqu'\u00e0 3-5 moussages, prolonger le temps d'infusion apr\u00e8s plusieurs moussages,","productkenmerk5":"Une belle bo\u00eete cadeau avec quatre bo\u00eetes de conserve durables, de haute qualit\u00e9 et au design unique. Un spectacle joyeux pour la table et dans toutes les cuisines,","productkenmerk7":"Un cadeau original pour toutes les occasions, qu'il s'agisse d'un anniversaire, de la f\u00eate des m\u00e8res, d'un mariage, de No\u00ebl, d'un remerciement ou pour remonter le moral de quelqu'un,","marktplaatstitel1":"Soolong - Coffret cadeau - 10 - Chine - D\u00e9gustation de th\u00e9 - Th\u00e9 - Cadeau - Sinterklaas - No\u00ebl - Vacances - Black Friday - Paquet de No\u00ebl - Cadeau d'affaires"},"_links":{"self":[{"href":"https:\/\/soolong.com\/fr\/wp-json\/wp\/v2\/product\/76308","targetHints":{"allow":["GET"]}}],"collection":[{"href":"https:\/\/soolong.com\/fr\/wp-json\/wp\/v2\/product"}],"about":[{"href":"https:\/\/soolong.com\/fr\/wp-json\/wp\/v2\/types\/product"}],"replies":[{"embeddable":true,"href":"https:\/\/soolong.com\/fr\/wp-json\/wp\/v2\/comments?post=76308"}],"wp:featuredmedia":[{"embeddable":true,"href":"https:\/\/soolong.com\/fr\/wp-json\/wp\/v2\/media\/76292"}],"wp:attachment":[{"href":"https:\/\/soolong.com\/fr\/wp-json\/wp\/v2\/media?parent=76308"}],"wp:term":[{"taxonomy":"product_cat","embeddable":true,"href":"https:\/\/soolong.com\/fr\/wp-json\/wp\/v2\/product_cat?post=76308"},{"taxonomy":"product_tag","embeddable":true,"href":"https:\/\/soolong.com\/fr\/wp-json\/wp\/v2\/product_tag?post=76308"},{"taxonomy":"giftcard-category","embeddable":true,"href":"https:\/\/soolong.com\/fr\/wp-json\/wp\/v2\/giftcard-category?post=76308"}],"curies":[{"name":"wp","href":"https:\/\/api.w.org\/{rel}","templated":true}]}}