{"id":75483,"date":"2021-12-11T09:25:00","date_gmt":"2021-12-11T08:25:00","guid":{"rendered":"https:\/\/soolong.com\/product\/filtre-a-the-en-papier-taille-s\/"},"modified":"2025-04-11T12:18:08","modified_gmt":"2025-04-11T10:18:08","slug":"chacult-tea-filter-paper-unbleached-size-s","status":"publish","type":"product","link":"https:\/\/soolong.com\/fr\/product\/chacult-tea-filter-paper-unbleached-size-s\/","title":{"rendered":"Filtre \u00e0 th\u00e9 en papier &#8211; taille S &#8211; 100 sachets"},"content":{"rendered":"<p>Sachets de th\u00e9 100 pi\u00e8ces, non blanchis, &#8211; Convient \u00e0 l&#8217;infusion de th\u00e9 en vrac ; &#8211; Convient \u00e0 tous les types de th\u00e9, des feuilles de th\u00e9 au rooibos fin ; &#8211; L&#8217;ouverture large facilite le remplissage sans support ; &#8211; Ne transmet pas d&#8217;ar\u00f4me ; &#8211; Fabriqu\u00e9 \u00e0 partir de mat\u00e9riaux soigneusement s\u00e9lectionn\u00e9s, naturels et non blanchis ; &#8211; Taille : 7,5 x 3 x 15cm<\/p>\n","protected":false},"excerpt":{"rendered":"<p>Sachets de th\u00e9 naturels, non blanchis, taille S 100 pi\u00e8ces<\/p>\n","protected":false},"featured_media":75428,"comment_status":"closed","ping_status":"closed","template":"","meta":{"_acf_changed":false},"product_cat":[322,326,330],"product_tag":[],"giftcard-category":[],"class_list":{"0":"post-75483","1":"product","2":"type-product","3":"status-publish","4":"has-post-thumbnail","6":"product_cat-accessoires-fr","7":"product_cat-t2make-faire-du-the","8":"product_cat-filtre-a-the-filtre-a-the","10":"first","11":"outofstock","12":"taxable","13":"shipping-taxable","14":"purchasable","15":"product-type-simple"},"acf":{"lijn_nummer":"","weight":"","wissel":true,"new_description":"<p>D<strong>escription :<\/strong> Sachets de th\u00e9 100 pi\u00e8ces, non blanchis, &#8211; Convient \u00e0 l&#8217;infusion de th\u00e9 en vrac ; &#8211; Convient \u00e0 tous les types de th\u00e9, des feuilles de th\u00e9 au rooibos fin ; &#8211; L&#8217;ouverture large facilite le remplissage sans support ; &#8211; Ne transmet pas d&#8217;ar\u00f4me ; &#8211; Fabriqu\u00e9 \u00e0 partir de mat\u00e9riaux soigneusement s\u00e9lectionn\u00e9s, naturels et non blanchis ; &#8211; Taille : 7,5 x 3 x 15cm<\/p>\n","productkenmerk1":"Sachets de th\u00e9 adapt\u00e9s \u00e0 l'auto-remplissage et \u00e0 l'infusion de tous les types de th\u00e9, des feuilles de th\u00e9 au rooibos fin ;","productkenmerk2":"Sachets de th\u00e9 naturels non blanchis","productkenmerk4":"Taille S","productkenmerk5":"Quantit\u00e9 100 sachets de th\u00e9"},"_links":{"self":[{"href":"https:\/\/soolong.com\/fr\/wp-json\/wp\/v2\/product\/75483","targetHints":{"allow":["GET"]}}],"collection":[{"href":"https:\/\/soolong.com\/fr\/wp-json\/wp\/v2\/product"}],"about":[{"href":"https:\/\/soolong.com\/fr\/wp-json\/wp\/v2\/types\/product"}],"replies":[{"embeddable":true,"href":"https:\/\/soolong.com\/fr\/wp-json\/wp\/v2\/comments?post=75483"}],"wp:featuredmedia":[{"embeddable":true,"href":"https:\/\/soolong.com\/fr\/wp-json\/wp\/v2\/media\/75428"}],"wp:attachment":[{"href":"https:\/\/soolong.com\/fr\/wp-json\/wp\/v2\/media?parent=75483"}],"wp:term":[{"taxonomy":"product_cat","embeddable":true,"href":"https:\/\/soolong.com\/fr\/wp-json\/wp\/v2\/product_cat?post=75483"},{"taxonomy":"product_tag","embeddable":true,"href":"https:\/\/soolong.com\/fr\/wp-json\/wp\/v2\/product_tag?post=75483"},{"taxonomy":"giftcard-category","embeddable":true,"href":"https:\/\/soolong.com\/fr\/wp-json\/wp\/v2\/giftcard-category?post=75483"}],"curies":[{"name":"wp","href":"https:\/\/api.w.org\/{rel}","templated":true}]}}