{"id":75476,"date":"2021-12-09T09:25:00","date_gmt":"2021-12-09T08:25:00","guid":{"rendered":"https:\/\/soolong.com\/product\/batons-de-filtre\/"},"modified":"2025-06-10T11:38:24","modified_gmt":"2025-06-10T09:38:24","slug":"finum-filter-sticks-4x","status":"publish","type":"product","link":"https:\/\/soolong.com\/fr\/product\/finum-filter-sticks-4x\/","title":{"rendered":"B\u00e2tons de filtre"},"content":{"rendered":"<p>Ces b\u00e2tonnets facilitent le remplissage de vos sachets de th\u00e9 en papier et stabilisent le filtre pendant l&#8217;infusion,<br \/>\nCe produit est parfaitement adapt\u00e9 aux filtres \u00e0 th\u00e9 en papier avec b\u00e2tonnet,<\/p>\n","protected":false},"excerpt":{"rendered":"<p>B\u00e2tons de filtre<\/p>\n","protected":false},"featured_media":75460,"comment_status":"closed","ping_status":"closed","template":"","meta":{"_acf_changed":false},"product_cat":[322,326,330],"product_tag":[],"giftcard-category":[],"class_list":{"0":"post-75476","1":"product","2":"type-product","3":"status-publish","4":"has-post-thumbnail","6":"product_cat-accessoires-fr","7":"product_cat-t2make-faire-du-the","8":"product_cat-filtre-a-the-filtre-a-the","10":"first","11":"outofstock","12":"taxable","13":"shipping-taxable","14":"purchasable","15":"product-type-simple"},"acf":{"lijn_nummer":"","weight":"","wissel":true,"new_description":"<p>Ces b\u00e2tonnets facilitent le remplissage de vos sachets de th\u00e9 en papier et stabilisent le filtre pendant l&#8217;infusion,<br \/>\nCe produit est parfaitement adapt\u00e9 aux filtres \u00e0 th\u00e9 en papier avec b\u00e2tonnet,<\/p>\n","productkenmerk1":"Ces b\u00e2tonnets facilitent le remplissage des sachets de th\u00e9 en papier et stabilisent le filtre pendant l'infusion,","productkenmerk2":"En plastique","productkenmerk3":"Nombre : 4 pi\u00e8ces","productkenmerk4":"S'adapte parfaitement aux filtres \u00e0 th\u00e9 en papier ACTSDEDBS031"},"_links":{"self":[{"href":"https:\/\/soolong.com\/fr\/wp-json\/wp\/v2\/product\/75476","targetHints":{"allow":["GET"]}}],"collection":[{"href":"https:\/\/soolong.com\/fr\/wp-json\/wp\/v2\/product"}],"about":[{"href":"https:\/\/soolong.com\/fr\/wp-json\/wp\/v2\/types\/product"}],"replies":[{"embeddable":true,"href":"https:\/\/soolong.com\/fr\/wp-json\/wp\/v2\/comments?post=75476"}],"wp:featuredmedia":[{"embeddable":true,"href":"https:\/\/soolong.com\/fr\/wp-json\/wp\/v2\/media\/75460"}],"wp:attachment":[{"href":"https:\/\/soolong.com\/fr\/wp-json\/wp\/v2\/media?parent=75476"}],"wp:term":[{"taxonomy":"product_cat","embeddable":true,"href":"https:\/\/soolong.com\/fr\/wp-json\/wp\/v2\/product_cat?post=75476"},{"taxonomy":"product_tag","embeddable":true,"href":"https:\/\/soolong.com\/fr\/wp-json\/wp\/v2\/product_tag?post=75476"},{"taxonomy":"giftcard-category","embeddable":true,"href":"https:\/\/soolong.com\/fr\/wp-json\/wp\/v2\/giftcard-category?post=75476"}],"curies":[{"name":"wp","href":"https:\/\/api.w.org\/{rel}","templated":true}]}}