{"id":75390,"date":"2021-12-16T09:25:00","date_gmt":"2021-12-16T08:25:00","guid":{"rendered":"https:\/\/soolong.com\/product\/chocolats-de-noel-geruba\/"},"modified":"2025-06-12T13:40:11","modified_gmt":"2025-06-12T11:40:11","slug":"chocolats-de-noel-artisanaux-de-geruba-christ","status":"publish","type":"product","link":"https:\/\/soolong.com\/fr\/product\/chocolats-de-noel-artisanaux-de-geruba-christ\/","title":{"rendered":"Chocolats de No\u00ebl Geruba"},"content":{"rendered":"<p>Surprenez vos proches avec un cadeau de No\u00ebl savoureux, des chocolats de No\u00ebl aux saveurs d&#8217;Amaretto, de Baileys et de Champagne, fabriqu\u00e9s par un artisan p\u00e2tissier (chocolatier) n\u00e9erlandais,<\/p>\n","protected":false},"excerpt":{"rendered":"<p>Une bo\u00eete de 12 chocolats de No\u00ebl artisanaux (110g)<\/p>\n","protected":false},"featured_media":75601,"comment_status":"closed","ping_status":"closed","template":"","meta":{"_acf_changed":false},"product_cat":[625,367,352],"product_tag":[],"giftcard-category":[],"class_list":{"0":"post-75390","1":"product","2":"type-product","3":"status-publish","4":"has-post-thumbnail","6":"product_cat-noel","7":"product_cat-chocolat","8":"product_cat-cadeaux","10":"first","11":"instock","12":"taxable","13":"shipping-taxable","14":"purchasable","15":"product-type-simple"},"acf":{"lijn_nummer":"","weight":"","wissel":true,"ingredients":"<p>Chocolats de No\u00ebl aux saveurs d&#8217;Amaretto, de Baileys et de Champagne (110g\/ 12 chocolats) Mati\u00e8re s\u00e8che de cacao minimum : chocolat au lait 33.6%, chocolat noir 60.1%, chocolat blanc 26.1%, Ingr\u00e9dients : sucre, beurre de cacao, p\u00e2te de cacao, lait entier en poudre, cr\u00e8me fouett\u00e9e (lait), beurre de cr\u00e8me (lait), sirop de glucose, 15% Baileys, (17% d&#8217;alcool), 5% Amaretto (amandes) (60% d&#8217;alcool), 5% liqueur de champagne (60% d&#8217;alcool), amandes, \u00e9mulsifiant :<\/p>\n<p>l\u00e9cithine de soja, vanille naturelle, colorants : (172, E100, extrait de spiruline), amidon de riz, \u00e9mulsifiant : l\u00e9cithine de tournesol, Valeurs nutritionnelles pour 100g :<\/p>\n<p>Energie 2163.00 kJ\/517 kcal, Graisses 34.21g, dont satur\u00e9es 18.32g, Glucides 44.75g, dont sucres 41.12g, Fibres alimentaires 1.6g Prot\u00e9ines 5.93g, Sel 0.16g Conseils de conservation : Au frais (entre 15-C et 18-C)<\/p>\n","new_description":"<p>Surprenez vos proches avec un cadeau de No\u00ebl savoureux, des chocolats de No\u00ebl aux saveurs d&#8217;Amaretto, de Baileys et de Champagne, fabriqu\u00e9s par un artisan p\u00e2tissier (chocolatier) n\u00e9erlandais,<\/p>\n","productkenmerk1":"Chocolats de No\u00ebl - Amaretto - Baileys - Champagne","productkenmerk2":"12 pi\u00e8ces","productkenmerk3":"110g","productkenmerk4":"Fabriqu\u00e9 par un ma\u00eetre chocolatier artisanal n\u00e9erlandais,"},"_links":{"self":[{"href":"https:\/\/soolong.com\/fr\/wp-json\/wp\/v2\/product\/75390","targetHints":{"allow":["GET"]}}],"collection":[{"href":"https:\/\/soolong.com\/fr\/wp-json\/wp\/v2\/product"}],"about":[{"href":"https:\/\/soolong.com\/fr\/wp-json\/wp\/v2\/types\/product"}],"replies":[{"embeddable":true,"href":"https:\/\/soolong.com\/fr\/wp-json\/wp\/v2\/comments?post=75390"}],"wp:featuredmedia":[{"embeddable":true,"href":"https:\/\/soolong.com\/fr\/wp-json\/wp\/v2\/media\/75601"}],"wp:attachment":[{"href":"https:\/\/soolong.com\/fr\/wp-json\/wp\/v2\/media?parent=75390"}],"wp:term":[{"taxonomy":"product_cat","embeddable":true,"href":"https:\/\/soolong.com\/fr\/wp-json\/wp\/v2\/product_cat?post=75390"},{"taxonomy":"product_tag","embeddable":true,"href":"https:\/\/soolong.com\/fr\/wp-json\/wp\/v2\/product_tag?post=75390"},{"taxonomy":"giftcard-category","embeddable":true,"href":"https:\/\/soolong.com\/fr\/wp-json\/wp\/v2\/giftcard-category?post=75390"}],"curies":[{"name":"wp","href":"https:\/\/api.w.org\/{rel}","templated":true}]}}