{"id":69237,"date":"2023-11-26T16:34:00","date_gmt":"2023-11-26T15:34:00","guid":{"rendered":"https:\/\/soolong.com\/product\/coffret-cadeau-sinterklaas-the-de-luxe-et-chocolat-lettre-noire\/"},"modified":"2023-12-08T19:10:36","modified_gmt":"2023-12-08T18:10:36","slug":"soolong-sinterklaas-cadeau-cadeau-tea-tasting-china-10-tea-sieve-chocolate-letter-pure","status":"publish","type":"product","link":"https:\/\/soolong.com\/fr\/product\/soolong-sinterklaas-cadeau-cadeau-tea-tasting-china-10-tea-sieve-chocolate-letter-pure\/","title":{"rendered":"Coffret cadeau Sinterklaas Th\u00e9 de luxe et chocolat Lettre noire"},"content":{"rendered":"<p><strong>Description :<\/strong><br \/>\nSurprenez votre personnel, vos associ\u00e9s ou vos proches avec un chaleureux cadeau de Saint-Nicolas.<\/p>\n<p>Ce coffret cadeau original de la Saint-Valentin en toile de jute contient un ensemble de quatre th\u00e9s en vrac de qualit\u00e9 sup\u00e9rieure dans des bo\u00eetes design*, une passoire \u00e0 th\u00e9 noire tendance et une lettre S en chocolat artisanal (noir, petit 100g). Alors, profitez-en !<\/p>\n<p>* Coffret cadeau _10 Chine<br \/>\nLes traditions s\u00e9culaires du th\u00e9 de ce beau pays qu&#8217;est la Chine sont une v\u00e9ritable source d&#8217;inspiration pour la s\u00e9lection de th\u00e9s et de m\u00e9langes de ce coffret cadeau.<\/p>\n<p>Cela va d&#8217;un m\u00e9lange d&#8217;herbes fra\u00eeches, d&#8217;un magnifique oolong oxyd\u00e9 fonc\u00e9, d&#8217;un doux oolong oxyd\u00e9 clair \u00e0 un oolong festif aux p\u00e9tales de rose, \u00e9galement l&#8217;un de nos m\u00e9langes les plus populaires.<\/p>\n<p>Un cadeau chaleureux de quatre d\u00e9licieux th\u00e9s en vrac dans de belles bo\u00eetes.<\/p>\n<p>11 China Sense Vitality &#8211; m\u00e9lange de plantes &#8211; 25g<\/p>\n<p>12 Chine Voir DynasTea &#8211; Th\u00e9 Oolong fonc\u00e9 oxyd\u00e9- 25g<\/p>\n<p>13 China Taste Silky &#8211; Th\u00e9 Oolong &#8211; 25g<\/p>\n<p>14 China Enjoy Roses : Th\u00e9 Oolong : 20g<\/p>\n<p>Pour plus d&#8217;informations sur la composition de ces th\u00e9s, consulte les ingr\u00e9dients.<br \/>\n<strong>Ingr\u00e9dients :<\/strong><\/p>\n<p><strong>11 China Sense Vitality**<\/strong> 25g<br \/>\nM\u00e9lange de plantes \/ ingr\u00e9dients :<br \/>\nGingembre, citronnelle, mat\u00e9 vert, fleur de th\u00e9, \u00e9corce d&#8217;orange, \u00e9corce de citron, p\u00e9tales de tournesol, myrte citronn\u00e9.<\/p>\n<p><strong>12 Chine Voir DynasTea* <\/strong>25g<br \/>\nTh\u00e9 Oolong \/ ingr\u00e9dients :<br \/>\nTh\u00e9 Oolong oxyd\u00e9 fonc\u00e9.<\/p>\n<p><strong>13 China Taste Silky*<\/strong> 25g<br \/>\nTh\u00e9 Oolong \/ ingr\u00e9dients :<br \/>\nTh\u00e9 Oolong l\u00e9g\u00e8rement oxyd\u00e9.<\/p>\n<p><strong>14 China Enjoy Roses*<\/strong> 20g<br \/>\nM\u00e9lange de th\u00e9 Oolong \/ ingr\u00e9dients :<br \/>\nTh\u00e9 Oolong 87%, P\u00e9tales de rose 8%, Fleurs de ch\u00e8vrefeuille, Fleurs de lavande.<\/p>\n<p>* Contient de la caf\u00e9ine<br \/>\n** Le gingembre soutient le syst\u00e8me immunitaire et contribue \u00e0 la vitalit\u00e9.<br \/>\nL&#8217;effet sur la sant\u00e9 n&#8217;a pas encore \u00e9t\u00e9 officiellement \u00e9tabli. Un mode de vie sain est important, tout comme une alimentation \u00e9quilibr\u00e9e et vari\u00e9e.<\/p>\n<p><strong>Origine :<\/strong><\/p>\n<p>Les anciennes traditions du th\u00e9 du beau pays qu&#8217;est la Chine sont une v\u00e9ritable source d&#8217;inspiration pour la s\u00e9lection de th\u00e9s et de m\u00e9langes de ce coffret cadeau.<\/p>\n<p><strong>11 Chine Sense Vitality<\/strong><br \/>\nEn cr\u00e9ant ce m\u00e9lange, nous nous sommes inspir\u00e9s de la cuisine chinoise, o\u00f9 la force du gingembre et la fra\u00eecheur du citron enchantent de nombreuses papilles. Cette infusion de plantes avec des ingr\u00e9dients de diff\u00e9rents pays est un m\u00e9lange magnifiquement \u00e9quilibr\u00e9 de saveurs naturelles avec un caract\u00e8re piquant et rafra\u00eechissant.<\/p>\n<p><strong>12 Chine Voir DynasTea<\/strong><br \/>\n<strong>13 China Taste Silky<\/strong><br \/>\n<strong>14 China Enjoy Roses<\/strong><br \/>\nLes d\u00e9licieux oolongs purs, qui varient d&#8217;un oolong un peu plus lourd et plus prononc\u00e9 \u00e0 un oolong au go\u00fbt doux et soyeux, proviennent de Wuhan, la capitale de la province de Hubei en Chine. Beaucoup connaissent la Route de la Soie, mais la &#8220;Route des chameaux des prairies&#8221; est moins connue.<br \/>\nD\u00e8s la fin du 17\u00e8me si\u00e8cle, sous la dynastie Qing, Wuhan \u00e9tait le point de d\u00e9part de la route commerciale du th\u00e9 vers la Mongolie. Cette route commerciale \u00e9tait aussi appel\u00e9e &#8220;la route des chameaux des prairies&#8221;.<\/p>\n<p><strong>Go\u00fbte :<\/strong><\/p>\n<p><strong>11 Chine Sense Vitality<\/strong><br \/>\n<strong>Look &amp; feel :<\/strong> vert (citronnelle), jaune clair (gingembre) et jaune (p\u00e9tales de tournesol).<br \/>\n<strong>Ar\u00f4me :<\/strong> agrumes et \u00e9pices fortes<br \/>\n<strong>Infusion :<\/strong> jaune dor\u00e9<br \/>\n<strong>Go\u00fbt :<\/strong> citronnelle vivifiante avec des notes puissantes de gingembre.<\/p>\n<p><strong>12 Chine Voir DynasTea<\/strong><br \/>\n<strong>Look &amp; Feel :<\/strong> perles de couleur sombre<br \/>\n<strong>Ar\u00f4me :<\/strong> terreux avec un ar\u00f4me de r\u00e2p\u00e9<br \/>\n<strong>Infusion :<\/strong> infusion rouge-brun<br \/>\n<strong>Go\u00fbt :<\/strong> terreux, min\u00e9ral, fruits doux.<\/p>\n<p><strong>13 China Taste Silky<\/strong><br \/>\n<strong>Look &amp; Feel :<\/strong> perles vert fonc\u00e9<br \/>\n<strong>Ar\u00f4me :<\/strong> orchid\u00e9e \/ lilas<br \/>\n<strong>Infusion :<\/strong> jaune doux \/ vert<br \/>\n<strong>Go\u00fbt :<\/strong> l\u00e9g\u00e8rement v\u00e9g\u00e9tal, doux, floral<\/p>\n<p><strong>14 China Enjoy Roses<\/strong><br \/>\n<strong>Look &amp; Feel :<\/strong> perles vert clair entour\u00e9es de p\u00e9tales de rose rouges et de lavande violette.<br \/>\n<strong>Ar\u00f4me :<\/strong> orchid\u00e9e \/ lilas<br \/>\n<strong>Infusion :<\/strong> jaune doux \/ vert<br \/>\n<strong>Go\u00fbt :<\/strong> l\u00e9g\u00e8rement v\u00e9g\u00e9tal, doux, floral<\/p>\n<p><strong>Conseil de montage :<\/strong><\/p>\n<p><strong>11 Chine Sense Vitality<\/strong><br \/>\nEau : 100\u00b0C<br \/>\nTh\u00e9 : 2g \/ 1 cuill\u00e8re \u00e0 caf\u00e9 par tasse (150 ml)<br \/>\nTemps de dessin : 8-10 minutes<\/p>\n<p><strong>12 Chine Voir DynasTea<\/strong><br \/>\nEau : 100\u00b0C<br \/>\nTh\u00e9 : 2g \/ 1 cuill\u00e8re \u00e0 caf\u00e9 par tasse (150 ml)<br \/>\nInfusion : 2 minutes<\/p>\n<p><strong>13 China Taste Silky<\/strong><br \/>\nEau : 100\u00b0C<br \/>\nTh\u00e9 : 2g \/ 1 cuill\u00e8re \u00e0 caf\u00e9 par tasse (150 ml)<br \/>\nInfusion : 2 minutes<\/p>\n<p><strong>14 China Enjoy Roses<\/strong><br \/>\nEau : 100\u00b0C<br \/>\nTh\u00e9 : 2g \/ 1 cuill\u00e8re \u00e0 caf\u00e9 par tasse (150 ml)<br \/>\nInfusion : 2 minutes<\/p>\n<p><strong>Conseils de stockage :<\/strong> \u00e0 conserver au frais, au sec, \u00e0 la lumi\u00e8re et \u00e0 l&#8217;abri de l&#8217;air.<\/p>\n<p><strong>Accord mets et vins :<\/strong><\/p>\n<p>Dans le cadre de la &#8220;ligne de go\u00fbt&#8221;, nous accordons une attention particuli\u00e8re \u00e0 l&#8217;association th\u00e9 et nourriture.<\/p>\n<p><strong>13 China Taste Silky<\/strong><br \/>\nPar exemple, combine cet oolong l\u00e9g\u00e8rement oxyd\u00e9 avec un morceau de fromage (fum\u00e9) et tu verras comment le go\u00fbt soyeux de cet oolong s&#8217;exprime encore mieux.<\/p>\n","protected":false},"excerpt":{"rendered":"<p>Un chaleureux cadeau de Sinterklaas compos\u00e9 de quatre bo\u00eetes de conserve design remplies de d\u00e9licieux th\u00e9s en vrac, d&#8217;un filtre \u00e0 th\u00e9 noir tendance et d&#8217;une lettre en chocolat artisanal (noir\/100g petit).<\/p>\n","protected":false},"featured_media":0,"comment_status":"closed","ping_status":"closed","template":"","meta":{"_acf_changed":false},"product_cat":[367,352,201],"product_tag":[],"giftcard-category":[],"class_list":{"0":"post-69237","1":"product","2":"type-product","3":"status-publish","5":"product_cat-chocolat","6":"product_cat-cadeaux","7":"product_cat-chine","9":"first","10":"onbackorder","11":"taxable","12":"shipping-taxable","13":"purchasable","14":"product-type-simple"},"acf":{"lijn_nummer":"10","weight":"","wissel":false,"ingredients":"<p><strong>Ingr\u00e9dients :<\/strong><\/p>\n<p><strong>11 China Sense Vitality**<\/strong> 25g<br \/>\nM\u00e9lange de plantes \/ ingr\u00e9dients :<br \/>\nGingembre, citronnelle, mat\u00e9 vert, fleur de th\u00e9, \u00e9corce d&#8217;orange, \u00e9corce de citron, p\u00e9tales de tournesol, myrte citronn\u00e9.<\/p>\n<p><strong>12 Chine Voir DynasTea* <\/strong>25g<br \/>\nTh\u00e9 Oolong \/ ingr\u00e9dients :<br \/>\nTh\u00e9 Oolong oxyd\u00e9 fonc\u00e9.<\/p>\n<p><strong>13 China Taste Silky*<\/strong> 25g<br \/>\nTh\u00e9 Oolong \/ ingr\u00e9dients :<br \/>\nTh\u00e9 Oolong l\u00e9g\u00e8rement oxyd\u00e9.<\/p>\n<p><strong>14 China Enjoy Roses*<\/strong> 20g<br \/>\nM\u00e9lange de th\u00e9 Oolong \/ ingr\u00e9dients :<br \/>\nTh\u00e9 Oolong 87%, P\u00e9tales de rose 8%, Fleurs de ch\u00e8vrefeuille, Fleurs de lavande.<\/p>\n<p>* Contient de la caf\u00e9ine<br \/>\n** Le gingembre soutient le syst\u00e8me immunitaire et contribue \u00e0 la vitalit\u00e9.<br \/>\nL&#8217;effet sur la sant\u00e9 n&#8217;a pas encore \u00e9t\u00e9 officiellement \u00e9tabli. Un mode de vie sain est important, tout comme une alimentation \u00e9quilibr\u00e9e et vari\u00e9e.<\/p>\n","origin":"<p>Les anciennes traditions du th\u00e9 du beau pays qu&#8217;est la Chine sont une v\u00e9ritable source d&#8217;inspiration pour la s\u00e9lection de th\u00e9s et de m\u00e9langes de ce coffret cadeau.<\/p>\n<p><strong>11 Chine Sense Vitality<\/strong><br \/>\nEn cr\u00e9ant ce m\u00e9lange, nous nous sommes inspir\u00e9s de la cuisine chinoise, o\u00f9 la force du gingembre et la fra\u00eecheur du citron enchantent de nombreuses papilles. Cette infusion de plantes avec des ingr\u00e9dients de diff\u00e9rents pays est un m\u00e9lange magnifiquement \u00e9quilibr\u00e9 de saveurs naturelles avec un caract\u00e8re piquant et rafra\u00eechissant.<\/p>\n<p><strong>12 Chine Voir DynasTea<\/strong><br \/>\n<strong>13 China Taste Silky<\/strong><br \/>\n<strong>14 China Enjoy Roses<\/strong><br \/>\nLes d\u00e9licieux oolongs purs, qui varient d&#8217;un oolong un peu plus lourd et plus prononc\u00e9 \u00e0 un oolong au go\u00fbt doux et soyeux, proviennent de Wuhan, la capitale de la province de Hubei en Chine. Beaucoup connaissent la Route de la Soie, mais la &#8220;Route des chameaux des prairies&#8221; est moins connue.<br \/>\nD\u00e8s la fin du 17\u00e8me si\u00e8cle, sous la dynastie Qing, Wuhan \u00e9tait le point de d\u00e9part de la route commerciale du th\u00e9 vers la Mongolie. Cette route commerciale \u00e9tait aussi appel\u00e9e &#8220;la route des chameaux des prairies&#8221;.<\/p>\n<p>La lettre du chocolat artisanal s&#8217;est estomp\u00e9e aux Pays-Bas.<\/p>\n","tasting_notes":"<p><strong>11 Chine Sense Vitality<\/strong><br \/>\n<strong>Look &#038; feel :<\/strong> vert (citronnelle), jaune clair (gingembre) et jaune (p\u00e9tales de tournesol).<br \/>\n<strong>Ar\u00f4me :<\/strong> agrumes et \u00e9pices fortes<br \/>\n<strong>Infusion :<\/strong> jaune dor\u00e9<br \/>\n<strong>Go\u00fbt :<\/strong> citronnelle vivifiante avec des notes puissantes de gingembre.<\/p>\n<p><strong>12 Chine Voir DynasTea<\/strong><br \/>\n<strong>Look &#038; Feel :<\/strong> perles de couleur sombre<br \/>\n<strong>Ar\u00f4me :<\/strong> terreux avec un ar\u00f4me de r\u00e2p\u00e9<br \/>\n<strong>Infusion :<\/strong> infusion rouge-brun<br \/>\n<strong>Go\u00fbt :<\/strong> terreux, min\u00e9ral, fruits doux.<\/p>\n<p><strong>13 China Taste Silky<\/strong><br \/>\n<strong>Look &#038; Feel :<\/strong> perles vert fonc\u00e9<br \/>\n<strong>Ar\u00f4me :<\/strong> orchid\u00e9e \/ lilas<br \/>\n<strong>Infusion :<\/strong> jaune doux \/ vert<br \/>\n<strong>Go\u00fbt :<\/strong> l\u00e9g\u00e8rement v\u00e9g\u00e9tal, doux, floral<\/p>\n<p><strong>14 China Enjoy Roses<\/strong><br \/>\n<strong>Look &#038; Feel :<\/strong> perles vert clair entour\u00e9es de p\u00e9tales de rose rouges et de lavande violette.<br \/>\n<strong>Ar\u00f4me :<\/strong> orchid\u00e9e \/ lilas<br \/>\n<strong>Infusion :<\/strong> jaune doux \/ vert<br \/>\n<strong>Go\u00fbt :<\/strong> l\u00e9g\u00e8rement v\u00e9g\u00e9tal, doux, floral<\/p>\n","zetadvies":"<p><strong>Conseil de montage :<\/strong><\/p>\n<p><strong>11 Chine Sense Vitality<\/strong><br \/>\nEau : 100\u00b0C<br \/>\nTh\u00e9 : 2g \/ 1 cuill\u00e8re \u00e0 caf\u00e9 par tasse (150 ml)<br \/>\nTemps de dessin : 8-10 minutes<\/p>\n<p><strong>12 Chine Voir DynasTea<\/strong><br \/>\nEau : 100\u00b0C<br \/>\nTh\u00e9 : 2g \/ 1 cuill\u00e8re \u00e0 caf\u00e9 par tasse (150 ml)<br \/>\nInfusion : 2 minutes<\/p>\n<p><strong>13 China Taste Silky<\/strong><br \/>\nEau : 100\u00b0C<br \/>\nTh\u00e9 : 2g \/ 1 cuill\u00e8re \u00e0 caf\u00e9 par tasse (150 ml)<br \/>\nInfusion : 2 minutes<\/p>\n<p><strong>14 China Enjoy Roses<\/strong><br \/>\nEau : 100\u00b0C<br \/>\nTh\u00e9 : 2g \/ 1 cuill\u00e8re \u00e0 caf\u00e9 par tasse (150 ml)<br \/>\nInfusion : 2 minutes<\/p>\n<p><strong>Conseils de stockage :<\/strong> conserver au frais, au sec, \u00e0 la lumi\u00e8re et \u00e0 l&#8217;abri de l&#8217;air.<\/p>\n","new_description":"<p><strong>Description :<\/strong><br \/>\nSurprenez votre personnel, vos associ\u00e9s ou vos proches avec un chaleureux cadeau de Saint-Nicolas.<\/p>\n<p>Ce coffret cadeau original de la Saint-Valentin en toile de jute contient un ensemble de quatre th\u00e9s en vrac de qualit\u00e9 sup\u00e9rieure dans des bo\u00eetes design*, une passoire \u00e0 th\u00e9 noire tendance et une lettre S en chocolat artisanal (noir, petit 100g). Alors, profitez-en !<\/p>\n<p>* Coffret cadeau _10 Chine<br \/>\nLes traditions s\u00e9culaires du th\u00e9 de ce beau pays qu&#8217;est la Chine sont une v\u00e9ritable source d&#8217;inspiration pour la s\u00e9lection de th\u00e9s et de m\u00e9langes de ce coffret cadeau.<\/p>\n<p>Cela va d&#8217;un m\u00e9lange d&#8217;herbes fra\u00eeches, d&#8217;un magnifique oolong oxyd\u00e9 fonc\u00e9, d&#8217;un doux oolong oxyd\u00e9 clair \u00e0 un oolong festif aux p\u00e9tales de rose, \u00e9galement l&#8217;un de nos m\u00e9langes les plus populaires.<\/p>\n<p>Un cadeau chaleureux de quatre d\u00e9licieux th\u00e9s en vrac dans de belles bo\u00eetes.<\/p>\n<p>11 China Sense Vitality &#8211; m\u00e9lange de plantes &#8211; 25g<\/p>\n<p>12 Chine Voir DynasTea &#8211; Th\u00e9 Oolong fonc\u00e9 oxyd\u00e9- 25g<\/p>\n<p>13 China Taste Silky &#8211; Th\u00e9 Oolong &#8211; 25g<\/p>\n<p>14 China Enjoy Roses : Th\u00e9 Oolong : 20g<\/p>\n<p>Pour plus d&#8217;informations sur la composition de ces th\u00e9s, consulte les ingr\u00e9dients.<\/p>\n"},"_links":{"self":[{"href":"https:\/\/soolong.com\/fr\/wp-json\/wp\/v2\/product\/69237","targetHints":{"allow":["GET"]}}],"collection":[{"href":"https:\/\/soolong.com\/fr\/wp-json\/wp\/v2\/product"}],"about":[{"href":"https:\/\/soolong.com\/fr\/wp-json\/wp\/v2\/types\/product"}],"replies":[{"embeddable":true,"href":"https:\/\/soolong.com\/fr\/wp-json\/wp\/v2\/comments?post=69237"}],"wp:attachment":[{"href":"https:\/\/soolong.com\/fr\/wp-json\/wp\/v2\/media?parent=69237"}],"wp:term":[{"taxonomy":"product_cat","embeddable":true,"href":"https:\/\/soolong.com\/fr\/wp-json\/wp\/v2\/product_cat?post=69237"},{"taxonomy":"product_tag","embeddable":true,"href":"https:\/\/soolong.com\/fr\/wp-json\/wp\/v2\/product_tag?post=69237"},{"taxonomy":"giftcard-category","embeddable":true,"href":"https:\/\/soolong.com\/fr\/wp-json\/wp\/v2\/giftcard-category?post=69237"}],"curies":[{"name":"wp","href":"https:\/\/api.w.org\/{rel}","templated":true}]}}