{"id":69060,"date":"2023-11-26T16:34:00","date_gmt":"2023-11-26T15:34:00","guid":{"rendered":"https:\/\/soolong.com\/product\/coffret-cadeau-sinterklaas-rooibos-chocolat-lettre-pure\/"},"modified":"2023-12-08T19:09:11","modified_gmt":"2023-12-08T18:09:11","slug":"soolong-sinterklaas-cadeau-cadeau-tea-tasting-rooibos-40-tea-sieve-chocolate-lettre-pure","status":"publish","type":"product","link":"https:\/\/soolong.com\/fr\/product\/soolong-sinterklaas-cadeau-cadeau-tea-tasting-rooibos-40-tea-sieve-chocolate-lettre-pure\/","title":{"rendered":"Coffret cadeau Sinterklaas Rooibos &amp; Chocolat Lettre Pure"},"content":{"rendered":"<p><strong>Description :<\/strong><br \/>\nIl y a tellement plus \u00e0 donner.<\/p>\n<p>Surprenez votre personnel, vos associ\u00e9s ou vos proches avec un chaleureux cadeau de Saint-Nicolas.<\/p>\n<p>Ce coffret cadeau original de la Saint-Valentin en toile de jute contient un ensemble de quatre th\u00e9s en vrac de qualit\u00e9 sup\u00e9rieure dans des bo\u00eetes design*, une passoire \u00e0 th\u00e9 noire tendance et une lettre S en chocolat artisanal (noir, petit 100g). Alors, profitez-en !<\/p>\n<p>* Coffret cadeau _40 Afrique du Sud<\/p>\n<p>Rooibos &#8211; qui n&#8217;aime pas \u00e7a ? \u00c0 l&#8217;origine, le rooibos ne pousse qu&#8217;en Afrique du Sud et a longtemps \u00e9t\u00e9 la boisson nationale de ce pays, mais il a maintenant aussi conquis le reste du monde.<\/p>\n<p>Une d\u00e9licieuse g\u00e2terie avec quatre bo\u00eetes design remplies de d\u00e9licieux th\u00e9 en vrac (4x25g) :<\/p>\n<p>41 Afrique du Sud Sense Focus &#8211; Rooibos Herbal Blend &#8211; 25g<\/p>\n<p>42 Afrique du Sud See Good Hope &#8211; M\u00e9lange d&#8217;herbes Rooibos &#8211; 25g<\/p>\n<p>43 South Africa Taste Honey &#8211; Honeybush Herbal Blend &#8211; 25g<\/p>\n<p>44 Afrique du Sud Enjoy Sunset &#8211; Rooibos Herbal Blend &#8211; 25g<\/p>\n<p>Pour plus d&#8217;informations sur la composition de ces th\u00e9s, consulte les ingr\u00e9dients.<\/p>\n<p><strong>Ingr\u00e9dients :<\/strong><\/p>\n<p><strong>41 Afrique du Sud Sense Focus*<\/strong> 25g<br \/>\nM\u00e9lange de plantes Rooibos \/ ingr\u00e9dients :<br \/>\nRooibos 51%, Basilic, graines de lin, feuilles de Ginkgo, fenouil doux, morceaux d&#8217;amande<\/p>\n<p><strong>42 Afrique du Sud See Good Hope*<\/strong> 25g<br \/>\nM\u00e9lange de plantes Rooibos vert \/ ingr\u00e9dients :<br \/>\nRooibos vert 93%, feuilles de m\u00fbres douces, ar\u00f4me naturel de vanille<\/p>\n<p><strong>43 Miel de go\u00fbt d&#8217;Afrique du Sud*<\/strong> 25g<br \/>\nM\u00e9lange d&#8217;herbes Honeybush\/ ingr\u00e9dients :<br \/>\nHoneybush 60%, Morceaux de caroube, Morceaux de goyave, Verveine citronn\u00e9e, Morceaux de banane, Ar\u00f4mes naturels.<\/p>\n<p><strong>44 Afrique du Sud Enjoy Sunset*<\/strong> 25g<br \/>\nM\u00e9lange de plantes Rooibos \/ ingr\u00e9dients :<br \/>\nRooibos 59%, citronnelle, basilic frott\u00e9, \u00e9corce de citron tranch\u00e9e, bleuet, ar\u00f4me naturel de citron.<\/p>\n<p>* Ne contient pas de caf\u00e9ine<\/p>\n<p><strong>Origine :<\/strong><\/p>\n<p>Origine rooibos\/honeybush : Afrique du Sud<br \/>\nR\u00e9gion : Cederberg, Cap occidental<\/p>\n<p><strong>41 Afrique du Sud Sense Focus<\/strong><br \/>\n<strong>42 Afrique du Sud See Good Hope<\/strong><br \/>\n<strong>44 Afrique du Sud Profiter du coucher de soleil<\/strong><br \/>\nLe rooibos est aussi appel\u00e9 &#8220;th\u00e9 du buisson&#8221;. Le rooibos est un arbuste aux fleurs jaunes qui pousse naturellement pr\u00e8s des montagnes Cedar. Bien que cet arbuste puisse pousser d&#8217;un demi-m\u00e8tre \u00e0 un m\u00e8tre de haut, il est g\u00e9n\u00e9ralement r\u00e9colt\u00e9 \u00e0 une hauteur de 20 cm entre janvier et mars.<\/p>\n<p>Les feuilles en forme d&#8217;aiguille sont vertes lorsqu&#8217;elles sont cueillies. Ensuite, les feuilles sont \u00e9cras\u00e9es et rendues humides, ce qui d\u00e9clenche un processus de fermentation chimique. Cela cr\u00e9e la belle couleur rouge fonc\u00e9, apr\u00e8s quoi les aiguilles sont plac\u00e9es sous le soleil africain le jour suivant pour s&#8217;oxyder davantage. Pour cette raison, le rooibos est aussi appel\u00e9 &#8220;th\u00e9 rouge&#8221; en plus du &#8220;th\u00e9 de brousse&#8221;.<\/p>\n<p><strong>43 Afrique du Sud Taste Honey<\/strong><br \/>\nLe Honeybush ne pousse \u00e0 l&#8217;origine qu&#8217;en Afrique du Sud. Les fleurs jaunes de la plante Honeybush sentent le miel et c&#8217;est de l\u00e0 que cette plante sp\u00e9ciale tire son nom.<\/p>\n<p><strong>Go\u00fbte :<\/strong><\/p>\n<p><strong>41 Afrique du Sud Sense Focus<\/strong><br \/>\n<strong>Look &amp; feel :<\/strong> petites feuilles rouges en forme d&#8217;aiguille, graines brunes, morceaux d&#8217;amandes jaunes et blanches, feuilles de basilic vertes et ginkgo.<br \/>\n<strong>Ar\u00f4me :<\/strong> doux et \u00e9pic\u00e9<br \/>\n<strong>Infusion :<\/strong> ambre<br \/>\n<strong>Go\u00fbt :<\/strong> notes l\u00e9g\u00e8rement sucr\u00e9es et \u00e9pic\u00e9es de basilic et de goyave<\/p>\n<p><strong>42 Afrique du Sud See Good Hope<\/strong><br \/>\n<strong>Aspect :<\/strong> m\u00e9lange de feuilles jaunes claires et vertes en forme d&#8217;aiguille<br \/>\n<strong>Ar\u00f4me :<\/strong> vanille douce<br \/>\n<strong>Infusion :<\/strong> ambre clair<br \/>\n<strong>Go\u00fbt :<\/strong> l\u00e9g\u00e8rement sucr\u00e9, doux et velout\u00e9 avec des notes de miel et de vanille<\/p>\n<p><strong>43 Afrique du Sud Taste Honey<\/strong><br \/>\n<strong>Look &amp; feel :<\/strong> aiguilles rouge fonc\u00e9 de honeybush et morceaux verts de verveine citronn\u00e9e<br \/>\n<strong>Ar\u00f4me :<\/strong> doux (l&#8217;odeur est plus douce que le go\u00fbt doux et sucr\u00e9 tr\u00e8s agr\u00e9able)<br \/>\n<strong>Infusion :<\/strong> ambre<br \/>\n<strong>Go\u00fbt :<\/strong> go\u00fbt doux et sucr\u00e9 du miel et de la banane combin\u00e9 \u00e0 des notes l\u00e9g\u00e8rement fra\u00eeches de verveine citronn\u00e9e.<\/p>\n<p><strong>44 Afrique du Sud Profiter du coucher de soleil<\/strong><br \/>\n<strong>Look &amp; feel :<\/strong> la combinaison d&#8217;aiguilles rouges-brunes de rooibos, de citronnelle verte et de bleuets violets est un r\u00e9gal pour les yeux.<br \/>\n<strong>Ar\u00f4me :<\/strong> doux, agrume frais<br \/>\n<strong>Infusion :<\/strong> ambre<br \/>\n<strong>Go\u00fbt :<\/strong> doux, sucr\u00e9 avec de subtiles notes fra\u00eeches de citronnelle et de zeste de citron.<\/p>\n<p><strong>Conseil de montage :<\/strong><\/p>\n<p>Eau : 100\u00b0C<br \/>\nTh\u00e9 : 2g \/ 1 cuill\u00e8re \u00e0 caf\u00e9 par tasse (150 ml)<br \/>\nInfusion : 5 minutes<\/p>\n<p><strong>Conseils de stockage :<\/strong> \u00e0 conserver au frais, au sec, \u00e0 la lumi\u00e8re et \u00e0 l&#8217;abri de l&#8217;air.<\/p>\n<p><strong>Accord mets et vins :<\/strong><\/p>\n<p>Dans le cadre de la &#8220;ligne de go\u00fbt&#8221;, nous accordons une attention particuli\u00e8re \u00e0 l&#8217;association th\u00e9 et nourriture.<\/p>\n<p><strong>43 Afrique du Sud Taste Honey<\/strong><br \/>\nD\u00e9couvrez la sensation gustative insens\u00e9e de ce d\u00e9licieux th\u00e9 associ\u00e9 \u00e0 une d\u00e9licieuse lettre au chocolat.<\/p>\n","protected":false},"excerpt":{"rendered":"<p>Un savoureux cadeau de Sinterklaas compos\u00e9 de quatre bo\u00eetes de conserve design remplies de d\u00e9licieux th\u00e9s en vrac, d&#8217;un filtre \u00e0 th\u00e9 noir tendance et d&#8217;une lettre en chocolat artisanal (noir\/100g petit).<\/p>\n","protected":false},"featured_media":0,"comment_status":"closed","ping_status":"closed","template":"","meta":{"_acf_changed":false},"product_cat":[367,352,280],"product_tag":[],"giftcard-category":[],"class_list":{"0":"post-69060","1":"product","2":"type-product","3":"status-publish","5":"product_cat-chocolat","6":"product_cat-cadeaux","7":"product_cat-afrique-du-sud","9":"first","10":"onbackorder","11":"taxable","12":"shipping-taxable","13":"purchasable","14":"product-type-simple"},"acf":{"lijn_nummer":"40","weight":"","wissel":true,"marktplaatstitel2":"","marktplaatstitel3":"","ingredients":"<p><strong>Ingr\u00e9dients :<\/strong><\/p>\n<p><strong>41 Afrique du Sud Sense Focus*<\/strong> 25g<br \/>\nM\u00e9lange de plantes Rooibos \/ ingr\u00e9dients :<br \/>\nRooibos 51%, Basilic, graines de lin, feuilles de Ginkgo, fenouil doux, morceaux d&#8217;amande<\/p>\n<p><strong>42 Afrique du Sud See Good Hope*<\/strong> 25g<br \/>\nM\u00e9lange de plantes Rooibos vert \/ ingr\u00e9dients :<br \/>\nRooibos vert 93%, feuilles de m\u00fbres douces, ar\u00f4me naturel de vanille<\/p>\n<p><strong>43 Miel de go\u00fbt d&#8217;Afrique du Sud*<\/strong> 25g<br \/>\nM\u00e9lange d&#8217;herbes Honeybush\/ ingr\u00e9dients :<br \/>\nHoneybush 60%, Morceaux de caroube, Morceaux de goyave, Verveine citronn\u00e9e, Morceaux de banane, Ar\u00f4mes naturels.<\/p>\n<p><strong>44 Afrique du Sud Enjoy Sunset*<\/strong> 25g<br \/>\nM\u00e9lange de plantes Rooibos \/ ingr\u00e9dients :<br \/>\nRooibos 59%, citronnelle, basilic frott\u00e9, \u00e9corce de citron tranch\u00e9e, bleuet, ar\u00f4me naturel de citron.<\/p>\n<p>* Ne contient pas de caf\u00e9ine<\/p>\n","origin":"<p><strong>Coffret cadeau 40 m\u00e9langes de Rooibos d&#8217;Afrique du Sud<\/strong><\/p>\n<p>Origine rooibos\/honeybush : Afrique du Sud<br \/>\nR\u00e9gion : Cederberg, Cap occidental<\/p>\n<p><strong>41 Afrique du Sud Sense Focus<\/strong><br \/>\n<strong>42 Afrique du Sud See Good Hope<\/strong><br \/>\n<strong>44 Afrique du Sud Profiter du coucher de soleil<\/strong><br \/>\nLe rooibos est aussi appel\u00e9 &#8220;th\u00e9 du buisson&#8221;. Le rooibos est un arbuste aux fleurs jaunes qui pousse naturellement pr\u00e8s des montagnes Cedar. Bien que cet arbuste puisse pousser d&#8217;un demi-m\u00e8tre \u00e0 un m\u00e8tre de haut, il est g\u00e9n\u00e9ralement r\u00e9colt\u00e9 \u00e0 une hauteur de 20 cm entre janvier et mars.<\/p>\n<p>Les feuilles en forme d&#8217;aiguille sont vertes lorsqu&#8217;elles sont cueillies. Ensuite, les feuilles sont \u00e9cras\u00e9es et rendues humides, ce qui d\u00e9clenche un processus de fermentation chimique. Cela cr\u00e9e la belle couleur rouge fonc\u00e9, apr\u00e8s quoi les aiguilles sont plac\u00e9es sous le soleil africain le jour suivant pour s&#8217;oxyder davantage. Pour cette raison, le rooibos est aussi appel\u00e9 &#8220;th\u00e9 rouge&#8221; en plus du &#8220;th\u00e9 de brousse&#8221;.<\/p>\n<p><strong>43 Afrique du Sud Taste Honey<\/strong><br \/>\nLe Honeybush ne pousse \u00e0 l&#8217;origine qu&#8217;en Afrique du Sud. Les fleurs jaunes de la plante Honeybush sentent le miel et c&#8217;est de l\u00e0 que cette plante sp\u00e9ciale tire son nom.<\/p>\n<p>La lettre du chocolat artisanal s&#8217;est estomp\u00e9e aux Pays-Bas.<\/p>\n","tasting_notes":"<p><strong>Coffret cadeau 40 m\u00e9langes de Rooibos d&#8217;Afrique du Sud<\/strong><\/p>\n<p><strong>41 Afrique du Sud Sense Focus<\/strong><br \/>\n<strong>Look &#038; feel :<\/strong> petites feuilles rouges en forme d&#8217;aiguille, graines brunes, morceaux d&#8217;amandes jaunes et blanches, feuilles de basilic vertes et ginkgo.<br \/>\n<strong>Ar\u00f4me :<\/strong> doux et \u00e9pic\u00e9<br \/>\n<strong>Infusion :<\/strong> ambre<br \/>\n<strong>Go\u00fbt :<\/strong> notes l\u00e9g\u00e8rement sucr\u00e9es et \u00e9pic\u00e9es de basilic et de goyave<\/p>\n<p><strong>42 Afrique du Sud See Good Hope<\/strong><br \/>\n<strong>Aspect :<\/strong> m\u00e9lange de feuilles jaunes claires et vertes en forme d&#8217;aiguille<br \/>\n<strong>Ar\u00f4me :<\/strong> vanille douce<br \/>\n<strong>Infusion :<\/strong> ambre clair<br \/>\n<strong>Go\u00fbt :<\/strong> l\u00e9g\u00e8rement sucr\u00e9, doux et velout\u00e9 avec des notes de miel et de vanille<\/p>\n<p><strong>43 Afrique du Sud Taste Honey<\/strong><br \/>\n<strong>Look &#038; feel :<\/strong> aiguilles rouge fonc\u00e9 de honeybush et morceaux verts de verveine citronn\u00e9e<br \/>\n<strong>Ar\u00f4me :<\/strong> doux (l&#8217;odeur est plus douce que le go\u00fbt doux et sucr\u00e9 tr\u00e8s agr\u00e9able)<br \/>\n<strong>Infusion :<\/strong> ambre<br \/>\n<strong>Go\u00fbt :<\/strong> go\u00fbt doux et sucr\u00e9 du miel et de la banane combin\u00e9 \u00e0 des notes l\u00e9g\u00e8rement fra\u00eeches de verveine citronn\u00e9e.<\/p>\n<p><strong>44 Afrique du Sud Profiter du coucher de soleil<\/strong><br \/>\n<strong>Look &#038; feel :<\/strong> la combinaison d&#8217;aiguilles rouges-brunes de rooibos, de citronnelle verte et de bleuets violets est un r\u00e9gal pour les yeux.<br \/>\n<strong>Ar\u00f4me :<\/strong> doux, agrume frais<br \/>\n<strong>Infusion :<\/strong> ambre<br \/>\n<strong>Go\u00fbt :<\/strong> doux, sucr\u00e9 avec de subtiles notes fra\u00eeches de citronnelle et de zeste de citron.<\/p>\n","zetadvies":"<p><strong>Conseil de montage :<\/strong><\/p>\n<p>Eau : 100\u00b0C<br \/>\nTh\u00e9 : 2g \/ 1 cuill\u00e8re \u00e0 caf\u00e9 par tasse (150 ml)<br \/>\nInfusion : 5 minutes<\/p>\n<p><strong>Conseils de stockage :<\/strong> conserver au frais, au sec, \u00e0 la lumi\u00e8re et \u00e0 l&#8217;abri de l&#8217;air.<\/p>\n","new_description":"<p><strong>Description :<\/strong><br \/>\nIl y a tellement plus \u00e0 donner.<\/p>\n<p>Surprenez votre personnel, vos associ\u00e9s ou vos proches avec un chaleureux cadeau de Saint-Nicolas.<\/p>\n<p>Ce coffret cadeau original de la Saint-Valentin en toile de jute contient un ensemble de quatre th\u00e9s en vrac de qualit\u00e9 sup\u00e9rieure dans des bo\u00eetes design*, une passoire \u00e0 th\u00e9 noire tendance et une lettre S en chocolat artisanal (noir, petit 100g). Alors, profitez-en !<\/p>\n<p>* Coffret cadeau _40 Afrique du Sud<\/p>\n<p>Rooibos &#8211; qui n&#8217;aime pas \u00e7a ? \u00c0 l&#8217;origine, le rooibos ne pousse qu&#8217;en Afrique du Sud et a longtemps \u00e9t\u00e9 la boisson nationale de ce pays, mais il a maintenant aussi conquis le reste du monde.<\/p>\n<p>Une d\u00e9licieuse g\u00e2terie avec quatre bo\u00eetes design remplies de d\u00e9licieux th\u00e9 en vrac (4x25g) :<\/p>\n<p>41 Afrique du Sud Sense Focus &#8211; Rooibos Herbal Blend &#8211; 25g<\/p>\n<p>42 Afrique du Sud See Good Hope &#8211; M\u00e9lange d&#8217;herbes Rooibos &#8211; 25g<\/p>\n<p>43 South Africa Taste Honey &#8211; Honeybush Herbal Blend &#8211; 25g<\/p>\n<p>44 Afrique du Sud Enjoy Sunset &#8211; Rooibos Herbal Blend &#8211; 25g<\/p>\n<p>Pour plus d&#8217;informations sur la composition de ces th\u00e9s, consulte les ingr\u00e9dients.<\/p>\n"},"_links":{"self":[{"href":"https:\/\/soolong.com\/fr\/wp-json\/wp\/v2\/product\/69060","targetHints":{"allow":["GET"]}}],"collection":[{"href":"https:\/\/soolong.com\/fr\/wp-json\/wp\/v2\/product"}],"about":[{"href":"https:\/\/soolong.com\/fr\/wp-json\/wp\/v2\/types\/product"}],"replies":[{"embeddable":true,"href":"https:\/\/soolong.com\/fr\/wp-json\/wp\/v2\/comments?post=69060"}],"wp:attachment":[{"href":"https:\/\/soolong.com\/fr\/wp-json\/wp\/v2\/media?parent=69060"}],"wp:term":[{"taxonomy":"product_cat","embeddable":true,"href":"https:\/\/soolong.com\/fr\/wp-json\/wp\/v2\/product_cat?post=69060"},{"taxonomy":"product_tag","embeddable":true,"href":"https:\/\/soolong.com\/fr\/wp-json\/wp\/v2\/product_tag?post=69060"},{"taxonomy":"giftcard-category","embeddable":true,"href":"https:\/\/soolong.com\/fr\/wp-json\/wp\/v2\/giftcard-category?post=69060"}],"curies":[{"name":"wp","href":"https:\/\/api.w.org\/{rel}","templated":true}]}}