{"id":68294,"date":"2022-10-31T17:58:00","date_gmt":"2022-10-31T16:58:00","guid":{"rendered":"https:\/\/soolong.com\/product\/simondou-boite-cadeau-100-the-de-ceylan-english-breakfast-the-noir-the-vert-the-a-la-cardamome-et-the-a-la-menthe-verte\/"},"modified":"2025-06-12T17:57:13","modified_gmt":"2025-06-12T15:57:13","slug":"simondou-classique","status":"publish","type":"product","link":"https:\/\/soolong.com\/fr\/product\/simondou-classique\/","title":{"rendered":"Simondou &#8211; Bo\u00eete cadeau 100% th\u00e9 de Ceylan &#8211; English Breakfast, Th\u00e9 noir, Th\u00e9 vert, Th\u00e9 \u00e0 la cardamome et Th\u00e9 \u00e0 la menthe verte"},"content":{"rendered":"<p>Quelque chose d&#8217;un peu diff\u00e9rent d&#8217;une carte ? Envoyez \u00e0 vos proches un coffret cadeau contenant un d\u00e9licieux th\u00e9. Il fait toujours vibrer la corde sensible et passe \u00e9galement par la bo\u00eete aux lettres. Par bo\u00eete de th\u00e9, 36 sachets de th\u00e9. Th\u00e9 de Ceylan pur et d&#8217;excellente qualit\u00e9. Commerce direct.<\/p>\n<p>Bo\u00eete \u00e0 th\u00e9 avec 36 sachets de th\u00e9 :<\/p>\n<ul>\n<li>Th\u00e9 noir &#8211; 6 sachets de th\u00e9 emball\u00e9s individuellement<\/li>\n<li>M\u00e9lange English Breakfast &#8211; 6 sachets de th\u00e9 emball\u00e9s individuellement<\/li>\n<li>Earl Gray &#8211; 6 sachets de th\u00e9 emball\u00e9s individuellement<\/li>\n<li>Cardamome &#8211; 6 sachets de th\u00e9 emball\u00e9s individuellement<\/li>\n<li>Th\u00e9 vert \u00e0 la menthe &#8211; 6 sachets de th\u00e9 emball\u00e9s individuellement<\/li>\n<li>Th\u00e9 vert pur &#8211; 6 sachets de th\u00e9 emball\u00e9s individuellement<\/li>\n<\/ul>\n<p><strong>Conseil de montage :<\/strong><\/p>\n<p>Th\u00e9 noir et tisanes :<\/p>\n<p>Eau : 100\u00b0C Th\u00e9 : 1 sachet par tasse Infusion : 3-5 minutes<\/p>\n<p>Le th\u00e9 vert :<\/p>\n<p>Eau : 70\u00b0C Th\u00e9 : 1 sachet par tasse Infusion : 2 minutes<\/p>\n<p><strong>Conseils de stockage :<\/strong> \u00e0 conserver au frais, au sec, \u00e0 la lumi\u00e8re et \u00e0 l&#8217;abri de l&#8217;air.<\/p>\n<p>&nbsp;<\/p>\n","protected":false},"excerpt":{"rendered":"<p>Quelque chose d&#8217;un peu diff\u00e9rent d&#8217;une carte ? Envoyez \u00e0 vos proches un coffret cadeau contenant un d\u00e9licieux th\u00e9. Original, savoureux et qui passe dans la bo\u00eete aux lettres. Par bo\u00eete de th\u00e9, 36 sachets de th\u00e9. Th\u00e9 de Ceylan pur et d&#8217;excellente qualit\u00e9. Commerce direct.<\/p>\n","protected":false},"featured_media":75532,"comment_status":"open","ping_status":"closed","template":"","meta":{"_acf_changed":false},"product_cat":[470,625,529,604,458,598,209,521,352,485],"product_tag":[],"giftcard-category":[],"class_list":{"0":"post-68294","1":"product","2":"type-product","3":"status-publish","4":"has-post-thumbnail","6":"product_cat-ne-fait-partie-daucune-categorie","7":"product_cat-noel","8":"product_cat-the-simondou","9":"product_cat-vendredi-noir","10":"product_cat-the","11":"product_cat-gris-earl","12":"product_cat-the-vert","13":"product_cat-the-noir","14":"product_cat-cadeaux","15":"product_cat-ceylan","17":"first","18":"instock","19":"taxable","20":"shipping-taxable","21":"purchasable","22":"product-type-simple"},"acf":{"lijn_nummer":"SD","weight":"40","wissel":true,"ingredients":"<p>&#8211; M\u00e9lange English Breakfast &#8211; Th\u00e9 noir &#8211; Th\u00e9 vert &#8211; Earl Gray (Th\u00e9 noir \u00e0 l&#8217;huile de bergamote) &#8211; Cardamome (Th\u00e9 noir aromatis\u00e9 \u00e0 la cardamome) &#8211; Th\u00e9 vert \u00e0 la menthe (Th\u00e9 vert, Ar\u00f4me)<\/p>\n","origin":"<p>Origine : Ceylan \/ Sri Lanka, le berceau du th\u00e9 moderne,<\/p>\n","zetadvies":"<p><strong>Th\u00e9 noir et tisane :<\/strong><\/p>\n<p>Eau : 100\u00b0C<br \/>\nTh\u00e9 : 1 sachet par tasse<br \/>\nInfusion : 3-5 minutes<\/p>\n<p><strong>Th\u00e9 vert :<\/strong><\/p>\n<p>Eau : 70\u00b0C<br \/>\nTh\u00e9 : 1 sachet par tasse<br \/>\nInfusion : 2 minutes<\/p>\n<p><strong>Conseils de conservation :<\/strong> conserver au frais, au sec, \u00e0 la lumi\u00e8re et \u00e0 l&#8217;abri de l&#8217;air.<\/p>\n","new_description":"<p>Quelque chose d&#8217;un peu diff\u00e9rent d&#8217;une carte ? Envoyez \u00e0 vos proches un coffret de th\u00e9. Il fait toujours vibrer la corde sensible et passe \u00e9galement par la bo\u00eete aux lettres. Par bo\u00eete, 36 sachets de th\u00e9. Th\u00e9 de Ceylan pur et d&#8217;excellente qualit\u00e9. Commerce direct.<\/p>\n<p>Par bo\u00eete de th\u00e9 36 sachets de th\u00e9 Th\u00e9 Ceylan d&#8217;excellente qualit\u00e9.<\/p>\n<ul>\n<li>Th\u00e9 noir &#8211; 6 sachets de th\u00e9 emball\u00e9s individuellement<\/li>\n<li>M\u00e9lange English Breakfast &#8211; 6 sachets de th\u00e9 emball\u00e9s individuellement<\/li>\n<li>Earl Gray &#8211; 6 sachets de th\u00e9 emball\u00e9s individuellement<\/li>\n<li>Cardamome &#8211; 6 sachets de th\u00e9 emball\u00e9s individuellement<\/li>\n<li>Th\u00e9 vert \u00e0 la menthe &#8211; 6 sachets de th\u00e9 emball\u00e9s individuellement<\/li>\n<li>Th\u00e9 vert pur &#8211; 6 sachets de th\u00e9 emball\u00e9s individuellement<\/li>\n<\/ul>\n","productkenmerk1":"Bo\u00eete cadeau de th\u00e9 100% Ceylan","productkenmerk2":"Les classiques traditionnels de Ceylan,","productkenmerk3":"Belle bo\u00eete d'assortiment","productkenmerk4":"Avec un luxueux \"emballage de vacances\" en argent,","productkenmerk5":"Envoyer par courrier \u00e0 toutes vos relations \/ amis,","productkenmerk6":"Certifi\u00e9 \"Lion Logo\" 100% Ceylan,","marktplaatstitel1":"Simondou - Bo\u00eete cadeau 100% th\u00e9 de Ceylan - English Breakfast, th\u00e9 noir, th\u00e9 vert, th\u00e9 \u00e0 la cardamome et th\u00e9 \u00e0 la menthe verte"},"_links":{"self":[{"href":"https:\/\/soolong.com\/fr\/wp-json\/wp\/v2\/product\/68294","targetHints":{"allow":["GET"]}}],"collection":[{"href":"https:\/\/soolong.com\/fr\/wp-json\/wp\/v2\/product"}],"about":[{"href":"https:\/\/soolong.com\/fr\/wp-json\/wp\/v2\/types\/product"}],"replies":[{"embeddable":true,"href":"https:\/\/soolong.com\/fr\/wp-json\/wp\/v2\/comments?post=68294"}],"wp:featuredmedia":[{"embeddable":true,"href":"https:\/\/soolong.com\/fr\/wp-json\/wp\/v2\/media\/75532"}],"wp:attachment":[{"href":"https:\/\/soolong.com\/fr\/wp-json\/wp\/v2\/media?parent=68294"}],"wp:term":[{"taxonomy":"product_cat","embeddable":true,"href":"https:\/\/soolong.com\/fr\/wp-json\/wp\/v2\/product_cat?post=68294"},{"taxonomy":"product_tag","embeddable":true,"href":"https:\/\/soolong.com\/fr\/wp-json\/wp\/v2\/product_tag?post=68294"},{"taxonomy":"giftcard-category","embeddable":true,"href":"https:\/\/soolong.com\/fr\/wp-json\/wp\/v2\/giftcard-category?post=68294"}],"curies":[{"name":"wp","href":"https:\/\/api.w.org\/{rel}","templated":true}]}}