{"id":41810,"date":"2022-07-04T19:12:00","date_gmt":"2022-07-04T17:12:00","guid":{"rendered":"https:\/\/soolong.com\/product\/set-de-the-glace-soolong-pure-fresh\/"},"modified":"2025-06-05T15:36:45","modified_gmt":"2025-06-05T13:36:45","slug":"cadeau-soolong-ice-tea-set-pure-fresh-ice-tea","status":"publish","type":"product","link":"https:\/\/soolong.com\/fr\/product\/cadeau-soolong-ice-tea-set-pure-fresh-ice-tea\/","title":{"rendered":"Set de th\u00e9 glac\u00e9 Soolong &#8211; Pure &amp; Fresh"},"content":{"rendered":"<p><strong>Description :<\/strong><\/p>\n<p>Pr\u00e9parez votre propre th\u00e9 glac\u00e9 en 5 minutes ou offrez un cadeau original,<\/p>\n<p>Pur et sain, super rapide et fait maison,<\/p>\n<p>Set de th\u00e9 glac\u00e9 compos\u00e9 de :<br \/>\n&#8211; Teamaker 400ml ;<br \/>\n&#8211; Soolong no, 21 Malawi Sense Detox : tisane rafra\u00eechissante \u00e0 la menthe et au citron, cueillie \u00e0 la main et issue du commerce direct, 60 grammes de th\u00e9 en vrac dans une bo\u00eete au design durable ;<br \/>\n&#8211; Verre \u00e0 th\u00e9 glac\u00e9 tendance avec couvercle tournant et paille en acier inoxydable &#8211; 400ml ;<br \/>\n&#8211; Recette de th\u00e9 glac\u00e9, voir les recettes,<\/p>\n<p>Ce Teamaker pr\u00e9pare 400 ml de d\u00e9licieux th\u00e9 glac\u00e9, frais et pur, en un rien de temps,<\/p>\n<p>Soolong, si facile ! Appr\u00e9ciez,<\/p>\n","protected":false},"excerpt":{"rendered":"<p>Un cadeau original ou faites votre propre th\u00e9 glac\u00e9, profitez d\u00e8s maintenant de la r\u00e9duction combin\u00e9e,<\/p>\n","protected":false},"featured_media":10246,"comment_status":"closed","ping_status":"closed","template":"","meta":{"_acf_changed":false},"product_cat":[250,352],"product_tag":[],"giftcard-category":[],"class_list":{"0":"post-41810","1":"product","2":"type-product","3":"status-publish","4":"has-post-thumbnail","6":"product_cat-the-glace","7":"product_cat-cadeaux","9":"first","10":"instock","11":"taxable","12":"shipping-taxable","13":"purchasable","14":"product-type-simple"},"acf":{"lijn_nummer":"","weight":"","wissel":true,"ingredients":"<p>M\u00e9lange de plantes* :<br \/>\nCitronnelle, Menthe verte, <strong>Herbe d&#8217;orge<\/strong>, M\u00e9lisse, Racine de pissenlit, Feuilles d&#8217;ortie, Feuilles de m\u00fbre douce, Feuilles de bleuet<\/p>\n<p>* Ne contient pas de caf\u00e9ine<br \/>\n* Le pissenlit contribue \u00e0 la purification interne et favorise la digestion,<br \/>\nL&#8217;effet sur la sant\u00e9 n&#8217;a pas encore \u00e9t\u00e9 officiellement \u00e9tabli, Un mode de vie sain est important ainsi qu&#8217;une alimentation \u00e9quilibr\u00e9e et vari\u00e9e,<\/p>\n","origin":"<p>Origine : Malawi, Afrique<br \/>\nR\u00e9gion : Shire Highlands, sud du Malawi<\/p>\n<p>La citronnelle fra\u00eeche et le soup\u00e7on de menthe de ce d\u00e9licieux m\u00e9lange d&#8217;herbes sont cueillis \u00e0 la main et trait\u00e9s de mani\u00e8re artisanale dans une plantation des Shire Highlands du Malawi (Afrique),<\/p>\n","tasting_notes":"<p><strong>Aspect et sensation :<\/strong> vert (citronnelle et menthe), violet (bleuet)<br \/>\n<strong>Ar\u00f4me :<\/strong> agrumes et menthe<br \/>\n<strong>Infusion :<\/strong> jaune clair<br \/>\n<strong>Go\u00fbt :<\/strong> go\u00fbt d&#8217;herbes fra\u00eeches de citronnelle et de menthe<\/p>\n<p>Pour tous ceux qui aiment le go\u00fbt frais de la citronnelle et de la menthe.<\/p>\n","zetadvies":"<p><strong>M\u00e9thode d&#8217;infusion : <\/strong><\/p>\n<p>Eau : 100-C<br \/>\nTh\u00e9 : 2g \/ 2 cuill\u00e8res \u00e0 caf\u00e9 par tasse (150ml) &#8211; 4g\/4 cuill\u00e8res \u00e0 caf\u00e9 par tasse (teamaker 400ml) &#8211; 14g\/14tl (th\u00e9i\u00e8re soolong originale 1500ml)<br \/>\nInfusion : 5 minutes<\/p>\n<p>Note : pour le th\u00e9 glac\u00e9, divisez par deux la quantit\u00e9 d&#8217;eau bouillante, voir les recettes de th\u00e9 glac\u00e9,<\/p>\n<p><strong>Conseils de conservation : <\/strong>conservez au frais, au sec, \u00e0 la lumi\u00e8re et \u00e0 l&#8217;abri de l&#8217;air.<strong><br \/>\n<\/strong><\/p>\n","new_description":"<p><strong>Description :<\/strong><\/p>\n<p>Pr\u00e9parez votre propre th\u00e9 glac\u00e9 en 5 minutes ou offrez un cadeau original,<\/p>\n<p>Pur et sain, super rapide et fait maison,<\/p>\n<p>Set de th\u00e9 glac\u00e9 compos\u00e9 de :<br \/>\n&#8211; Teamaker 400ml ;<br \/>\n&#8211; Soolong no, 21 Malawi Sense Detox : tisane rafra\u00eechissante \u00e0 la menthe et au citron, cueillie \u00e0 la main et issue du commerce direct, 60 grammes de th\u00e9 en vrac dans une bo\u00eete au design durable ;<br \/>\n&#8211; Verre \u00e0 th\u00e9 glac\u00e9 tendance avec couvercle tournant et paille en acier inoxydable &#8211; 400ml ;<br \/>\n&#8211; Recette de th\u00e9 glac\u00e9, voir les recettes,<\/p>\n<p>Ce Teamaker pr\u00e9pare 400 ml de d\u00e9licieux th\u00e9 glac\u00e9, frais et pur, en un rien de temps,<\/p>\n<p>Soolong, si facile ! Appr\u00e9ciez,<\/p>\n","productkenmerk1":"Pr\u00e9parez votre propre th\u00e9 glac\u00e9 en 5 minutes. Un plaisir pour vous-m\u00eame ou un cadeau original pour les amateurs de th\u00e9,","productkenmerk2":"Set de th\u00e9 glac\u00e9 compos\u00e9 de : - Teamaker 400ml;- 60g de th\u00e9 en vrac dans une bo\u00eete au design durable : Soolong no, 21 Malawi Sense Detox : tisane rafra\u00eechissante \u00e0 la menthe et au citron, - Verre \u00e0 th\u00e9 glac\u00e9 tendance avec bouchon twist-off et paille en acier inoxydable - 400ml;- Recette de th\u00e9 glac\u00e9, voir les recettes,","productkenmerk3":"Le th\u00e9 Soolong, n\u00b0 21, contient de la menthe et de la citronnelle cueillies \u00e0 la main dans un seul domaine des Shire Highlands, au Malawi,","productkenmerk4":"Pour une pr\u00e9paration rapide, la m\u00e9thode shockbrew est recommand\u00e9e. Pour plus d'instructions, voir la recette fournie,","productkenmerk5":"Th\u00e9 de haute qualit\u00e9, jusqu'\u00e0 3-5 moussages, prolonger le temps d'infusion apr\u00e8s plusieurs moussages,","productkenmerk6":"Boite \u00e0 th\u00e9 durable au design unique, un objet joyeux pour la table et la cuisine,","productkenmerk7":"Un plaisir pour soi et un cadeau parfait pour les amateurs de th\u00e9,","marktplaatstitel1":"Soolong - Ensemble de th\u00e9 glac\u00e9 pur et frais - th\u00e9 glac\u00e9 - menthe - citron - Malawi - th\u00e9 en vrac - bo\u00eete design durable - fabricant de th\u00e9 - verre \u00e0 th\u00e9 glac\u00e9 tendance - recette de th\u00e9 glac\u00e9 - cadeau"},"_links":{"self":[{"href":"https:\/\/soolong.com\/fr\/wp-json\/wp\/v2\/product\/41810","targetHints":{"allow":["GET"]}}],"collection":[{"href":"https:\/\/soolong.com\/fr\/wp-json\/wp\/v2\/product"}],"about":[{"href":"https:\/\/soolong.com\/fr\/wp-json\/wp\/v2\/types\/product"}],"replies":[{"embeddable":true,"href":"https:\/\/soolong.com\/fr\/wp-json\/wp\/v2\/comments?post=41810"}],"wp:featuredmedia":[{"embeddable":true,"href":"https:\/\/soolong.com\/fr\/wp-json\/wp\/v2\/media\/10246"}],"wp:attachment":[{"href":"https:\/\/soolong.com\/fr\/wp-json\/wp\/v2\/media?parent=41810"}],"wp:term":[{"taxonomy":"product_cat","embeddable":true,"href":"https:\/\/soolong.com\/fr\/wp-json\/wp\/v2\/product_cat?post=41810"},{"taxonomy":"product_tag","embeddable":true,"href":"https:\/\/soolong.com\/fr\/wp-json\/wp\/v2\/product_tag?post=41810"},{"taxonomy":"giftcard-category","embeddable":true,"href":"https:\/\/soolong.com\/fr\/wp-json\/wp\/v2\/giftcard-category?post=41810"}],"curies":[{"name":"wp","href":"https:\/\/api.w.org\/{rel}","templated":true}]}}