{"id":41370,"date":"2021-12-08T09:25:00","date_gmt":"2021-12-08T08:25:00","guid":{"rendered":"https:\/\/soolong.com\/product\/soolong-t-2-go-verre-275ml\/"},"modified":"2025-06-24T16:13:57","modified_gmt":"2025-06-24T14:13:57","slug":"soolong-t-2-go-thermos-glass-275ml","status":"publish","type":"product","link":"https:\/\/soolong.com\/fr\/product\/soolong-t-2-go-thermos-glass-275ml\/","title":{"rendered":"Soolong T-2-Go Verre 275ml"},"content":{"rendered":"<p><strong>Description :<\/strong><\/p>\n<p>Emportez votre th\u00e9 pr\u00e9f\u00e9r\u00e9 partout avec le &#8220;T-2-Go Glass&#8221;, le verre borosilicat\u00e9 est r\u00e9sistant \u00e0 la temp\u00e9rature et facile \u00e0 nettoyer,<\/p>\n<p>Double paroi, avec filtre \u00e0 th\u00e9 en acier inoxydable et bouchon en bambou.<\/p>\n","protected":false},"excerpt":{"rendered":"<p>Verre T-2-Go 275ml<\/p>\n","protected":false},"featured_media":23263,"comment_status":"closed","ping_status":"closed","template":"","meta":{"_acf_changed":false},"product_cat":[625,322,377],"product_tag":[],"giftcard-category":[],"class_list":{"0":"post-41370","1":"product","2":"type-product","3":"status-publish","4":"has-post-thumbnail","6":"product_cat-noel","7":"product_cat-accessoires-fr","8":"product_cat-t2go-apporter-du-the","10":"first","11":"outofstock","12":"taxable","13":"shipping-taxable","14":"purchasable","15":"product-type-simple"},"acf":{"lijn_nummer":"","weight":"","wissel":true,"new_description":"<p>Emportez votre th\u00e9 pr\u00e9f\u00e9r\u00e9 partout avec le &#8220;T-2-Go Glass&#8221;, le verre borosilicat\u00e9 est r\u00e9sistant \u00e0 la temp\u00e9rature et facile \u00e0 nettoyer,<\/p>\n<p>Double paroi, avec une passoire \u00e0 th\u00e9 en acier inoxydable et un bouchon en bambou.<\/p>\n","productkenmerk1":"Thermos \/ bouteille en verre Soolong avec filtre \u00e0 th\u00e9 en acier inoxydable,","productkenmerk2":"T2Go : Id\u00e9al pour les voyages, il garde votre th\u00e9 ou votre caf\u00e9 bien chaud et votre th\u00e9 glac\u00e9 ou votre T-vino bien frais,","productkenmerk3":"Fabriqu\u00e9 en verre borosilicat\u00e9, r\u00e9sistant \u00e0 la temp\u00e9rature et \u00e0 double paroi,","productkenmerk4":"Capacit\u00e9 de 275 ml,","productkenmerk5":"Id\u00e9al pour soi et un cadeau parfait pour les amateurs de th\u00e9,","marktplaatstitel1":"Soolong - Bouteille thermos - Th\u00e9 - T2Go - Verre - 275ml"},"_links":{"self":[{"href":"https:\/\/soolong.com\/fr\/wp-json\/wp\/v2\/product\/41370","targetHints":{"allow":["GET"]}}],"collection":[{"href":"https:\/\/soolong.com\/fr\/wp-json\/wp\/v2\/product"}],"about":[{"href":"https:\/\/soolong.com\/fr\/wp-json\/wp\/v2\/types\/product"}],"replies":[{"embeddable":true,"href":"https:\/\/soolong.com\/fr\/wp-json\/wp\/v2\/comments?post=41370"}],"wp:featuredmedia":[{"embeddable":true,"href":"https:\/\/soolong.com\/fr\/wp-json\/wp\/v2\/media\/23263"}],"wp:attachment":[{"href":"https:\/\/soolong.com\/fr\/wp-json\/wp\/v2\/media?parent=41370"}],"wp:term":[{"taxonomy":"product_cat","embeddable":true,"href":"https:\/\/soolong.com\/fr\/wp-json\/wp\/v2\/product_cat?post=41370"},{"taxonomy":"product_tag","embeddable":true,"href":"https:\/\/soolong.com\/fr\/wp-json\/wp\/v2\/product_tag?post=41370"},{"taxonomy":"giftcard-category","embeddable":true,"href":"https:\/\/soolong.com\/fr\/wp-json\/wp\/v2\/giftcard-category?post=41370"}],"curies":[{"name":"wp","href":"https:\/\/api.w.org\/{rel}","templated":true}]}}