{"id":41347,"date":"2021-12-08T09:25:00","date_gmt":"2021-12-08T08:25:00","guid":{"rendered":"https:\/\/soolong.com\/product\/soolong-t-2-go-thermos-flask-bambou-300ml\/"},"modified":"2025-05-27T11:28:57","modified_gmt":"2025-05-27T09:28:57","slug":"soolong-t-2-go-thermos-flask-rvs-bamboo-300ml","status":"publish","type":"product","link":"https:\/\/soolong.com\/fr\/product\/soolong-t-2-go-thermos-flask-rvs-bamboo-300ml\/","title":{"rendered":"Soolong T-2-Go Thermos flask Bambou 300ml"},"content":{"rendered":"<p><strong>Description :<\/strong><\/p>\n<p>Retour \u00e0 la nature ! Ce thermos en acier inoxydable avec bouchon tournant et aspect bambou est id\u00e9al pour les randonn\u00e9es. Il garde votre th\u00e9 ou votre caf\u00e9 bien chaud et votre th\u00e9 glac\u00e9 ou votre T-vino bien frais,<\/p>\n","protected":false},"excerpt":{"rendered":"<p>Gourde thermos avec bouchon \u00e0 visser et aspect bambou<\/p>\n","protected":false},"featured_media":23216,"comment_status":"closed","ping_status":"closed","template":"","meta":{"_acf_changed":false},"product_cat":[322,377],"product_tag":[],"giftcard-category":[],"class_list":{"0":"post-41347","1":"product","2":"type-product","3":"status-publish","4":"has-post-thumbnail","6":"product_cat-accessoires-fr","7":"product_cat-t2go-apporter-du-the","9":"first","10":"instock","11":"taxable","12":"shipping-taxable","13":"purchasable","14":"product-type-simple"},"acf":{"lijn_nummer":"","new_description":"<p>Retour \u00e0 la nature ! Ce thermos en acier inoxydable avec bouchon tournant et aspect bambou est id\u00e9al pour les randonn\u00e9es. Il garde votre th\u00e9 ou votre caf\u00e9 bien chaud et votre th\u00e9 glac\u00e9 ou votre T-vino bien frais,<\/p>\n","productkenmerk1":"Thermos \/ gourde en acier inoxydable Soolong avec bouchon tournant et aspect bambou,","productkenmerk2":"T2Go : Id\u00e9al pour les d\u00e9placements,","productkenmerk3":"Il garde votre th\u00e9 ou votre caf\u00e9 bien chaud et votre th\u00e9 glac\u00e9 ou votre T-vino bien frais,","productkenmerk4":"Capacit\u00e9 de 300 ml,","productkenmerk5":"Id\u00e9al pour soi et un cadeau parfait pour les amateurs de th\u00e9,","marktplaatstitel1":"Soolong - Bouteille thermos - Th\u00e9 - T2Go - Acier inoxydable - Bambou - 300ml","weight":"","wissel":true},"_links":{"self":[{"href":"https:\/\/soolong.com\/fr\/wp-json\/wp\/v2\/product\/41347","targetHints":{"allow":["GET"]}}],"collection":[{"href":"https:\/\/soolong.com\/fr\/wp-json\/wp\/v2\/product"}],"about":[{"href":"https:\/\/soolong.com\/fr\/wp-json\/wp\/v2\/types\/product"}],"replies":[{"embeddable":true,"href":"https:\/\/soolong.com\/fr\/wp-json\/wp\/v2\/comments?post=41347"}],"wp:featuredmedia":[{"embeddable":true,"href":"https:\/\/soolong.com\/fr\/wp-json\/wp\/v2\/media\/23216"}],"wp:attachment":[{"href":"https:\/\/soolong.com\/fr\/wp-json\/wp\/v2\/media?parent=41347"}],"wp:term":[{"taxonomy":"product_cat","embeddable":true,"href":"https:\/\/soolong.com\/fr\/wp-json\/wp\/v2\/product_cat?post=41347"},{"taxonomy":"product_tag","embeddable":true,"href":"https:\/\/soolong.com\/fr\/wp-json\/wp\/v2\/product_tag?post=41347"},{"taxonomy":"giftcard-category","embeddable":true,"href":"https:\/\/soolong.com\/fr\/wp-json\/wp\/v2\/giftcard-category?post=41347"}],"curies":[{"name":"wp","href":"https:\/\/api.w.org\/{rel}","templated":true}]}}