{"id":41119,"date":"2021-12-08T09:25:00","date_gmt":"2021-12-08T08:25:00","guid":{"rendered":"https:\/\/soolong.com\/product\/verre-a-the-soolong-s-0-32l\/"},"modified":"2025-06-24T16:11:38","modified_gmt":"2025-06-24T14:11:38","slug":"verres-a-the-soolong-s-320ml","status":"publish","type":"product","link":"https:\/\/soolong.com\/fr\/product\/verres-a-the-soolong-s-320ml\/","title":{"rendered":"Verre \u00e0 th\u00e9 Soolong S 0.32L"},"content":{"rendered":"<p><strong>Description :<\/strong><\/p>\n<p>Tu aimes aussi boire du th\u00e9 dans un verre ? Dans ce cas, ce verre \u00e0 th\u00e9 \u00e9l\u00e9gant est exactement ce qu&#8217;il vous faut, et il peut \u00e9galement \u00eatre offert en cadeau,<\/p>\n","protected":false},"excerpt":{"rendered":"<p>Verre \u00e0 th\u00e9 S 0.32L<\/p>\n","protected":false},"featured_media":23342,"comment_status":"closed","ping_status":"closed","template":"","meta":{"_acf_changed":false},"product_cat":[322,343,347],"product_tag":[],"giftcard-category":[],"class_list":{"0":"post-41119","1":"product","2":"type-product","3":"status-publish","4":"has-post-thumbnail","6":"product_cat-accessoires-fr","7":"product_cat-t2serve-servir-le-the","8":"product_cat-verres-et-tasses","10":"first","11":"outofstock","12":"taxable","13":"shipping-taxable","14":"purchasable","15":"product-type-simple"},"acf":{"lijn_nummer":"","weight":"","wissel":true,"new_description":"<p>Tu aimes aussi boire du th\u00e9 dans un verre ? Dans ce cas, ce verre \u00e0 th\u00e9 \u00e9l\u00e9gant est exactement ce qu&#8217;il vous faut, et il peut \u00e9galement \u00eatre offert en cadeau,<\/p>\n","productkenmerk1":"Verre \u00e0 th\u00e9 Soolong S, styl\u00e9 et \u00e9l\u00e9gant,","productkenmerk2":"Il est id\u00e9al pour boire du th\u00e9, mais convient \u00e9galement pour le caf\u00e9 ou d'autres boissons chaudes,","productkenmerk3":"Lavable au lave-vaisselle","productkenmerk4":"Capacit\u00e9 de 320 ml,","productkenmerk5":"Id\u00e9al pour soi et un cadeau parfait pour les amateurs de th\u00e9,","marktplaatstitel1":"Soolong - Verres \u00e0 th\u00e9 - Verre - S - 320ml"},"_links":{"self":[{"href":"https:\/\/soolong.com\/fr\/wp-json\/wp\/v2\/product\/41119","targetHints":{"allow":["GET"]}}],"collection":[{"href":"https:\/\/soolong.com\/fr\/wp-json\/wp\/v2\/product"}],"about":[{"href":"https:\/\/soolong.com\/fr\/wp-json\/wp\/v2\/types\/product"}],"replies":[{"embeddable":true,"href":"https:\/\/soolong.com\/fr\/wp-json\/wp\/v2\/comments?post=41119"}],"wp:featuredmedia":[{"embeddable":true,"href":"https:\/\/soolong.com\/fr\/wp-json\/wp\/v2\/media\/23342"}],"wp:attachment":[{"href":"https:\/\/soolong.com\/fr\/wp-json\/wp\/v2\/media?parent=41119"}],"wp:term":[{"taxonomy":"product_cat","embeddable":true,"href":"https:\/\/soolong.com\/fr\/wp-json\/wp\/v2\/product_cat?post=41119"},{"taxonomy":"product_tag","embeddable":true,"href":"https:\/\/soolong.com\/fr\/wp-json\/wp\/v2\/product_tag?post=41119"},{"taxonomy":"giftcard-category","embeddable":true,"href":"https:\/\/soolong.com\/fr\/wp-json\/wp\/v2\/giftcard-category?post=41119"}],"curies":[{"name":"wp","href":"https:\/\/api.w.org\/{rel}","templated":true}]}}