{"id":41109,"date":"2021-12-08T09:25:00","date_gmt":"2021-12-08T08:25:00","guid":{"rendered":"https:\/\/soolong.com\/product\/dessous-de-verre-en-fonte-de-soolong\/"},"modified":"2025-06-08T10:11:02","modified_gmt":"2025-06-08T08:11:02","slug":"soolong-teapot-cast-iron","status":"publish","type":"product","link":"https:\/\/soolong.com\/fr\/product\/soolong-teapot-cast-iron\/","title":{"rendered":"Dessous de verre en fonte de Soolong"},"content":{"rendered":"<p><strong>Description :<\/strong><\/p>\n<p>Ce dessous de plat en fonte emp\u00eache votre th\u00e9i\u00e8re de laisser des traces sur la table et, en termes de style, il s&#8217;accorde bien avec la th\u00e9i\u00e8re en fonte Soolong,<\/p>\n<p>Taille : \u2205 135 mm<br \/>\nMat\u00e9riau : fonte<\/p>\n","protected":false},"excerpt":{"rendered":"<p>Sous-verre en fonte<\/p>\n","protected":false},"featured_media":8216,"comment_status":"closed","ping_status":"closed","template":"","meta":{"_acf_changed":false},"product_cat":[322,344,343,285],"product_tag":[],"giftcard-category":[],"class_list":{"0":"post-41109","1":"product","2":"type-product","3":"status-publish","4":"has-post-thumbnail","6":"product_cat-accessoires-fr","7":"product_cat-theieres","8":"product_cat-t2serve-servir-le-the","9":"product_cat-japon-fr","11":"first","12":"instock","13":"taxable","14":"shipping-taxable","15":"purchasable","16":"product-type-simple"},"acf":{"lijn_nummer":"","weight":"","wissel":true,"new_description":"<p>Ce dessous de plat en fonte emp\u00eache votre th\u00e9i\u00e8re de laisser des cercles sur la table et, en termes de style, se marie bien avec la th\u00e9i\u00e8re en fonte Soolong,<\/p>\n<p>Taille : \u2205 135 mm<br \/>\nMat\u00e9riau : fonte<\/p>\n","productkenmerk1":"La culture du th\u00e9 au Japon ! Ondezetter robuste en fonte de Soolong dans le style japonais,","productkenmerk2":"Convient aux th\u00e9i\u00e8res et aux casseroles,","productkenmerk3":"\u00c9vite les cernes sur la table qu'une th\u00e9i\u00e8re peut laisser derri\u00e8re elle,","productkenmerk4":"Dimensions : \u00d8135 mm","productkenmerk5":"En termes de design, le dessous de verre est parfaitement assorti \u00e0 la th\u00e9i\u00e8re en fonte de Soolong,","marktplaatstitel1":"Soolong - Th\u00e9i\u00e8re - Sous-verre - Fonte"},"_links":{"self":[{"href":"https:\/\/soolong.com\/fr\/wp-json\/wp\/v2\/product\/41109","targetHints":{"allow":["GET"]}}],"collection":[{"href":"https:\/\/soolong.com\/fr\/wp-json\/wp\/v2\/product"}],"about":[{"href":"https:\/\/soolong.com\/fr\/wp-json\/wp\/v2\/types\/product"}],"replies":[{"embeddable":true,"href":"https:\/\/soolong.com\/fr\/wp-json\/wp\/v2\/comments?post=41109"}],"wp:featuredmedia":[{"embeddable":true,"href":"https:\/\/soolong.com\/fr\/wp-json\/wp\/v2\/media\/8216"}],"wp:attachment":[{"href":"https:\/\/soolong.com\/fr\/wp-json\/wp\/v2\/media?parent=41109"}],"wp:term":[{"taxonomy":"product_cat","embeddable":true,"href":"https:\/\/soolong.com\/fr\/wp-json\/wp\/v2\/product_cat?post=41109"},{"taxonomy":"product_tag","embeddable":true,"href":"https:\/\/soolong.com\/fr\/wp-json\/wp\/v2\/product_tag?post=41109"},{"taxonomy":"giftcard-category","embeddable":true,"href":"https:\/\/soolong.com\/fr\/wp-json\/wp\/v2\/giftcard-category?post=41109"}],"curies":[{"name":"wp","href":"https:\/\/api.w.org\/{rel}","templated":true}]}}