{"id":41065,"date":"2021-12-08T09:25:00","date_gmt":"2021-12-08T08:25:00","guid":{"rendered":"https:\/\/soolong.com\/product\/fouet-a-matcha-soolong\/"},"modified":"2025-04-15T13:00:33","modified_gmt":"2025-04-15T11:00:33","slug":"soolong-matcha-beater-bambou","status":"publish","type":"product","link":"https:\/\/soolong.com\/fr\/product\/soolong-matcha-beater-bambou\/","title":{"rendered":"Fouet \u00e0 Matcha Soolong"},"content":{"rendered":"<p>D<strong>escription :<\/strong> Pr\u00e9parez un th\u00e9 matcha parfait avec ce fouet \u00e0 matcha, fouettez la poudre de matcha dans l&#8217;eau chaude de votre bol jusqu&#8217;\u00e0 ce qu&#8217;une fine mousse se forme sur votre Matcha, Fouet \u00e0 Matcha \u00e9galement connu sous le nom de Chasen, Mat\u00e9riau : Bambou Longueur : 105 mm Lavable au lave-vaisselle : non<\/p>\n","protected":false},"excerpt":{"rendered":"<p>Fouet \u00e0 Matcha<\/p>\n","protected":false},"featured_media":9581,"comment_status":"closed","ping_status":"closed","template":"","meta":{"_acf_changed":false},"product_cat":[322,326,339,285],"product_tag":[],"giftcard-category":[],"class_list":{"0":"post-41065","1":"product","2":"type-product","3":"status-publish","4":"has-post-thumbnail","6":"product_cat-accessoires-fr","7":"product_cat-t2make-faire-du-the","8":"product_cat-outils-a-matcha","9":"product_cat-japon-fr","11":"first","12":"instock","13":"taxable","14":"shipping-taxable","15":"purchasable","16":"product-type-simple"},"acf":{"lijn_nummer":"","weight":"","wissel":false,"new_description":"<p>M\u00e9langez la poudre de matcha \u00e0 l&#8217;eau chaude de votre bol jusqu&#8217;\u00e0 ce qu&#8217;une fine couche de mousse se forme sur votre matcha. Le fouet \u00e0 matcha est \u00e9galement connu sous le nom de Chasen, Mat\u00e9riau : Bambou Longueur : 105 mm Lavable au lave-vaisselle : non<\/p>\n","productkenmerk1":"Des outils de Matcha ! Fouet \u00e0 matcha Soolong, \u00e9galement connu sous le nom de Chasen,","productkenmerk2":"Fabriqu\u00e9 en bambou,","productkenmerk3":"Longueur : 105 mm","productkenmerk4":"\u00c0 l'aide du fouet \u00e0 matcha, m\u00e9langez la poudre de matcha \u00e0 l'eau chaude dans votre bol jusqu'\u00e0 ce qu'une fine couche de mousse se forme sur votre Matcha,","marktplaatstitel1":"Soolong - Matcha - Outils - Fouet - Bambou"},"_links":{"self":[{"href":"https:\/\/soolong.com\/fr\/wp-json\/wp\/v2\/product\/41065","targetHints":{"allow":["GET"]}}],"collection":[{"href":"https:\/\/soolong.com\/fr\/wp-json\/wp\/v2\/product"}],"about":[{"href":"https:\/\/soolong.com\/fr\/wp-json\/wp\/v2\/types\/product"}],"replies":[{"embeddable":true,"href":"https:\/\/soolong.com\/fr\/wp-json\/wp\/v2\/comments?post=41065"}],"wp:featuredmedia":[{"embeddable":true,"href":"https:\/\/soolong.com\/fr\/wp-json\/wp\/v2\/media\/9581"}],"wp:attachment":[{"href":"https:\/\/soolong.com\/fr\/wp-json\/wp\/v2\/media?parent=41065"}],"wp:term":[{"taxonomy":"product_cat","embeddable":true,"href":"https:\/\/soolong.com\/fr\/wp-json\/wp\/v2\/product_cat?post=41065"},{"taxonomy":"product_tag","embeddable":true,"href":"https:\/\/soolong.com\/fr\/wp-json\/wp\/v2\/product_tag?post=41065"},{"taxonomy":"giftcard-category","embeddable":true,"href":"https:\/\/soolong.com\/fr\/wp-json\/wp\/v2\/giftcard-category?post=41065"}],"curies":[{"name":"wp","href":"https:\/\/api.w.org\/{rel}","templated":true}]}}