{"id":40782,"date":"2021-12-08T09:23:00","date_gmt":"2021-12-08T08:23:00","guid":{"rendered":"https:\/\/soolong.com\/product\/chine-14-enjoy-roses\/"},"modified":"2025-06-24T15:33:57","modified_gmt":"2025-06-24T13:33:57","slug":"the-oolong-chine-14-jouir","status":"publish","type":"product","link":"https:\/\/soolong.com\/fr\/product\/the-oolong-chine-14-jouir\/","title":{"rendered":"Chine 14 Enjoy Roses"},"content":{"rendered":"<p><strong>Description :<\/strong><\/p>\n<p>Le th\u00e9 Oolong, comme le th\u00e9 noir et le th\u00e9 vert, est une vari\u00e9t\u00e9 de th\u00e9 traditionnelle, mais il y a beaucoup plus \u00e0 d\u00e9couvrir,<\/p>\n<p>Selon le degr\u00e9 d&#8217;oxydation, la saveur des oolongs l\u00e9g\u00e8rement oxyd\u00e9s tend vers le th\u00e9 vert et celle des oolongs fortement oxyd\u00e9s vers le th\u00e9 noir. Vous pouvez imaginer une grande vari\u00e9t\u00e9 entre eux, des caract\u00e8res typiques de noix aux caract\u00e8res d\u00e9licieusement floraux, alors laissez-vous surprendre par la merveilleuse palette de saveurs de nos d\u00e9licieux oolongs,<br \/>\n<strong>Ingr\u00e9dients :<\/strong><\/p>\n<p>M\u00e9lange de th\u00e9 Oolong* :<br \/>\nTh\u00e9 Oolong 87%, P\u00e9tales de rose 8%, Fleurs d&#8217;herbes aromatiques, Fleurs de lavande,<\/p>\n<p>* Contient de la caf\u00e9ine<\/p>\n<p><strong>Origine :<\/strong><\/p>\n<p><strong>Origine :<\/strong> Chine<br \/>\n<strong>R\u00e9gion :<\/strong> Wuhan<br \/>\n<strong>Province :<\/strong> Hubei<\/p>\n<p>Ce d\u00e9licieux oolong originaire de Chine,<span style=\"font-size: 1rem;\"> associ\u00e9 \u00e0 d&#8217;autres ingr\u00e9dients originaires de diff\u00e9rents pays, forme un m\u00e9lange festif magnifiquement \u00e9quilibr\u00e9, qui ne manquera pas de plaire,<\/span><\/p>\n<p><strong>Go\u00fbte :<\/strong><\/p>\n<p><strong>Look &amp; Feel :<\/strong> perles vert clair entour\u00e9es de p\u00e9tales de rose rouges et de lavande violette.<br \/>\n<strong>Ar\u00f4me :<\/strong> orchid\u00e9e, lilas<br \/>\n<strong>Infusion :<\/strong> jaune clair\/vert<br \/>\n<strong>Go\u00fbt :<\/strong> l\u00e9g\u00e8rement v\u00e9g\u00e9tal, doux, floral<\/p>\n<p>Pour les personnes qui aiment les m\u00e9langes de th\u00e9s festifs et joyeux avec une saveur l\u00e9g\u00e8rement florale,<\/p>\n<p><strong>Conseil de montage :<\/strong><\/p>\n<p>Eau : 100\u00b0C<br \/>\nTh\u00e9 : 2g \/ 1 cuill\u00e8re \u00e0 caf\u00e9 par tasse (150 ml)<br \/>\nInfusion : 2 minutes<\/p>\n<p><strong>Conseils de stockage :<\/strong> Conservez dans un endroit frais, sec, lumineux et herm\u00e9tique.<\/p>\n","protected":false},"excerpt":{"rendered":"<p>M\u00e9lange de th\u00e9 Oolong<\/p>\n","protected":false},"featured_media":16375,"comment_status":"closed","ping_status":"closed","template":"","meta":{"_acf_changed":false},"product_cat":[589,604,458,204,266,201],"product_tag":[],"giftcard-category":[],"class_list":{"0":"post-40782","1":"product","2":"type-product","3":"status-publish","4":"has-post-thumbnail","6":"product_cat-the-en-gros","7":"product_cat-vendredi-noir","8":"product_cat-the","9":"product_cat-oolong-fr","10":"product_cat-profite-de","11":"product_cat-chine","13":"first","14":"instock","15":"taxable","16":"shipping-taxable","17":"purchasable","18":"product-type-variable","19":"has-default-attributes"},"acf":{"lijn_nummer":"14","weight":"","wissel":true,"ingredients":"<p>M\u00e9lange de th\u00e9 Oolong* :<br \/>\nTh\u00e9 Oolong 87%, P\u00e9tales de rose 8%, Fleurs d&#8217;herbes aromatiques, Fleurs de lavande,<\/p>\n<p>* Contient de la caf\u00e9ine.<\/p>\n","origin":"<p><strong>Origine :<\/strong> Chine<br \/>\n<strong>R\u00e9gion :<\/strong> Wuhan<br \/>\n<strong>Province :<\/strong> Hubei<\/p>\n<p>Ce d\u00e9licieux oolong, originaire de Chine,<span style=\"font-size: 1rem;\"> associ\u00e9 \u00e0 d&#8217;autres ingr\u00e9dients provenant de diff\u00e9rents pays, forme un m\u00e9lange festif magnifiquement \u00e9quilibr\u00e9, qui ne manquera pas de plaire,<\/span><\/p>\n","tasting_notes":"<p><strong>Aspect et sensation :<\/strong> perles vert clair entour\u00e9es de p\u00e9tales de roses rouges et de lavande violette<br \/>\n<strong>Ar\u00f4me :<\/strong> orchid\u00e9e, lilas<br \/>\n<strong>Infusion :<\/strong> jaune\/vert clair<br \/>\n<strong>Go\u00fbt :<\/strong> v\u00e9g\u00e9tal l\u00e9ger, doux, floral<\/p>\n<p>Pour les personnes qui aiment un m\u00e9lange de th\u00e9 festif et joyeux avec un go\u00fbt l\u00e9g\u00e8rement floral,<\/p>\n","zetadvies":"<p><strong>Conseils d&#8217;infusion<\/strong>:<\/p>\n<p>Eau : 100\u00b0C<br \/>\nTh\u00e9 : 2g \/ 1 tsp par tasse (150 ml)<br \/>\nInfusion : 2 minutes<\/p>\n<p><strong>Conseils de conservation :<\/strong> Conservez au frais, au sec, \u00e0 la lumi\u00e8re et \u00e0 l&#8217;abri de l&#8217;air.<\/p>\n","new_description":"<p>Le th\u00e9 Oolong, comme le th\u00e9 noir et le th\u00e9 vert, est un type de th\u00e9 traditionnel, mais il y a bien plus \u00e0 d\u00e9couvrir \u00ab Il y a bien plus \u00e0 d\u00e9couvrir \u00bb,<\/p>\n<p>Selon le degr\u00e9 d&#8217;oxydation, le go\u00fbt des oolongs l\u00e9g\u00e8rement oxyd\u00e9s tend vers le th\u00e9 vert et celui des oolongs fortement oxyd\u00e9s vers le th\u00e9 noir, Vous pouvez imaginer une grande vari\u00e9t\u00e9 entre eux, des caract\u00e8res typiques de noix aux caract\u00e8res d\u00e9licieusement floraux, Laissez-vous donc surprendre par la merveilleuse palette d&#8217;ar\u00f4mes de nos d\u00e9licieux oolongs,<\/p>\n","productkenmerk1":"Soolong Enjoy Roses, no, 14, th\u00e9 oolong chinois aux p\u00e9tales de rose et \u00e0 la lavande, th\u00e9 en vrac dans une bo\u00eete au design durable ou dans un sachet rechargeable,","productkenmerk2":"Un m\u00e9lange de th\u00e9 festif et joyeux avec une saveur l\u00e9g\u00e8rement florale,","productkenmerk3":"Un plaisir pour soi et un cadeau original pour les amateurs de th\u00e9,","productkenmerk4":"Infuser 2 grammes de th\u00e9 (1tl) dans 150ml d'eau fra\u00eechement bouillie pendant 2 minutes pour une tasse de th\u00e9 parfaite,","productkenmerk5":"Th\u00e9 de haute qualit\u00e9, jusqu'\u00e0 3-5 moussages, prolonger le temps d'infusion apr\u00e8s plusieurs moussages si n\u00e9cessaire,","productkenmerk6":"Un plaisir pour soi et un cadeau parfait pour les amateurs de th\u00e9,"},"_links":{"self":[{"href":"https:\/\/soolong.com\/fr\/wp-json\/wp\/v2\/product\/40782","targetHints":{"allow":["GET"]}}],"collection":[{"href":"https:\/\/soolong.com\/fr\/wp-json\/wp\/v2\/product"}],"about":[{"href":"https:\/\/soolong.com\/fr\/wp-json\/wp\/v2\/types\/product"}],"replies":[{"embeddable":true,"href":"https:\/\/soolong.com\/fr\/wp-json\/wp\/v2\/comments?post=40782"}],"wp:featuredmedia":[{"embeddable":true,"href":"https:\/\/soolong.com\/fr\/wp-json\/wp\/v2\/media\/16375"}],"wp:attachment":[{"href":"https:\/\/soolong.com\/fr\/wp-json\/wp\/v2\/media?parent=40782"}],"wp:term":[{"taxonomy":"product_cat","embeddable":true,"href":"https:\/\/soolong.com\/fr\/wp-json\/wp\/v2\/product_cat?post=40782"},{"taxonomy":"product_tag","embeddable":true,"href":"https:\/\/soolong.com\/fr\/wp-json\/wp\/v2\/product_tag?post=40782"},{"taxonomy":"giftcard-category","embeddable":true,"href":"https:\/\/soolong.com\/fr\/wp-json\/wp\/v2\/giftcard-category?post=40782"}],"curies":[{"name":"wp","href":"https:\/\/api.w.org\/{rel}","templated":true}]}}