{"id":40708,"date":"2021-12-08T09:23:00","date_gmt":"2021-12-08T08:23:00","guid":{"rendered":"https:\/\/soolong.com\/product\/chine-11-sense-vitality\/"},"modified":"2025-06-24T15:38:03","modified_gmt":"2025-06-24T13:38:03","slug":"the-gingembre-chine-11-sens","status":"publish","type":"product","link":"https:\/\/soolong.com\/fr\/product\/the-gingembre-chine-11-sens\/","title":{"rendered":"Chine 11 Sense Vitality*"},"content":{"rendered":"<p><strong>Description :<\/strong><\/p>\n<p>Laissez vos papilles gustatives \u00eatre enchant\u00e9es par cette d\u00e9licieuse tisane \u00e0 la saveur naturelle de gingembre puissant et de citronnelle fra\u00eeche,<\/p>\n<p><strong>Ingr\u00e9dients :<\/strong><\/p>\n<p>M\u00e9lange de plantes* :<br \/>\nGingembre, citronnelle, mat\u00e9 vert, fleur de th\u00e9, \u00e9corce d&#8217;orange, \u00e9corce de citron, p\u00e9tales de tournesol, myrte citronn\u00e9,<\/p>\n<p>* Faible teneur en caf\u00e9ine<br \/>\n* Le gingembre soutient le syst\u00e8me immunitaire et contribue \u00e0 la vitalit\u00e9,<br \/>\nL&#8217;effet sur la sant\u00e9 n&#8217;a pas encore \u00e9t\u00e9 officiellement \u00e9tabli, Un mode de vie sain est important, de m\u00eame qu&#8217;une alimentation \u00e9quilibr\u00e9e et vari\u00e9e,<\/p>\n<p><strong>Origine :<\/strong><\/p>\n<p>Origine : herbes provenant de divers pays, dont la Chine,<\/p>\n<p>Inspir\u00e9e de la cuisine chinoise, o\u00f9 le gingembre puissant et la fra\u00eecheur du citron enchantent de nombreuses papilles gustatives, cette infusion \u00e0 base d&#8217;ingr\u00e9dients provenant de diff\u00e9rents pays est un m\u00e9lange magnifiquement \u00e9quilibr\u00e9 de saveurs naturelles au caract\u00e8re piquant et rafra\u00eechissant,<\/p>\n<p><strong>Go\u00fbte :<\/strong><\/p>\n<p><strong>Aspect et texture :<\/strong> vert (citronnelle), jaune clair (morceaux de gingembre) et jaune (p\u00e9tales de tournesol),<br \/>\n<strong>Ar\u00f4me :<\/strong> agrumes et \u00e9pices fortes<br \/>\n<strong>Infusion :<\/strong> jaune dor\u00e9<br \/>\n<strong>Go\u00fbt :<\/strong> citronnelle vivifiante avec de puissantes notes de gingembre,<\/p>\n<p>Pour les personnes qui aiment un m\u00e9lange d&#8217;herbes frais et puissant,<\/p>\n<p><strong>Conseil de montage :<\/strong><\/p>\n<p>Eau : 100\u00b0C<br \/>\nTh\u00e9 : 2g \/ 1 cuill\u00e8re \u00e0 caf\u00e9 par tasse (150 ml)<br \/>\nTemps d&#8217;infusion : 8-10 minutes<\/p>\n<p><strong>Conseils de stockage : <\/strong>Conservez dans un endroit frais, sec, lumineux et herm\u00e9tique.<\/p>\n<p>&nbsp;<\/p>\n","protected":false},"excerpt":{"rendered":"<p>M\u00e9lange d&#8217;herbes<\/p>\n","protected":false},"featured_media":69450,"comment_status":"closed","ping_status":"closed","template":"","meta":{"_acf_changed":false},"product_cat":[589,604,247,243,201],"product_tag":[],"giftcard-category":[],"class_list":{"0":"post-40708","1":"product","2":"type-product","3":"status-publish","4":"has-post-thumbnail","6":"product_cat-the-en-gros","7":"product_cat-vendredi-noir","8":"product_cat-tisane","9":"product_cat-sense-fr","10":"product_cat-chine","12":"first","13":"instock","14":"taxable","15":"shipping-taxable","16":"purchasable","17":"product-type-variable","18":"has-default-attributes"},"acf":{"lijn_nummer":"11","weight":"","wissel":true,"ingredients":"<p>M\u00e9lange de plantes* :<br \/>\nGingembre, citronnelle, mat\u00e9 vert, fleur de th\u00e9, \u00e9corce d&#8217;orange, \u00e9corce de citron, p\u00e9tales de tournesol, myrte citronn\u00e9,<\/p>\n<p>* Faible teneur en caf\u00e9ine<br \/>\n* Le gingembre soutient le syst\u00e8me immunitaire et contribue \u00e0 la vitalit\u00e9,<br \/>\nL&#8217;effet sur la sant\u00e9 n&#8217;a pas encore \u00e9t\u00e9 officiellement \u00e9tabli, Un mode de vie sain est important, de m\u00eame qu&#8217;une alimentation \u00e9quilibr\u00e9e et vari\u00e9e,<\/p>\n","origin":"<p>Origine : herbes de divers pays, dont la Chine,<\/p>\n<p>Inspir\u00e9e par la cuisine chinoise, o\u00f9 le gingembre puissant et la fra\u00eecheur du citron enchantent de nombreuses papilles gustatives, cette infusion \u00e0 base d&#8217;ingr\u00e9dients provenant de divers pays est un m\u00e9lange magnifiquement \u00e9quilibr\u00e9 de saveurs naturelles au caract\u00e8re piquant et rafra\u00eechissant,<\/p>\n","tasting_notes":"<p><strong>Aspect et sensation :<\/strong> vert (citronnelle), jaune clair (morceaux de gingembre) et jaune (p\u00e9tales de tournesol),<br \/>\n<strong>Ar\u00f4me :<\/strong> agrumes et herbes puissantes<br \/>\n<strong>Infusion :<\/strong> jaune dor\u00e9<br \/>\n<strong>Go\u00fbt :<\/strong> citronnelle vivifiante avec des notes puissantes de gingembre,<\/p>\n<p>Pour les personnes qui aiment un m\u00e9lange d&#8217;herbes frais et puissant,<\/p>\n","zetadvies":"<p><strong>Conseils d&#8217;infusion :<\/strong><\/p>\n<p>Eau : 100\u00b0C<br \/>\nTh\u00e9 : 2g \/ 1 cuill\u00e8re \u00e0 caf\u00e9 par tasse (150 ml)<br \/>\nTemps d&#8217;infusion : 8-10 minutes<\/p>\n<p><strong>Conseils de conservation : <\/strong>Conservez au frais, au sec, \u00e0 la lumi\u00e8re et \u00e0 l&#8217;abri de l&#8217;air.<\/p>\n<p>\u00a0<\/p>\n","new_description":"<p>Laissez vos papilles gustatives \u00eatre enchant\u00e9es par cette d\u00e9licieuse tisane \u00e0 la saveur naturelle de gingembre puissant et de citronnelle fra\u00eeche,<\/p>\n","productkenmerk1":"Soolong Sense Vitality, no, 11, tisane au gingembre et \u00e0 la citronnelle, th\u00e9 en vrac dans une bo\u00eete design durable ou dans une recharge,","productkenmerk2":"Une d\u00e9licieuse tisane d\u00e9caf\u00e9in\u00e9e, pour tous ceux qui aiment le gingembre puissant et la douce fra\u00eecheur du citron,","productkenmerk3":"Un plaisir pour soi et un cadeau original pour les amateurs de th\u00e9,","productkenmerk4":"Infuser 2 grammes de th\u00e9 (1tl) dans 150ml d'eau fra\u00eechement bouillie pendant 5 minutes pour une tasse de th\u00e9 parfaite,","productkenmerk5":"Th\u00e9 de haute qualit\u00e9, jusqu'\u00e0 3-5 moussages, prolonger le temps d'infusion apr\u00e8s plusieurs moussages si n\u00e9cessaire,","productkenmerk6":"\u00c9tain durable au design unique, une vue joyeuse sur la table et dans n'importe quelle cuisine,","productkenmerk7":"Un plaisir pour soi et un cadeau parfait pour les amateurs de th\u00e9,","marktplaatstitel1":"Soolong Sense Ginger Tea - Revigorant et puissant - Gingembre et citronnelle - Th\u00e9 en vrac durable - Tisane premium de Chine"},"_links":{"self":[{"href":"https:\/\/soolong.com\/fr\/wp-json\/wp\/v2\/product\/40708","targetHints":{"allow":["GET"]}}],"collection":[{"href":"https:\/\/soolong.com\/fr\/wp-json\/wp\/v2\/product"}],"about":[{"href":"https:\/\/soolong.com\/fr\/wp-json\/wp\/v2\/types\/product"}],"replies":[{"embeddable":true,"href":"https:\/\/soolong.com\/fr\/wp-json\/wp\/v2\/comments?post=40708"}],"wp:featuredmedia":[{"embeddable":true,"href":"https:\/\/soolong.com\/fr\/wp-json\/wp\/v2\/media\/69450"}],"wp:attachment":[{"href":"https:\/\/soolong.com\/fr\/wp-json\/wp\/v2\/media?parent=40708"}],"wp:term":[{"taxonomy":"product_cat","embeddable":true,"href":"https:\/\/soolong.com\/fr\/wp-json\/wp\/v2\/product_cat?post=40708"},{"taxonomy":"product_tag","embeddable":true,"href":"https:\/\/soolong.com\/fr\/wp-json\/wp\/v2\/product_tag?post=40708"},{"taxonomy":"giftcard-category","embeddable":true,"href":"https:\/\/soolong.com\/fr\/wp-json\/wp\/v2\/giftcard-category?post=40708"}],"curies":[{"name":"wp","href":"https:\/\/api.w.org\/{rel}","templated":true}]}}