{"id":40664,"date":"2021-12-08T09:23:00","date_gmt":"2021-12-08T08:23:00","guid":{"rendered":"https:\/\/soolong.com\/product\/malawi-21-sense-detox\/"},"modified":"2025-06-24T15:38:21","modified_gmt":"2025-06-24T13:38:21","slug":"the-menthe-malawi-21-sens","status":"publish","type":"product","link":"https:\/\/soolong.com\/fr\/product\/the-menthe-malawi-21-sens\/","title":{"rendered":"Malawi 21 Sense Detox*"},"content":{"rendered":"<p><strong>Ingr\u00e9dients :<\/strong><\/p>\n<p>M\u00e9lange de plantes* :<br \/>\nCitronnelle, Menthe verte, <strong>Herbe d&#8217;orge<\/strong>, M\u00e9lisse, Racine de pissenlit, Feuilles d&#8217;ortie, Feuilles de m\u00fbre douce, Feuilles de bleuet.<\/p>\n<p>* Ne contient pas de caf\u00e9ine<br \/>\n* Le pissenlit contribue \u00e0 la purification interne et favorise la digestion,<br \/>\nL&#8217;effet sur la sant\u00e9 n&#8217;a pas encore \u00e9t\u00e9 officiellement \u00e9tabli, Un mode de vie sain est important, de m\u00eame qu&#8217;une alimentation \u00e9quilibr\u00e9e et vari\u00e9e,<\/p>\n<p><strong>Origine :<\/strong><\/p>\n<p>Origine : Malawi, Afrique<br \/>\nR\u00e9gion : Shire Highlands, sud du Malawi<\/p>\n<p>La citronnelle fra\u00eeche et le soup\u00e7on de menthe de ce d\u00e9licieux m\u00e9lange d&#8217;herbes sont cueillis \u00e0 la main et trait\u00e9s de mani\u00e8re artisanale dans une plantation des hauts plateaux de Shire au Malawi (Afrique),<\/p>\n<p><strong>Go\u00fbte :<\/strong><\/p>\n<p><strong>Look &amp; feel :<\/strong> vert (citronnelle et menthe), violet (bleuet)<br \/>\n<strong>Ar\u00f4me :<\/strong> agrumes et menthe<br \/>\n<strong>Infusion :<\/strong> jaune clair<br \/>\n<strong>Go\u00fbt :<\/strong> go\u00fbt frais et \u00e9pic\u00e9 de citronnelle et de menthe<\/p>\n<p>Pour tous ceux qui aiment le go\u00fbt frais de la citronnelle et de la menthe.<\/p>\n<p><strong>M\u00e9thode de brassage :  <\/strong><\/p>\n<p>Eau : 100\u00b0C<br \/>\nTh\u00e9 : 2g \/ 2 tsp par tasse (150 ml)<br \/>\nInfusion : 5 minutes<\/p>\n<p><strong>Conseils de stockage : <\/strong>\u00e0 conserver au frais, au sec, \u00e0 la lumi\u00e8re et \u00e0 l&#8217;abri de l&#8217;air.<strong><br \/>\n<\/strong><\/p>\n","protected":false},"excerpt":{"rendered":"<p>M\u00e9lange d&#8217;herbes<\/p>\n","protected":false},"featured_media":16500,"comment_status":"closed","ping_status":"closed","template":"","meta":{"_acf_changed":false},"product_cat":[589,604,458,247,250,243,217],"product_tag":[],"giftcard-category":[],"class_list":{"0":"post-40664","1":"product","2":"type-product","3":"status-publish","4":"has-post-thumbnail","6":"product_cat-the-en-gros","7":"product_cat-vendredi-noir","8":"product_cat-the","9":"product_cat-tisane","10":"product_cat-the-glace","11":"product_cat-sense-fr","12":"product_cat-malawi-fr","14":"first","15":"instock","16":"taxable","17":"shipping-taxable","18":"purchasable","19":"product-type-variable","20":"has-default-attributes"},"acf":{"lijn_nummer":"21","weight":"","wissel":true,"ingredients":"<p>M\u00e9lange de plantes* :<br \/>\nCitronnelle, Menthe verte, <strong>Herbe d&#8217;orge<\/strong>, M\u00e9lisse, Racine de pissenlit, Feuilles d&#8217;ortie, Feuilles de m\u00fbre douce, Feuilles de bleuet<\/p>\n<p>* Ne contient pas de caf\u00e9ine<br \/>\n* Le pissenlit contribue \u00e0 la purification interne et favorise la digestion,<br \/>\nL&#8217;effet sur la sant\u00e9 n&#8217;a pas encore \u00e9t\u00e9 officiellement \u00e9tabli, Un mode de vie sain est important ainsi qu&#8217;une alimentation \u00e9quilibr\u00e9e et vari\u00e9e,<\/p>\n","origin":"<p>Origine : Malawi, Afrique<br \/>\nR\u00e9gion : Shire Highlands, sud du Malawi<\/p>\n<p>La citronnelle fra\u00eeche et le soup\u00e7on de menthe de ce d\u00e9licieux m\u00e9lange d&#8217;herbes sont cueillis \u00e0 la main et trait\u00e9s de mani\u00e8re artisanale dans une plantation des Shire Highlands du Malawi (Afrique),<\/p>\n","tasting_notes":"<p><strong>Aspect et sensation :<\/strong> vert (citronnelle et menthe), violet (bleuet)<br \/>\n<strong>Ar\u00f4me :<\/strong> agrumes et menthe<br \/>\n<strong>Infusion :<\/strong> jaune clair<br \/>\n<strong>Go\u00fbt :<\/strong> go\u00fbt d&#8217;herbes fra\u00eeches de citronnelle et de menthe<\/p>\n<p>Pour tous ceux qui aiment le go\u00fbt frais de la citronnelle et de la menthe.<\/p>\n","zetadvies":"<p><strong>M\u00e9thode d&#8217;infusion : <\/strong><\/p>\n<p>Eau : 100-C<br \/>\nTh\u00e9 : 2g \/ 2 tsp par tasse (150 ml)<br \/>\nInfusion : 5 minutes<\/p>\n<p><strong>Conseils de conservation : <\/strong>conservez au frais, au sec, \u00e0 la lumi\u00e8re et \u00e0 l&#8217;abri de l&#8217;air.<strong><br \/>\n<\/strong><\/p>\n","recepten":"<p><strong>Pr\u00e9parez votre propre th\u00e9 glac\u00e9, en utilisant la m\u00e9thode shockbrew (5 min,)<\/strong><\/p>\n<p>Soolong &#8211; Ice Tea Menthe &#038; Citron &#8211; Sense Detox &#8211; No, 21<br \/>\nSoolong &#8211; th\u00e9 en vrac &#8211; No 21 Malawi Sense Detox<\/p>\n<p>\u2713 Boissons estivales joyeuses, qui n&#8217;est pas heureux ?<br \/>\n\u2713 Fait maison<br \/>\n\u2713 Super rapide (5 min,)<br \/>\n\u2713 Th\u00e9 de luxe dans des bo\u00eetes design durables<br \/>\n\u2713 Commerce \u00e9quitable et direct &#8211; citronnelle et menthe cueillies \u00e0 la main au Malawi<br \/>\n\u2713 Pur et sain<\/p>\n<p><strong>Ingr\u00e9dients :<\/strong><\/p>\n<table style=\"width: 81,9135%;\" border=\"7\">\n<tbody>\n<tr style=\"height: 24px;\">\n<td style=\"width: 51%; height: 24px;\"> <strong>1 verre de th\u00e9 glac\u00e9 &#8211; 400ml<\/strong><\/td>\n<td style=\"width: 55,1293%; height: 24px;\"> <strong>1 carafe de th\u00e9 glac\u00e9 &#8211; 1,2L <\/strong><\/td>\n<\/tr>\n<tr style=\"height: 17,5px;\">\n<td style=\"width: 51%; height: 17,5px;\">Soolong Teamaker (400ml)<\/td>\n<td style=\"width: 55,1293%; height: 17,5px;\">2x Soolong Th\u00e9i\u00e8re originale (1500ml) +<br \/>\n1x Soolong filtre \u00e0 th\u00e9 en acier inoxydable avec double poign\u00e9e<\/td>\n<\/tr>\n<tr style=\"height: 21px;\">\n<td style=\"width: 51%; height: 21px;\">Verre \u00e0 th\u00e9 glac\u00e9 Soolong (400ml)<\/td>\n<td style=\"width: 55,1293%; height: 21px;\">3x Verre \u00e0 th\u00e9 glac\u00e9 Soolong (400ml)<\/td>\n<\/tr>\n<tr style=\"height: 21px;\">\n<td style=\"width: 51%; height: 21px;\">Eau bouillante (200ml &#8211; 100\u00b0C)<\/td>\n<td style=\"width: 55,1293%; height: 21px;\">Eau bouillante (600ml &#8211; 100\u00b0C)<\/td>\n<\/tr>\n<tr style=\"height: 21px;\">\n<td style=\"width: 51%; height: 21px;\">Glace pil\u00e9e (200ml)<\/td>\n<td style=\"width: 55,1293%; height: 21px;\"> Glace pil\u00e9e (600ml)<\/td>\n<\/tr>\n<tr style=\"height: 23px;\">\n<td style=\"width: 51%; height: 23px;\">Th\u00e9 liqu\u00e9fi\u00e9 : Soolong 21 Malawi Sense Detox (4g = 4tl)<br \/>\n*Possibilit\u00e9 de boire jusqu&#8217;\u00e0 3x apr\u00e8s utilisation, dans ce cas prolongez le temps d&#8217;infusion<\/td>\n<td style=\"width: 55,1293%; height: 23px;\">Th\u00e9 en vrac : Soolong 21 Malawi Sense Detox (12g = 12tl)<br \/>\n*Possibilit\u00e9 de boire 3 fois apr\u00e8s usage, dans ce cas prolongez le temps d&#8217;infusion<\/td>\n<\/tr>\n<tr style=\"height: 30px;\">\n<td style=\"width: 51%; height: 30px;\">Un brin de menthe<\/td>\n<td style=\"width: 55,1293%; height: 30px;\">3 brins de menthe<\/td>\n<\/tr>\n<tr style=\"height: 30px;\">\n<td style=\"width: 51%; height: 30px;\">Tranches de citron<\/td>\n<td style=\"width: 55,1293%; height: 30px;\">3 tranches de citron<\/td>\n<\/tr>\n<tr style=\"height: 30px;\">\n<td style=\"width: 51%; height: 30px;\">Facultatif : cassonade \/ sirop \/ miel<\/td>\n<td style=\"width: 55,1293%; height: 30px;\">Facultatif : cassonade \/ sirop \/ miel<\/td>\n<\/tr>\n<\/tbody>\n<\/table>\n<p><strong>M\u00e9thode de pr\u00e9paration 400ml :<\/strong><br \/>\n1, Teamaker : Remplissez le teamaker avec 4 grammes (4 cuill\u00e8res \u00e0 caf\u00e9) de th\u00e9 en vrac (Soolong no, 21) et ajoutez 200ml d&#8217;eau bouillante (environ la moiti\u00e9 du teamaker),<br \/>\n2. Remplissez ensuite le verre \u00e0 th\u00e9 glac\u00e9 avec 200 ml de glace pil\u00e9e (environ la moiti\u00e9 du verre),<br \/>\n3. Coupez la tranche de citron en deux, puis coupez \u00e0 nouveau une moiti\u00e9 en deux quartiers, ajoutez les deux quartiers de citron dans le verre \u00e0 th\u00e9 glac\u00e9,<br \/>\n4. Ajouter le brin de menthe et remuer,<br \/>\n5. Une fois le temps d&#8217;infusion \u00e9coul\u00e9, placer le co\u00e9quipier sur le verre \u00e0 th\u00e9 glac\u00e9,<br \/>\n6. Pour la d\u00e9coration, prenez la deuxi\u00e8me moiti\u00e9 de citron et faites une petite entaille au milieu, puis placez-la sur le bord du verre \u00e0 th\u00e9 glac\u00e9 et ajoutez \u00e9galement la paille en acier inoxydable,<br \/>\n7, Facultatif : les personnes qui aiment le sucr\u00e9 peuvent ajouter un peu de sucre brun d&#8217;\u00e9corce, de sirop ou de miel,<\/p>\n<p><strong>Pr\u00e9paration 1200ml :<\/strong><br \/>\n1, Remplissez la th\u00e9i\u00e8re avec 12 grammes (12 cuill\u00e8res \u00e0 caf\u00e9) de th\u00e9 en vrac (Soolong no, 21) et ajoutez 600ml d&#8217;eau bouillante, laissez le th\u00e9 infuser pendant 5 minutes,<br \/>\n2. Remplissez ensuite la deuxi\u00e8me th\u00e9i\u00e8re avec 600 ml de glace pil\u00e9e (environ la moiti\u00e9 de la th\u00e9i\u00e8re) et placez le filtre \u00e0 th\u00e9 \u00e0 double manche en acier inoxydable dans la th\u00e9i\u00e8re,<br \/>\n3. Une fois le temps d&#8217;infusion \u00e9coul\u00e9, verser le th\u00e9 de la premi\u00e8re th\u00e9i\u00e8re \u00e0 travers le filtre sur la glace dans la deuxi\u00e8me th\u00e9i\u00e8re,<br \/>\n4. Verser ensuite le th\u00e9 glac\u00e9 dans les verres \u00e0 th\u00e9 glac\u00e9,<br \/>\n5. Coupez la tranche de citron en deux, puis coupez \u00e0 nouveau une moiti\u00e9 en deux quartiers, ajoutez les deux quartiers de citron dans le verre de th\u00e9 glac\u00e9,<br \/>\n6. Ajouter le brin de menthe et remuer,<br \/>\n7, Facultatif : les personnes qui aiment le sucr\u00e9 peuvent ajouter un peu de sucre brun d&#8217;\u00e9corce, de sirop ou de miel,<br \/>\n8. Pour la d\u00e9coration, prenez la deuxi\u00e8me moiti\u00e9 de citron et faites une petite entaille au milieu, puis placez-la sur le bord de chaque verre \u00e0 th\u00e9 glac\u00e9 et ajoutez la paille en acier inoxydable,<\/p>\n<p><strong>Profite de ton th\u00e9 glac\u00e9 fait maison !<\/strong><\/p>\n","productkenmerk1":"Soolong Sense Detox no, 21, Malawi tisane \u00e0 la menthe, Th\u00e9 en vrac dans une bo\u00eete design durable ou dans un sachet rechargeable, Une d\u00e9licieuse g\u00e2terie pour vous-m\u00eame ou un cadeau original pour les amateurs de th\u00e9,","productkenmerk2":"Cette tisane fra\u00eeche est excellente le matin et parfaite comme base pour un th\u00e9 glac\u00e9 maison,","productkenmerk3":"Menthe et citronnelle cueillies \u00e0 la main dans un seul domaine des Shire Highlands au Malawi,","productkenmerk4":"Infuser 2 grammes de th\u00e9 (2tl) dans 150ml d'eau fra\u00eechement bouillie pendant 5 minutes pour une tasse de th\u00e9 parfaite,","productkenmerk5":"Th\u00e9 de haute qualit\u00e9, jusqu'\u00e0 3-5 moussages, prolonger le temps d'infusion apr\u00e8s plusieurs moussages si n\u00e9cessaire,","productkenmerk6":"\u00c9tain durable au design unique, une vue joyeuse sur la table et dans n'importe quelle cuisine,","productkenmerk7":"Un plaisir pour soi et un cadeau parfait pour les amateurs de th\u00e9,"},"_links":{"self":[{"href":"https:\/\/soolong.com\/fr\/wp-json\/wp\/v2\/product\/40664","targetHints":{"allow":["GET"]}}],"collection":[{"href":"https:\/\/soolong.com\/fr\/wp-json\/wp\/v2\/product"}],"about":[{"href":"https:\/\/soolong.com\/fr\/wp-json\/wp\/v2\/types\/product"}],"replies":[{"embeddable":true,"href":"https:\/\/soolong.com\/fr\/wp-json\/wp\/v2\/comments?post=40664"}],"wp:featuredmedia":[{"embeddable":true,"href":"https:\/\/soolong.com\/fr\/wp-json\/wp\/v2\/media\/16500"}],"wp:attachment":[{"href":"https:\/\/soolong.com\/fr\/wp-json\/wp\/v2\/media?parent=40664"}],"wp:term":[{"taxonomy":"product_cat","embeddable":true,"href":"https:\/\/soolong.com\/fr\/wp-json\/wp\/v2\/product_cat?post=40664"},{"taxonomy":"product_tag","embeddable":true,"href":"https:\/\/soolong.com\/fr\/wp-json\/wp\/v2\/product_tag?post=40664"},{"taxonomy":"giftcard-category","embeddable":true,"href":"https:\/\/soolong.com\/fr\/wp-json\/wp\/v2\/giftcard-category?post=40664"}],"curies":[{"name":"wp","href":"https:\/\/api.w.org\/{rel}","templated":true}]}}