{"id":40617,"date":"2021-12-08T09:23:00","date_gmt":"2021-12-08T08:23:00","guid":{"rendered":"https:\/\/soolong.com\/product\/china-12-see-dynastea\/"},"modified":"2025-06-24T15:34:32","modified_gmt":"2025-06-24T13:34:32","slug":"the-oolong-chine-12-see","status":"publish","type":"product","link":"https:\/\/soolong.com\/fr\/product\/the-oolong-chine-12-see\/","title":{"rendered":"Chine 12 Voir Dynastea"},"content":{"rendered":"<p><strong>Description :<\/strong><\/p>\n<p>Le th\u00e9 Oolong, comme le th\u00e9 noir et le th\u00e9 vert, est une vari\u00e9t\u00e9 de th\u00e9 traditionnelle, mais il y a beaucoup plus \u00e0 d\u00e9couvrir,<\/p>\n<p>Selon le degr\u00e9 d&#8217;oxydation, la saveur des oolongs l\u00e9g\u00e8rement oxyd\u00e9s tend vers le th\u00e9 vert et celle des oolongs fortement oxyd\u00e9s vers le th\u00e9 noir. Vous pouvez imaginer une grande vari\u00e9t\u00e9 entre eux, des caract\u00e8res typiques de noix aux caract\u00e8res d\u00e9licieusement floraux, alors laissez-vous surprendre par la merveilleuse palette de saveurs de nos d\u00e9licieux oolongs,<br \/>\n<strong>Ingr\u00e9dients :<\/strong><\/p>\n<p>Th\u00e9 Oolong oxyd\u00e9 fonc\u00e9*<\/p>\n<p>* Contient de la caf\u00e9ine<\/p>\n<p>&nbsp;<\/p>\n<p><strong>Origine :<\/strong><\/p>\n<p><strong>Origine :<\/strong> Chine<br \/>\n<strong>R\u00e9gion :<\/strong> Wuhan<br \/>\n<strong>Province :<\/strong> Hubei<\/p>\n<p>Ce d\u00e9licieux oolong est originaire de Wuhan, la capitale de la province de Hubei en Chine. Depuis la fin du XVIIe si\u00e8cle, sous la dynastie Qing, Wuhan \u00e9tait le point de d\u00e9part de la route commerciale du th\u00e9 vers la Mongolie. Cette route commerciale \u00e9tait \u00e9galement appel\u00e9e la &#8220;route des chameaux des prairies&#8221; ou la &#8220;route sino-russe du th\u00e9 des dix mille li&#8221; de la Chine moderne. Cette route commerciale est moins connue que la route de la soie, mais elle explique peut-\u00eatre pourquoi Hubei figure aujourd&#8217;hui parmi les trois r\u00e9gions les plus productrices de th\u00e9 en Chine,<\/p>\n<p><strong>Go\u00fbte :<\/strong><\/p>\n<p><strong>Look &amp; Feel :<\/strong> perles de couleur sombre<br \/>\n<strong>Ar\u00f4me :<\/strong> terreux avec un ar\u00f4me de r\u00e2p\u00e9<br \/>\n<strong>Infusion :<\/strong> infusion jaune-brun<br \/>\n<strong>Go\u00fbt :<\/strong> terreux, doux, min\u00e9ral, fruits doux,<\/p>\n<p>Pour les personnes qui aiment un go\u00fbt un peu plus prononc\u00e9,<\/p>\n<p><strong>Conseil de montage :<\/strong><\/p>\n<p>Eau : 100\u00b0C<br \/>\nTh\u00e9 : 2g \/ 1 cuill\u00e8re \u00e0 caf\u00e9 par tasse (150 ml)<br \/>\nInfusion : 2 minutes<\/p>\n<p><strong>Conseil de stockage :<\/strong> Conserver au frais, au sec, \u00e0 la lumi\u00e8re et \u00e0 l&#8217;abri de l&#8217;air,<\/p>\n","protected":false},"excerpt":{"rendered":"<p>Th\u00e9 Oolong<\/p>\n","protected":false},"featured_media":16122,"comment_status":"closed","ping_status":"closed","template":"","meta":{"_acf_changed":false},"product_cat":[589,604,458,204,208,201],"product_tag":[],"giftcard-category":[],"class_list":{"0":"post-40617","1":"product","2":"type-product","3":"status-publish","4":"has-post-thumbnail","6":"product_cat-the-en-gros","7":"product_cat-vendredi-noir","8":"product_cat-the","9":"product_cat-oolong-fr","10":"product_cat-voir","11":"product_cat-chine","13":"first","14":"instock","15":"taxable","16":"shipping-taxable","17":"purchasable","18":"product-type-variable","19":"has-default-attributes"},"acf":{"lijn_nummer":"12","weight":"","wissel":true,"ingredients":"<p>Th\u00e9 Oolong oxyd\u00e9*<\/p>\n<p>* Contient de la caf\u00e9ine<\/p>\n<p>\u00a0<\/p>\n","origin":"<p><strong>Origine :<\/strong> Chine<br \/>\n<strong>R\u00e9gion :<\/strong> Wuhan<br \/>\n<strong>Province :<\/strong> Hubei<\/p>\n<p>Ce d\u00e9licieux oolong provient de Wuhan, la capitale de la province du Hubei en Chine. Depuis la fin du XVIIe si\u00e8cle, sous la dynastie Qing, Wuhan \u00e9tait le point de d\u00e9part de la route commerciale du th\u00e9 vers la Mongolie, Cette route commerciale \u00e9tait \u00e9galement appel\u00e9e \u00ab Route des chameaux des prairies \u00bb ou \u00ab Route du th\u00e9 sino-russe des dix mille lieues \u00bb de la Chine moderne. Cette route commerciale est moins connue que la Route de la soie, mais elle explique peut-\u00eatre pourquoi le Hubei figure aujourd&#8217;hui parmi les trois r\u00e9gions chinoises les plus productrices de th\u00e9,<\/p>\n","tasting_notes":"<p><strong>Aspect et sensation :<\/strong> perles de couleur sombre<br \/>\n<strong>Ar\u00f4me :<\/strong> terreux avec un ar\u00f4me de torr\u00e9faction<br \/>\n<strong>Infusion :<\/strong> infusion jaune-brun<br \/>\n<strong>Go\u00fbt :<\/strong> terreux, sucr\u00e9, min\u00e9ral, fruits doux,<\/p>\n<p>Pour les personnes qui aiment un go\u00fbt l\u00e9g\u00e8rement plus lourd et plus prononc\u00e9,<\/p>\n","zetadvies":"<p><strong>Conseils d&#8217;infusion<\/strong>:<\/p>\n<p>Eau : 100\u00b0C<br \/>\nTh\u00e9 : 2g \/ 1 cuill\u00e8re \u00e0 caf\u00e9 par tasse (150 ml)<br \/>\nInfusion : 2 minutes<\/p>\n<p><strong>Conseils de conservation :<\/strong> Conservez au frais, au sec, \u00e0 la lumi\u00e8re et \u00e0 l&#8217;abri de l&#8217;air,<\/p>\n","new_description":"<p>Le th\u00e9 Oolong, comme le th\u00e9 noir et le th\u00e9 vert, est un type de th\u00e9 traditionnel, mais il y a bien plus \u00e0 d\u00e9couvrir \u00ab Il y a bien plus \u00e0 d\u00e9couvrir \u00bb,<\/p>\n<p>Selon le degr\u00e9 d&#8217;oxydation, le go\u00fbt des oolongs l\u00e9g\u00e8rement oxyd\u00e9s tend vers le th\u00e9 vert et celui des oolongs fortement oxyd\u00e9s vers le th\u00e9 noir, Vous pouvez imaginer une grande vari\u00e9t\u00e9 entre eux, des caract\u00e8res typiques de noix aux caract\u00e8res d\u00e9licieusement floraux, Laissez-vous donc surprendre par la merveilleuse palette d&#8217;ar\u00f4mes de nos d\u00e9licieux oolongs,<\/p>\n","productkenmerk1":"Soolong See Dynastea, no, 12, th\u00e9 chinois oolong oxyd\u00e9 fonc\u00e9, pur et puissant, th\u00e9 en vrac dans une bo\u00eete design durable ou en sachet recharge,","productkenmerk2":"Pour les personnes qui aiment un go\u00fbt de th\u00e9 l\u00e9g\u00e8rement plus prononc\u00e9. Un plaisir pour soi et un cadeau parfait pour les amateurs de th\u00e9,","productkenmerk3":"Un plaisir pour soi et un cadeau original pour les amateurs de th\u00e9,","productkenmerk4":"Infuser 2 grammes de th\u00e9 (1tl) dans 150ml d'eau fra\u00eechement bouillie pendant 2 minutes pour une tasse de th\u00e9 parfaite,","productkenmerk5":"Th\u00e9 de haute qualit\u00e9, jusqu'\u00e0 3-5 moussages, prolonger le temps d'infusion apr\u00e8s plusieurs moussages si n\u00e9cessaire,","productkenmerk6":"\u00c9tain durable au design unique, une vue joyeuse sur la table et dans n'importe quelle cuisine,"},"_links":{"self":[{"href":"https:\/\/soolong.com\/fr\/wp-json\/wp\/v2\/product\/40617","targetHints":{"allow":["GET"]}}],"collection":[{"href":"https:\/\/soolong.com\/fr\/wp-json\/wp\/v2\/product"}],"about":[{"href":"https:\/\/soolong.com\/fr\/wp-json\/wp\/v2\/types\/product"}],"replies":[{"embeddable":true,"href":"https:\/\/soolong.com\/fr\/wp-json\/wp\/v2\/comments?post=40617"}],"wp:featuredmedia":[{"embeddable":true,"href":"https:\/\/soolong.com\/fr\/wp-json\/wp\/v2\/media\/16122"}],"wp:attachment":[{"href":"https:\/\/soolong.com\/fr\/wp-json\/wp\/v2\/media?parent=40617"}],"wp:term":[{"taxonomy":"product_cat","embeddable":true,"href":"https:\/\/soolong.com\/fr\/wp-json\/wp\/v2\/product_cat?post=40617"},{"taxonomy":"product_tag","embeddable":true,"href":"https:\/\/soolong.com\/fr\/wp-json\/wp\/v2\/product_tag?post=40617"},{"taxonomy":"giftcard-category","embeddable":true,"href":"https:\/\/soolong.com\/fr\/wp-json\/wp\/v2\/giftcard-category?post=40617"}],"curies":[{"name":"wp","href":"https:\/\/api.w.org\/{rel}","templated":true}]}}