{"id":42150,"date":"2022-09-09T10:32:13","date_gmt":"2022-09-09T08:32:13","guid":{"rendered":"https:\/\/soolong.com\/page-de-connexion-de-la-vente-en-gros\/"},"modified":"2024-07-12T15:03:07","modified_gmt":"2024-07-12T13:03:07","slug":"page-de-connexion-de-la-vente-en-gros","status":"publish","type":"page","link":"https:\/\/soolong.com\/fr\/page-de-connexion-de-la-vente-en-gros\/","title":{"rendered":"Connexion au commerce de gros"},"content":{"rendered":"\n<h2 class=\"wp-block-heading\" id=\"h-log-in-pagina\">Page de connexion<\/h2>\n\n<p><\/p>\n","protected":false},"excerpt":{"rendered":"<p>Page de connexion<\/p>\n","protected":false},"author":1,"featured_media":0,"parent":0,"menu_order":0,"comment_status":"closed","ping_status":"closed","template":"views\/template-wholesale-login.blade.php","meta":{"_acf_changed":false,"footnotes":""},"class_list":["post-42150","page","type-page","status-publish","hentry"],"acf":{"header_afbeelding":{"ID":77356,"id":77356,"title":"Soolong_header_vacatures_3","filename":"Soolong_header_vacatures_3.png","filesize":1691697,"url":"https:\/\/soolong.com\/wp-content\/uploads\/2023\/01\/Soolong_header_vacatures_3.png","link":"https:\/\/soolong.com\/fr\/travailler-chez\/soolong_header_vacatures_3-2\/","alt":"","author":"1","description":"","caption":"","name":"soolong_header_vacatures_3-2","status":"inherit","uploaded_to":42096,"date":"2023-01-24 10:24:14","modified":"2023-01-24 10:24:14","menu_order":0,"mime_type":"image\/png","type":"image","subtype":"png","icon":"https:\/\/soolong.com\/wp-includes\/images\/media\/default.png","width":2560,"height":607,"sizes":{"thumbnail":"https:\/\/soolong.com\/wp-content\/uploads\/2023\/01\/Soolong_header_vacatures_3-150x150.png","thumbnail-width":150,"thumbnail-height":150,"medium":"https:\/\/soolong.com\/wp-content\/uploads\/2023\/01\/Soolong_header_vacatures_3.png","medium-width":300,"medium-height":71,"medium_large":"https:\/\/soolong.com\/wp-content\/uploads\/2023\/01\/Soolong_header_vacatures_3-768x182.png","medium_large-width":768,"medium_large-height":182,"large":"https:\/\/soolong.com\/wp-content\/uploads\/2023\/01\/Soolong_header_vacatures_3.png","large-width":1024,"large-height":243,"1536x1536":"https:\/\/soolong.com\/wp-content\/uploads\/2023\/01\/Soolong_header_vacatures_3-1536x364.png","1536x1536-width":1536,"1536x1536-height":364,"2048x2048":"https:\/\/soolong.com\/wp-content\/uploads\/2023\/01\/Soolong_header_vacatures_3-2048x486.png","2048x2048-width":2048,"2048x2048-height":486,"soolong-thumb":"https:\/\/soolong.com\/wp-content\/uploads\/2023\/01\/Soolong_header_vacatures_3-600x142.png","soolong-thumb-width":600,"soolong-thumb-height":142,"gform-image-choice-sm":"https:\/\/soolong.com\/wp-content\/uploads\/2023\/01\/Soolong_header_vacatures_3.png","gform-image-choice-sm-width":300,"gform-image-choice-sm-height":71,"gform-image-choice-md":"https:\/\/soolong.com\/wp-content\/uploads\/2023\/01\/Soolong_header_vacatures_3.png","gform-image-choice-md-width":400,"gform-image-choice-md-height":95,"gform-image-choice-lg":"https:\/\/soolong.com\/wp-content\/uploads\/2023\/01\/Soolong_header_vacatures_3.png","gform-image-choice-lg-width":600,"gform-image-choice-lg-height":142,"woocommerce_thumbnail":"https:\/\/soolong.com\/wp-content\/uploads\/2023\/01\/Soolong_header_vacatures_3-300x300.png","woocommerce_thumbnail-width":300,"woocommerce_thumbnail-height":300,"woocommerce_single":"https:\/\/soolong.com\/wp-content\/uploads\/2023\/01\/Soolong_header_vacatures_3-600x142.png","woocommerce_single-width":600,"woocommerce_single-height":142,"woocommerce_gallery_thumbnail":"https:\/\/soolong.com\/wp-content\/uploads\/2023\/01\/Soolong_header_vacatures_3-100x100.png","woocommerce_gallery_thumbnail-width":100,"woocommerce_gallery_thumbnail-height":100,"dgwt-wcas-product-suggestion":"https:\/\/soolong.com\/wp-content\/uploads\/2023\/01\/Soolong_header_vacatures_3-64x15.png","dgwt-wcas-product-suggestion-width":64,"dgwt-wcas-product-suggestion-height":15}},"introtekst":"<p>Bienvenue sur le site de Soolong Wholesale\/Wholesale pour le commerce de d\u00e9tail, l&#8217;h\u00f4tellerie et le B2B.<\/p>\n<p>Si vous avez d\u00e9j\u00e0 un login, entrez-le \u00e0 gauche. Sinon, vous pouvez vous inscrire \u00e0 droite.<\/p>\n"},"_links":{"self":[{"href":"https:\/\/soolong.com\/fr\/wp-json\/wp\/v2\/pages\/42150","targetHints":{"allow":["GET"]}}],"collection":[{"href":"https:\/\/soolong.com\/fr\/wp-json\/wp\/v2\/pages"}],"about":[{"href":"https:\/\/soolong.com\/fr\/wp-json\/wp\/v2\/types\/page"}],"author":[{"embeddable":true,"href":"https:\/\/soolong.com\/fr\/wp-json\/wp\/v2\/users\/1"}],"replies":[{"embeddable":true,"href":"https:\/\/soolong.com\/fr\/wp-json\/wp\/v2\/comments?post=42150"}],"version-history":[{"count":8,"href":"https:\/\/soolong.com\/fr\/wp-json\/wp\/v2\/pages\/42150\/revisions"}],"predecessor-version":[{"id":83096,"href":"https:\/\/soolong.com\/fr\/wp-json\/wp\/v2\/pages\/42150\/revisions\/83096"}],"wp:attachment":[{"href":"https:\/\/soolong.com\/fr\/wp-json\/wp\/v2\/media?parent=42150"}],"curies":[{"name":"wp","href":"https:\/\/api.w.org\/{rel}","templated":true}]}}