{"id":42037,"date":"2021-12-13T11:45:05","date_gmt":"2021-12-13T10:45:05","guid":{"rendered":"https:\/\/soolong.com\/a-propos-de-soolong\/"},"modified":"2023-03-23T14:35:08","modified_gmt":"2023-03-23T13:35:08","slug":"a-propos-de-soolong","status":"publish","type":"page","link":"https:\/\/soolong.com\/fr\/a-propos-de-soolong\/","title":{"rendered":"\u00c0 propos de Soolong"},"content":{"rendered":"<section class=\"switch pt-0\">\n<div class=\"switch__top text-center container-small py-5\">\n<h2><b>Bienvenue<\/b> dans le monde de <b>Soolong<\/b><\/h2><p><strong><em>La vie est un voyage&#8230;<\/em><\/strong><\/p>\n<p>Tout a commenc\u00e9 dans le magnifique et lointain Sri Lanka. En regardant le rocher Sigirya, il y a eu un moment de contemplation. Pas de maison, pas de voiture, pas de meubles, pas de travail&#8230; pas de certitudes. Chacun son truc. Profiter intens\u00e9ment de la paix, de la libert\u00e9 et de toute la beaut\u00e9 qui nous entoure. Ceci combin\u00e9 aux d\u00e9licieux parfums et saveurs de la terre. Une aventure, une exp\u00e9rience inoubliable et le d\u00e9but d&#8217;un nouveau mode de vie.<\/p>\n<\/div>\n\n\n<div class=\"switch__item d-lg-flex flex-row-reverse\">\n    <div class=\"switch__image\" style=\"background-image: url(https:\/\/soolong.com\/wp-content\/uploads\/2021\/11\/32D3D60D-3153-49D0-AD4D-C122E53DB2C0-kopieren-e1633950895434.jpeg)\">\n\n    <\/div>\n    <div class=\"switch__content\">\n        <div class=\"switch__content--inner\">\n            <h3>Notre voyage est notre destin<\/h3>\n            <p>Nous aimerions partager cela avec le monde qui nous entoure.<\/p>\n<p>Soolong est un mode de vie conscient. Pour toi et ceux qui t&#8217;entourent. Mais aussi de d\u00e9couvrir de nouvelles exp\u00e9riences et de connecter les odeurs et les go\u00fbts. \u00c0 propos de l&#8217;appr\u00e9ciation. Parce qu&#8217;\u00e0 l&#8217;\u00e9poque actuelle, nous oublions parfois cela ; profite. Dans l&#8217;illusion du jour, les jours, les mois et m\u00eame les ann\u00e9es passent \u00e0 toute vitesse.<\/p>\n<p><strong>Quand un \u00e9v\u00e9nement de la vie ajuste ta boussole de vie<\/strong><\/p>\n<p>Mais parfois, il se passe quelque chose dans ta vie qui te pousse \u00e0 faire des choix diff\u00e9rents. Tu r\u00e9alises soudain qu&#8217;il est pr\u00e9f\u00e9rable de regretter les choses que tu as faites, plut\u00f4t que celles que tu n&#8217;as pas faites. Ou veux toujours le faire ! \u00catre totalement en accord avec toi-m\u00eame, suivre ton c\u0153ur et ne plus jamais rien remettre \u00e0 plus tard. Et le plus pr\u00e9cieux&#8230;. Trouver un sens profond de ce que tu veux faire pour ce monde.<\/p>\n<p>Si nous partons du principe, pour une fois, que nous ne pouvons rien emporter avec nous&#8230; alors il serait peut-\u00eatre pr\u00e9f\u00e9rable de regarder ce que nous pouvons donner et laisser derri\u00e8re nous. C&#8217;est devenu notre mission de donner quelque chose en retour au monde, en inspirant les gens. Pour ouvrir les yeux sur tous les beaux endroits que le monde a \u00e0 offrir, d\u00e9couvrir de nouvelles saveurs et profiter de la vie.<\/p>\n<p>Notre voyage autour du monde, au sens propre et figur\u00e9, a commenc\u00e9 au Sri Lanka. Un pays magnifique, avec une cuisine d\u00e9licieuse et des gens incroyablement adorables. Une rencontre spontan\u00e9e avec deux Sri Lankais a d\u00e9g\u00e9n\u00e9r\u00e9 en une amiti\u00e9 de plusieurs ann\u00e9es et une passion intense pour le th\u00e9. C&#8217;est ainsi qu&#8217;est n\u00e9 le premier pas vers &#8216;Soolong&#8217;.<\/p>\n\n                    <\/div>\n    <\/div>\n<\/div>\n\n<div class=\"switch__item d-lg-flex flex-row\">\n    <div class=\"switch__image\" style=\"background-image: url(https:\/\/soolong.com\/wp-content\/uploads\/2021\/11\/32D3D60D-3153-49D0-AD4D-C122E53DB2C0-kopieren-e1633950895434.jpeg)\">\n\n    <\/div>\n    <div class=\"switch__content\">\n        <div class=\"switch__content--inner\">\n            <h3>Parce qu&#8217;il y a tellement plus \u00e0 sentir, voir, go\u00fbter et appr\u00e9cier !<\/h3>\n            <p>&#8216;Soolong&#8217; ne signifie pas seulement &#8216;au revoir&#8217;, oolong est aussi une d\u00e9licieuse vari\u00e9t\u00e9 de th\u00e9 que beaucoup de gens ne connaissent pas encore. Pour nous, cela signifie donc &#8220;d\u00e9couvrir quelque chose de nouveau&#8221;. Ceci, ainsi que la mission de notre vie &#8220;redonner de l&#8217;\u00e9nergie positive au monde&#8221;, se refl\u00e8te dans nos quatre lignes de produits :<\/p>\n<p><a href=\"https:\/\/soolong.com\/fr\/tellement-plus-a-sentir\/\"><br \/>\n  <strong>Sense<\/strong><br \/>\n<\/a>. Vivre consciemment, pour toi et ceux qui t&#8217;entourent, parce qu&#8217;il y a &#8220;tellement plus \u00e0 sentir&#8221;.<\/p>\n<p><a href=\"https:\/\/soolong.com\/fr\/tant-de-choses-a-voir\/\"><br \/>\n  <strong>Voir<\/strong><br \/>\n<\/a>. \u00catre ouvert \u00e0 la d\u00e9couverte de quelque chose de nouveau, parce qu&#8217;il y a &#8220;tellement plus \u00e0 voir&#8221;.<\/p>\n<p><a href=\"https:\/\/soolong.com\/fr\/tant-de-choses-a-gouter\/\"><br \/>\n  <strong>Go\u00fbter<\/strong><br \/>\n<\/a>. Relier les parfums et les saveurs, parce qu&#8217;il y a &#8220;tellement plus \u00e0 go\u00fbter&#8221;.<\/p>\n<p><a href=\"https:\/\/soolong.com\/fr\/tant-de-choses-a-apprecier\/\"><br \/>\n  <strong>Profite de<\/strong><br \/>\n<\/a>. Profite de la vie, parce qu&#8217;il y a &#8220;tellement plus \u00e0 profiter&#8221;.<\/p>\n<p>En plus de nos quatre lignes de produits, nous voulons aussi donner quelque chose en retour au monde avec&#8230; <a href=\"https:\/\/soolong.com\/fr\/aide-1to1\/\"><br \/>\n  <strong>Aide de la Fondation 1 \u00e0 1<\/strong><br \/>\n<\/a>. Une fondation \u00e0 laquelle nous reversons une partie de nos ventes pour soutenir de bonnes causes dans le pays d&#8217;origine. D\u00e8s que tu bois notre th\u00e9, tu contribues automatiquement \u00e0 la mission collective de donner quelque chose en retour au monde.<\/p>\n<p>Ce n&#8217;est qu&#8217;ensemble que nous ferons la diff\u00e9rence ! Alors, profites-en.<\/p>\n<p>Soolong,<\/p>\n<p>Emiel &amp; Nicoline<\/p>\n<p>(Fondateurs)<\/p>\n\n                    <\/div>\n    <\/div>\n<\/div>\n\n\n\n<\/section>\n\n","protected":false},"excerpt":{"rendered":"","protected":false},"author":1,"featured_media":8797,"parent":0,"menu_order":0,"comment_status":"closed","ping_status":"closed","template":"views\/template-content.blade.php","meta":{"_acf_changed":false,"footnotes":""},"class_list":["post-42037","page","type-page","status-publish","has-post-thumbnail","hentry"],"acf":{"samenvatting":null},"_links":{"self":[{"href":"https:\/\/soolong.com\/fr\/wp-json\/wp\/v2\/pages\/42037","targetHints":{"allow":["GET"]}}],"collection":[{"href":"https:\/\/soolong.com\/fr\/wp-json\/wp\/v2\/pages"}],"about":[{"href":"https:\/\/soolong.com\/fr\/wp-json\/wp\/v2\/types\/page"}],"author":[{"embeddable":true,"href":"https:\/\/soolong.com\/fr\/wp-json\/wp\/v2\/users\/1"}],"replies":[{"embeddable":true,"href":"https:\/\/soolong.com\/fr\/wp-json\/wp\/v2\/comments?post=42037"}],"version-history":[{"count":2,"href":"https:\/\/soolong.com\/fr\/wp-json\/wp\/v2\/pages\/42037\/revisions"}],"predecessor-version":[{"id":78385,"href":"https:\/\/soolong.com\/fr\/wp-json\/wp\/v2\/pages\/42037\/revisions\/78385"}],"wp:featuredmedia":[{"embeddable":true,"href":"https:\/\/soolong.com\/fr\/wp-json\/wp\/v2\/media\/8797"}],"wp:attachment":[{"href":"https:\/\/soolong.com\/fr\/wp-json\/wp\/v2\/media?parent=42037"}],"curies":[{"name":"wp","href":"https:\/\/api.w.org\/{rel}","templated":true}]}}