{"id":41962,"date":"2021-12-09T10:55:58","date_gmt":"2021-12-09T09:55:58","guid":{"rendered":"https:\/\/soolong.com\/livraison\/"},"modified":"2022-10-26T08:39:50","modified_gmt":"2022-10-26T06:39:50","slug":"livraison","status":"publish","type":"page","link":"https:\/\/soolong.com\/fr\/livraison\/","title":{"rendered":"Livraison"},"content":{"rendered":"\n<h3 class=\"wp-block-heading\">FRAIS D&#8217;EXP\u00c9DITION ET D\u00c9LAI DE LIVRAISON<\/h3>\n\n<p>Le tableau ci-dessous indique les frais d&#8217;exp\u00e9dition pour chaque pays.<\/p>\n\n<figure class=\"wp-block-table\"><table><tbody><tr><td><strong>Pays<\/strong><\/td><td><strong>M\u00e9thodes d&#8217;exp\u00e9dition<\/strong><\/td><td><strong>Frais d&#8217;exp\u00e9dition sup\u00e9rieurs \u00e0 35 \u20ac.<\/strong><\/td><td><strong>Frais d&#8217;exp\u00e9dition inf\u00e9rieurs \u00e0 35 \u20ac.<\/strong> <\/td><td><strong>Renvoie \u00e0<\/strong><\/td><td><strong>D\u00e9lai de livraison estim\u00e9<\/strong><\/td><\/tr><tr><td><meta charset=\"utf-8\"\/>Pays-Bas<\/td><td><meta charset=\"utf-8\"\/>DHL<\/td><td><meta charset=\"utf-8\"\/>Gratuit<\/td><td><meta charset=\"utf-8\"\/>\u20ac 4,50<\/td><td><meta charset=\"utf-8\"\/>Gratuit<\/td><td><meta charset=\"utf-8\"\/>1-2 jours (ouvrables)<\/td><\/tr><tr><td>Belgique<\/td><td>DHL<\/td><td>Gratuit<\/td><td>\u20ac 5,99<\/td><td>Gratuit<\/td><td>2-3 jours (ouvrables)<\/td><\/tr><tr><td>Allemagne<\/td><td>DHL<\/td><td>Gratuit<\/td><td>\u20ac 5,99<\/td><td>Gratuit<\/td><td>2-3 jours (ouvrables)<\/td><\/tr><tr><td>Autres pays :  <\/td><td>sur demande<\/td><td>sur demande<\/td><td>sur demande<\/td><td>sur demande<\/td><td>sur demande<\/td><\/tr><\/tbody><\/table><\/figure>\n\n<h3 class=\"wp-block-heading\">PAS LA MAISON<\/h3>\n\n<p>Tu n&#8217;es pas chez toi quand ta commande est livr\u00e9e ? DHL laissera un avis d&#8217;enl\u00e8vement dans ta bo\u00eete aux lettres. Sauvegarde ce message de ramassage. Pas de mot dans la bo\u00eete aux lettres ? L&#8217;emplacement peut \u00eatre d\u00e9couvert \u00e0 partir de ton code track &amp; trace.  <\/p>\n\n<h3 class=\"wp-block-heading\">COMMANDE NON DISPONIBLE<\/h3>\n\n<p>Nous contr\u00f4lons soigneusement notre gamme de produits en ligne. Malheureusement, dans des cas exceptionnels, il peut arriver qu&#8217;un produit soit en rupture de stock pendant que la commande est en cours de traitement. Si un article n&#8217;est pas disponible de mani\u00e8re inattendue, nous t&#8217;en informerons et nous te rembourserons le montant pay\u00e9 dans les 14 jours et ajusterons ta facture.  <\/p>\n","protected":false},"excerpt":{"rendered":"<p>FRAIS D&#8217;EXP\u00c9DITION ET D\u00c9LAI DE LIVRAISON Le tableau ci-dessous indique les frais d&#8217;exp\u00e9dition pour chaque pays. Pays M\u00e9thodes d&#8217;exp\u00e9dition Frais d&#8217;exp\u00e9dition sup\u00e9rieurs \u00e0 35 \u20ac. Frais d&#8217;exp\u00e9dition inf\u00e9rieurs \u00e0 35 \u20ac. Renvoie \u00e0 D\u00e9lai de livraison estim\u00e9 Pays-Bas DHL Gratuit \u20ac 4,50 Gratuit 1-2 jours (ouvrables) Belgique DHL Gratuit \u20ac 5,99 Gratuit 2-3 jours (ouvrables)&#8230;<\/p>\n","protected":false},"author":1,"featured_media":0,"parent":0,"menu_order":0,"comment_status":"closed","ping_status":"closed","template":"views\/template-content.blade.php","meta":{"_acf_changed":false,"footnotes":""},"class_list":["post-41962","page","type-page","status-publish","hentry"],"acf":{"samenvatting":null},"_links":{"self":[{"href":"https:\/\/soolong.com\/fr\/wp-json\/wp\/v2\/pages\/41962","targetHints":{"allow":["GET"]}}],"collection":[{"href":"https:\/\/soolong.com\/fr\/wp-json\/wp\/v2\/pages"}],"about":[{"href":"https:\/\/soolong.com\/fr\/wp-json\/wp\/v2\/types\/page"}],"author":[{"embeddable":true,"href":"https:\/\/soolong.com\/fr\/wp-json\/wp\/v2\/users\/1"}],"replies":[{"embeddable":true,"href":"https:\/\/soolong.com\/fr\/wp-json\/wp\/v2\/comments?post=41962"}],"version-history":[{"count":1,"href":"https:\/\/soolong.com\/fr\/wp-json\/wp\/v2\/pages\/41962\/revisions"}],"predecessor-version":[{"id":41973,"href":"https:\/\/soolong.com\/fr\/wp-json\/wp\/v2\/pages\/41962\/revisions\/41973"}],"wp:attachment":[{"href":"https:\/\/soolong.com\/fr\/wp-json\/wp\/v2\/media?parent=41962"}],"curies":[{"name":"wp","href":"https:\/\/api.w.org\/{rel}","templated":true}]}}