{"id":86598,"date":"2023-12-22T12:06:36","date_gmt":"2023-12-22T11:06:36","guid":{"rendered":"https:\/\/soolong.com\/product\/geschenkgutschein-2\/"},"modified":"2025-06-11T10:20:48","modified_gmt":"2025-06-11T08:20:48","slug":"geschenkgutschein-2","status":"publish","type":"product","link":"https:\/\/soolong.com\/de\/product\/geschenkgutschein-2\/","title":{"rendered":"Soolong Digitale Geschenkkarte"},"content":{"rendered":"<p><strong>Gutschein \u20ac15-\u20ac100 per E-Mail.<\/strong><\/p>\n<p><strong>Das perfekte Last-Minute-Geschenk f\u00fcr jeden Anlass!<\/strong><\/p>\n<p>Sie suchen das perfekte Geschenk, k\u00f6nnen sich aber nicht entscheiden oder haben vergessen zu bestellen? Keine Sorge, die Soolong Geschenkkarte ist die L\u00f6sung. Dieser digitale Gutschein bietet Auswahl und Spa\u00df f\u00fcr M\u00e4nner und Frauen, Jung und Alt. Egal, ob der Beschenkte ein begeisterter Teetrinker, ein Kaffeekenner oder ein Liebhaber unseres einzigartigen T-Vino ist, mit einer Soolong-Geschenkkarte verschenken Sie immer etwas Besonderes.<\/p>\n<p><strong>Einfach und schnell: Ihre digitale Geschenkkarte innerhalb einer halben Stunde per Post!<\/strong><\/p>\n<p>W\u00e4hlen Sie einfach den gew\u00fcnschten Betrag (\u20ac15 &#8211; \u20ac100) f\u00fcr Ihre Geschenkkarte, legen Sie sie in den Warenkorb und personalisieren Sie Ihr Geschenk mit einer liebevollen Nachricht (optional). Innerhalb von nur einer halben Stunde nach dem Kauf erhalten Sie den Geschenkgutschein in Ihrem Briefkasten, bereit, Sie zu \u00fcberraschen oder zu benutzen!<\/p>\n<p><strong>Pers\u00f6nlichkeit hinzugef\u00fcgt:<\/strong><\/p>\n<p>Verleihen Sie Ihrer Geschenkkarte eine ganz pers\u00f6nliche Note, indem Sie einen pers\u00f6nlichen Text hinzuf\u00fcgen (bis zu 150 Zeichen).<\/p>\n<p><strong>Ben\u00f6tigen Sie gr\u00f6\u00dfere Zahlen?<\/strong><\/p>\n<p>Sie k\u00f6nnen die Anzahl der Geschenkkarten in Ihrem Warenkorb schnell und einfach anpassen, wenn Sie mehrere gl\u00fcckliche Empf\u00e4nger haben.<\/p>\n<p><strong>Zahlung und Lieferung:<\/strong><\/p>\n<ul>\n<li>Die Geschenkkarte wird nach dem Kauf und dem Ablauf der Widerrufsfrist erstellt.<\/li>\n<li>Der Geschenkgutschein wird Ihnen innerhalb von 30 Minuten per E-Mail zugeschickt.<\/li>\n<li>In seltenen F\u00e4llen kann es zu einer Verz\u00f6gerung beim Herunterladen der Geschenkkarte kommen. Sollten Sie Ihre Geschenkkarte nach 24 Stunden noch nicht erhalten haben, wenden Sie sich bitte an unseren Kundenservice.<\/li>\n<\/ul>\n<p>Mit einem Soolong-Geschenkgutschein schenken Sie mehr als nur ein Geschenk; Sie teilen eine Welt des Geschmacks und der Qualit\u00e4t mit &#8220;jemand Besonderem&#8221;.<\/p>\n<p class=\"p1\">\n","protected":false},"excerpt":{"rendered":"<p>Soolong-Gutschein \u20ac15-\u20ac100 per E-Mail. Das perfekte Last-Minute-Geschenk f\u00fcr jeden Anlass!<\/p>\n","protected":false},"featured_media":88663,"comment_status":"closed","ping_status":"closed","template":"","meta":{"_acf_changed":false},"product_cat":[772,356,632],"product_tag":[],"giftcard-category":[],"class_list":{"0":"post-86598","1":"product","2":"type-product","3":"status-publish","4":"has-post-thumbnail","6":"product_cat-geschenkpakete","7":"product_cat-geschenke","8":"product_cat-uncategorized-de-2","10":"first","11":"instock","12":"featured","13":"virtual","14":"product-type-gift-card"},"acf":{"lijn_nummer":"","weight":"","wissel":true,"new_description":"<p><strong>Gutschein \u20ac15-\u20ac100 per E-Mail.<\/strong><\/p>\n<p><strong>Das perfekte Last-Minute-Geschenk f\u00fcr jeden Anlass!<\/strong><\/p>\n<p>Sie suchen das perfekte Geschenk, k\u00f6nnen sich aber nicht entscheiden oder haben vergessen zu bestellen? Keine Sorge, die Soolong Geschenkkarte ist die L\u00f6sung. Dieser digitale Gutschein bietet Auswahl und Spa\u00df f\u00fcr M\u00e4nner und Frauen, Jung und Alt. Egal, ob der Beschenkte ein begeisterter Teetrinker, ein Kaffeekenner oder ein Liebhaber unseres einzigartigen T-Vino ist, mit einer Soolong-Geschenkkarte verschenken Sie immer etwas Besonderes.<\/p>\n<p><strong>Einfach und schnell: Ihre digitale Geschenkkarte innerhalb einer halben Stunde per Post!<\/strong><\/p>\n<p>W\u00e4hlen Sie einfach den gew\u00fcnschten Betrag (\u20ac15 &#8211; \u20ac100) f\u00fcr Ihre Geschenkkarte, legen Sie sie in den Warenkorb und personalisieren Sie Ihr Geschenk mit einer liebevollen Nachricht (optional). Innerhalb von nur einer halben Stunde nach dem Kauf erhalten Sie den Geschenkgutschein in Ihrem Briefkasten, bereit, Sie zu \u00fcberraschen oder zu benutzen!<\/p>\n<p><strong>Personality hinzugef\u00fcgt:<\/strong><\/p>\n<p>Verleihen Sie Ihrer Geschenkkarte eine ganz pers\u00f6nliche Note, indem Sie einen pers\u00f6nlichen Text hinzuf\u00fcgen (bis zu 150 Zeichen).<\/p>\n<p><strong>Ben\u00f6tigen Sie gr\u00f6\u00dfere Mengen?<\/strong><\/p>\n<p>Sie k\u00f6nnen die Anzahl der Geschenkkarten in Ihrem Warenkorb schnell und einfach anpassen, wenn Sie mehrere gl\u00fcckliche Empf\u00e4nger haben.<\/p>\n<p><strong>Zahlung und Lieferung:<\/strong><\/p>\n<ul>\n<li>Die Geschenkkarte wird nach dem Kauf und dem Ablauf der Widerrufsfrist erstellt.<\/li>\n<li>Der Geschenkgutschein wird Ihnen innerhalb von 30 Minuten per E-Mail zugeschickt.<\/li>\n<li>In seltenen F\u00e4llen kann es zu einer Verz\u00f6gerung beim Herunterladen der Geschenkkarte kommen. Sollten Sie Ihre Geschenkkarte nach 24 Stunden noch nicht erhalten haben, wenden Sie sich bitte an unseren Kundenservice.<\/li>\n<\/ul>\n<p>Mit einem Soolong-Geschenkgutschein schenken Sie mehr als nur ein Geschenk; Sie teilen eine Welt des Geschmacks und der Qualit\u00e4t mit &#8220;jemand Besonderem&#8221;.<\/p>\n","productkenmerk1":"Soolong digitale Geschenkkarte \u20ac15-\u20ac100","productkenmerk2":"Das perfekte Last-Minute-Geschenk f\u00fcr jeden Anlass! Innerhalb einer halben Stunde erhalten Sie den Soolong-Geschenkgutschein per E-Mail.","productkenmerk3":"Mit einem Soolong-Geschenkgutschein schenken Sie mehr als nur ein Geschenk; Sie teilen eine Welt des Geschmacks und der Qualit\u00e4t mit \"jemand Besonderem\".","marktplaatstitel1":"Digitale Soolong-Geschenkkarte","marktplaatstitel2":"Soolong digitaler Gutschein","marktplaatstitel3":"Soolong digitaler Geschenkgutschein"},"_links":{"self":[{"href":"https:\/\/soolong.com\/de\/wp-json\/wp\/v2\/product\/86598","targetHints":{"allow":["GET"]}}],"collection":[{"href":"https:\/\/soolong.com\/de\/wp-json\/wp\/v2\/product"}],"about":[{"href":"https:\/\/soolong.com\/de\/wp-json\/wp\/v2\/types\/product"}],"replies":[{"embeddable":true,"href":"https:\/\/soolong.com\/de\/wp-json\/wp\/v2\/comments?post=86598"}],"wp:featuredmedia":[{"embeddable":true,"href":"https:\/\/soolong.com\/de\/wp-json\/wp\/v2\/media\/88663"}],"wp:attachment":[{"href":"https:\/\/soolong.com\/de\/wp-json\/wp\/v2\/media?parent=86598"}],"wp:term":[{"taxonomy":"product_cat","embeddable":true,"href":"https:\/\/soolong.com\/de\/wp-json\/wp\/v2\/product_cat?post=86598"},{"taxonomy":"product_tag","embeddable":true,"href":"https:\/\/soolong.com\/de\/wp-json\/wp\/v2\/product_tag?post=86598"},{"taxonomy":"giftcard-category","embeddable":true,"href":"https:\/\/soolong.com\/de\/wp-json\/wp\/v2\/giftcard-category?post=86598"}],"curies":[{"name":"wp","href":"https:\/\/api.w.org\/{rel}","templated":true}]}}