{"id":85883,"date":"2023-12-15T09:28:49","date_gmt":"2023-12-15T08:28:49","guid":{"rendered":"https:\/\/soolong.com\/product\/geschenkgutschein\/"},"modified":"2025-06-11T10:52:36","modified_gmt":"2025-06-11T08:52:36","slug":"geschenkgutschein","status":"publish","type":"product","link":"https:\/\/soolong.com\/de\/product\/geschenkgutschein\/","title":{"rendered":"Soolong Geschenkkarte"},"content":{"rendered":"<p><strong>Gutschein \u20ac15-\u20ac100 in Geschenkbox.  <\/strong><strong>Das perfekte Geschenk f\u00fcr jede Gelegenheit!<\/strong><\/p>\n<p>Sie suchen das perfekte Geschenk und haben die Qual der Wahl? Keine Sorge, die Soolong Geschenkkarte ist die L\u00f6sung. Dieser Gutschein bietet Auswahl und Spa\u00df f\u00fcr M\u00e4nner und Frauen, Jung und Alt. Ob der Beschenkte ein begeisterter Teetrinker, ein Kaffeekenner oder ein Liebhaber unseres einzigartigen T-Vino ist, mit einer Soolong-Geschenkkarte schenken Sie immer etwas Besonderes.<\/p>\n<p>W\u00e4hlen Sie einfach den gew\u00fcnschten Betrag (\u20ac15 &#8211; \u20ac100) f\u00fcr Ihre Geschenkkarte aus, legen Sie sie in den Warenkorb und personalisieren Sie Ihr Geschenk mit einer liebevollen Nachricht (optional &#8211; bis zu maximal 150 Zeichen).<\/p>\n<p>Bereit zum \u00dcberraschen oder Benutzen!<\/p>\n<p><strong>Ben\u00f6tigen Sie gr\u00f6\u00dfere Mengen?<\/strong><\/p>\n<p>Sie k\u00f6nnen die Anzahl der Geschenkkarten in Ihrem Warenkorb schnell und einfach anpassen, wenn Sie mehrere gl\u00fcckliche Empf\u00e4nger haben.<\/p>\n<p>Mit einem Soolong-Geschenkgutschein schenken Sie mehr als nur ein Geschenk; Sie teilen eine Welt des Geschmacks und der Qualit\u00e4t mit &#8220;jemand Besonderem&#8221;.<\/p>\n<p class=\"p1\">\n","protected":false},"excerpt":{"rendered":"<p>Soolong-Gutschein \u20ac15-\u20ac100 in Geschenkbox. Das perfekte Geschenk f\u00fcr jede Gelegenheit!<\/p>\n<p>&nbsp;<\/p>\n","protected":false},"featured_media":88672,"comment_status":"closed","ping_status":"closed","template":"","meta":{"_acf_changed":false},"product_cat":[772,356,632],"product_tag":[],"giftcard-category":[],"class_list":{"0":"post-85883","1":"product","2":"type-product","3":"status-publish","4":"has-post-thumbnail","6":"product_cat-geschenkpakete","7":"product_cat-geschenke","8":"product_cat-uncategorized-de-2","10":"first","11":"instock","12":"product-type-gift-card"},"acf":{"lijn_nummer":"","weight":"","wissel":true,"new_description":"<p><strong>Gutschein \u20ac15-\u20ac100 in Geschenkbox.  <\/strong><strong>Das perfekte Geschenk f\u00fcr jede Gelegenheit!<\/strong><\/p>\n<p>Sie suchen das perfekte Geschenk und haben die Qual der Wahl? Keine Sorge, die Soolong Geschenkkarte ist die L\u00f6sung. Dieser Gutschein bietet Auswahl und Spa\u00df f\u00fcr M\u00e4nner und Frauen, Jung und Alt. Ob der Beschenkte ein begeisterter Teetrinker, ein Kaffeekenner oder ein Liebhaber unseres einzigartigen T-Vino ist, mit einer Soolong-Geschenkkarte schenken Sie immer etwas Besonderes.<\/p>\n<p>W\u00e4hlen Sie einfach den gew\u00fcnschten Betrag (\u20ac15 &#8211; \u20ac100) f\u00fcr Ihre Geschenkkarte aus, legen Sie sie in den Warenkorb und personalisieren Sie Ihr Geschenk mit einer liebevollen Nachricht (optional &#8211; bis zu maximal 150 Zeichen).<\/p>\n<p>Bereit zum \u00dcberraschen oder Benutzen!<\/p>\n<p><strong>Ben\u00f6tigen Sie gr\u00f6\u00dfere Mengen?<\/strong><\/p>\n<p>Sie k\u00f6nnen die Anzahl der Geschenkkarten in Ihrem Warenkorb schnell und einfach anpassen, wenn Sie mehrere gl\u00fcckliche Empf\u00e4nger haben.<\/p>\n<p>Mit einem Soolong-Geschenkgutschein schenken Sie mehr als nur ein Geschenk; Sie teilen eine Welt des Geschmacks und der Qualit\u00e4t mit &#8220;jemand Besonderem&#8221;.<\/p>\n","productkenmerk1":"Gutschein \u20ac15-\u20ac100 in Geschenkbox. Das perfekte Geschenk f\u00fcr jede Gelegenheit!","productkenmerk2":"Ob der Beschenkte ein begeisterter Teetrinker, ein Kaffeekenner oder ein Liebhaber unseres einzigartigen T-Vino ist, mit einer Soolong-Geschenkkarte schenken Sie immer etwas Besonderes.","productkenmerk3":"Sie k\u00f6nnen Ihr Geschenk ganz einfach mit einer liebevollen Botschaft personalisieren.","productkenmerk4":"Mit einem Soolong-Geschenkgutschein schenken Sie mehr als nur ein Geschenk; Sie teilen eine Welt des Geschmacks und der Qualit\u00e4t mit \"jemand Besonderem\"."},"_links":{"self":[{"href":"https:\/\/soolong.com\/de\/wp-json\/wp\/v2\/product\/85883","targetHints":{"allow":["GET"]}}],"collection":[{"href":"https:\/\/soolong.com\/de\/wp-json\/wp\/v2\/product"}],"about":[{"href":"https:\/\/soolong.com\/de\/wp-json\/wp\/v2\/types\/product"}],"replies":[{"embeddable":true,"href":"https:\/\/soolong.com\/de\/wp-json\/wp\/v2\/comments?post=85883"}],"wp:featuredmedia":[{"embeddable":true,"href":"https:\/\/soolong.com\/de\/wp-json\/wp\/v2\/media\/88672"}],"wp:attachment":[{"href":"https:\/\/soolong.com\/de\/wp-json\/wp\/v2\/media?parent=85883"}],"wp:term":[{"taxonomy":"product_cat","embeddable":true,"href":"https:\/\/soolong.com\/de\/wp-json\/wp\/v2\/product_cat?post=85883"},{"taxonomy":"product_tag","embeddable":true,"href":"https:\/\/soolong.com\/de\/wp-json\/wp\/v2\/product_tag?post=85883"},{"taxonomy":"giftcard-category","embeddable":true,"href":"https:\/\/soolong.com\/de\/wp-json\/wp\/v2\/giftcard-category?post=85883"}],"curies":[{"name":"wp","href":"https:\/\/api.w.org\/{rel}","templated":true}]}}