{"id":85486,"date":"2023-12-08T14:17:00","date_gmt":"2023-12-08T13:17:00","guid":{"rendered":"https:\/\/soolong.com\/product\/soolong-weihnachtspaket-luxus-verkostung-exklusiver-koestlichkeiten-brunch-box-zum-teilen\/"},"modified":"2025-06-10T16:05:25","modified_gmt":"2025-06-10T14:05:25","slug":"soolong-weihnachtspaket-luxus-verkostung-exklusiver-koestlichkeiten-brunch-box-zum-teilen","status":"publish","type":"product","link":"https:\/\/soolong.com\/de\/product\/soolong-weihnachtspaket-luxus-verkostung-exklusiver-koestlichkeiten-brunch-box-zum-teilen\/","title":{"rendered":"Soolong-Paket Luxusverkostung Exklusive K\u00f6stlichkeiten &#8220;Brunch-Box zum Teilen&#8221;"},"content":{"rendered":"<p>Soo viel mehr zu geben<\/p>\n<p>Verw\u00f6hnen Sie sich, Ihre Lieben und Ihre Verwandten mit einer luxuri\u00f6sen Verkostung, einem wahren Fest f\u00fcr die Sinne. Diese luxuri\u00f6se Brunch-Box zum Teilen ist mit exklusiven K\u00f6stlichkeiten gef\u00fcllt. Ein Schmuckst\u00fcck mit eleganter Ausstrahlung dank sorgf\u00e4ltig ausgew\u00e4hlter Spitzenprodukte, die aus den besten Regionen der Welt stammen. Es handelt sich nicht um eine weitere Verkostung, sondern um eine ultimative Einladung, die raffiniertesten Aromen der Welt zu genie\u00dfen. Ob als Gesch\u00e4ftsgeschenk oder zum pers\u00f6nlichen Vergn\u00fcgen, diese einzigartige und exklusive Verpackung ist ein Geschenk f\u00fcr sich und wird Sie sicher beeindrucken. Schaffen Sie unvergessliche Momente und feiern Sie besondere Anl\u00e4sse wie die Feiertage stilvoll mit dieser unvergleichlichen Verkostung.<\/p>\n<p>Erfahren Sie mehr: Diese wunderbare Kollektion bietet eine einzigartige Reise durch die Aromen der Welt, direkt auf Ihren Tisch. Genie\u00dfen Sie den prickelnden T-Vino Jasmin Sparkling, einen mit gr\u00fcnem Jasmintee aromatisierten Schaumwein auf Basis von entalkoholisiertem Wei\u00dfwein, der jedem Schluck eine zarte blumige S\u00fc\u00dfe verleiht.<\/p>\n<p>Au\u00dferdem finden Sie in dieser exklusiven Verkostung den Forgotten Vineyards Chardonnay, einen k\u00f6stlichen s\u00fcdafrikanischen Wein mit einer perfekten Balance aus Gro\u00dfz\u00fcgigkeit und Mineralit\u00e4t. Unsere Auswahl an hochwertigen Tees aus verschiedenen L\u00e4ndern bietet eine Welt der Aromen, die von w\u00fcrzigen Kr\u00e4utermischungen bis hin zu einem festlichen Oolong-Tee mit Rosenbl\u00e4ttern reicht. Einfach zu bedienen mit dem mitgelieferten Teamaker. Im Handumdrehen haben Sie 400 ml losen Tee zubereitet.<\/p>\n<p>Aber das ist noch nicht alles! Unsere exklusive Getr\u00e4nkebox enth\u00e4lt au\u00dferdem k\u00f6stliche Gordal-Oliven in einer mediterranen Sauce, Tr\u00fcffelk\u00e4se aus dem italienischen Piemont mit 3 passenden K\u00e4sekombinationen und eine Auswahl an Wurstwaren vom Bellota-Schwein aus Salamanca. Begleitet von Fladenbrot mit nativem Oliven\u00f6l extra und Sardinen in w\u00fcrzigem Oliven\u00f6l, bietet diese Luxusverkostung ein unvergessliches Geschmackserlebnis. Und um alles festlich zu pr\u00e4sentieren, gibt es die M\u00f6glichkeit, ein sch\u00f6nes Servierbrett aus Buche, einem echten Naturprodukt, beizulegen.<\/p>\n<p>Ob Sie ein Feinschmecker sind oder das perfekte Geschenk f\u00fcr einen besonderen Anlass suchen, diese exklusive Brunch-Box zum Teilen ist die ultimative Wahl. Bestellen Sie es noch heute und teilen Sie diese raffinierten Aromen mit Ihren Liebsten. Prost auf eine unvergessliche kulinarische Reise! Denn es gibt so viel mehr zu sp\u00fcren, zu sehen, zu schmecken und zu genie\u00dfen.<\/p>\n<p>Gro\u00dfe Mengen, Personalisierung oder eine andere Zusammensetzung &#8211; fragen Sie nach den M\u00f6glichkeiten.<\/p>\n","protected":false},"excerpt":{"rendered":"<p>Luxuri\u00f6se Delikatessen zum Brunch, sorgf\u00e4ltig ausgew\u00e4hlte Spitzenprodukte und raffinierte Geschmacksrichtungen.<\/p>\n","protected":false},"featured_media":84777,"comment_status":"closed","ping_status":"closed","template":"","meta":{"_acf_changed":false},"product_cat":[606,624,654,356],"product_tag":[],"giftcard-category":[],"class_list":{"0":"post-85486","1":"product","2":"type-product","3":"status-publish","4":"has-post-thumbnail","6":"product_cat-schwarzer-freitag","7":"product_cat-weihnachten","8":"product_cat-weihnachtskorbe","9":"product_cat-geschenke","11":"first","12":"onbackorder","13":"taxable","14":"shipping-taxable","15":"product-type-yith_bundle"},"acf":{"lijn_nummer":"G2","weight":"","wissel":true,"foodpairing":"<p><strong>T-Vino Enjoy Jasmin Sparkling 0.0%<\/strong><\/p>\n<p>K\u00f6stlich zu w\u00fcrzigen und pikanten Gerichten oder als 0.0% Aperitif oder Dessertwein.<\/p>\n<p><b>13<\/b><b>China Taste Silky, oolong tea<\/b><\/p>\n<p>Kombinieren Sie z.B. diesen leicht oxidierten Oolong mit einem St\u00fcck (ger\u00e4uchertem) K\u00e4se und erleben Sie, wie der seidige Geschmack dieses Oolong zur Geltung kommt.<\/p>\n<p><strong>Chardonnay Forgotten Vineyards Kruger<\/strong><\/p>\n<p>K\u00f6stlich zu in Butter gebratenem Heilbuttfilet mit Buerre Noisette und geschmortem Spitzkohl und Babykartoffeln.<\/p>\n","ingredients":"<p><strong>T-Vino Genie\u00dfen Sie Jasmin Schaumwein 0.0%VOL 750ML<\/strong><\/p>\n<p>Mit gr\u00fcnem Jasmintee versetzter Schaumwein auf Basis von entalkoholisiertem Wei\u00dfwein.<\/p>\n<p>Zutaten: entalkoholisierter Wein aus Spanien, gr\u00fcner Jasmintee, Jasminaroma, rektifiziertes Traubenmostkonzentrat, Kohlens\u00e4ure, Konservierungsmittel (Schwefeldioxid), N\u00e4hrwertangaben pro 100 ml: Energie 96 kJ\/23 kcal, Fett 0 g, davon ges\u00e4ttigte Fetts\u00e4uren 0 g, Kohlenhydrate 5,3 g, davon Zucker 4,9 g, Eiwei\u00df 0 g, Salz <0,1g.\n\n\nAufbewahrungshinweis: Ge\u00f6ffnet im K\u00fchlschrank f\u00fcr bis zu 3 Tage aufbewahren.\n\n<strong>Geschenkset 10 Chinesischer Tee  <\/strong><\/p>\n<div class=\"woocommerce-tabs wc-tabs-wrapper\">\n<p><strong>11 China Sense Vitality**<\/strong> 25g<br \/>\nKr\u00e4utermischung \/ Zutaten:<br \/>\nIngwer, Zitronengras, Mate gr\u00fcn, Teebl\u00fcte, Orangenschalen, Zitronenschalen, Sonnenblumenbl\u00fctenbl\u00e4tter, Zitronenmyrte.<\/p>\n<p><strong>12 China See DynasTea* <\/strong>25g<br \/>\nOolong Tee \/ Zutaten:<br \/>\nOolong Tee dunkel oxidiert<\/p>\n<p><strong>13 China Taste Silky*<\/strong> 25g<br \/>\nOolong Tee \/ Zutaten: Oolong Tee leicht oxidiert<\/p>\n<p><strong>14 China Enjoy Roses*<\/strong> 20g<br \/>\nOolong Teemischung \/ Zutaten:<br \/>\nOolong Tee 87%, Rosenbl\u00fcten 8%, K\u00e4sekrautbl\u00fcten, Lavendelbl\u00fcten<\/p>\n<p>* Enth\u00e4lt Koffein<br \/>\n** Ingwer unterst\u00fctzt das Immunsystem und tr\u00e4gt zur Vitalit\u00e4t bei.<br \/>\nDie gesundheitliche Wirkung ist noch nicht offiziell nachgewiesen. Eine gesunde Lebensweise ist wichtig, ebenso wie eine ausgewogene und abwechslungsreiche Ern\u00e4hrung.<\/p>\n<\/div>\n<p><strong>Delikatessen:<\/strong><\/p>\n<p>&#8211; Schafsk\u00e4se mit Tr\u00fcffel oder Safran +\/-250gr aus dem italienischen Piemont;<br \/>\n&#8211; 3 K\u00e4sekombinationen 3x30g;<br \/>\n&#8211; Blister Salchichon 80gr;<br \/>\n&#8211; Blister Jamon CEBO de Campo;<br \/>\n&#8211; Sardinen in w\u00fcrzigem Oliven\u00f6l<br \/>\n&#8211; Mousse de canard<br \/>\n&#8211; Sal de flor flakes, Salz<\/p>\n<p><strong>Chardonnay Vergessene Weinberge Kruger<\/strong><\/p>\n<p>Farbe \/ Typ<br \/>\nWei\u00dfwein<\/p>\n<p>Weincharakter<br \/>\nFrischer Wei\u00dfwein<\/p>\n<p>Inhalt<br \/>\n0.75l<\/p>\n<p>Alkohol %<br \/>\n13.5%<\/p>\n<p>Rebsorte<br \/>\nChardonnay (wei\u00df)<\/p>\n","origin":"<p><strong>T-VINO Enjoy Jasmin Sparkling<\/strong><\/p>\n<p>Herkunft Trauben: Spanien Herkunft Tee: China<\/p>\n<p><strong>Geschenkset 10 China, Tee<\/strong><\/p>\n<p>Die alten Teetraditionen des sch\u00f6nen Landes China sind eine echte Inspiration f\u00fcr die Auswahl der Tees und Mischungen in diesem Geschenkset.<\/p>\n<p>1<strong>1 China Sense Vitality<\/strong> Bei der Kreation dieser Mischung haben wir uns von der chinesischen K\u00fcche inspirieren lassen, wo der kr\u00e4ftige Ingwer und die Frische der Zitrone viele Geschmacksnerven verzaubern. Dieser Kr\u00e4utertee mit Zutaten aus verschiedenen L\u00e4ndern ist eine wunderbar ausgewogene Mischung aus nat\u00fcrlichen Aromen mit einem scharfen und erfrischenden Charakter.<\/p>\n<p><strong>12 China Siehe DynasTea<\/strong><br \/>\n<strong>13 China Geschmack Seidig<\/strong><br \/>\n<strong>14 China Enjoy Roses<\/strong><br \/>\nDie k\u00f6stlichen reinen Oolongs, die von einem etwas schwereren, ausgepr\u00e4gteren Oolong bis hin zu einem Oolong mit seidenweichem Geschmack reichen, stammen aus Wuhan, der Hauptstadt der Provinz Hubei in China. Viele kennen die Seidenstra\u00dfe, w\u00e4hrend die \u201eKamelroute des Graslandes\u201c weniger bekannt ist.<br \/>\nAb dem sp\u00e4ten 17. Jahrhundert, w\u00e4hrend der Qing-Dynastie, war Wuhan der Ausgangspunkt der Teehandelsroute in die Mongolei.  Diese Handelsroute wurde auch &#8220;Kamelroute des Graslandes&#8221; genannt.<\/p>\n<p><strong>Mediterrane K\u00f6stlichkeiten aus Spanien und Italien,<\/strong><\/p>\n<p><strong>Schafsk\u00e4se mit Tr\u00fcffel oder Safran<\/strong><br \/>\nDie Tr\u00fcffel ist eines der am meisten gesch\u00e4tzten Lebensmittel. Dieser K\u00e4se enth\u00e4lt also die besten italienischen Tr\u00fcffel aus dem Piemont. Bei einer Reifung von etwa f\u00fcnf Monaten unter besten atmosph\u00e4rischen Bedingungen kommen alle Aromen zur Geltung, da der K\u00e4se seine anf\u00e4ngliche Feuchtigkeit verliert. Die Tr\u00fcffel werden direkt in die Milch gegeben, es werden keine Aromen, \u00d6le oder Essenzen verwendet, was diesem Rohmilch-Schafsk\u00e4se einzigartige Eigenschaften verleiht.<\/p>\n<p><strong>Cheese Pairing<\/strong><br \/>\nK\u00e4se wird oft von konfit\u00fcren\u00e4hnlichen Gew\u00fcrzen begleitet, die den Geschmack des K\u00e4ses verst\u00e4rken und eine harmonische Kombination ergeben. Erleben Sie es selbst mit diesen drei k\u00f6stlichen K\u00e4sekombinationen.<\/p>\n<p><strong>Salchichon<\/strong><br \/>\nK\u00f6stliche Wurst von Bellota-Schweinen aus Salamanca. Diese besondere Schweinerasse bekommt 4,5 Hektar Auslauf und frisst alles, was es gibt. Die Fettigkeit dieser Schweine, die sich so gut im Geschmack widerspiegelt, kommt von den Eicheln, die sie fressen.<\/p>\n<p><strong>Blister CEBO de Campo, Schinken<\/strong><br \/>\nCebo de Campo 50% Rasse Iberco<br \/>\nMindestens 12 Monate gereift<br \/>\nHerkunft: Salamanca<\/p>\n<p><strong>Sardinen in w\u00fcrzigem Oliven\u00f6l<\/strong><br \/>\nDiese sch\u00f6nen kleinen Fische kommen aus Galicien und werden speziell f\u00fcr ihre Qualit\u00e4t ausgew\u00e4hlt.<br \/>\nSie werden einzeln von Hand in einem w\u00fcrzigen Oliven\u00f6l eingelegt, wonach sie immer k\u00f6stlicher werden.<\/p>\n<p><strong>Mouse de cannard<\/strong><br \/>\nEine Maus mit Entenleber und Entenfleisch.<\/p>\n<p><strong>Flor de sal Salz<\/strong><br \/>\nEs wird von der Wasseroberfl\u00e4che der Becken gesammelt, hat eine glatte Textur und unvergleichliche Wei\u00dfe und liefert Spurenelemente wie Jod, Magnesium, Kalium, Kalzium, Fluor und Eisen.<\/p>\n<p><strong>Servierbrett aus Buche <\/strong>(kann als Sonderzubeh\u00f6r bestellt werden)<\/p>\n<p>Buche ist ein Naturprodukt. Jede Platte wird ged\u00e4mpft, wodurch sie stabiler wird und sich unter dem Einfluss von Feuchtigkeit oder Temperaturschwankungen weniger leicht verformt.<\/p>\n<p>Nach dem Gebrauch reinigen Sie das Regal am besten mit einer weichen B\u00fcrste, lauwarmem Wasser und Seife. Trocknen Sie das Produkt anschlie\u00dfend gr\u00fcndlich ab und lassen Sie es senkrecht, mit der Holzmaserung nach oben, trocknen.<br \/>\nHolz bleibt Ver\u00e4nderungen unterworfen, was bedeutet, dass mit der Zeit Risse entstehen k\u00f6nnen. L\u00e4ngerer Kontakt mit Wasser und Hitze ist zu vermeiden. Holz ist nicht f\u00fcr die Sp\u00fclmaschine geeignet. Reiben Sie es regelm\u00e4\u00dfig mit Pflege\u00f6l oder Wachs ein, um seine sch\u00f6ne Farbe und seinen Glanz zu erhalten.<\/p>\n<p>Das Holz f\u00fcr diese Kollektion stammt aus europ\u00e4ischen W\u00e4ldern und ist FSC-zertifiziert.<\/p>\n<p><strong>Chardonnay Forgotten Vineyards Kruger <\/strong>(als zus\u00e4tzliche Option bestellen)<\/p>\n<p>Westkap, S\u00fcdafrika Region: K\u00fcstenregion<\/p>\n<p>Die Geschichte des Weins in S\u00fcdafrika hat ihren Ursprung an Orten, die heute alle zur Weinregion Coastal Region geh\u00f6ren. Bezirke wie Stellenbosch, Paarl, Swartland, Franschhoek und Constantia liegen im Hinterland von Kapstadt. Die Weine der K\u00fcstenregion geh\u00f6ren zu den besten S\u00fcdafrikas. Der Gouverneur des Kaps, Simon van der Stel, w\u00e4hlte Constantia als Standort f\u00fcr seinen pers\u00f6nlichen Wohnsitz und seine Weinberge. Die unvergleichliche Sch\u00f6nheit der Natur, die komplexen und gut entw\u00e4sserten B\u00f6den, die herrlichen Ausblicke auf das Meer und das besondere Klima machten Constantia schon im 17. Jahrhundert zu einem idealen Standort f\u00fcr den Weinbau. Die Weinberge liegen hoch an den Ausl\u00e4ufern des Constantia Mountain, in der Verl\u00e4ngerung des Tafelbergs, und werden auf nat\u00fcrliche Weise von den Brisen des Indischen Ozeans aus der False Bay im S\u00fcden und dem Atlantischen Ozean im Westen gek\u00fchlt.<\/p>\n","tasting_notes":"<p><strong>T-Vino Enjoy Jasmin Sparkling 0.0%<\/strong><\/p>\n<p><strong>Duft:<\/strong> lieblicher, blumiger Jasmin<br \/>\n<strong>Aufguss:<\/strong> hellgelb<br \/>\n<strong>Geschmack:<\/strong> prickelnd, festlich und erfrischend, kombiniert mit dem k\u00f6stlichen Aroma des Jasmins.<\/p>\n<p>Wenn Sie ein Liebhaber von Jasmintee sind oder Cava oder leicht s\u00fc\u00dfe Weine wie einen Viognier lieben, dann ist dieser T-Vino Enjoy Jasmin Sparkling genau das Richtige f\u00fcr Sie.<\/p>\n<p><strong>Geschenkset 10 China, Tee<\/strong><\/p>\n<p><strong>11 China Sense Vitality<\/strong><br \/>\n<strong>Aussehen und Wirkung:<\/strong> gr\u00fcn (Zitronengras), hellgelb (Ingwer) und gelb (Sonnenblumenbl\u00fcten)<br \/>\n<strong>Aroma:<\/strong> Zitrusfr\u00fcchte und starke Gew\u00fcrze<br \/>\n<strong>Aufguss:<\/strong> goldgelb<br \/>\n<strong>Geschmack:<\/strong> Belebendes Zitronengras mit kr\u00e4ftigen Ingwernoten.<\/p>\n<p><strong>12 China Siehe DynasTea<\/strong><br \/>\n<strong>Look &#038; Feel:<\/strong> dunkel gef\u00e4rbte Perlen<br \/>\n<strong>Aroma:<\/strong> erdig mit Rostaroma<br \/>\n<strong>Aufguss:<\/strong> rot-brauner Aufguss<br \/>\n<strong>Geschmack:<\/strong> erdig, mineralisch, weiche Fr\u00fcchte<\/p>\n<p><strong>13 China Geschmack Seidig<\/strong><br \/>\n<strong>Look &#038; Feel:<\/strong> dunkelgr\u00fcne Perlen<br \/>\n<strong>Duft:<\/strong> Orchidee \/ Flieder<br \/>\n<strong>Aufguss:<\/strong> weiches Gelb \/ Gr\u00fcn<br \/>\n<strong>Geschmack:<\/strong> leicht pflanzlich, weich, blumig<\/p>\n<p><strong>14 China genie\u00dfen Rosen<\/strong><br \/>\n<strong>Look &#038; Feel:<\/strong> hellgr\u00fcne Perlen, umgeben von roten Rosenbl\u00e4ttern und lila Lavendel<br \/>\n<strong>Duft:<\/strong> Orchidee \/ Flieder<br \/>\n<strong>Aufguss:<\/strong> weiches Gelb \/ Gr\u00fcn<br \/>\n<strong>Geschmack:<\/strong> leicht pflanzlich, weich, blumig<\/p>\n<p><strong>Chardonnay Vergessene Weinberge Kruger<\/strong><\/p>\n<p>Ein weiterer brillanter Wein in seiner Preisklasse, der sowohl Gro\u00dfz\u00fcgigkeit als auch feine Mineralit\u00e4t vereint. Kurzum, alles, was einen Chardonnay so attraktiv macht.<\/p>\n<p>Johan Kruger ist ein sehr leidenschaftlicher und sachkundiger Winzer. Im Jahr 2005 gewann er die Auszeichnung &#8220;Young South African Winemaker of the Year&#8221; und erhielt f\u00fcnf Sterne im f\u00fchrenden Weinf\u00fchrer Platter. In Stellenbosch sorgte er auf dem Weingut seines Vaters, Sterhuis, f\u00fcr Furore, doch aufgrund von Unstimmigkeiten beschloss Johan, sich selbst\u00e4ndig zu machen. Er war schon lange von den aufstrebenden &#8220;Cool Climate&#8221;-Regionen am Westkap in S\u00fcdafrika beeindruckt und hatte hier viele Freunde, die ihm helfen wollten. So hat Johan das wahnwitzige Projekt Kruger Family Wines&#8221; ins Leben gerufen, bei dem er sehr hochwertige Weinberge in den k\u00fchlen Klimazonen ausfindig macht und (wenn n\u00f6tig) Bauern dazu bringt, das Land nach seiner Philosophie zu bewirtschaften und ihnen dann die Trauben abzukaufen. Johans Weine zeichnen sich durch Geschmeidigkeit, Eleganz und Ausgewogenheit aus.<\/p>\n","zetadvies":"<p><strong>T-Vino Enjoy Jasmin Sparkling 0.0%<\/strong><\/p>\n<p>Servieren Sie diesen k\u00f6stlichen T-Vino gek\u00fchlt und in einer Champagnerfl\u00f6te, um das beste Geschmackserlebnis zu erhalten.<\/p>\n<p>Wenn du mehr Aroma und Geschmack m\u00f6chtest, lass den T-Vino vor dem Servieren atmen.<\/p>\n<p><strong>Geschenkset 10 China<\/strong><\/p>\n<p><strong>11 China Sense Vitality<\/strong><br \/>\nWasser: 100\u00b0C<br \/>\nTee: 2g \/ 1 Teel\u00f6ffel pro Tasse (150 ml)<br \/>\nZiehzeit: 8-10 Minuten<\/p>\n<p><strong>12 China Siehe DynasTea<\/strong><br \/>\nWasser: 100\u00b0C<br \/>\nTee: 2g \/ 1 Teel\u00f6ffel pro Tasse (150 ml)<br \/>\nAufguss: 2 Minuten<\/p>\n<p><strong>13 China Taste Silky<\/strong><br \/>\nWasser: 100\u00b0C<br \/>\nTee: 2g \/ 1 Teel\u00f6ffel pro Tasse (150 ml)<br \/>\nAufguss: 2 Minuten<\/p>\n<p>1<strong>4 China Enjoy Roses<\/strong> Wasser: 100\u00b0C Tee: 2g \/ 1 Teel\u00f6ffel pro Tasse (150 ml) Aufguss: 2 Minuten<\/p>\n<p><strong>Lagerungshinweis:<\/strong> k\u00fchl, trocken, hell und luftdicht lagern.<\/p>\n<p><strong>Chardonnay Vergessene Weinberge Kruger<\/strong><\/p>\n<p>10-12\u00b0C<\/p>\n<p><strong>T-Vino Enjoy Jasmin Sparkling 0.0%<\/strong><\/p>\n<p>7-9\u00b0C<\/p>\n","new_description":"<p>Es gibt so viel mehr zu geben.<\/p>\n<p>Verw\u00f6hnen Sie sich selbst, Ihre Liebsten und Verwandten mit einer luxuri\u00f6sen Verkostung. Ein wahres Fest f\u00fcr die Sinne. Diese luxuri\u00f6se Brunch-Box zum Teilen ist mit exklusiven K\u00f6stlichkeiten gef\u00fcllt. Ein Schmuckst\u00fcck mit eleganter Ausstrahlung dank sorgf\u00e4ltig ausgew\u00e4hlter Spitzenprodukte, die aus den besten Regionen der Welt stammen. Es handelt sich nicht nur um eine Verkostung. Es ist die ultimative Einladung, die raffiniertesten Aromen der Welt zu genie\u00dfen. Ob als Gesch\u00e4ftsgeschenk oder zum pers\u00f6nlichen Vergn\u00fcgen, diese einzigartige und exklusive Verpackung ist ein Geschenk f\u00fcr sich und wird Sie sicher beeindrucken. Schaffen Sie unvergessliche Momente und feiern Sie besondere Anl\u00e4sse wie die Feiertage stilvoll mit dieser unvergleichlichen Verkostung.<\/p>\n<p>Erfahren Sie mehr: Diese wunderbare Kollektion bietet eine einzigartige Reise durch die Aromen der Welt, direkt auf Ihren Tisch. Genie\u00dfen Sie den prickelnden T-Vino Jasmin Sparkling. Ein mit gr\u00fcnem Jasmintee versetzter Schaumwein auf Basis von entalkoholisiertem Wei\u00dfwein, der jedem Schluck eine zarte blumige S\u00fc\u00dfe verleiht.<\/p>\n<p>Au\u00dferdem finden Sie in dieser exklusiven Verkostung den Forgotten Vineyards Chardonnay, einen k\u00f6stlichen s\u00fcdafrikanischen Wein mit einer perfekten Balance aus Gro\u00dfz\u00fcgigkeit und Mineralit\u00e4t. Unsere Auswahl an hochwertigen Tees aus verschiedenen L\u00e4ndern bietet eine Welt der Aromen, die von w\u00fcrzigen Kr\u00e4utermischungen bis hin zu einem festlichen Oolong-Tee mit Rosenbl\u00e4ttern reicht. Einfach zu bedienen mit dem mitgelieferten Teamaker. Im Handumdrehen haben Sie 400 ml losen Tee zubereitet.<\/p>\n<p>Aber das ist noch nicht alles! Unsere exklusive Brunch-Box enth\u00e4lt au\u00dferdem k\u00f6stliche Gordal-Oliven in einer mediterranen Sauce, Tr\u00fcffelk\u00e4se aus dem italienischen Piemont mit 3 passenden K\u00e4sekombinationen und eine Auswahl an Wurstwaren vom Bellota-Schwein aus Salamanca. Begleitet von Fladenbrot mit nativem Oliven\u00f6l extra und Sardinen in w\u00fcrzigem Oliven\u00f6l, bietet diese Luxusverkostung ein unvergessliches Geschmackserlebnis. Und um alles festlich zu pr\u00e4sentieren, wird ein sch\u00f6nes Servierbrett aus Buche, einem echten Naturprodukt, mitgeliefert.<\/p>\n<p>Ob Sie ein Feinschmecker sind oder das perfekte Geschenk f\u00fcr einen besonderen Anlass suchen, diese exklusive Brunch-Box zum Teilen ist die ultimative Wahl. Bestellen Sie es noch heute und teilen Sie diese raffinierten Aromen mit Ihren Liebsten. Prost auf eine unvergessliche kulinarische Reise! Denn es gibt so viel mehr zu sp\u00fcren, zu sehen, zu schmecken und zu genie\u00dfen.<\/p>\n<p>Gro\u00dfe Mengen, Personalisierung oder eine andere Zusammensetzung &#8211; fragen Sie nach den M\u00f6glichkeiten.<\/p>\n","productkenmerk1":"Luxury Brunch Box: Ein exklusiver Brunch mit luxuri\u00f6sen K\u00f6stlichkeiten f\u00fcr die Feiertage oder andere besondere Anl\u00e4sse. Verw\u00f6hnen Sie sich selbst oder Ihre Lieben und Verwandten mit einem exklusiven Geschenk.","productkenmerk2":"Spitzenqualit\u00e4t: sorgf\u00e4ltig ausgew\u00e4hlte Spitzenprodukte aus den besten Regionen der Welt.","productkenmerk3":"Weltliche Aromen: Eine einzigartige Reise durch die Aromen der Welt, direkt auf Ihren Tisch.","productkenmerk4":"Personalisierung, Volumen- und Verpackungsanpassung, fragen Sie nach den M\u00f6glichkeiten.","productkenmerk5":"Geeignet f\u00fcr Werbegeschenke: Ideal f\u00fcr Werbegeschenke und pers\u00f6nliche Annehmlichkeiten","productkenmerk6":"Geeignet f\u00fcr jede Gelegenheit, von Weihnachten bis zu Getr\u00e4nken, Geburtstag, Firmengeschenke.","marktplaatstitel1":"Soolong - Brunchbox - Luxus - Verkostung - Exklusiv - Delikatessen - Box zum Teilen - Geschenk - Muttertag - Weihnachten - Feiertag - Weihnachtsgeschenk - Gesch\u00e4ftsgeschenk"},"_links":{"self":[{"href":"https:\/\/soolong.com\/de\/wp-json\/wp\/v2\/product\/85486","targetHints":{"allow":["GET"]}}],"collection":[{"href":"https:\/\/soolong.com\/de\/wp-json\/wp\/v2\/product"}],"about":[{"href":"https:\/\/soolong.com\/de\/wp-json\/wp\/v2\/types\/product"}],"replies":[{"embeddable":true,"href":"https:\/\/soolong.com\/de\/wp-json\/wp\/v2\/comments?post=85486"}],"wp:featuredmedia":[{"embeddable":true,"href":"https:\/\/soolong.com\/de\/wp-json\/wp\/v2\/media\/84777"}],"wp:attachment":[{"href":"https:\/\/soolong.com\/de\/wp-json\/wp\/v2\/media?parent=85486"}],"wp:term":[{"taxonomy":"product_cat","embeddable":true,"href":"https:\/\/soolong.com\/de\/wp-json\/wp\/v2\/product_cat?post=85486"},{"taxonomy":"product_tag","embeddable":true,"href":"https:\/\/soolong.com\/de\/wp-json\/wp\/v2\/product_tag?post=85486"},{"taxonomy":"giftcard-category","embeddable":true,"href":"https:\/\/soolong.com\/de\/wp-json\/wp\/v2\/giftcard-category?post=85486"}],"curies":[{"name":"wp","href":"https:\/\/api.w.org\/{rel}","templated":true}]}}