{"id":85474,"date":"2023-12-07T14:43:00","date_gmt":"2023-12-07T13:43:00","guid":{"rendered":"https:\/\/soolong.com\/product\/luxus-delikatessen-brunch\/"},"modified":"2025-06-11T09:37:59","modified_gmt":"2025-06-11T07:37:59","slug":"luxus-delikatessen-brunch","status":"publish","type":"product","link":"https:\/\/soolong.com\/de\/product\/luxus-delikatessen-brunch\/","title":{"rendered":"Luxus-Delikatessen-Brunch"},"content":{"rendered":"<p>Verw\u00f6hnen Sie sich selbst, Ihre Liebsten und Partner mit einer luxuri\u00f6sen Verkostung, einem wahren Fest f\u00fcr die Sinne. Sorgf\u00e4ltig ausgew\u00e4hlte Spitzenprodukte aus Italien und Spanien. Es ist nicht irgendeine Verkostung, es ist eine ultimative Einladung, sich den raffiniertesten mediterranen Aromen hinzugeben. Ob als Gesch\u00e4ftsgeschenk oder f\u00fcr den pers\u00f6nlichen Genuss, diese einzigartigen und exklusiven K\u00f6stlichkeiten sind ein Geschenk f\u00fcr sich und werden zweifellos beeindrucken,<\/p>\n<p>Speziell ausgew\u00e4hlte exklusive K\u00f6stlichkeiten:<br \/>\n&#8211; Schafsk\u00e4se mit Tr\u00fcffel oder Safran, mit<br \/>\n&#8211; 3 passende K\u00e4sekombinationen<br \/>\n&#8211; Wurst salchichon,<br \/>\n&#8211; Blister Jamon CEBO de Campo,<br \/>\n&#8211; Sardinen in w\u00fcrzigem Oliven\u00f6l<br \/>\n&#8211; Blister Salchichon 80gr<br \/>\n&#8211; Mousse de canard<br \/>\n&#8211; Sal de flor flakes<br \/>\nDiese k\u00f6stlichen Delikatessen bieten eine einzigartige Reise durch die mediterranen Aromen, direkt auf Ihren Tisch. Das ultimative Geschenk f\u00fcr Liebhaber von raffinierten und exklusiven Aromen,<\/p>\n","protected":false},"excerpt":{"rendered":"<p>Luxuri\u00f6se Verkostung von Delikatessen, sorgf\u00e4ltig ausgew\u00e4hlt, von h\u00f6chster Qualit\u00e4t und raffinierten Geschmacksrichtungen,<\/p>\n","protected":false},"featured_media":0,"comment_status":"closed","ping_status":"closed","template":"","meta":{"_acf_changed":false},"product_cat":[624,356],"product_tag":[],"giftcard-category":[],"class_list":{"0":"post-85474","1":"product","2":"type-product","3":"status-publish","5":"product_cat-weihnachten","6":"product_cat-geschenke","8":"first","9":"onbackorder","10":"taxable","11":"shipping-taxable","12":"purchasable","13":"product-type-simple"},"acf":{"lijn_nummer":"","wissel":true,"ingredients":"<p>K\u00f6stlichkeiten:<br \/>\n&#8211; Schafsk\u00e4se mit Tr\u00fcffel oder Safran +\/-250gr aus dem italienischen Piemont;<br \/>\n&#8211; 3 K\u00e4sekombinationen 3x30g;<br \/>\n&#8211; Blister Salchichon 80gr;<br \/>\n-Blister Jamon CEBO de Campo;<br \/>\n&#8211; Sardinen in w\u00fcrzigem Oliven\u00f6l<br \/>\n&#8211; Mousse de canard<br \/>\n&#8211; Sal de flor flakes<\/p>\n<p>Pita Toast Mediterraneo mit nativem Oliven\u00f6l extra<br \/>\nZutaten: Weizenmehl, natives Oliven\u00f6l (13%), Salz, Bierhefe, nat\u00fcrliches Aroma, (enth\u00e4lt Weizen und Milch), Antioxidationsmittel: Extrakte aus Rosmarin, Kann Spuren von SOJA, MOSTERD, SELDERY und EIER enthalten, K\u00fchl und trocken lagern,<\/p>\n","origin":"<p>Mediterrane K\u00f6stlichkeiten aus Spanien und Italien&#8221;,<\/p>\n<p>Schafsk\u00e4se mit Tr\u00fcffel oder Safran<br \/>\nDie Tr\u00fcffel ist eines der am meisten gesch\u00e4tzten Lebensmittel. Dieser K\u00e4se enth\u00e4lt daher die besten italienischen Tr\u00fcffel aus dem Piemont. Durch eine Reifung von etwa f\u00fcnf Monaten unter besten atmosph\u00e4rischen Bedingungen werden alle Aromen verst\u00e4rkt, da der K\u00e4se seine anf\u00e4ngliche Feuchtigkeit verliert. Die Tr\u00fcffel werden direkt in die Milch gegeben, es werden keine Aromen, \u00d6le oder Essenzen verwendet, was diesem Rohmilch-Schafsk\u00e4se einzigartige Eigenschaften verleiht,<\/p>\n<p>K\u00e4sekombinationen<br \/>\nK\u00e4se wird oft von konfit\u00fcrenartigen Gew\u00fcrzen begleitet, die den Geschmack des K\u00e4ses verst\u00e4rken und eine harmonische Kombination ergeben. Erleben Sie es selbst mit diesen drei k\u00f6stlichen K\u00e4sekombinationen,<\/p>\n<p>Salchichon<br \/>\nK\u00f6stliche Wurst von Bellota-Schweinen aus Salamanca. Diese besondere Schweinerasse bekommt 4,5 Hektar Auslauf und frisst alles, was es gibt. Die Fettigkeit dieser Schweine, die sich so gut im Geschmack widerspiegelt, kommt von den Eicheln, die sie fressen,<\/p>\n<p>Blister CEBO de Campo Schinken,<br \/>\nCebo de Campo 50% Rasse Iberco<br \/>\nMindestens 12 Monate gereift<br \/>\nHerkunft: Salamanca<\/p>\n<p>Sardinen in w\u00fcrzigem Oliven\u00f6l<br \/>\nDiese sch\u00f6nen kleinen Fische kommen aus Galicien und werden speziell wegen ihrer Qualit\u00e4t ausgew\u00e4hlt,<br \/>\n. Sie werden von Hand in einem w\u00fcrzigen Oliven\u00f6l eingelegt, wonach sie immer k\u00f6stlicher werden,<\/p>\n<p>Mouse de cannard<br \/>\nEine Maus mit Entenleber und Entenfleisch,<\/p>\n<p>Flor de sal Salz<br \/>\nEs wird von der Wasseroberfl\u00e4che der Becken gesammelt, hat eine glatte Textur und unvergleichliche Wei\u00dfe und liefert Spurenelemente wie Jod, Magnesium, Kalium, Kalzium, Fluor und Eisen,<\/p>\n","new_description":"<p>Verw\u00f6hnen Sie sich selbst, Ihre Liebsten und Partner mit einer luxuri\u00f6sen Verkostung, einem wahren Fest f\u00fcr die Sinne. Sorgf\u00e4ltig ausgew\u00e4hlte Spitzenprodukte aus Italien und Spanien. Es ist nicht irgendeine Verkostung, es ist eine ultimative Einladung, sich den raffiniertesten mediterranen Aromen hinzugeben. Ob als Gesch\u00e4ftsgeschenk oder f\u00fcr den pers\u00f6nlichen Genuss, diese einzigartigen und exklusiven K\u00f6stlichkeiten sind ein Geschenk f\u00fcr sich und werden zweifellos beeindrucken,<\/p>\n<p>Ausgew\u00e4hlte exklusive K\u00f6stlichkeiten:<br \/>\n&#8211; Schafsk\u00e4se mit Tr\u00fcffel oder Safran, mit<br \/>\n&#8211; 3 passende K\u00e4sekombinationen<br \/>\n&#8211; Wurstsalchichon,<br \/>\n&#8211; Blister Jamon CEBO de Campo,<br \/>\n&#8211; Sardinen in w\u00fcrzigem Oliven\u00f6l<br \/>\n&#8211; Blister Salchichon 80gr<br \/>\n&#8211; Mousse de canard<br \/>\n&#8211; Sal de flor flakes<\/p>\n<p>Diese k\u00f6stlichen Delikatessen bieten eine einzigartige Reise durch die mediterranen Aromen, direkt auf Ihren Tisch. Das ultimative Geschenk f\u00fcr Liebhaber von raffinierten und exklusiven Geschmacksrichtungen,<\/p>\n","productkenmerk1":"Exklusive K\u00f6stlichkeiten, verw\u00f6hnen Sie sich oder Ihre Lieben und Verwandten mit einem exklusiven Geschenk","productkenmerk2":"Spitzenqualit\u00e4t: Mit Sorgfalt ausgew\u00e4hlte mediterrane Spitzenprodukte,","productkenmerk3":"Mediterrane Aromen: eine einzigartige Reise durch die mediterrane Welt, direkt auf Ihren Tisch,","productkenmerk4":"Ideal f\u00fcr Gesch\u00e4ftsgeschenke und pers\u00f6nliche Annehmlichkeiten","marktplaatstitel1":"Soolong - Exklusiv - Mediterran - Delikatessen - Geschenk - Weihnachten - Urlaub - Weihnachtsgeschenk - Werbegeschenk"},"_links":{"self":[{"href":"https:\/\/soolong.com\/de\/wp-json\/wp\/v2\/product\/85474","targetHints":{"allow":["GET"]}}],"collection":[{"href":"https:\/\/soolong.com\/de\/wp-json\/wp\/v2\/product"}],"about":[{"href":"https:\/\/soolong.com\/de\/wp-json\/wp\/v2\/types\/product"}],"replies":[{"embeddable":true,"href":"https:\/\/soolong.com\/de\/wp-json\/wp\/v2\/comments?post=85474"}],"wp:attachment":[{"href":"https:\/\/soolong.com\/de\/wp-json\/wp\/v2\/media?parent=85474"}],"wp:term":[{"taxonomy":"product_cat","embeddable":true,"href":"https:\/\/soolong.com\/de\/wp-json\/wp\/v2\/product_cat?post=85474"},{"taxonomy":"product_tag","embeddable":true,"href":"https:\/\/soolong.com\/de\/wp-json\/wp\/v2\/product_tag?post=85474"},{"taxonomy":"giftcard-category","embeddable":true,"href":"https:\/\/soolong.com\/de\/wp-json\/wp\/v2\/giftcard-category?post=85474"}],"curies":[{"name":"wp","href":"https:\/\/api.w.org\/{rel}","templated":true}]}}