{"id":85445,"date":"2023-12-07T14:43:00","date_gmt":"2023-12-07T13:43:00","guid":{"rendered":"https:\/\/soolong.com\/product\/luxe-feinkost-borrelbox\/"},"modified":"2025-06-11T09:37:45","modified_gmt":"2025-06-11T07:37:45","slug":"luxe-feinkost-borrelbox","status":"publish","type":"product","link":"https:\/\/soolong.com\/de\/product\/luxe-feinkost-borrelbox\/","title":{"rendered":"Luxe Feinkost Borrelbox"},"content":{"rendered":"<p>Verw\u00f6hnen Sie sich selbst, Ihre Liebsten und Partner mit einer luxuri\u00f6sen Verkostung, einem wahren Fest f\u00fcr die Sinne. Sorgf\u00e4ltig ausgew\u00e4hlte Spitzenprodukte aus Spanien, nicht irgendeine Verkostung, sondern eine ultimative Einladung zum Genuss der raffiniertesten mediterranen Aromen, ob als Firmengeschenk oder zum pers\u00f6nlichen Vergn\u00fcgen, diese einzigartigen und exklusiven K\u00f6stlichkeiten sind ein Geschenk an sich und werden Sie beeindrucken,<\/p>\n<p>Speziell ausgew\u00e4hlte exklusive Delikatessen:<br \/>\n&#8211; k\u00f6stliche Gordal-Oliven in einer mediterranen Sauce,<br \/>\n&#8211; Schafsk\u00e4se mit Tr\u00fcffel aus dem italienischen Piemont, dazu<br \/>\n&#8211; 3 passende K\u00e4sekombinationen<br \/>\n&#8211; Wurst Salchichon oder Chorizo 250 gr<br \/>\n&#8211; Blister Jamon CEBO de Campo, aus Salamanca,<br \/>\n&#8211; Dazu Fladenbrot mit nativem Oliven\u00f6l extra,<br \/>\n&#8211; Fontclara Arbequina, samtiges Oliven\u00f6l aus Katalonien&#8217;<br \/>\n&#8211; Sardinen in w\u00fcrzigem Oliven\u00f6l<\/p>\n<p>Diese k\u00f6stlichen Delikatessen bieten eine einzigartige Reise durch die mediterranen Aromen, direkt auf Ihren Tisch. Das ultimative Geschenk f\u00fcr Liebhaber von raffinierten und exklusiven Geschmacksrichtungen,<\/p>\n","protected":false},"excerpt":{"rendered":"<p>Luxuri\u00f6se Verkostung von Delikatessen, sorgf\u00e4ltig ausgew\u00e4hlt, von h\u00f6chster Qualit\u00e4t und raffinierten Geschmacksrichtungen,<\/p>\n","protected":false},"featured_media":0,"comment_status":"closed","ping_status":"closed","template":"","meta":{"_acf_changed":false},"product_cat":[624,356],"product_tag":[],"giftcard-category":[],"class_list":{"0":"post-85445","1":"product","2":"type-product","3":"status-publish","5":"product_cat-weihnachten","6":"product_cat-geschenke","8":"first","9":"onbackorder","10":"taxable","11":"shipping-taxable","12":"purchasable","13":"product-type-simple"},"acf":{"wissel":true,"lijn_nummer":"","ingredients":"<p>K\u00f6stlichkeiten:<br \/>\n&#8211; Gordal-Oliven, kernlos, in einer mediterranen Sauce;<br \/>\n&#8211; Schafsk\u00e4se mit Tr\u00fcffel +\/-250gr aus dem italienischen Piemont;<br \/>\n&#8211; 3 K\u00e4sepaarungen 3x30g;<br \/>\n&#8211; Wurst Salchichon oder Chorizo +\/-250gr;<br \/>\n-Blister Jamon CEBO de Campo;<br \/>\n&#8211; Pita Toast mit nativem Oliven\u00f6l extra;<br \/>\n&#8211; Oliven\u00f6l Fontclara Arbequina 100ml;<br \/>\n&#8211; Sardinen in w\u00fcrzigem Oliven\u00f6l,<\/p>\n<p>Pita Toast Mediterraneo mit nativem Oliven\u00f6l extra<br \/>\nZutaten: Weizenmehl, natives Oliven\u00f6l (13%), Salz, Bierhefe, nat\u00fcrliches Aroma, (enth\u00e4lt Weizen und Milch), Antioxidationsmittel: Extrakte aus Rosmarin, Kann Spuren von SOJA, MOSTERD, SELDERY und EIER enthalten, K\u00fchl und trocken lagern,<\/p>\n","origin":"<p>Mediterrane K\u00f6stlichkeiten aus Spanien und Italien&#8221;,<\/p>\n<p>Oliven\u00f6l<br \/>\nFontclara ist ein k\u00f6stliches Oliven\u00f6l aus Katalonien. Dieses \u00d6l wird auf dem Bauernhof der Familie Zanotelli hergestellt, die Oliven werden Ende Oktober von Hand gepfl\u00fcckt und mit modernen Maschinen auf nat\u00fcrliche Weise verarbeitet,<br \/>\nDer &#8220;leicht fruchtige&#8221; Saft von Arbequina spielt mit weichen und samtigen Noten, diese sind f\u00fcr die elegante Note verantwortlich, Arbequina Oliven\u00f6l hat ein fruchtiges Aroma von Oliven, Apfel, Banane und Mandel,<br \/>\nFontclara Arbequina ist ein harmonisches Oliven\u00f6l, dessen lebendige und duftende Noten sowohl zur &#8220;kalten&#8221; als auch zur &#8220;warmen&#8221; K\u00fcche passen. Dank seiner reichhaltigen Tiefe bleibt es auch w\u00e4hrend des Kochens und Bratens stabil und kann so viele Gerichte verfeinern,<\/p>\n<p>Schafsk\u00e4se mit Tr\u00fcffel<br \/>\nDie Tr\u00fcffel ist eines der am meisten gesch\u00e4tzten Lebensmittel. Dieser K\u00e4se enth\u00e4lt daher die besten italienischen Tr\u00fcffel aus dem Piemont. Mit einer Reifezeit von etwa f\u00fcnf Monaten in den besten atmosph\u00e4rischen Bedingungen, die alle Aromen verst\u00e4rken, w\u00e4hrend der K\u00e4se seine anf\u00e4ngliche Feuchtigkeit verliert, wird die Tr\u00fcffel direkt in die Milch gegeben, es werden keine Aromen, \u00d6le und Essenzen verwendet, was diesem Rohmilch-Schafsk\u00e4se einzigartige Eigenschaften verleiht,<\/p>\n<p>K\u00e4sekombinationen<br \/>\nK\u00e4se wird oft von konfit\u00fcrenartigen Gew\u00fcrzen begleitet, die den Geschmack des K\u00e4ses verst\u00e4rken und eine harmonische Kombination ergeben. Erleben Sie es selbst mit diesen drei k\u00f6stlichen K\u00e4sekombinationen,<\/p>\n<p>Salchichon oder Chorizo +\/-250g<br \/>\nK\u00f6stliche W\u00fcrste von Bellota-Schweinen aus Salamanca. Diese besondere Schweinerasse erh\u00e4lt 4,5 Hektar Auslauf und frisst alles, was es gibt. Die Fettigkeit dieser Schweine, die sich so gut im Geschmack widerspiegelt, stammt von den Eicheln, die sie fressen,<\/p>\n<p>Blister CEBO de Campo Schinken,<br \/>\nCebo de Campo 50% Rasse Iberco<br \/>\nMindestens 12 Monate gereift<br \/>\nHerkunft: Salamanca<\/p>\n<p>Sardinen in w\u00fcrzigem Oliven\u00f6l<br \/>\nDiese sch\u00f6nen kleinen Fische kommen aus Galicien und werden speziell wegen ihrer Qualit\u00e4t ausgew\u00e4hlt,<br \/>\n. Sie werden von Hand in einem w\u00fcrzigen Oliven\u00f6l eingelegt, wonach sie immer k\u00f6stlicher werden,<\/p>\n","new_description":"<p>Verw\u00f6hnen Sie sich selbst, Ihre Liebsten und Partner mit einer luxuri\u00f6sen Verkostung, einem wahren Fest f\u00fcr die Sinne. Sorgf\u00e4ltig ausgew\u00e4hlte Spitzenprodukte aus Spanien, nicht irgendeine Verkostung, sondern eine ultimative Einladung zum Genuss der raffiniertesten mediterranen Aromen, ob als Firmengeschenk oder zum pers\u00f6nlichen Vergn\u00fcgen, diese einzigartigen und exklusiven K\u00f6stlichkeiten sind ein Geschenk an sich und werden Sie beeindrucken,<\/p>\n<p>Speziell ausgew\u00e4hlte exklusive Delikatessen:<br \/>\n&#8211; k\u00f6stliche Gordal-Oliven in einer mediterranen Sauce,<br \/>\n&#8211; Schafsk\u00e4se mit Tr\u00fcffel aus dem italienischen Piemont, dazu<br \/>\n&#8211; 3 passende K\u00e4sekombinationen<br \/>\n&#8211; Wurst Salchichon oder Chorizo 250 gr<br \/>\n&#8211; Blister Jamon CEBO de Campo, aus Salamanca,<br \/>\n&#8211; Dazu Fladenbrot mit nativem Oliven\u00f6l extra,<br \/>\n&#8211; Fontclara Arbequina, samtiges Oliven\u00f6l aus Katalonien&#8217;<br \/>\n&#8211; Sardinen in w\u00fcrzigem Oliven\u00f6l<\/p>\n<p>Diese k\u00f6stlichen Delikatessen bieten eine einzigartige Reise durch die mediterranen Aromen, direkt auf Ihren Tisch. Das ultimative Geschenk f\u00fcr Liebhaber von raffinierten und exklusiven Geschmacksrichtungen,<\/p>\n","productkenmerk1":"Exklusive K\u00f6stlichkeiten, verw\u00f6hnen Sie sich oder Ihre Lieben und Verwandten mit einem exklusiven Geschenk","productkenmerk2":"Spitzenqualit\u00e4t: Mit Sorgfalt ausgew\u00e4hlte mediterrane Spitzenprodukte,","productkenmerk3":"Mediterrane Aromen: eine einzigartige Reise durch die mediterrane Welt, direkt auf Ihren Tisch,","productkenmerk4":"Ideal f\u00fcr Gesch\u00e4ftsgeschenke und pers\u00f6nliche Annehmlichkeiten","marktplaatstitel1":"Soolong - Exklusiv - Mediterran - Delikatessen - Geschenk - Weihnachten - Urlaub - Weihnachtsgeschenk - Werbegeschenk"},"_links":{"self":[{"href":"https:\/\/soolong.com\/de\/wp-json\/wp\/v2\/product\/85445","targetHints":{"allow":["GET"]}}],"collection":[{"href":"https:\/\/soolong.com\/de\/wp-json\/wp\/v2\/product"}],"about":[{"href":"https:\/\/soolong.com\/de\/wp-json\/wp\/v2\/types\/product"}],"replies":[{"embeddable":true,"href":"https:\/\/soolong.com\/de\/wp-json\/wp\/v2\/comments?post=85445"}],"wp:attachment":[{"href":"https:\/\/soolong.com\/de\/wp-json\/wp\/v2\/media?parent=85445"}],"wp:term":[{"taxonomy":"product_cat","embeddable":true,"href":"https:\/\/soolong.com\/de\/wp-json\/wp\/v2\/product_cat?post=85445"},{"taxonomy":"product_tag","embeddable":true,"href":"https:\/\/soolong.com\/de\/wp-json\/wp\/v2\/product_tag?post=85445"},{"taxonomy":"giftcard-category","embeddable":true,"href":"https:\/\/soolong.com\/de\/wp-json\/wp\/v2\/giftcard-category?post=85445"}],"curies":[{"name":"wp","href":"https:\/\/api.w.org\/{rel}","templated":true}]}}