{"id":75525,"date":"2021-12-08T09:25:00","date_gmt":"2021-12-08T08:25:00","guid":{"rendered":"https:\/\/soolong.com\/product\/soolong-becher-mediterran-0-3l-keramik\/"},"modified":"2026-01-06T16:40:16","modified_gmt":"2026-01-06T15:40:16","slug":"soolong-becher-mediterrean-300ml","status":"publish","type":"product","link":"https:\/\/soolong.com\/de\/product\/soolong-becher-mediterrean-300ml\/","title":{"rendered":"Soolong Becher Mittelmeer &#8211; 300ml &#8211; Keramik"},"content":{"rendered":"<p><strong>Beschreibung:<\/strong><\/p>\n<p>Trendiger und stilvoller Becher 300ml, im mediterranen Stil mit blauen Akzenten, aus Keramik,<\/p>\n","protected":false},"excerpt":{"rendered":"<p>Keramikbecher 0.3L<\/p>\n","protected":false},"featured_media":75396,"comment_status":"closed","ping_status":"closed","template":"","meta":{"_acf_changed":false},"product_cat":[298,317,345],"product_tag":[],"giftcard-category":[],"class_list":{"0":"post-75525","1":"product","2":"type-product","3":"status-publish","4":"has-post-thumbnail","6":"product_cat-zubehor","7":"product_cat-t2serve-tee-servieren","8":"product_cat-glaser-und-becher","10":"first","11":"instock","12":"taxable","13":"shipping-taxable","14":"purchasable","15":"product-type-simple"},"acf":{"lijn_nummer":"","weight":"","wissel":true,"new_description":"<p>Trendige und stilvolle mediterrane Tasse 300ml mit blauen Akzenten, aus Keramik,<\/p>\n","productkenmerk1":"Trendige und stilvolle mediterrane Tasse, mit blauen Akzenten","productkenmerk2":"Hervorragend geeignet zum Trinken von Tee oder Kaffee,","productkenmerk3":"Hergestellt aus Keramik,","productkenmerk4":"Fassungsverm\u00f6gen 300ml,","productkenmerk5":"Ideal f\u00fcr Sie selbst und ein perfektes Geschenk f\u00fcr Kaffee- und Teeliebhaber,"},"_links":{"self":[{"href":"https:\/\/soolong.com\/de\/wp-json\/wp\/v2\/product\/75525","targetHints":{"allow":["GET"]}}],"collection":[{"href":"https:\/\/soolong.com\/de\/wp-json\/wp\/v2\/product"}],"about":[{"href":"https:\/\/soolong.com\/de\/wp-json\/wp\/v2\/types\/product"}],"replies":[{"embeddable":true,"href":"https:\/\/soolong.com\/de\/wp-json\/wp\/v2\/comments?post=75525"}],"wp:featuredmedia":[{"embeddable":true,"href":"https:\/\/soolong.com\/de\/wp-json\/wp\/v2\/media\/75396"}],"wp:attachment":[{"href":"https:\/\/soolong.com\/de\/wp-json\/wp\/v2\/media?parent=75525"}],"wp:term":[{"taxonomy":"product_cat","embeddable":true,"href":"https:\/\/soolong.com\/de\/wp-json\/wp\/v2\/product_cat?post=75525"},{"taxonomy":"product_tag","embeddable":true,"href":"https:\/\/soolong.com\/de\/wp-json\/wp\/v2\/product_tag?post=75525"},{"taxonomy":"giftcard-category","embeddable":true,"href":"https:\/\/soolong.com\/de\/wp-json\/wp\/v2\/giftcard-category?post=75525"}],"curies":[{"name":"wp","href":"https:\/\/api.w.org\/{rel}","templated":true}]}}