{"id":75488,"date":"2021-12-11T09:25:00","date_gmt":"2021-12-11T08:25:00","guid":{"rendered":"https:\/\/soolong.com\/product\/papier-teefilter-groesse-s\/"},"modified":"2025-04-11T12:18:09","modified_gmt":"2025-04-11T10:18:09","slug":"chacult-teefilter-papier-ungebleicht-grose-s","status":"publish","type":"product","link":"https:\/\/soolong.com\/de\/product\/chacult-teefilter-papier-ungebleicht-grose-s\/","title":{"rendered":"Papier-Teefilter &#8211; Gr\u00f6\u00dfe S &#8211; 100 Beutel"},"content":{"rendered":"<p>Teebeutel 100 St\u00fcck, ungebleicht, &#8211; Geeignet f\u00fcr die Zubereitung von losem Tee; &#8211; Geeignet f\u00fcr alle Teesorten, von Blatttee bis hin zu feinem Rooibos; &#8211; Weite \u00d6ffnung f\u00fcr einfaches Bef\u00fcllen ohne Halter; &#8211; Gibt keinen Geschmack ab; &#8211; Hergestellt aus sorgf\u00e4ltig ausgew\u00e4hlten Materialien, nat\u00fcrlich und ungebleicht; &#8211; Gr\u00f6\u00dfe: 7,5 x 3 x 15cm<\/p>\n","protected":false},"excerpt":{"rendered":"<p>Teebeutel natur, ungebleicht, Gr\u00f6\u00dfe S 100 St\u00fcck<\/p>\n","protected":false},"featured_media":75428,"comment_status":"closed","ping_status":"closed","template":"","meta":{"_acf_changed":false},"product_cat":[298,301,321],"product_tag":[],"giftcard-category":[],"class_list":{"0":"post-75488","1":"product","2":"type-product","3":"status-publish","4":"has-post-thumbnail","6":"product_cat-zubehor","7":"product_cat-t2make-teezubereitung","8":"product_cat-teefilter-teesieb","10":"first","11":"outofstock","12":"taxable","13":"shipping-taxable","14":"purchasable","15":"product-type-simple"},"acf":{"lijn_nummer":"","weight":"","wissel":true,"new_description":"<p>B<strong>eschreibung:<\/strong> Teebeutel 100 St\u00fcck, ungebleicht, &#8211; Geeignet f\u00fcr die Zubereitung von losem Tee; &#8211; Geeignet f\u00fcr alle Teesorten, von Blatttee bis hin zu feinem Rooibos; &#8211; Weite \u00d6ffnung f\u00fcr einfaches Bef\u00fcllen ohne Halter; &#8211; Gibt keinen Geschmack ab; &#8211; Hergestellt aus sorgf\u00e4ltig ausgew\u00e4hlten Materialien, nat\u00fcrlich und ungebleicht; &#8211; Gr\u00f6\u00dfe: 7,5 x 3 x 15cm<\/p>\n","productkenmerk1":"Teebeutel zum Selbstbef\u00fcllen und Aufbr\u00fchen aller Teesorten, von Blatttee bis zu feinem Rooibos;","productkenmerk2":"Teebeutel nat\u00fcrlich ungebleicht","productkenmerk4":"Gr\u00f6\u00dfe S","productkenmerk5":"Menge 100 Teebeutel"},"_links":{"self":[{"href":"https:\/\/soolong.com\/de\/wp-json\/wp\/v2\/product\/75488","targetHints":{"allow":["GET"]}}],"collection":[{"href":"https:\/\/soolong.com\/de\/wp-json\/wp\/v2\/product"}],"about":[{"href":"https:\/\/soolong.com\/de\/wp-json\/wp\/v2\/types\/product"}],"replies":[{"embeddable":true,"href":"https:\/\/soolong.com\/de\/wp-json\/wp\/v2\/comments?post=75488"}],"wp:featuredmedia":[{"embeddable":true,"href":"https:\/\/soolong.com\/de\/wp-json\/wp\/v2\/media\/75428"}],"wp:attachment":[{"href":"https:\/\/soolong.com\/de\/wp-json\/wp\/v2\/media?parent=75488"}],"wp:term":[{"taxonomy":"product_cat","embeddable":true,"href":"https:\/\/soolong.com\/de\/wp-json\/wp\/v2\/product_cat?post=75488"},{"taxonomy":"product_tag","embeddable":true,"href":"https:\/\/soolong.com\/de\/wp-json\/wp\/v2\/product_tag?post=75488"},{"taxonomy":"giftcard-category","embeddable":true,"href":"https:\/\/soolong.com\/de\/wp-json\/wp\/v2\/giftcard-category?post=75488"}],"curies":[{"name":"wp","href":"https:\/\/api.w.org\/{rel}","templated":true}]}}