{"id":75477,"date":"2021-12-09T09:25:00","date_gmt":"2021-12-09T08:25:00","guid":{"rendered":"https:\/\/soolong.com\/product\/filterstaebchen\/"},"modified":"2025-06-10T11:38:24","modified_gmt":"2025-06-10T09:38:24","slug":"finum-filter-sticks-4x","status":"publish","type":"product","link":"https:\/\/soolong.com\/de\/product\/finum-filter-sticks-4x\/","title":{"rendered":"Filterst\u00e4bchen"},"content":{"rendered":"<p>Diese Sticks erleichtern das Bef\u00fcllen Ihrer Papier-Teebeutel und stabilisieren den Filter w\u00e4hrend des Aufgusses.<br \/>\nDieses Produkt passt perfekt zu den Papier-Teefiltern mit Stick,<\/p>\n","protected":false},"excerpt":{"rendered":"<p>Filterst\u00e4bchen<\/p>\n","protected":false},"featured_media":75460,"comment_status":"closed","ping_status":"closed","template":"","meta":{"_acf_changed":false},"product_cat":[298,301,321],"product_tag":[],"giftcard-category":[],"class_list":{"0":"post-75477","1":"product","2":"type-product","3":"status-publish","4":"has-post-thumbnail","6":"product_cat-zubehor","7":"product_cat-t2make-teezubereitung","8":"product_cat-teefilter-teesieb","10":"first","11":"outofstock","12":"taxable","13":"shipping-taxable","14":"purchasable","15":"product-type-simple"},"acf":{"lijn_nummer":"","weight":"","wissel":true,"new_description":"<p>Diese Sticks erleichtern das Bef\u00fcllen Ihrer Papier-Teebeutel und stabilisieren den Filter w\u00e4hrend des Aufgusses.<br \/>\nDieses Produkt passt perfekt zu den Papier-Teefiltern mit Stick,<\/p>\n","productkenmerk1":"Diese St\u00e4bchen erleichtern das Bef\u00fcllen der Papier-Teebeutel und stabilisieren den Filter w\u00e4hrend des Aufgusses,","productkenmerk2":"Hergestellt aus Kunststoff","productkenmerk3":"Anzahl: 4 St\u00fcck","productkenmerk4":"Passt perfekt zu den Papier-Teefiltern ACTSDEDBS031"},"_links":{"self":[{"href":"https:\/\/soolong.com\/de\/wp-json\/wp\/v2\/product\/75477","targetHints":{"allow":["GET"]}}],"collection":[{"href":"https:\/\/soolong.com\/de\/wp-json\/wp\/v2\/product"}],"about":[{"href":"https:\/\/soolong.com\/de\/wp-json\/wp\/v2\/types\/product"}],"replies":[{"embeddable":true,"href":"https:\/\/soolong.com\/de\/wp-json\/wp\/v2\/comments?post=75477"}],"wp:featuredmedia":[{"embeddable":true,"href":"https:\/\/soolong.com\/de\/wp-json\/wp\/v2\/media\/75460"}],"wp:attachment":[{"href":"https:\/\/soolong.com\/de\/wp-json\/wp\/v2\/media?parent=75477"}],"wp:term":[{"taxonomy":"product_cat","embeddable":true,"href":"https:\/\/soolong.com\/de\/wp-json\/wp\/v2\/product_cat?post=75477"},{"taxonomy":"product_tag","embeddable":true,"href":"https:\/\/soolong.com\/de\/wp-json\/wp\/v2\/product_tag?post=75477"},{"taxonomy":"giftcard-category","embeddable":true,"href":"https:\/\/soolong.com\/de\/wp-json\/wp\/v2\/giftcard-category?post=75477"}],"curies":[{"name":"wp","href":"https:\/\/api.w.org\/{rel}","templated":true}]}}