{"id":75391,"date":"2021-12-16T09:25:00","date_gmt":"2021-12-16T08:25:00","guid":{"rendered":"https:\/\/soolong.com\/product\/geruba-weihnachtspralinen\/"},"modified":"2025-06-12T13:40:12","modified_gmt":"2025-06-12T11:40:12","slug":"geruba-christ-gefertigte-weihnachtspralinen","status":"publish","type":"product","link":"https:\/\/soolong.com\/de\/product\/geruba-christ-gefertigte-weihnachtspralinen\/","title":{"rendered":"Geruba Weihnachtspralinen"},"content":{"rendered":"<p>\u00dcberraschen Sie Ihre Lieben mit einem leckeren Weihnachtsgeschenk, Weihnachtspralinen mit Amaretto-, Baileys- und Champagner-Geschmack, hergestellt von einem niederl\u00e4ndischen Meister-Patissier (Schokoladenmacher),<\/p>\n","protected":false},"excerpt":{"rendered":"<p>Eine Schachtel mit 12 handgefertigten Weihnachtspralinen (110g)<\/p>\n","protected":false},"featured_media":75602,"comment_status":"closed","ping_status":"closed","template":"","meta":{"_acf_changed":false},"product_cat":[624,365,356],"product_tag":[],"giftcard-category":[],"class_list":{"0":"post-75391","1":"product","2":"type-product","3":"status-publish","4":"has-post-thumbnail","6":"product_cat-weihnachten","7":"product_cat-schokolade","8":"product_cat-geschenke","10":"first","11":"instock","12":"taxable","13":"shipping-taxable","14":"purchasable","15":"product-type-simple"},"acf":{"lijn_nummer":"","weight":"","wissel":true,"ingredients":"<p>Weihnachtspralinen mit Amaretto-, Baileys- und Champagner-Geschmack (110g\/ 12 Pralinen) Mindestkakaotrockenmasse: Milchschokolade 33,6%, Zartbitterschokolade 60,1%, wei\u00dfe Schokolade 26,1%, Zutaten: Zucker, Kakaobutter, Kakaomasse, Vollmilchpulver, Schlagsahne (Milch), Sahnebutter (Milch), Glukosesirup, 15% Baileys, (17% Alkohol), 5% Amaretto (Mandeln) (60% Alkohol), 5% Champagner-Lik\u00f6r (60% Alkohol), Mandeln, Emulgator:<\/p>\n<p>Sojalecithin, nat\u00fcrliche Vanille, Farbstoffe: (172, E100, Spirulinaextrakt), Reisst\u00e4rke, Emulgator: Sonnenblumenlecithin, N\u00e4hrwertangaben pro 100g:<\/p>\n<p>Energie 2163.00 kJ\/517 kcal, Fette 34.21g,- davon ges\u00e4ttigt 18.32g, Kohlenhydrate 44.75g,- davon Zucker 41.12g, Ballaststoffe 1.6g Protein 5.93g, Salz 0.16g Lagerungshinweis: K\u00fchl (zwischen 15-C und 18-C)<\/p>\n","new_description":"<p>\u00dcberraschen Sie Ihre Lieben mit einem leckeren Weihnachtsgeschenk, Weihnachtspralinen mit Amaretto-, Baileys- und Champagner-Geschmack, hergestellt von einem niederl\u00e4ndischen Meister-Patissier (Schokoladenmacher),<\/p>\n","productkenmerk1":"Weihnachtspralinen - Amaretto - Baileys - Champagner","productkenmerk2":"12 St\u00fcck","productkenmerk3":"110g","productkenmerk4":"Hergestellt von einem holl\u00e4ndischen Meister-Patissier (Schokoladenmacher),"},"_links":{"self":[{"href":"https:\/\/soolong.com\/de\/wp-json\/wp\/v2\/product\/75391","targetHints":{"allow":["GET"]}}],"collection":[{"href":"https:\/\/soolong.com\/de\/wp-json\/wp\/v2\/product"}],"about":[{"href":"https:\/\/soolong.com\/de\/wp-json\/wp\/v2\/types\/product"}],"replies":[{"embeddable":true,"href":"https:\/\/soolong.com\/de\/wp-json\/wp\/v2\/comments?post=75391"}],"wp:featuredmedia":[{"embeddable":true,"href":"https:\/\/soolong.com\/de\/wp-json\/wp\/v2\/media\/75602"}],"wp:attachment":[{"href":"https:\/\/soolong.com\/de\/wp-json\/wp\/v2\/media?parent=75391"}],"wp:term":[{"taxonomy":"product_cat","embeddable":true,"href":"https:\/\/soolong.com\/de\/wp-json\/wp\/v2\/product_cat?post=75391"},{"taxonomy":"product_tag","embeddable":true,"href":"https:\/\/soolong.com\/de\/wp-json\/wp\/v2\/product_tag?post=75391"},{"taxonomy":"giftcard-category","embeddable":true,"href":"https:\/\/soolong.com\/de\/wp-json\/wp\/v2\/giftcard-category?post=75391"}],"curies":[{"name":"wp","href":"https:\/\/api.w.org\/{rel}","templated":true}]}}