{"id":69213,"date":"2023-11-26T16:34:00","date_gmt":"2023-11-26T15:34:00","guid":{"rendered":"https:\/\/soolong.com\/product\/geschenkset-sinterklaas-luxustee-schokolade-letter-white\/"},"modified":"2023-12-08T19:02:07","modified_gmt":"2023-12-08T18:02:07","slug":"soolong-sinterklaas-geschenke-set-tee-verkostung-china-10-tee-sieve-schokolade-brief-weis-2","status":"publish","type":"product","link":"https:\/\/soolong.com\/de\/product\/soolong-sinterklaas-geschenke-set-tee-verkostung-china-10-tee-sieve-schokolade-brief-weis-2\/","title":{"rendered":"Geschenkset Sinterklaas Luxustee &amp; Schokolade Letter White"},"content":{"rendered":"<p><strong>Beschreibung:<\/strong><br \/>\n\u00dcberraschen Sie Ihre Mitarbeiter, Kollegen oder Angeh\u00f6rigen mit einem warmen Nikolausgeschenk.<\/p>\n<p>Diese originelle Geschenkbox aus Jute enth\u00e4lt ein Geschenkset mit vier hochwertigen losen Tees in Designerdosen*, einem trendigen schwarzen Teesieb und einem handgesch\u00f6pften Schokoladenbuchstaben S (wei\u00df, klein\/100g). Also viel Spa\u00df!<\/p>\n<p>* Geschenkset _10 China<br \/>\nDie jahrhundertealten Teetraditionen dieses sch\u00f6nen Landes China sind eine echte Inspiration f\u00fcr die Auswahl der Tees und Mischungen in diesem Geschenkset.<\/p>\n<p>Die Palette reicht von einer frischen Kr\u00e4utermischung \u00fcber einen sch\u00f6nen dunklen oxidierten Oolong, einen weichen hellen oxidierten Oolong bis hin zu einem festlichen Oolong mit Rosenbl\u00e4ttern, der ebenfalls zu unseren beliebtesten Mischungen geh\u00f6rt.<\/p>\n<p>Ein warmes Geschenk mit vier k\u00f6stlichen losen Tees in sch\u00f6nen Dosen.<\/p>\n<p>11 China Sense Vitality &#8211; Kr\u00e4utermischung &#8211; 25g<\/p>\n<p>12 China See DynasTea &#8211; Oolong Tee dunkel oxidiert- 25g<\/p>\n<p>13 China Taste Silky &#8211; Oolong Tee &#8211; 25g<\/p>\n<p>14 China Enjoy Roses: Oolong Tee: 20g<\/p>\n<p>Weitere Informationen \u00fcber die Zusammensetzung dieser Tees findest du bei den Inhaltsstoffen.<br \/>\n<strong>Zutaten:<\/strong><\/p>\n<p><strong>11 China Sense Vitality**<\/strong> 25g<br \/>\nKr\u00e4utermischung \/ Inhaltsstoffe:<br \/>\nIngwer, Zitronengras, Mate gr\u00fcn, Teebl\u00fcten, Orangenschalen, Zitronenschalen, Sonnenblumenbl\u00fcten, Zitronenmyrte.<\/p>\n<p><strong>12 China See DynasTea* <\/strong>25g<br \/>\nOolong Tee \/ Zutaten:<br \/>\nOolong-Tee dunkel oxidiert.<\/p>\n<p><strong>13 China Taste Silky*<\/strong> 25g<br \/>\nOolong Tee \/ Zutaten:<br \/>\nOolong-Tee leicht oxidiert.<\/p>\n<p><strong>14 China Enjoy Roses*<\/strong> 20g<br \/>\nOolong-Tee-Mischung \/ Zutaten:<br \/>\nOolong-Tee 87%, Rosenbl\u00fcten 8%, K\u00e4sewurzbl\u00fcten, Lavendelbl\u00fcten.<\/p>\n<p>* Enth\u00e4lt Koffein<br \/>\n** Ingwer unterst\u00fctzt das Immunsystem und tr\u00e4gt zur Vitalit\u00e4t bei.<br \/>\nDie Auswirkungen auf die Gesundheit sind noch nicht offiziell festgestellt worden. Eine gesunde Lebensweise ist wichtig, ebenso wie eine ausgewogene und abwechslungsreiche Ern\u00e4hrung.<\/p>\n<p><strong>Herkunft:<\/strong><\/p>\n<p>Die alten Teetraditionen des sch\u00f6nen Landes China sind eine echte Inspiration f\u00fcr die Auswahl der Tees und Mischungen in diesem Geschenkset.<\/p>\n<p><strong>11 China Sense Vitality<\/strong><br \/>\nBei der Kreation dieser Mischung haben wir uns von der chinesischen K\u00fcche inspirieren lassen, wo die Kraft des Ingwers und die Frische der Zitrone viele Geschmacksnerven verzaubern. Dieser Kr\u00e4utertee mit Zutaten aus verschiedenen L\u00e4ndern ist eine wunderbar ausgewogene Mischung aus nat\u00fcrlichen Aromen mit einem scharfen und erfrischenden Charakter.<\/p>\n<p><strong>12 China Siehe DynasTea<\/strong><br \/>\n<strong>13 China Geschmack Seidig<\/strong><br \/>\n<strong>14 China genie\u00dfen Rosen<\/strong><br \/>\nDie k\u00f6stlichen reinen Oolongs, die von einem etwas schwereren, ausgepr\u00e4gteren Oolong bis hin zu einem Oolong mit seidenweichem Geschmack reichen, kommen aus Wuhan, der Hauptstadt der Provinz Hubei in China. Viele kennen die Seidenstra\u00dfe, w\u00e4hrend die &#8220;Kamelstra\u00dfe des Graslandes&#8221; weniger bekannt ist.<br \/>\nSeit Ende des 17. Jahrhunderts, w\u00e4hrend der Qing-Dynastie, war Wuhan der Ausgangspunkt der Teehandelsroute in die Mongolei. Diese Handelsroute wurde auch die &#8220;Kamelroute des Graslandes&#8221; genannt.<\/p>\n<p><strong>Geschmack:<\/strong><\/p>\n<p><strong>11 China Sense Vitality<\/strong><br \/>\n<strong>Look &amp; Feel:<\/strong> gr\u00fcn (Zitronengras), hellgelb (Ingwer) und gelb (Sonnenblumenbl\u00fcten).<br \/>\n<strong>Aroma:<\/strong> Zitrusfr\u00fcchte und starke Gew\u00fcrze<br \/>\n<strong>Aufguss:<\/strong> goldgelb<br \/>\n<strong>Geschmack:<\/strong> Belebendes Zitronengras mit kr\u00e4ftigen Ingwernoten.<\/p>\n<p><strong>12 China Siehe DynasTea<\/strong><br \/>\n<strong>Look &amp; Feel:<\/strong> dunkel gef\u00e4rbte Perlen<br \/>\n<strong>Aroma:<\/strong> erdig mit Rostaroma<br \/>\n<strong>Aufguss:<\/strong> rot-brauner Aufguss<br \/>\n<strong>Geschmack:<\/strong> erdig, mineralisch, weiche Fr\u00fcchte<\/p>\n<p><strong>13 China Geschmack Seidig<\/strong><br \/>\n<strong>Look &amp; Feel:<\/strong> dunkelgr\u00fcne Perlen<br \/>\n<strong>Duft:<\/strong> Orchidee \/ Flieder<br \/>\n<strong>Aufguss:<\/strong> weiches Gelb \/ Gr\u00fcn<br \/>\n<strong>Geschmack:<\/strong> leicht pflanzlich, weich, blumig<\/p>\n<p><strong>14 China genie\u00dfen Rosen<\/strong><br \/>\n<strong>Look &amp; Feel:<\/strong> hellgr\u00fcne Perlen, umgeben von roten Rosenbl\u00e4ttern und lila Lavendel<br \/>\n<strong>Duft:<\/strong> Orchidee \/ Flieder<br \/>\n<strong>Aufguss:<\/strong> weiches Gelb \/ Gr\u00fcn<br \/>\n<strong>Geschmack:<\/strong> leicht pflanzlich, weich, blumig<\/p>\n<p><strong>Montagehinweise:<\/strong><\/p>\n<p><strong>11 China Sense Vitality<\/strong><br \/>\nWasser: 100\u00b0C<br \/>\nTee: 2g \/ 1 Teel\u00f6ffel pro Tasse (150 ml)<br \/>\nZiehzeit: 8-10 Minuten<\/p>\n<p><strong>12 China Siehe DynasTea<\/strong><br \/>\nWasser: 100\u00b0C<br \/>\nTee: 2g \/ 1 Teel\u00f6ffel pro Tasse (150 ml)<br \/>\nInfusion: 2 Minuten<\/p>\n<p><strong>13 China Geschmack Seidig<\/strong><br \/>\nWasser: 100\u00b0C<br \/>\nTee: 2g \/ 1 Teel\u00f6ffel pro Tasse (150 ml)<br \/>\nInfusion: 2 Minuten<\/p>\n<p><strong>14 China genie\u00dfen Rosen<\/strong><br \/>\nWasser: 100\u00b0C<br \/>\nTee: 2g \/ 1 Teel\u00f6ffel pro Tasse (150 ml)<br \/>\nInfusion: 2 Minuten<\/p>\n<p><strong>Lagerungshinweise:<\/strong> k\u00fchl, trocken, leicht und luftdicht aufbewahren<\/p>\n<p><strong>Passend zum Essen:<\/strong><\/p>\n<p>Innerhalb der &#8220;Geschmackslinie&#8221; legen wir besonderen Wert auf die Kombination von Tee und Speisen.<\/p>\n<p><strong>13 China Geschmack Seidig<\/strong><br \/>\nKombiniere diesen leicht oxidierten Oolong zum Beispiel mit einem St\u00fcck (ger\u00e4uchertem) K\u00e4se und erlebe, wie der seidige Geschmack dieses Oolongs noch besser zur Geltung kommt.<\/p>\n","protected":false},"excerpt":{"rendered":"<p>Ein warmes Sinterklaas-Geschenk, bestehend aus vier Designer-Dosen mit k\u00f6stlichen losen Tees, einem trendigen schwarzen Teesieb und einem handwerklichen Schokoladenbrief (wei\u00df\/100g klein).<\/p>\n","protected":false},"featured_media":0,"comment_status":"closed","ping_status":"closed","template":"","meta":{"_acf_changed":false},"product_cat":[365,356,198],"product_tag":[],"giftcard-category":[],"class_list":{"0":"post-69213","1":"product","2":"type-product","3":"status-publish","5":"product_cat-schokolade","6":"product_cat-geschenke","7":"product_cat-china-de","9":"first","10":"onbackorder","11":"taxable","12":"shipping-taxable","13":"purchasable","14":"product-type-simple"},"acf":{"lijn_nummer":"10","weight":"","wissel":true,"ingredients":"<p><strong>Zutaten:<\/strong><\/p>\n<p><strong>11 China Sense Vitality**<\/strong> 25g<br \/>\nKr\u00e4utermischung \/ Inhaltsstoffe:<br \/>\nIngwer, Zitronengras, Mate gr\u00fcn, Teebl\u00fcten, Orangenschalen, Zitronenschalen, Sonnenblumenbl\u00fcten, Zitronenmyrte.<\/p>\n<p><strong>12 China See DynasTea* <\/strong>25g<br \/>\nOolong Tee \/ Zutaten:<br \/>\nOolong-Tee dunkel oxidiert.<\/p>\n<p><strong>13 China Taste Silky*<\/strong> 25g<br \/>\nOolong Tee \/ Zutaten:<br \/>\nOolong-Tee leicht oxidiert.<\/p>\n<p><strong>14 China Enjoy Roses*<\/strong> 20g<br \/>\nOolong-Tee-Mischung \/ Zutaten:<br \/>\nOolong-Tee 87%, Rosenbl\u00fcten 8%, K\u00e4sewurzbl\u00fcten, Lavendelbl\u00fcten.<\/p>\n<p>* Enth\u00e4lt Koffein<br \/>\n** Ingwer unterst\u00fctzt das Immunsystem und tr\u00e4gt zur Vitalit\u00e4t bei.<br \/>\nDie Auswirkungen auf die Gesundheit sind noch nicht offiziell festgestellt worden. Eine gesunde Lebensweise ist wichtig, ebenso wie eine ausgewogene und abwechslungsreiche Ern\u00e4hrung.<\/p>\n","origin":"<p>Die alten Teetraditionen des sch\u00f6nen Landes China sind eine echte Inspiration f\u00fcr die Auswahl der Tees und Mischungen in diesem Geschenkset.<\/p>\n<p><strong>11 China Sense Vitality<\/strong><br \/>\nBei der Kreation dieser Mischung haben wir uns von der chinesischen K\u00fcche inspirieren lassen, wo die Kraft des Ingwers und die Frische der Zitrone viele Geschmacksnerven verzaubern. Dieser Kr\u00e4utertee mit Zutaten aus verschiedenen L\u00e4ndern ist eine wunderbar ausgewogene Mischung aus nat\u00fcrlichen Aromen mit einem scharfen und erfrischenden Charakter.<\/p>\n<p><strong>12 China Siehe DynasTea<\/strong><br \/>\n<strong>13 China Geschmack Seidig<\/strong><br \/>\n<strong>14 China genie\u00dfen Rosen<\/strong><br \/>\nDie k\u00f6stlichen reinen Oolongs, die von einem etwas schwereren, ausgepr\u00e4gteren Oolong bis hin zu einem Oolong mit seidenweichem Geschmack reichen, kommen aus Wuhan, der Hauptstadt der Provinz Hubei in China. Viele kennen die Seidenstra\u00dfe, w\u00e4hrend die &#8220;Kamelstra\u00dfe des Graslandes&#8221; weniger bekannt ist.<br \/>\nSeit Ende des 17. Jahrhunderts, w\u00e4hrend der Qing-Dynastie, war Wuhan der Ausgangspunkt der Teehandelsroute in die Mongolei. Diese Handelsroute wurde auch die &#8220;Kamelroute des Graslandes&#8221; genannt.<\/p>\n<p>Der handwerkliche Schokoladenbrief ist in den Niederlanden verblasst.<\/p>\n","tasting_notes":"<p><strong>11 China Sense Vitality<\/strong><br \/>\n<strong>Look &#038; Feel:<\/strong> gr\u00fcn (Zitronengras), hellgelb (Ingwer) und gelb (Sonnenblumenbl\u00fcten).<br \/>\n<strong>Aroma:<\/strong> Zitrusfr\u00fcchte und starke Gew\u00fcrze<br \/>\n<strong>Aufguss:<\/strong> goldgelb<br \/>\n<strong>Geschmack:<\/strong> Belebendes Zitronengras mit kr\u00e4ftigen Ingwernoten.<\/p>\n<p><strong>12 China Siehe DynasTea<\/strong><br \/>\n<strong>Look &#038; Feel:<\/strong> dunkel gef\u00e4rbte Perlen<br \/>\n<strong>Aroma:<\/strong> erdig mit Rostaroma<br \/>\n<strong>Aufguss:<\/strong> rot-brauner Aufguss<br \/>\n<strong>Geschmack:<\/strong> erdig, mineralisch, weiche Fr\u00fcchte<\/p>\n<p><strong>13 China Geschmack Seidig<\/strong><br \/>\n<strong>Look &#038; Feel:<\/strong> dunkelgr\u00fcne Perlen<br \/>\n<strong>Duft:<\/strong> Orchidee \/ Flieder<br \/>\n<strong>Aufguss:<\/strong> weiches Gelb \/ Gr\u00fcn<br \/>\n<strong>Geschmack:<\/strong> leicht pflanzlich, weich, blumig<\/p>\n<p><strong>14 China genie\u00dfen Rosen<\/strong><br \/>\n<strong>Look &#038; Feel:<\/strong> hellgr\u00fcne Perlen, umgeben von roten Rosenbl\u00e4ttern und lila Lavendel<br \/>\n<strong>Duft:<\/strong> Orchidee \/ Flieder<br \/>\n<strong>Aufguss:<\/strong> weiches Gelb \/ Gr\u00fcn<br \/>\n<strong>Geschmack:<\/strong> leicht pflanzlich, weich, blumig<\/p>\n","zetadvies":"<p><strong>Montagehinweise:<\/strong><\/p>\n<p><strong>11 China Sense Vitality<\/strong><br \/>\nWasser: 100\u00b0C<br \/>\nTee: 2g \/ 1 Teel\u00f6ffel pro Tasse (150 ml)<br \/>\nZiehzeit: 8-10 Minuten<\/p>\n<p><strong>12 China Siehe DynasTea<\/strong><br \/>\nWasser: 100\u00b0C<br \/>\nTee: 2g \/ 1 Teel\u00f6ffel pro Tasse (150 ml)<br \/>\nInfusion: 2 Minuten<\/p>\n<p><strong>13 China Geschmack Seidig<\/strong><br \/>\nWasser: 100\u00b0C<br \/>\nTee: 2g \/ 1 Teel\u00f6ffel pro Tasse (150 ml)<br \/>\nInfusion: 2 Minuten<\/p>\n<p><strong>14 China genie\u00dfen Rosen<\/strong><br \/>\nWasser: 100\u00b0C<br \/>\nTee: 2g \/ 1 Teel\u00f6ffel pro Tasse (150 ml)<br \/>\nInfusion: 2 Minuten<\/p>\n<p><strong>Lagerungshinweis:<\/strong> k\u00fchl, trocken, hell und luftdicht lagern.<\/p>\n","new_description":"<p><strong>Beschreibung:<\/strong><br \/>\n\u00dcberraschen Sie Ihre Mitarbeiter, Kollegen oder Angeh\u00f6rigen mit einem warmen Nikolausgeschenk.<\/p>\n<p>Diese originelle Geschenkbox aus Jute enth\u00e4lt ein Geschenkset mit vier hochwertigen losen Tees in Designerdosen*, einem trendigen schwarzen Teesieb und einem handgesch\u00f6pften Schokoladenbuchstaben S (wei\u00df, klein\/100g). Also viel Spa\u00df!<\/p>\n<p>* Geschenkset _10 China<br \/>\nDie jahrhundertealten Teetraditionen dieses sch\u00f6nen Landes China sind eine echte Inspiration f\u00fcr die Auswahl der Tees und Mischungen in diesem Geschenkset.<\/p>\n<p>Die Palette reicht von einer frischen Kr\u00e4utermischung \u00fcber einen sch\u00f6nen dunklen oxidierten Oolong, einen weichen hellen oxidierten Oolong bis hin zu einem festlichen Oolong mit Rosenbl\u00e4ttern, der ebenfalls zu unseren beliebtesten Mischungen geh\u00f6rt.<\/p>\n<p>Ein warmes Geschenk mit vier k\u00f6stlichen losen Tees in sch\u00f6nen Dosen.<\/p>\n<p>11 China Sense Vitality &#8211; Kr\u00e4utermischung &#8211; 25g<\/p>\n<p>12 China See DynasTea &#8211; Oolong Tee dunkel oxidiert- 25g<\/p>\n<p>13 China Taste Silky &#8211; Oolong Tee &#8211; 25g<\/p>\n<p>14 China Enjoy Roses: Oolong Tee: 20g<\/p>\n<p>Weitere Informationen \u00fcber die Zusammensetzung dieser Tees findest du bei den Inhaltsstoffen.<br \/>\n<strong>Zutaten:<\/strong><\/p>\n<p><strong>11 China Sense Vitality**<\/strong> 25g<br \/>\nKr\u00e4utermischung \/ Inhaltsstoffe:<br \/>\nIngwer, Zitronengras, Mate gr\u00fcn, Teebl\u00fcten, Orangenschalen, Zitronenschalen, Sonnenblumenbl\u00fcten, Zitronenmyrte.<\/p>\n<p><strong>12 China See DynasTea* <\/strong>25g<br \/>\nOolong Tee \/ Zutaten:<br \/>\nOolong-Tee dunkel oxidiert.<\/p>\n<p><strong>13 China Taste Silky*<\/strong> 25g<br \/>\nOolong Tee \/ Zutaten:<br \/>\nOolong-Tee leicht oxidiert.<\/p>\n<p><strong>14 China Enjoy Roses*<\/strong> 20g<br \/>\nOolong-Tee-Mischung \/ Zutaten:<br \/>\nOolong-Tee 87%, Rosenbl\u00fcten 8%, K\u00e4sewurzbl\u00fcten, Lavendelbl\u00fcten.<\/p>\n<p>* Enth\u00e4lt Koffein<br \/>\n** Ingwer unterst\u00fctzt das Immunsystem und tr\u00e4gt zur Vitalit\u00e4t bei.<br \/>\nDie Auswirkungen auf die Gesundheit sind noch nicht offiziell festgestellt worden. Eine gesunde Lebensweise ist wichtig, ebenso wie eine ausgewogene und abwechslungsreiche Ern\u00e4hrung.<\/p>\n<p><strong>Herkunft:<\/strong><\/p>\n<p>Die alten Teetraditionen des sch\u00f6nen Landes China sind eine echte Inspiration f\u00fcr die Auswahl der Tees und Mischungen in diesem Geschenkset.<\/p>\n<p><strong>11 China Sense Vitality<\/strong><br \/>\nBei der Kreation dieser Mischung haben wir uns von der chinesischen K\u00fcche inspirieren lassen, wo die Kraft des Ingwers und die Frische der Zitrone viele Geschmacksnerven verzaubern. Dieser Kr\u00e4utertee mit Zutaten aus verschiedenen L\u00e4ndern ist eine wunderbar ausgewogene Mischung aus nat\u00fcrlichen Aromen mit einem scharfen und erfrischenden Charakter.<\/p>\n<p><strong>12 China Siehe DynasTea<\/strong><br \/>\n<strong>13 China Geschmack Seidig<\/strong><br \/>\n<strong>14 China genie\u00dfen Rosen<\/strong><br \/>\nDie k\u00f6stlichen reinen Oolongs, die von einem etwas schwereren, ausgepr\u00e4gteren Oolong bis hin zu einem Oolong mit seidenweichem Geschmack reichen, kommen aus Wuhan, der Hauptstadt der Provinz Hubei in China. Viele kennen die Seidenstra\u00dfe, w\u00e4hrend die &#8220;Kamelstra\u00dfe des Graslandes&#8221; weniger bekannt ist.<br \/>\nSeit Ende des 17. Jahrhunderts, w\u00e4hrend der Qing-Dynastie, war Wuhan der Ausgangspunkt der Teehandelsroute in die Mongolei. Diese Handelsroute wurde auch die &#8220;Kamelroute des Graslandes&#8221; genannt.<\/p>\n<p><strong>Geschmack:<\/strong><\/p>\n<p><strong>11 China Sense Vitality<\/strong><br \/>\n<strong>Look &#038; Feel:<\/strong> gr\u00fcn (Zitronengras), hellgelb (Ingwer) und gelb (Sonnenblumenbl\u00fcten).<br \/>\n<strong>Aroma:<\/strong> Zitrusfr\u00fcchte und starke Gew\u00fcrze<br \/>\n<strong>Aufguss:<\/strong> goldgelb<br \/>\n<strong>Geschmack:<\/strong> Belebendes Zitronengras mit kr\u00e4ftigen Ingwernoten.<\/p>\n<p><strong>12 China Siehe DynasTea<\/strong><br \/>\n<strong>Look &#038; Feel:<\/strong> dunkel gef\u00e4rbte Perlen<br \/>\n<strong>Aroma:<\/strong> erdig mit Rostaroma<br \/>\n<strong>Aufguss:<\/strong> rot-brauner Aufguss<br \/>\n<strong>Geschmack:<\/strong> erdig, mineralisch, weiche Fr\u00fcchte<\/p>\n<p><strong>13 China Geschmack Seidig<\/strong><br \/>\n<strong>Look &#038; Feel:<\/strong> dunkelgr\u00fcne Perlen<br \/>\n<strong>Duft:<\/strong> Orchidee \/ Flieder<br \/>\n<strong>Aufguss:<\/strong> weiches Gelb \/ Gr\u00fcn<br \/>\n<strong>Geschmack:<\/strong> leicht pflanzlich, weich, blumig<\/p>\n<p><strong>14 China genie\u00dfen Rosen<\/strong><br \/>\n<strong>Look &#038; Feel:<\/strong> hellgr\u00fcne Perlen, umgeben von roten Rosenbl\u00e4ttern und lila Lavendel<br \/>\n<strong>Duft:<\/strong> Orchidee \/ Flieder<br \/>\n<strong>Aufguss:<\/strong> weiches Gelb \/ Gr\u00fcn<br \/>\n<strong>Geschmack:<\/strong> leicht pflanzlich, weich, blumig<\/p>\n<p><strong>Montagehinweise:<\/strong><\/p>\n<p><strong>11 China Sense Vitality<\/strong><br \/>\nWasser: 100\u00b0C<br \/>\nTee: 2g \/ 1 Teel\u00f6ffel pro Tasse (150 ml)<br \/>\nZiehzeit: 8-10 Minuten<\/p>\n<p><strong>12 China Siehe DynasTea<\/strong><br \/>\nWasser: 100\u00b0C<br \/>\nTee: 2g \/ 1 Teel\u00f6ffel pro Tasse (150 ml)<br \/>\nInfusion: 2 Minuten<\/p>\n<p><strong>13 China Geschmack Seidig<\/strong><br \/>\nWasser: 100\u00b0C<br \/>\nTee: 2g \/ 1 Teel\u00f6ffel pro Tasse (150 ml)<br \/>\nInfusion: 2 Minuten<\/p>\n<p><strong>14 China genie\u00dfen Rosen<\/strong><br \/>\nWasser: 100\u00b0C<br \/>\nTee: 2g \/ 1 Teel\u00f6ffel pro Tasse (150 ml)<br \/>\nInfusion: 2 Minuten<\/p>\n<p><strong>Lagerungshinweise:<\/strong> k\u00fchl, trocken, leicht und luftdicht aufbewahren<\/p>\n<p><strong>Passend zum Essen:<\/strong><\/p>\n<p>Innerhalb der &#8220;Geschmackslinie&#8221; legen wir besonderen Wert auf die Kombination von Tee und Speisen.<\/p>\n<p><strong>13 China Geschmack Seidig<\/strong><br \/>\nKombiniere diesen leicht oxidierten Oolong zum Beispiel mit einem St\u00fcck (ger\u00e4uchertem) K\u00e4se und erlebe, wie der seidige Geschmack dieses Oolongs noch besser zur Geltung kommt.<\/p>\n"},"_links":{"self":[{"href":"https:\/\/soolong.com\/de\/wp-json\/wp\/v2\/product\/69213","targetHints":{"allow":["GET"]}}],"collection":[{"href":"https:\/\/soolong.com\/de\/wp-json\/wp\/v2\/product"}],"about":[{"href":"https:\/\/soolong.com\/de\/wp-json\/wp\/v2\/types\/product"}],"replies":[{"embeddable":true,"href":"https:\/\/soolong.com\/de\/wp-json\/wp\/v2\/comments?post=69213"}],"wp:attachment":[{"href":"https:\/\/soolong.com\/de\/wp-json\/wp\/v2\/media?parent=69213"}],"wp:term":[{"taxonomy":"product_cat","embeddable":true,"href":"https:\/\/soolong.com\/de\/wp-json\/wp\/v2\/product_cat?post=69213"},{"taxonomy":"product_tag","embeddable":true,"href":"https:\/\/soolong.com\/de\/wp-json\/wp\/v2\/product_tag?post=69213"},{"taxonomy":"giftcard-category","embeddable":true,"href":"https:\/\/soolong.com\/de\/wp-json\/wp\/v2\/giftcard-category?post=69213"}],"curies":[{"name":"wp","href":"https:\/\/api.w.org\/{rel}","templated":true}]}}