{"id":69203,"date":"2023-11-26T16:34:00","date_gmt":"2023-11-26T15:34:00","guid":{"rendered":"https:\/\/soolong.com\/product\/briefkasten-geschenk-sinterklaas-tee-schokolade-brief-milch\/"},"modified":"2023-12-08T18:57:52","modified_gmt":"2023-12-08T17:57:52","slug":"soolong-letterbox-gift-sinterklaas-tea-13-tea-filter-schokolade-brief-milch","status":"publish","type":"product","link":"https:\/\/soolong.com\/de\/product\/soolong-letterbox-gift-sinterklaas-tea-13-tea-filter-schokolade-brief-milch\/","title":{"rendered":"Briefkasten Geschenk Sinterklaas Tee &amp; Schokolade Brief Milch"},"content":{"rendered":"<p><strong>Beschreibung:<\/strong><br \/>\nH\u00f6rt, wer da klopft&#8230;..<\/p>\n<p>\u00dcberraschen Sie Ihre Mitarbeiter, Kollegen und\/oder Liebsten mit einem warmen Briefkastengeschenk vom Heiligen Nikolaus.<\/p>\n<p>Genie\u00dfen Sie in diesen kalten Tagen einen seidenweichen Oolong-Tee*, kombiniert mit einem handgesch\u00f6pften Schokoladenbrief.<\/p>\n<p>Spitzenqualit\u00e4t vom Heiligen. Feiern Sie also.<\/p>\n<p>Inhalt:<br \/>\n&#8211; Nachf\u00fcllbeutel China Geschmack Seidig: Oolong-Tee* leicht oxidiert;<br \/>\n&#8211; Teefilterpapier, ungebleicht, kompostierbar, Gr\u00f6\u00dfe S, 50 St\u00fcck inkl. 1 Stick;<br \/>\n&#8211; Schoko-Buchstabe S Milch (klein\/100g)<\/p>\n<p><em>*Oolong-Tee ist, wie schwarzer und gr\u00fcner Tee, eine traditionelle Teesorte, aber es gibt noch viel mehr zu entdecken.<\/em><\/p>\n<p>Je nach Oxidationsgrad tendiert der Geschmack von leicht oxidiertem Oolong zu gr\u00fcnem Tee und von stark oxidiertem Oolong zu schwarzem Tee. Wie du dir vorstellen kannst, gibt es eine riesige Vielfalt, von den typischen nussigen bis hin zu den k\u00f6stlich blumigen Charakteren. Lassen Sie sich also von der wunderbaren Geschmackspalette dieses k\u00f6stlichen Oolong-Tees \u00fcberraschen.<\/p>\n<p><strong>Zutaten:<\/strong><\/p>\n<p>Oolong-Tee leicht oxidiert.<\/p>\n<p>* Enth\u00e4lt Koffein<\/p>\n<p>&nbsp;<\/p>\n<p><strong>Zutaten Schokoladenbuchstabe S Milch (klein\/100g):<\/strong><br \/>\nMindestkakaotrockenmasse Milchschokolade 33,6%<\/p>\n<p>Zutaten: Zucker, Kakaobutter, Kakaomasse, <strong>Vollmilchpulver, Emulgator: Sojalecithin<\/strong>, nat\u00fcrliches Vanillearoma.<br \/>\nKann Spuren enthalten von: <strong>Erdn\u00fcsse<\/strong>.<br \/>\nN\u00e4hrwertangaben: <strong>Energie 2161,00KJ\/517,00 kcal, Fette 34,21g, &#8211;<\/strong> davon ges\u00e4ttigt 18,32g, <strong>Kohlenhydrate 44,75g<\/strong>, &#8211; davon Zucker 41,12g, <strong>Ballaststoffe 1,60g, Eiwei\u00df 5,93g, Salz 0,16g.<\/strong><\/p>\n<p>&nbsp;<\/p>\n<p><strong>Herkunft:<\/strong><\/p>\n<p><strong>Herkunft:<\/strong> China<br \/>\n<strong>Region:<\/strong> Wuhan<br \/>\n<strong>Provinz:<\/strong> Hubei<\/p>\n<p>Dieser k\u00f6stliche Oolong kommt aus Wuhan, dem Ausgangspunkt der Teehandelsroute in die Mongolei. Die bekannteste Handelsroute ist jedoch die Seidenstra\u00dfe. Der seidenartige Geschmack dieses k\u00f6stlichen Oolongs erinnert dich an die alte Seidenstra\u00dfe, auf der viele Jahrhunderte lang Handel zwischen China und dem Osten Asiens, dem Nahen Osten und dem Mittelmeer auf der anderen Seite betrieben wurde.<\/p>\n<p>&nbsp;<\/p>\n<p><strong>Geschmack:<\/strong><\/p>\n<p><strong>Look &amp; Feel:<\/strong> dunkelgr\u00fcne Perlen<br \/>\n<strong>Duft:<\/strong> Orchidee \/ Flieder<br \/>\n<strong>Aufguss:<\/strong> weiches Gelb \/ Gr\u00fcn<br \/>\n<strong>Geschmack:<\/strong> leicht pflanzlich, weich, blumig<\/p>\n<p>F\u00fcr Menschen, die einen k\u00f6stlichen Oolong mit einem seidigen Geschmack m\u00f6gen.<\/p>\n<p>&nbsp;<\/p>\n<p><strong>Montagehinweise:<\/strong><\/p>\n<p>Wasser: 100\u00b0C<br \/>\nTee: 2g \/ 1 Teel\u00f6ffel pro Tasse (150 ml)<br \/>\nInfusion: 2 Minuten<\/p>\n<p>Lagerungshinweis: K\u00fchl, trocken, leicht und luftdicht lagern.<\/p>\n","protected":false},"excerpt":{"rendered":"<p>Ein leckeres Briefkastengeschenk vom Heiligen Nikolaus. Ein k\u00f6stlicher loser Oolong-Tee, Papier-Teefilter mit St\u00e4bchen und ein handwerklich hergestellter Schokoladenbrief (Milch\/100g klein).<\/p>\n","protected":false},"featured_media":0,"comment_status":"closed","ping_status":"closed","template":"","meta":{"_acf_changed":false},"product_cat":[365,356,198],"product_tag":[],"giftcard-category":[],"class_list":{"0":"post-69203","1":"product","2":"type-product","3":"status-publish","5":"product_cat-schokolade","6":"product_cat-geschenke","7":"product_cat-china-de","9":"first","10":"onbackorder","11":"taxable","12":"shipping-taxable","13":"purchasable","14":"product-type-simple"},"acf":{"weight":"","wissel":true,"lijn_nummer":"13M","ingredients":"<p><strong>Zutaten Tee:<\/strong><\/p>\n<p>Oolong-Tee leicht oxidiert.<\/p>\n<p>* Enth\u00e4lt Koffein<\/p>\n<p>\u00a0<\/p>\n<p><strong>Zutaten Schokoladenbuchstabe S Milch (klein\/100g):<\/strong><br \/>\nMindestkakaotrockenmasse Milchschokolade 33,6%<\/p>\n<p>Zutaten: Zucker, Kakaobutter, Kakaomasse, <strong>Vollmilchpulver, Emulgator: Sojalecithin<\/strong>, nat\u00fcrliches Vanillearoma.<br \/>\nKann Spuren enthalten von: <strong>Erdn\u00fcsse<\/strong>.<br \/>\nN\u00e4hrwertangaben: <strong>Energie 2161,00KJ\/517,00 kcal, Fette 34,21g, &#8211;<\/strong> davon ges\u00e4ttigt 18,32g, <strong>Kohlenhydrate 44,75g<\/strong>, &#8211; davon Zucker 41,12g, <strong>Ballaststoffe 1,60g, Eiwei\u00df 5,93g, Salz 0,16g.<\/strong><\/p>\n","origin":"<p><strong>Herkunft:<\/strong> China<br \/>\n<strong>Region:<\/strong> Wuhan<br \/>\n<strong>Provinz:<\/strong> Hubei<\/p>\n<p>Dieser k\u00f6stliche Oolong kommt aus Wuhan, dem Ausgangspunkt der Teehandelsroute in die Mongolei. Die bekannteste Handelsroute ist jedoch die Seidenstra\u00dfe. Der seidenartige Geschmack dieses k\u00f6stlichen Oolongs erinnert dich an die alte Seidenstra\u00dfe, auf der viele Jahrhunderte lang Handel zwischen China und dem Osten Asiens, dem Nahen Osten und dem Mittelmeer auf der anderen Seite betrieben wurde.<\/p>\n<p>Der handwerkliche Schokoladenbrief ist in den Niederlanden verblasst.<\/p>\n","tasting_notes":"<p><strong>Aromatisierter Oolong-Tee:<\/strong><\/p>\n<p><strong>Look &#038; Feel:<\/strong> dunkelgr\u00fcne Perlen<br \/>\n<strong>Duft:<\/strong> Orchidee \/ Flieder<br \/>\n<strong>Aufguss:<\/strong> weiches Gelb \/ Gr\u00fcn<br \/>\n<strong>Geschmack:<\/strong> leicht pflanzlich, weich, blumig<\/p>\n<p>F\u00fcr Menschen, die einen k\u00f6stlichen Oolong mit einem seidigen Geschmack m\u00f6gen.<\/p>\n","zetadvies":"<p><strong>Montagehinweise:<\/strong><\/p>\n<p>Wasser: 100\u00b0C<br \/>\nTee: 2g \/ 1 Teel\u00f6ffel pro Tasse (150 ml)<br \/>\nInfusion: 2 Minuten<\/p>\n<p>Lagerungshinweis: K\u00fchl, trocken, leicht und luftdicht lagern.<\/p>\n","new_description":"<p><strong>Beschreibung:<\/strong><br \/>\nH\u00f6rt, wer da klopft&#8230;..<\/p>\n<p>\u00dcberraschen Sie Ihre Mitarbeiter, Kollegen und\/oder Liebsten mit einem warmen Briefkastengeschenk vom Heiligen Nikolaus.<\/p>\n<p>Genie\u00dfen Sie in diesen kalten Tagen einen seidenweichen Oolong-Tee*, kombiniert mit einem handgesch\u00f6pften Schokoladenbrief.<\/p>\n<p>Spitzenqualit\u00e4t vom Heiligen. Feiern Sie also.<\/p>\n<p>Inhalt:<br \/>\n&#8211; Nachf\u00fcllbeutel China Geschmack Seidig: Oolong-Tee* leicht oxidiert;<br \/>\n&#8211; Teefilterpapier, ungebleicht, kompostierbar, Gr\u00f6\u00dfe S, 50 St\u00fcck inkl. 1 Stick;<br \/>\n&#8211; Schoko-Buchstabe S Milch (klein\/100g)<\/p>\n<p><em>*Oolong-Tee ist, wie schwarzer und gr\u00fcner Tee, eine traditionelle Teesorte, aber es gibt noch viel mehr zu entdecken.<\/em><\/p>\n<p>Je nach Oxidationsgrad tendiert der Geschmack von leicht oxidiertem Oolong zu gr\u00fcnem Tee und von stark oxidiertem Oolong zu schwarzem Tee. Wie du dir vorstellen kannst, gibt es eine riesige Vielfalt, von den typischen nussigen bis hin zu den k\u00f6stlich blumigen Charakteren. Lassen Sie sich also von der wunderbaren Geschmackspalette dieses k\u00f6stlichen Oolong-Tees \u00fcberraschen.<\/p>\n"},"_links":{"self":[{"href":"https:\/\/soolong.com\/de\/wp-json\/wp\/v2\/product\/69203","targetHints":{"allow":["GET"]}}],"collection":[{"href":"https:\/\/soolong.com\/de\/wp-json\/wp\/v2\/product"}],"about":[{"href":"https:\/\/soolong.com\/de\/wp-json\/wp\/v2\/types\/product"}],"replies":[{"embeddable":true,"href":"https:\/\/soolong.com\/de\/wp-json\/wp\/v2\/comments?post=69203"}],"wp:attachment":[{"href":"https:\/\/soolong.com\/de\/wp-json\/wp\/v2\/media?parent=69203"}],"wp:term":[{"taxonomy":"product_cat","embeddable":true,"href":"https:\/\/soolong.com\/de\/wp-json\/wp\/v2\/product_cat?post=69203"},{"taxonomy":"product_tag","embeddable":true,"href":"https:\/\/soolong.com\/de\/wp-json\/wp\/v2\/product_tag?post=69203"},{"taxonomy":"giftcard-category","embeddable":true,"href":"https:\/\/soolong.com\/de\/wp-json\/wp\/v2\/giftcard-category?post=69203"}],"curies":[{"name":"wp","href":"https:\/\/api.w.org\/{rel}","templated":true}]}}