{"id":69041,"date":"2023-11-26T16:34:00","date_gmt":"2023-11-26T15:34:00","guid":{"rendered":"https:\/\/soolong.com\/product\/geschenkset-sinterklaas-rooibos-schokolade-letter-white\/"},"modified":"2023-12-08T19:10:21","modified_gmt":"2023-12-08T18:10:21","slug":"soolong-sinterklaas-geschenke-set-tee-verkostung-rooibos-40-tea-sieve-schokolade-letter-weis","status":"publish","type":"product","link":"https:\/\/soolong.com\/de\/product\/soolong-sinterklaas-geschenke-set-tee-verkostung-rooibos-40-tea-sieve-schokolade-letter-weis\/","title":{"rendered":"Geschenkset Sinterklaas Rooibos &amp; Schokolade Letter White"},"content":{"rendered":"<p><strong>Beschreibung:<\/strong><br \/>\nEs gibt so viel mehr zu geben.<\/p>\n<p>\u00dcberraschen Sie Ihre Mitarbeiter, Kollegen oder Angeh\u00f6rigen mit einem warmen Nikolausgeschenk.<\/p>\n<p>Diese originelle Geschenkbox aus Jute enth\u00e4lt ein Geschenkset mit vier hochwertigen losen Tees in Designerdosen*, einem trendigen schwarzen Teesieb und einem handgesch\u00f6pften Schokoladenbuchstaben S (wei\u00df, klein\/100g). Also viel Spa\u00df!<\/p>\n<p>* Geschenkset _40 S\u00fcdafrika<br \/>\nRooibos &#8211; wer mag ihn nicht? Rooibos w\u00e4chst urspr\u00fcnglich nur in S\u00fcdafrika und war lange Zeit das Nationalgetr\u00e4nk S\u00fcdafrikas, hat aber inzwischen auch den Rest der Welt erobert.<\/p>\n<p>Ein k\u00f6stlicher Genuss: Vier Designer-Dosen mit k\u00f6stlichem losen Tee (4x25g):<\/p>\n<p>41 S\u00fcdafrika Sense Focus &#8211; Rooibos Kr\u00e4utermischung &#8211; 25g<\/p>\n<p>42 S\u00fcdafrika See Good Hope &#8211; Rooibos Kr\u00e4utermischung &#8211; 25g<\/p>\n<p>43 S\u00fcdafrika Geschmackshonig &#8211; Honeybush Kr\u00e4utermischung &#8211; 25g<\/p>\n<p>44 S\u00fcdafrika Enjoy Sunset &#8211; Rooibos Kr\u00e4utermischung &#8211; 25g<\/p>\n<p>Weitere Informationen \u00fcber die Zusammensetzung dieser Tees findest du bei den Inhaltsstoffen.<\/p>\n<p><strong>Zutaten:<\/strong><\/p>\n<p><strong>41 S\u00fcdafrika Sense Focus*<\/strong> 25g<br \/>\nRooibos Kr\u00e4utermischung \/ Zutaten:<br \/>\nRooibos 51%, Basilikum, Leinsamen, Ginkgobl\u00e4tter, S\u00fc\u00dffenchel, Mandelst\u00fccke<\/p>\n<p><strong>42 S\u00fcdafrika See Good Hope*<\/strong> 25g<br \/>\nGr\u00fcne Rooibos-Kr\u00e4utermischung \/ Zutaten:<br \/>\nGr\u00fcner Rooibos 93%, s\u00fc\u00dfe Brombeerbl\u00e4tter, nat\u00fcrliches Vanillearoma<\/p>\n<p><strong>43 S\u00fcdafrika Geschmackshonig*<\/strong> 25g<br \/>\nHoneybush Kr\u00e4utermischung\/ Zutaten:<br \/>\nHonigbusch 60%, Johannisbrotst\u00fccke, Guavenst\u00fccke, Zitronenverbene, Bananenst\u00fccke, nat\u00fcrliche Aromen<\/p>\n<p><strong>44 S\u00fcdafrika Genie\u00dfe den Sonnenuntergang*<\/strong> 25g<br \/>\nRooibos-Kr\u00e4utermischung \/ Zutaten:<br \/>\nRooibos 59%, Zitronengras, Basilikum gerieben, Zitronenschalen in Scheiben, Kornblume, nat\u00fcrliches Zitronenaroma<\/p>\n<p>* Enth\u00e4lt kein Koffein<\/p>\n<p><strong>Herkunft:<\/strong><\/p>\n<p>Herkunft Rooibos\/Honigbusch: S\u00fcdafrika<br \/>\nRegion: Cederberg, Westkap<\/p>\n<p><strong>41 S\u00fcdafrika Sense Focus<\/strong><br \/>\n<strong>42 S\u00fcdafrika Siehe Gute Hoffnung<\/strong><br \/>\n<strong>44 S\u00fcdafrika Genie\u00dfe den Sonnenuntergang<\/strong><br \/>\nRooibos wird auch &#8220;Buschtee&#8221; genannt. Rooibos ist ein Strauch mit gelben Bl\u00fcten, der nat\u00fcrlich in der N\u00e4he der Cedar Mountains w\u00e4chst. Obwohl dieser Strauch einen halben bis einen Meter hoch werden kann, wird er normalerweise in der Zeit von Januar bis M\u00e4rz bei einer H\u00f6he von 20 cm geerntet.<\/p>\n<p>Die nadelartigen Bl\u00e4tter sind beim Pfl\u00fccken gr\u00fcn. Dann werden die Bl\u00e4tter zerkleinert und nass gemacht, was einen chemischen G\u00e4rungsprozess in Gang setzt. Dadurch entsteht die sch\u00f6ne dunkelrote Farbe. Am n\u00e4chsten Tag werden die Nadeln in die afrikanische Sonne gelegt, um weiter zu oxidieren. Aus diesem Grund wird Rooibos neben &#8220;Buschtee&#8221; auch &#8220;roter Tee&#8221; genannt.<\/p>\n<p><strong>43 S\u00fcdafrika Geschmack Honig<\/strong><br \/>\nDer Honeybush w\u00e4chst urspr\u00fcnglich nur in S\u00fcdafrika. Die gelben Bl\u00fcten der Honeybush-Pflanze duften nach Honig und daher hat diese besondere Pflanze auch ihren Namen.<\/p>\n<p><strong>Geschmack:<\/strong><\/p>\n<p><strong>41 S\u00fcdafrika Sense Focus<\/strong><br \/>\n<strong>Aussehen &amp; Gef\u00fchl:<\/strong> rote kleine nadelartige Bl\u00e4tter, braune Samen, wei\u00dfe gelbe Mandelst\u00fccke, gr\u00fcne Basilikumbl\u00e4tter und Ginkgo<br \/>\n<strong>Aroma:<\/strong> s\u00fc\u00df und w\u00fcrzig<br \/>\n<strong>Aufguss:<\/strong> Bernstein<br \/>\n<strong>Geschmack:<\/strong> mild-s\u00fc\u00dfe und w\u00fcrzige Noten von Basilikum und Guave<\/p>\n<p><strong>42 S\u00fcdafrika Siehe Gute Hoffnung<\/strong><br \/>\n<strong>Aussehen &amp; Gef\u00fchl:<\/strong> Mischung aus hellgelben, gr\u00fcnen, nadelartigen Bl\u00e4ttern<br \/>\n<strong>Aroma:<\/strong> s\u00fc\u00dfe Vanille<br \/>\n<strong>Aufguss:<\/strong> heller Bernstein<br \/>\n<strong>Geschmack:<\/strong> mild s\u00fc\u00df, samtig weich mit Noten von Honig und Vanille<\/p>\n<p><strong>43 S\u00fcdafrika Geschmack Honig<\/strong><br \/>\n<strong>Aussehen &amp; Gef\u00fchl:<\/strong> dunkelrote Nadeln des Honigbusches und gr\u00fcne St\u00fccke der Zitronenverbene<br \/>\n<strong>Aroma:<\/strong> s\u00fc\u00df (der Geruch ist s\u00fc\u00dfer als der sehr angenehme weiche s\u00fc\u00dfe Geschmack)<br \/>\n<strong>Aufguss:<\/strong> Bernstein<br \/>\n<strong>Geschmack:<\/strong> weicher s\u00fc\u00dfer Geschmack von Honig und Banane kombiniert mit leicht frischen Noten von Zitronenverbene<\/p>\n<p><strong>44 S\u00fcdafrika Genie\u00dfe den Sonnenuntergang<\/strong><br \/>\n<strong>Look &amp; Feel:<\/strong> Die Kombination aus rotbraunen Rooibosnadeln, gr\u00fcnem Zitronengras und violett-blauen Kornblumen ist eine Augenweide<br \/>\n<strong>Aroma:<\/strong> s\u00fc\u00df, frische Zitrusfr\u00fcchte<br \/>\n<strong>Aufguss:<\/strong> Bernstein<br \/>\n<strong>Geschmack:<\/strong> weich, s\u00fc\u00df mit subtilen frischen Noten von Zitronengras und Zitronenschalen.<\/p>\n<p><strong>Montagehinweise:<\/strong><\/p>\n<p>Wasser: 100\u00b0C<br \/>\nTee: 2g \/ 1 Teel\u00f6ffel pro Tasse (150 ml)<br \/>\nInfusion: 5 Minuten<\/p>\n<p><strong>Lagerungshinweise:<\/strong> k\u00fchl, trocken, leicht und luftdicht aufbewahren<\/p>\n<p><strong>Passend zum Essen:<\/strong><\/p>\n<p>Innerhalb der &#8220;Geschmackslinie&#8221; legen wir besonderen Wert auf die Kombination von Tee und Speisen.<\/p>\n<p><strong>43 S\u00fcdafrika Geschmack Honig<\/strong><br \/>\nErleben Sie das wahnsinnige Geschmackserlebnis dieses k\u00f6stlichen Tees in Kombination mit einem handwerklich hergestellten Schokoladenbrief.<\/p>\n","protected":false},"excerpt":{"rendered":"<p>Ein schmackhaftes Sinterklaas-Geschenk, bestehend aus vier Designer-Dosen mit k\u00f6stlichen losen Teesorten, einem trendigen schwarzen Teesieb und einem handgefertigten Schokoladenbrief (wei\u00df\/100g klein).<\/p>\n","protected":false},"featured_media":0,"comment_status":"closed","ping_status":"closed","template":"","meta":{"_acf_changed":false},"product_cat":[365,356,287],"product_tag":[],"giftcard-category":[],"class_list":{"0":"post-69041","1":"product","2":"type-product","3":"status-publish","5":"product_cat-schokolade","6":"product_cat-geschenke","7":"product_cat-sudafrika","9":"first","10":"onbackorder","11":"taxable","12":"shipping-taxable","13":"purchasable","14":"product-type-simple"},"acf":{"lijn_nummer":"40","weight":"","wissel":true,"marktplaatstitel2":"","marktplaatstitel3":"","ingredients":"<p><strong>Zutaten:<\/strong><\/p>\n<p><strong>41 S\u00fcdafrika Sense Focus*<\/strong> 25g<br \/>\nRooibos Kr\u00e4utermischung \/ Zutaten:<br \/>\nRooibos 51%, Basilikum, Leinsamen, Ginkgobl\u00e4tter, S\u00fc\u00dffenchel, Mandelst\u00fccke<\/p>\n<p><strong>42 S\u00fcdafrika See Good Hope*<\/strong> 25g<br \/>\nGr\u00fcne Rooibos-Kr\u00e4utermischung \/ Zutaten:<br \/>\nGr\u00fcner Rooibos 93%, s\u00fc\u00dfe Brombeerbl\u00e4tter, nat\u00fcrliches Vanillearoma<\/p>\n<p><strong>43 S\u00fcdafrika Geschmackshonig*<\/strong> 25g<br \/>\nHoneybush Kr\u00e4utermischung\/ Zutaten:<br \/>\nHonigbusch 60%, Johannisbrotst\u00fccke, Guavenst\u00fccke, Zitronenverbene, Bananenst\u00fccke, nat\u00fcrliche Aromen<\/p>\n<p><strong>44 S\u00fcdafrika Genie\u00dfe den Sonnenuntergang*<\/strong> 25g<br \/>\nRooibos-Kr\u00e4utermischung \/ Zutaten:<br \/>\nRooibos 59%, Zitronengras, Basilikum gerieben, Zitronenschalen in Scheiben, Kornblume, nat\u00fcrliches Zitronenaroma<\/p>\n<p>* Enth\u00e4lt kein Koffein<\/p>\n","origin":"<p><strong>Geschenkset 40 S\u00fcdafrikanische Rooibos-Mischungen<\/strong><\/p>\n<p>Herkunft Rooibos\/Honigbusch: S\u00fcdafrika<br \/>\nRegion: Cederberg, Westkap<\/p>\n<p><strong>41 S\u00fcdafrika Sense Focus<\/strong><br \/>\n<strong>42 S\u00fcdafrika Siehe Gute Hoffnung<\/strong><br \/>\n<strong>44 S\u00fcdafrika Genie\u00dfe den Sonnenuntergang<\/strong><br \/>\nRooibos wird auch &#8220;Buschtee&#8221; genannt. Rooibos ist ein Strauch mit gelben Bl\u00fcten, der nat\u00fcrlich in der N\u00e4he der Cedar Mountains w\u00e4chst. Obwohl dieser Strauch einen halben bis einen Meter hoch werden kann, wird er normalerweise in der Zeit von Januar bis M\u00e4rz bei einer H\u00f6he von 20 cm geerntet.<\/p>\n<p>Die nadelartigen Bl\u00e4tter sind beim Pfl\u00fccken gr\u00fcn. Dann werden die Bl\u00e4tter zerkleinert und nass gemacht, was einen chemischen G\u00e4rungsprozess in Gang setzt. Dadurch entsteht die sch\u00f6ne dunkelrote Farbe. Am n\u00e4chsten Tag werden die Nadeln in die afrikanische Sonne gelegt, um weiter zu oxidieren. Aus diesem Grund wird Rooibos neben &#8220;Buschtee&#8221; auch &#8220;roter Tee&#8221; genannt.<\/p>\n<p><strong>43 S\u00fcdafrika Geschmack Honig<\/strong><br \/>\nDer Honeybush w\u00e4chst urspr\u00fcnglich nur in S\u00fcdafrika. Die gelben Bl\u00fcten der Honeybush-Pflanze duften nach Honig und daher hat diese besondere Pflanze auch ihren Namen.<\/p>\n<p>Der handwerkliche Schokoladenbrief ist in den Niederlanden verblasst.<\/p>\n","tasting_notes":"<p><strong>Geschenkset 40 S\u00fcdafrikanische Rooibos-Mischungen<\/strong><\/p>\n<p><strong>41 S\u00fcdafrika Sense Focus<\/strong><br \/>\n<strong>Aussehen &#038; Gef\u00fchl:<\/strong> rote kleine nadelartige Bl\u00e4tter, braune Samen, wei\u00dfe gelbe Mandelst\u00fccke, gr\u00fcne Basilikumbl\u00e4tter und Ginkgo<br \/>\n<strong>Aroma:<\/strong> s\u00fc\u00df und w\u00fcrzig<br \/>\n<strong>Aufguss:<\/strong> Bernstein<br \/>\n<strong>Geschmack:<\/strong> mild-s\u00fc\u00dfe und w\u00fcrzige Noten von Basilikum und Guave<\/p>\n<p><strong>42 S\u00fcdafrika Siehe Gute Hoffnung<\/strong><br \/>\n<strong>Aussehen &#038; Gef\u00fchl:<\/strong> Mischung aus hellgelben, gr\u00fcnen, nadelartigen Bl\u00e4ttern<br \/>\n<strong>Aroma:<\/strong> s\u00fc\u00dfe Vanille<br \/>\n<strong>Aufguss:<\/strong> heller Bernstein<br \/>\n<strong>Geschmack:<\/strong> mild s\u00fc\u00df, samtig weich mit Noten von Honig und Vanille<\/p>\n<p><strong>43 S\u00fcdafrika Geschmack Honig<\/strong><br \/>\n<strong>Aussehen &#038; Gef\u00fchl:<\/strong> dunkelrote Nadeln des Honigbusches und gr\u00fcne St\u00fccke der Zitronenverbene<br \/>\n<strong>Aroma:<\/strong> s\u00fc\u00df (der Geruch ist s\u00fc\u00dfer als der sehr angenehme weiche s\u00fc\u00dfe Geschmack)<br \/>\n<strong>Aufguss:<\/strong> Bernstein<br \/>\n<strong>Geschmack:<\/strong> weicher s\u00fc\u00dfer Geschmack von Honig und Banane kombiniert mit leicht frischen Noten von Zitronenverbene<\/p>\n<p><strong>44 S\u00fcdafrika Genie\u00dfe den Sonnenuntergang<\/strong><br \/>\n<strong>Look &#038; Feel:<\/strong> Die Kombination aus rotbraunen Rooibosnadeln, gr\u00fcnem Zitronengras und violett-blauen Kornblumen ist eine Augenweide<br \/>\n<strong>Aroma:<\/strong> s\u00fc\u00df, frische Zitrusfr\u00fcchte<br \/>\n<strong>Aufguss:<\/strong> Bernstein<br \/>\n<strong>Geschmack:<\/strong> weich, s\u00fc\u00df mit subtilen frischen Noten von Zitronengras und Zitronenschalen.<\/p>\n","zetadvies":"<p><strong>Montagehinweise:<\/strong><\/p>\n<p>Wasser: 100\u00b0C<br \/>\nTee: 2g \/ 1 Teel\u00f6ffel pro Tasse (150 ml)<br \/>\nInfusion: 5 Minuten<\/p>\n<p><strong>Lagerungshinweis:<\/strong> k\u00fchl, trocken, hell und luftdicht lagern.<\/p>\n","new_description":"<p><strong>Beschreibung:<\/strong><br \/>\nEs gibt so viel mehr zu geben.<\/p>\n<p>\u00dcberraschen Sie Ihre Mitarbeiter, Kollegen oder Angeh\u00f6rigen mit einem warmen Nikolausgeschenk.<\/p>\n<p>Diese originelle Geschenkbox aus Jute enth\u00e4lt ein Geschenkset mit vier hochwertigen losen Tees in Designerdosen*, einem trendigen schwarzen Teesieb und einem handgesch\u00f6pften Schokoladenbuchstaben S (wei\u00df, klein\/100g). Also viel Spa\u00df!<\/p>\n<p>* Geschenkset _40 S\u00fcdafrika<br \/>\nRooibos &#8211; wer mag ihn nicht? Rooibos w\u00e4chst urspr\u00fcnglich nur in S\u00fcdafrika und war lange Zeit das Nationalgetr\u00e4nk S\u00fcdafrikas, hat aber inzwischen auch den Rest der Welt erobert.<\/p>\n<p>Ein k\u00f6stlicher Genuss: Vier Designer-Dosen mit k\u00f6stlichem losen Tee (4x25g):<\/p>\n<p>41 S\u00fcdafrika Sense Focus &#8211; Rooibos Kr\u00e4utermischung &#8211; 25g<\/p>\n<p>42 S\u00fcdafrika See Good Hope &#8211; Rooibos Kr\u00e4utermischung &#8211; 25g<\/p>\n<p>43 S\u00fcdafrika Geschmackshonig &#8211; Honeybush Kr\u00e4utermischung &#8211; 25g<\/p>\n<p>44 S\u00fcdafrika Enjoy Sunset &#8211; Rooibos Kr\u00e4utermischung &#8211; 25g<\/p>\n<p>Weitere Informationen \u00fcber die Zusammensetzung dieser Tees findest du bei den Inhaltsstoffen.<\/p>\n"},"_links":{"self":[{"href":"https:\/\/soolong.com\/de\/wp-json\/wp\/v2\/product\/69041","targetHints":{"allow":["GET"]}}],"collection":[{"href":"https:\/\/soolong.com\/de\/wp-json\/wp\/v2\/product"}],"about":[{"href":"https:\/\/soolong.com\/de\/wp-json\/wp\/v2\/types\/product"}],"replies":[{"embeddable":true,"href":"https:\/\/soolong.com\/de\/wp-json\/wp\/v2\/comments?post=69041"}],"wp:attachment":[{"href":"https:\/\/soolong.com\/de\/wp-json\/wp\/v2\/media?parent=69041"}],"wp:term":[{"taxonomy":"product_cat","embeddable":true,"href":"https:\/\/soolong.com\/de\/wp-json\/wp\/v2\/product_cat?post=69041"},{"taxonomy":"product_tag","embeddable":true,"href":"https:\/\/soolong.com\/de\/wp-json\/wp\/v2\/product_tag?post=69041"},{"taxonomy":"giftcard-category","embeddable":true,"href":"https:\/\/soolong.com\/de\/wp-json\/wp\/v2\/giftcard-category?post=69041"}],"curies":[{"name":"wp","href":"https:\/\/api.w.org\/{rel}","templated":true}]}}