{"id":41658,"date":"2022-01-06T14:54:00","date_gmt":"2022-01-06T13:54:00","guid":{"rendered":"https:\/\/soolong.com\/product\/10-geschenkset-china\/"},"modified":"2025-04-17T18:15:32","modified_gmt":"2025-04-17T16:15:32","slug":"geschenk-geschenk-set-die-geschmack-der-china-10","status":"publish","type":"product","link":"https:\/\/soolong.com\/de\/product\/geschenk-geschenk-set-die-geschmack-der-china-10\/","title":{"rendered":"\u211610 Geschenkset China"},"content":{"rendered":"<p><strong>Beschreibung:<\/strong><\/p>\n<p>Die jahrhundertealten Teetraditionen dieses sch\u00f6nen Landes China sind eine echte Inspiration f\u00fcr die Auswahl der Tees und Mischungen in diesem Geschenkset.<\/p>\n<p>Die Palette reicht von einer frischen Kr\u00e4utermischung \u00fcber einen sch\u00f6nen dunklen oxidierten Oolong, einen weichen hellen oxidierten Oolong bis hin zu einem festlichen Oolong mit Rosenbl\u00e4ttern, der ebenfalls zu unseren beliebtesten Mischungen geh\u00f6rt.<\/p>\n<p>Ein warmes Geschenk mit vier k\u00f6stlichen losen Tees in sch\u00f6nen Dosen.<\/p>\n<p>11 China Sense Vitality &#8211; Kr\u00e4utermischung &#8211; 25g<\/p>\n<p>12 China See DynasTea &#8211; Oolong Tee dunkel oxidiert- 25g<\/p>\n<p>13 China Taste Silky &#8211; Oolong Tee &#8211; 25g<\/p>\n<p>14 China Enjoy Roses: Oolong Tee: 20g<\/p>\n<p>Weitere Informationen \u00fcber die Zusammensetzung dieser Tees findest du bei den Inhaltsstoffen.<br \/>\n<strong>Zutaten:<\/strong><\/p>\n<p><strong>11 China Sense Vitality**<\/strong> 25g<br \/>\nKr\u00e4utermischung \/ Zutaten:<br \/>\nIngwer, Zitronengras, Mate gr\u00fcn, Teebl\u00fcte, Orangenschalen, Zitronenschalen, Sonnenblumenbl\u00fctenbl\u00e4tter, Zitronenmyrte.<\/p>\n<p><strong>12 China See DynasTea* <\/strong>25g<br \/>\nOolong Tee \/ Zutaten:<br \/>\nOolong Tee dunkel oxidiert<\/p>\n<p><strong>13 China Taste Silky*<\/strong> 25g<br \/>\nOolong Tee \/ Zutaten:<br \/>\nOolong Tee leicht oxidiert<\/p>\n<p><strong>14 China Enjoy Roses*<\/strong> 20g<br \/>\nOolong Teemischung \/ Zutaten:<br \/>\nOolong Tee 87%, Rosenbl\u00fcten 8%, K\u00e4sekrautbl\u00fcten, Lavendelbl\u00fcten<\/p>\n<p>* Enth\u00e4lt Koffein<br \/>\n** Ingwer unterst\u00fctzt das Immunsystem und tr\u00e4gt zur Vitalit\u00e4t bei.<br \/>\nDie gesundheitliche Wirkung ist noch nicht offiziell nachgewiesen. Eine gesunde Lebensweise ist wichtig, ebenso wie eine ausgewogene und abwechslungsreiche Ern\u00e4hrung.<\/p>\n<p><strong>Herkunft:<\/strong><\/p>\n<p>Die alten Teetraditionen des sch\u00f6nen Landes China sind eine echte Inspiration f\u00fcr die Auswahl der Tees und Mischungen in diesem Geschenkset.<\/p>\n<p>1<strong>1 China Sense Vitality<\/strong> Bei der Kreation dieser Mischung haben wir uns von der chinesischen K\u00fcche inspirieren lassen, wo der kr\u00e4ftige Ingwer und die Frische der Zitrone viele Geschmacksnerven verzaubern. Dieser Kr\u00e4utertee mit Zutaten aus verschiedenen L\u00e4ndern ist eine wunderbar ausgewogene Mischung aus nat\u00fcrlichen Aromen mit einem scharfen und erfrischenden Charakter.<\/p>\n<p><strong>12 China Siehe DynasTea<\/strong><br \/>\n<strong>13 China Geschmack Seidig<\/strong><\/p>\n<p>1<strong>4 China Enjoy Roses<\/strong> Die k\u00f6stlichen reinen Oolongs, die von einem etwas schwereren, ausgepr\u00e4gteren Oolong bis hin zu einem Oolong mit seidenweichem Geschmack reichen, stammen aus Wuhan, der Hauptstadt der Provinz Hubei in China.<br \/>\nViele kennen die Seidenstra\u00dfe, w\u00e4hrend die &#8220;Kamelroute des Graslandes&#8221; weniger bekannt ist. Ab dem sp\u00e4ten 17. Jahrhundert, w\u00e4hrend der Qing-Dynastie, war Wuhan der Ausgangspunkt der Teehandelsroute in die Mongolei.  Diese Handelsroute wurde auch die &#8220;Kamelroute des Graslandes&#8221; genannt.<\/p>\n<p><strong>Geschmack:<\/strong><\/p>\n<p><strong>11 China Sense Vitality<\/strong><br \/>\n<strong>Aussehen und Wirkung:<\/strong> gr\u00fcn (Zitronengras), hellgelb (Ingwer) und gelb (Sonnenblumenbl\u00fcten)<br \/>\n<strong>Aroma:<\/strong> Zitrusfr\u00fcchte und starke Gew\u00fcrze<br \/>\n<strong>Aufguss:<\/strong> goldgelb<br \/>\n<strong>Geschmack:<\/strong> belebendes Zitronengras mit kr\u00e4ftigen Noten von Ingwer<\/p>\n<p><strong>12 China Siehe DynasTea<\/strong><br \/>\n<strong>Look &amp; Feel:<\/strong> dunkel gef\u00e4rbte Perlen<br \/>\n<strong>Aroma:<\/strong> erdig mit Rostaroma<br \/>\n<strong>Aufguss:<\/strong> rot-brauner Aufguss<br \/>\n<strong>Geschmack:<\/strong> erdig, mineralisch, weiche Fr\u00fcchte<\/p>\n<p><strong>13 China Geschmack Seidig<\/strong><br \/>\n<strong>Look &amp; Feel:<\/strong> dunkelgr\u00fcne Perlen<br \/>\n<strong>Duft:<\/strong> Orchidee \/ Flieder<br \/>\n<strong>Aufguss:<\/strong> weiches Gelb \/ Gr\u00fcn<br \/>\n<strong>Geschmack:<\/strong> leicht pflanzlich, weich, blumig<\/p>\n<p><strong>14 China genie\u00dfen Rosen<\/strong><br \/>\n<strong>Look &amp; Feel:<\/strong> hellgr\u00fcne Perlen, umgeben von roten Rosenbl\u00e4ttern und lila Lavendel<br \/>\n<strong>Duft:<\/strong> Orchidee \/ Flieder<br \/>\n<strong>Aufguss:<\/strong> weiches Gelb \/ Gr\u00fcn<br \/>\n<strong>Geschmack:<\/strong> leicht pflanzlich, weich, blumig<\/p>\n<p><strong>Montagehinweise:<\/strong><\/p>\n<p><strong>11 China Sense Vitality<\/strong><br \/>\nWasser: 100\u00b0C<br \/>\nTee: 2g \/ 1 Teel\u00f6ffel pro Tasse (150 ml)<br \/>\nZiehzeit: 8-10 Minuten<\/p>\n<p><strong>12 China Siehe DynasTea<\/strong><br \/>\nWasser: 100\u00b0C<br \/>\nTee: 2g \/ 1 Teel\u00f6ffel pro Tasse (150 ml)<br \/>\nAufguss: 2 Minuten<\/p>\n<p><strong>13 China Taste Silky<\/strong><br \/>\nWasser: 100\u00b0C<br \/>\nTee: 2g \/ 1 Teel\u00f6ffel pro Tasse (150 ml)<br \/>\nAufguss: 2 Minuten<\/p>\n<p>1<strong>4 China Enjoy Roses<\/strong> Wasser: 100\u00b0C Tee: 2g \/ 1 Teel\u00f6ffel pro Tasse (150 ml) Aufguss: 2 Minuten<\/p>\n<p><strong>Lagerungshinweise:<\/strong> k\u00fchl, trocken, leicht und luftdicht aufbewahren<\/p>\n<p><strong>Passend zum Essen:<\/strong><\/p>\n<p>Innerhalb der &#8220;Geschmackslinie&#8221; schenken wir dem Tee &amp; Foodpairing besondere Aufmerksamkeit<\/p>\n<p>1<strong>3 China Taste Silky<\/strong> Kombinieren Sie diesen leicht oxidierten Oolong zum Beispiel mit einem St\u00fcck (ger\u00e4ucherten) K\u00e4se und erleben Sie, wie der seidige Geschmack dieses Oolongs noch besser zur Geltung kommt<\/p>\n","protected":false},"excerpt":{"rendered":"<p>Ein warmes Geschenk mit vier sch\u00f6nen Dosen, gef\u00fcllt mit k\u00f6stlichem losen Tee.<\/p>\n","protected":false},"featured_media":67334,"comment_status":"closed","ping_status":"closed","template":"","meta":{"_acf_changed":false},"product_cat":[624,356,451,198],"product_tag":[],"giftcard-category":[],"class_list":{"0":"post-41658","1":"product","2":"type-product","3":"status-publish","4":"has-post-thumbnail","6":"product_cat-weihnachten","7":"product_cat-geschenke","8":"product_cat-senses-de","9":"product_cat-china-de","11":"first","12":"instock","13":"taxable","14":"shipping-taxable","15":"purchasable","16":"product-type-simple"},"acf":{"lijn_nummer":"10","weight":"","wissel":true,"foodpairing":"<p>Innerhalb der &#8220;Geschmackslinie&#8221; legen wir besonderes Augenmerk auf die Kombination von Tee und Speisen.<strong>13 China Taste Silky<\/strong> Kombinieren Sie zum Beispiel diesen leicht oxidierten Oolong mit einem St\u00fcck (ger\u00e4ucherten) K\u00e4se und erleben Sie, wie der seidige Geschmack dieses Oolongs noch besser zur Geltung kommt,<\/p>\n","ingredients":"<p><strong>11 China Sense Vitality**<\/strong> 25g<br \/>\nKr\u00e4utermischung \/ Zutaten:<br \/>\nIngwer, Zitronengras, Mate gr\u00fcn, Teebl\u00fcten, Orangenschalen, Zitronenschalen, Sonnenblumenbl\u00fcten, Zitronenmyrte<\/p>\n<p><strong>12 China See DynasTea* <\/strong>25g<br \/>\nOolong Tee \/ Zutaten:<br \/>\nOolong Tee dunkel oxidiert<\/p>\n<p><strong>13 China Taste Silky*<\/strong> 25g<br \/>\nOolong Tee \/ Zutaten: Oolong Tee leicht oxidiert<\/p>\n<p><strong>14 China Enjoy Roses*<\/strong> 20g<br \/>\nOolong Teemischung \/ Zutaten:<br \/>\nOolong Tee 87%, Rosenbl\u00fcten 8%, K\u00e4sekrautbl\u00fcten, Lavendelbl\u00fcten<\/p>\n<p>* Enth\u00e4lt Koffein<br \/>\n** Ingwer unterst\u00fctzt das Immunsystem und tr\u00e4gt zur Vitalit\u00e4t bei.<br \/>\nDie gesundheitliche Wirkung ist noch nicht offiziell nachgewiesen. Eine gesunde Lebensweise ist wichtig, ebenso wie eine ausgewogene und abwechslungsreiche Ern\u00e4hrung.<\/p>\n","origin":"<p>Die alten Teetraditionen des sch\u00f6nen Landes China sind eine echte Inspiration f\u00fcr die Auswahl der Tees und Mischungen in diesem Geschenkset.<\/p>\n<p>1<strong>1 China Sense Vitality<\/strong> Bei der Kreation dieser Mischung haben wir uns von der chinesischen K\u00fcche inspirieren lassen, wo der kr\u00e4ftige Ingwer und die Frische der Zitrone viele Geschmacksnerven verzaubern. Dieser Kr\u00e4utertee mit Zutaten aus verschiedenen L\u00e4ndern ist eine wunderbar ausgewogene Mischung aus nat\u00fcrlichen Aromen mit einem scharfen und erfrischenden Charakter.<\/p>\n<p><strong>12 China Siehe DynasTea<\/strong><br \/>\n<strong>13 China Geschmack Seidig<\/strong><\/p>\n<p>1<strong>4 China Enjoy Roses<\/strong> Die k\u00f6stlichen reinen Oolongs, die von einem etwas schwereren, ausgepr\u00e4gteren Oolong bis hin zu einem Oolong mit seidenweichem Geschmack reichen, stammen aus Wuhan, der Hauptstadt der Provinz Hubei in China.<br \/>\nViele kennen die Seidenstra\u00dfe, w\u00e4hrend die &#8220;Kamelroute des Graslandes&#8221; weniger bekannt ist. Ab dem sp\u00e4ten 17. Jahrhundert, w\u00e4hrend der Qing-Dynastie, war Wuhan der Ausgangspunkt der Teehandelsroute in die Mongolei.  Diese Handelsroute wurde auch die &#8220;Kamelroute des Graslandes&#8221; genannt.<\/p>\n","tasting_notes":"<p><strong>11 China Sense Vitality<\/strong><br \/>\n<strong>Aussehen und Wirkung:<\/strong> gr\u00fcn (Zitronengras), hellgelb (Ingwer) und gelb (Sonnenblumenbl\u00fcten)<br \/>\n<strong>Aroma:<\/strong> Zitrusfr\u00fcchte und starke Gew\u00fcrze<br \/>\n<strong>Aufguss:<\/strong> goldgelb<br \/>\n<strong>Geschmack:<\/strong> belebendes Zitronengras mit kr\u00e4ftigen Noten von Ingwer<\/p>\n<p><strong>12 China Siehe DynasTea<\/strong><br \/>\n<strong>Look &#038; Feel:<\/strong> dunkel gef\u00e4rbte Perlen<br \/>\n<strong>Aroma:<\/strong> erdig mit Rostaroma<br \/>\n<strong>Aufguss:<\/strong> rot-brauner Aufguss<br \/>\n<strong>Geschmack:<\/strong> erdig, mineralisch, weiche Fr\u00fcchte<\/p>\n<p><strong>13 China Geschmack Seidig<\/strong><br \/>\n<strong>Look &#038; Feel:<\/strong> dunkelgr\u00fcne Perlen<br \/>\n<strong>Duft:<\/strong> Orchidee \/ Flieder<br \/>\n<strong>Aufguss:<\/strong> weiches Gelb \/ Gr\u00fcn<br \/>\n<strong>Geschmack:<\/strong> leicht pflanzlich, weich, blumig<\/p>\n<p><strong>14 China genie\u00dfen Rosen<\/strong><br \/>\n<strong>Look &#038; Feel:<\/strong> hellgr\u00fcne Perlen, umgeben von roten Rosenbl\u00e4ttern und lila Lavendel<br \/>\n<strong>Duft:<\/strong> Orchidee \/ Flieder<br \/>\n<strong>Aufguss:<\/strong> weiches Gelb \/ Gr\u00fcn<br \/>\n<strong>Geschmack:<\/strong> leicht pflanzlich, weich, blumig<\/p>\n","zetadvies":"<p><strong>Montagehinweise:<\/strong><\/p>\n<p><strong>11 China Sense Vitality<\/strong><br \/>\nWasser: 100\u00b0C<br \/>\nTee: 2g \/ 1 Teel\u00f6ffel pro Tasse (150 ml)<br \/>\nZiehzeit: 8-10 Minuten<\/p>\n<p><strong>12 China Siehe DynasTea<\/strong><br \/>\nWasser: 100\u00b0C<br \/>\nTee: 2g \/ 1 Teel\u00f6ffel pro Tasse (150 ml)<br \/>\nAufguss: 2 Minuten<\/p>\n<p><strong>13 China Taste Silky<\/strong><br \/>\nWasser: 100\u00b0C<br \/>\nTee: 2g \/ 1 Teel\u00f6ffel pro Tasse (150 ml)<br \/>\nAufguss: 2 Minuten<\/p>\n<p>1<strong>4 China Enjoy Roses<\/strong> Wasser: 100\u00b0C Tee: 2g \/ 1 Teel\u00f6ffel pro Tasse (150 ml) Aufguss: 2 Minuten<\/p>\n<p><strong>Lagerungshinweise:<\/strong> k\u00fchl, trocken, leicht und luftdicht aufbewahren<\/p>\n","new_description":"<p>Die jahrhundertealten Teetraditionen dieses sch\u00f6nen Landes China sind eine echte Inspiration f\u00fcr die Auswahl der Tees und Mischungen in diesem Geschenkset.<\/p>\n<p>Die Palette reicht von einer frischen Kr\u00e4utermischung \u00fcber einen sch\u00f6nen dunklen oxidierten Oolong, einen weichen hellen oxidierten Oolong bis hin zu einem festlichen Oolong mit Rosenbl\u00e4ttern, der ebenfalls zu unseren beliebtesten Mischungen geh\u00f6rt.<\/p>\n<p>Ein warmes Geschenk mit vier k\u00f6stlichen losen Tees in sch\u00f6nen Dosen.<\/p>\n<p>11 China Sense Vitality &#8211; Kr\u00e4utermischung &#8211; 25g<\/p>\n<p>12 China See DynasTea &#8211; Oolong Tee dunkel oxidiert- 25g<\/p>\n<p>13 China Taste Silky &#8211; Oolong Tee leicht oxidiert &#8211; 25g<\/p>\n<p>14 China Enjoy Roses: Oolong Tee: 20g<\/p>\n<p>Weitere Informationen \u00fcber die Zusammensetzung dieser Tees findest du bei den Inhaltsstoffen.<\/p>\n","productkenmerk1":"Verkostung von chinesischen Tees. Geschenkset mit 4 k\u00f6stlichen losen Blatt-Tees in haltbaren Designer-Dosen (95g). Ein Genuss f\u00fcr Sie selbst oder ein warmes Geschenk f\u00fcr Teeliebhaber.","productkenmerk2":"Die jahrhundertealten Teetraditionen dieses sch\u00f6nen Landes China sind eine echte Inspiration f\u00fcr die Auswahl der Tees und Mischungen in diesem Geschenkset.","productkenmerk3":"Eine Verkostung von vier k\u00f6stlichen losen Blatt-Tees: Soolong no, 11 China Sense Vitality, Kr\u00e4utermischung mit Ingwer und Zitrone (25g); Soolong no, 12 China See DynasTea, dunkel oxidierter Oolong-Tee, rein und klar (25g); Soolong no, 13 China Taste Silky, leicht oxidierter Oolong-Tee, seidig weich (25g); Soolong no, 14 China Enjoy Roses, Oolong-Tee-Mischung mit Rosen und Lavendel (20g)","productkenmerk4":"Hochwertiger Tee, bis zu 3 bis 5 Pints. Verl\u00e4ngern Sie die Infusionszeit nach mehreren Reinigungen.","productkenmerk5":"Eine sch\u00f6ne Geschenkbox mit vier langlebigen Dosen, von hoher Qualit\u00e4t und einzigartigem Design. Ein fr\u00f6hlicher Anblick f\u00fcr den Tisch und jede K\u00fcche.","productkenmerk7":"Ein originelles Geschenk f\u00fcr jeden Anlass, ob Geburtstag, Muttertag, Hochzeit, Weihnachten, als Dankesch\u00f6n oder um jemanden aufzuheitern.","marktplaatstitel1":"Soolong - Geschenkset - 10 - China - Teeverkostung - Tee - Geschenk - Geschenk - Muttertag - Sinterklaas - Weihnachten - Feiertage - Black Friday - Weihnachtspaket - Werbegeschenk"},"_links":{"self":[{"href":"https:\/\/soolong.com\/de\/wp-json\/wp\/v2\/product\/41658","targetHints":{"allow":["GET"]}}],"collection":[{"href":"https:\/\/soolong.com\/de\/wp-json\/wp\/v2\/product"}],"about":[{"href":"https:\/\/soolong.com\/de\/wp-json\/wp\/v2\/types\/product"}],"replies":[{"embeddable":true,"href":"https:\/\/soolong.com\/de\/wp-json\/wp\/v2\/comments?post=41658"}],"wp:featuredmedia":[{"embeddable":true,"href":"https:\/\/soolong.com\/de\/wp-json\/wp\/v2\/media\/67334"}],"wp:attachment":[{"href":"https:\/\/soolong.com\/de\/wp-json\/wp\/v2\/media?parent=41658"}],"wp:term":[{"taxonomy":"product_cat","embeddable":true,"href":"https:\/\/soolong.com\/de\/wp-json\/wp\/v2\/product_cat?post=41658"},{"taxonomy":"product_tag","embeddable":true,"href":"https:\/\/soolong.com\/de\/wp-json\/wp\/v2\/product_tag?post=41658"},{"taxonomy":"giftcard-category","embeddable":true,"href":"https:\/\/soolong.com\/de\/wp-json\/wp\/v2\/giftcard-category?post=41658"}],"curies":[{"name":"wp","href":"https:\/\/api.w.org\/{rel}","templated":true}]}}