{"id":41609,"date":"2021-12-24T08:07:00","date_gmt":"2021-12-24T07:07:00","guid":{"rendered":"https:\/\/soolong.com\/product\/japan-31-der-sinn-fuer-harmonie\/"},"modified":"2025-06-24T15:38:37","modified_gmt":"2025-06-24T13:38:37","slug":"tee-gewurz-yuzu-japan-31-sinn","status":"publish","type":"product","link":"https:\/\/soolong.com\/de\/product\/tee-gewurz-yuzu-japan-31-sinn\/","title":{"rendered":"Japan 31 Der Sinn f\u00fcr Harmonie"},"content":{"rendered":"<p><strong>Zutaten:<\/strong><\/p>\n<p>Kr\u00e4utermischung*:<\/p>\n<p>Guavenst\u00fccke, Zitronenmelisse, Apfelst\u00fccke, Zitronengras, Ingwer, Mategr\u00fcn, s\u00fc\u00dfe Brombeerbl\u00e4tter, Apfelminze, Zitronenmyrte, Zitrusschalen, Ringelblumenbl\u00fctenbl\u00e4tter, Aromen,<\/p>\n<p>* Wenig Koffein<\/p>\n<p><strong>Herkunft:<\/strong><\/p>\n<p>Der k\u00f6stliche Geschmack der japanischen Yuzu-Frucht ist eine echte Inspiration f\u00fcr die Zusammensetzung der Kr\u00e4uter in dieser Mischung,<\/p>\n<p>Die Kr\u00e4uter selbst stammen aus verschiedenen L\u00e4ndern, da die Einfuhr von Kr\u00e4utern aus Japan aufgrund der gro\u00dfen Unterschiede in der Pestizidgesetzgebung sehr kompliziert bzw. fast unm\u00f6glich ist,<\/p>\n<p><strong>Geschmack:<\/strong><\/p>\n<p><strong>Aussehen und Wirkung:<\/strong> gr\u00fcn (Zitronengras), hellgelb (Apfel) und gelb (Ringelblumenbl\u00fcten),<br \/>\n<strong>Aroma:<\/strong> frische Zitrusfr\u00fcchte und kr\u00e4ftige Gew\u00fcrze<br \/>\n<strong>Aufguss:<\/strong> hellgelb<br \/>\n<strong>Geschmack:<\/strong> eine Kombination aus Gew\u00fcrzen und frischen Zitrusnoten, die an die japanische Yuzu-Frucht erinnern,<\/p>\n<p>F\u00fcr Menschen, die einen k\u00f6stlich frischen und fruchtigen Geschmack m\u00f6gen,<\/p>\n<p><strong>Montagehinweise:  <\/strong><\/p>\n<p>Wasser: 100\u00b0C Tee: 2g \/ 1 Teel\u00f6ffel pro Tasse (150 ml) Aufguss: 5 Minuten<\/p>\n<p><strong>Lagerungshinweise:<\/strong> k\u00fchl, trocken, leicht und luftdicht aufbewahren<\/p>\n","protected":false},"excerpt":{"rendered":"<p>Gew\u00fcrzmischung<\/p>\n","protected":false},"featured_media":8581,"comment_status":"open","ping_status":"closed","template":"","meta":{"_acf_changed":false},"product_cat":[606,592,459,200,199,269],"product_tag":[],"giftcard-category":[],"class_list":{"0":"post-41609","1":"product","2":"type-product","3":"status-publish","4":"has-post-thumbnail","6":"product_cat-schwarzer-freitag","7":"product_cat-tee-groshandel","8":"product_cat-tee","9":"product_cat-krautertee","10":"product_cat-sense-de","11":"product_cat-japan-de","13":"first","14":"instock","15":"taxable","16":"shipping-taxable","17":"purchasable","18":"product-type-variable","19":"has-default-attributes"},"acf":{"lijn_nummer":"31","weight":"","wissel":true,"ingredients":"<p>Kr\u00e4utermischung*:<\/p>\n<p>Guavast\u00fccke, Zitronenmelisse, Apfelst\u00fccke, Zitronengras, Ingwer, Mate gr\u00fcn, s\u00fc\u00dfe Brombeerbl\u00e4tter, Apfelminze, Zitronenmyrte, Zitrusschalen, Ringelblumenbl\u00fcten, Aromen,<\/p>\n<p>* Koffeinarm<\/p>\n","origin":"<p>Der k\u00f6stliche Geschmack der japanischen Yuzu-Frucht ist eine echte Inspiration f\u00fcr die Zusammensetzung der Kr\u00e4uter in dieser Mischung,<\/p>\n<p>. Die Kr\u00e4uter selbst werden aus verschiedenen L\u00e4ndern bezogen, da der Import von Kr\u00e4utern aus Japan aufgrund der gro\u00dfen Unterschiede in der Pestizidgesetzgebung sehr kompliziert\/fast unm\u00f6glich ist,<\/p>\n","tasting_notes":"<p><strong>Aussehen &#038; Haptik:<\/strong> gr\u00fcn (Zitronengras), hellgelb (Apfel) und gelb (Ringelblumenbl\u00fcten),<br \/>\n<strong>Aroma:<\/strong> frische Zitrusfr\u00fcchte und kr\u00e4ftige Kr\u00e4uter<br \/>\n<strong>Aufguss:<\/strong> hellgelb<br \/>\n<strong>Geschmack:<\/strong> eine Kombination aus Kr\u00e4utern und frischen Zitrusnoten, die an die japanische Yuzu-Frucht erinnern,<\/p>\n<p>F\u00fcr Menschen, die einen k\u00f6stlich frischen und fruchtigen Geschmack m\u00f6gen,<\/p>\n","zetadvies":"<p><strong>Zubereitungshinweise: <\/strong><\/p>\n<p>Wasser: 100\u00b0C<br \/>\nTee: 2g \/ 1 Teel\u00f6ffel pro Tasse (150 ml)<br \/>\nAufguss: 5 Minuten<\/p>\n<p><strong>Aufbewahrungshinweise:<\/strong> k\u00fchl, trocken, hell und luftdicht lagern<\/p>\n","productkenmerk1":"Soolong Sense of Harmony Nr. 31: Japan-exklusiver frischer Kr\u00e4utertee, Loser Tee in einer haltbaren Designerdose oder Nachf\u00fcllpackung, Ein k\u00f6stlicher Genuss f\u00fcr Sie selbst oder ein exklusives Geschenk f\u00fcr Teeliebhaber,","productkenmerk2":"Der k\u00f6stliche Geschmack der japanischen Yuzu-Frucht ist eine echte Inspiration f\u00fcr die Zusammensetzung der Kr\u00e4uter in dieser Mischung, die aus verschiedenen L\u00e4ndern stammen,","productkenmerk3":"Ziehen Sie 2 g Tee (1 TL) in 150 ml frisch gekochtem Wasser 3-5 Minuten lang auf, um eine perfekte Tasse Tee zu erhalten,","productkenmerk4":"Hochwertiger Tee, bis zu 3-5 Aufsch\u00e4umungen, bei Bedarf nach mehreren Aufsch\u00e4umungen die Ziehzeit verl\u00e4ngern,","productkenmerk5":"Langlebige Dose mit einzigartigem Design, ein fr\u00f6hlicher Anblick auf dem Tisch und in jeder K\u00fcche,","productkenmerk6":"Ein Genuss f\u00fcr sich selbst und ein perfektes Geschenk f\u00fcr Teeliebhaber,"},"_links":{"self":[{"href":"https:\/\/soolong.com\/de\/wp-json\/wp\/v2\/product\/41609","targetHints":{"allow":["GET"]}}],"collection":[{"href":"https:\/\/soolong.com\/de\/wp-json\/wp\/v2\/product"}],"about":[{"href":"https:\/\/soolong.com\/de\/wp-json\/wp\/v2\/types\/product"}],"replies":[{"embeddable":true,"href":"https:\/\/soolong.com\/de\/wp-json\/wp\/v2\/comments?post=41609"}],"wp:featuredmedia":[{"embeddable":true,"href":"https:\/\/soolong.com\/de\/wp-json\/wp\/v2\/media\/8581"}],"wp:attachment":[{"href":"https:\/\/soolong.com\/de\/wp-json\/wp\/v2\/media?parent=41609"}],"wp:term":[{"taxonomy":"product_cat","embeddable":true,"href":"https:\/\/soolong.com\/de\/wp-json\/wp\/v2\/product_cat?post=41609"},{"taxonomy":"product_tag","embeddable":true,"href":"https:\/\/soolong.com\/de\/wp-json\/wp\/v2\/product_tag?post=41609"},{"taxonomy":"giftcard-category","embeddable":true,"href":"https:\/\/soolong.com\/de\/wp-json\/wp\/v2\/giftcard-category?post=41609"}],"curies":[{"name":"wp","href":"https:\/\/api.w.org\/{rel}","templated":true}]}}