{"id":41546,"date":"2021-12-08T09:26:00","date_gmt":"2021-12-08T08:26:00","guid":{"rendered":"https:\/\/soolong.com\/product\/t-2-go-flowtea-cherry-blossom\/"},"modified":"2025-03-25T14:09:40","modified_gmt":"2025-03-25T13:09:40","slug":"soolong-t-2-go-thermos-flowtea-cherryblossom","status":"publish","type":"product","link":"https:\/\/soolong.com\/de\/product\/soolong-t-2-go-thermos-flowtea-cherryblossom\/","title":{"rendered":"T-2-Go &#8211; Flowtea Cherry Blossom"},"content":{"rendered":"<p>B<strong>eschreibung:<\/strong> Genie\u00dfen Sie Ihren Lieblingstee von Soolong Enjoy \u00fcberall, das k\u00f6nnen Sie mit dem Flowtea Cherry Blossom, Das hochwertige doppelwandige Borosilikatglas macht ihn sowohl f\u00fcr kalte als auch f\u00fcr hei\u00dfe Getr\u00e4nke geeignet, Der Flowtea Cherryblossom wird mit einem Edelstahlsieb und einer Neoprenh\u00fclle geliefert, Der Griff am Deckel macht es einfach T-2-go, Mikrowellengeeignet: Nein Sp\u00fclmaschinengeeignet: Nein Reinigung: Mit Wasser absp\u00fclen oder mit einem milden Reinigungsmittel und einer weichen B\u00fcrste,<\/p>\n","protected":false},"excerpt":{"rendered":"<p>Flowtea Kirschbl\u00fcte (Eigenart)<\/p>\n","protected":false},"featured_media":57143,"comment_status":"closed","ping_status":"closed","template":"","meta":{"_acf_changed":false},"product_cat":[624,298,375,245],"product_tag":[],"giftcard-category":[],"class_list":{"0":"post-41546","1":"product","2":"type-product","3":"status-publish","4":"has-post-thumbnail","6":"product_cat-weihnachten","7":"product_cat-zubehor","8":"product_cat-t2go-tee-mitbringen","9":"product_cat-geniese","11":"first","12":"instock","13":"sale","14":"taxable","15":"shipping-taxable","16":"purchasable","17":"product-type-simple"},"acf":{"lijn_nummer":"","weight":"","wissel":true,"new_description":"<p>Genie\u00dfen Sie Ihren Lieblingstee von Soolong Enjoy \u00fcberall, das k\u00f6nnen Sie mit dem Flowtea Cherry Blossom, Das hochwertige doppelwandige Borosilikatglas macht ihn sowohl f\u00fcr kalte als auch f\u00fcr hei\u00dfe Getr\u00e4nke geeignet, Der Flowtea Cherryblossom wird mit einem Edelstahlsieb und einer Neoprenh\u00fclle geliefert, Der Griff am Deckel macht es einfach, T-2-go, Mikrowellengeeignet: Nein Sp\u00fclmaschinengeeignet: Nein Reinigung: Mit Wasser absp\u00fclen oder mit einem milden Reinigungsmittel und einer weichen B\u00fcrste,<\/p>\n","productkenmerk1":"Glas-Trinkflasche\/Thermos (350-400ml) mit fr\u00f6hlichem Design und hochwertiger Neopren-Schutzh\u00fclle,","productkenmerk2":"F\u00fcr verschiedene Arten von Zubereitungen wie Tee und Kaffee,","productkenmerk3":"T2Go: Ideal f\u00fcr unterwegs, es h\u00e4lt Ihren Tee oder Kaffee sch\u00f6n hei\u00df und Ihren Eistee sch\u00f6n k\u00fchl, praktisch f\u00fcr Sie selbst oder ein perfektes Geschenk f\u00fcr Teeliebhaber,","productkenmerk4":"BPA-freies, geschmacksneutrales und temperaturbest\u00e4ndiges Borosilikatglas, doppelwandig, innen warm, au\u00dfen angenehm,","productkenmerk5":"Mit Teesieb aus rostfreiem Stahl und Deckel aus rostfreiem Stahl mit Griff,","productkenmerk7":"Ideal f\u00fcr Sie selbst und ein perfektes Geschenk f\u00fcr Teeliebhaber,","marktplaatstitel1":"Eigenart - Flowtea - Cherryblossom - Thermosflasche - Soolong T2Go - 400ml"},"_links":{"self":[{"href":"https:\/\/soolong.com\/de\/wp-json\/wp\/v2\/product\/41546","targetHints":{"allow":["GET"]}}],"collection":[{"href":"https:\/\/soolong.com\/de\/wp-json\/wp\/v2\/product"}],"about":[{"href":"https:\/\/soolong.com\/de\/wp-json\/wp\/v2\/types\/product"}],"replies":[{"embeddable":true,"href":"https:\/\/soolong.com\/de\/wp-json\/wp\/v2\/comments?post=41546"}],"wp:featuredmedia":[{"embeddable":true,"href":"https:\/\/soolong.com\/de\/wp-json\/wp\/v2\/media\/57143"}],"wp:attachment":[{"href":"https:\/\/soolong.com\/de\/wp-json\/wp\/v2\/media?parent=41546"}],"wp:term":[{"taxonomy":"product_cat","embeddable":true,"href":"https:\/\/soolong.com\/de\/wp-json\/wp\/v2\/product_cat?post=41546"},{"taxonomy":"product_tag","embeddable":true,"href":"https:\/\/soolong.com\/de\/wp-json\/wp\/v2\/product_tag?post=41546"},{"taxonomy":"giftcard-category","embeddable":true,"href":"https:\/\/soolong.com\/de\/wp-json\/wp\/v2\/giftcard-category?post=41546"}],"curies":[{"name":"wp","href":"https:\/\/api.w.org\/{rel}","templated":true}]}}