{"id":41391,"date":"2022-05-13T14:16:00","date_gmt":"2022-05-13T12:16:00","guid":{"rendered":"https:\/\/soolong.com\/product\/kaffee-brasilien-4000-enjoy-topacio-lungo\/"},"modified":"2025-10-27T11:38:38","modified_gmt":"2025-10-27T10:38:38","slug":"kaffeebohnen-brasilien-4000-genuss","status":"publish","type":"product","link":"https:\/\/soolong.com\/de\/product\/kaffeebohnen-brasilien-4000-genuss\/","title":{"rendered":"Kaffee Brasilien 4000 Enjoy Topacio Lungo"},"content":{"rendered":"<p><strong>Beschreibung:<\/strong><br \/>\nKaffeebohnen &#8211; Brasilien &#8211; Arabica &#8211; Mittlere R\u00f6stung<br \/>\nKaffeespezialit\u00e4t mit einem delikaten, mild-s\u00fc\u00dfen Geschmack.<\/p>\n<p>Genie\u00dfen Sie diese Spezialit\u00e4t und schmecken Sie die Untert\u00f6ne von Schokolade und Karamell.<br \/>\nEin sehr zug\u00e4nglicher Kaffee, von einer einzigen Fazenda aus dem Bundesstaat Minas Gerais in Brasilien.<\/p>\n<p>Kaffeespezialit\u00e4t, hohe Qualit\u00e4t, Cupping Score : 84 %<\/p>\n<p><strong>Zutaten :<\/strong><br \/>\nKaffee : Kaffeebohnen<br \/>\nBohne : Arabica<br \/>\nSorte : Mundo Novo, Top\u00e1zio<br \/>\nKoffein : ja<\/p>\n<p><strong>Herkunft:<\/strong><br \/>\nLand : Brasilien<br \/>\nKategorie : Einzelgut, Direkthandel<br \/>\nH\u00f6he : 1275 m<\/p>\n<p>Diese hochwertige Kaffeespezialit\u00e4t ist ein sehr zug\u00e4nglicher Kaffee, der von einem einzigen Landgut<br \/>\nFazenda aus dem Bundesstaat Minas Gerais in Brasilien stammt.<\/p>\n<p><strong>Geschmack:<\/strong><br \/>\nLeichter K\u00f6rper, Spezialit\u00e4tenkaffee. Ein sehr zug\u00e4nglicher Kaffee mit einem delikaten, mild-s\u00fc\u00dfen Geschmack.<\/p>\n<p>Obwohl er keine Zusatzstoffe enth\u00e4lt, k\u00f6nnen echte Feinschmecker Untert\u00f6ne von Schokolade und Karamell wahrnehmen.<\/p>\n<p>Braten : Mittlerer Braten<\/p>\n<p>L<strong>agerungshinweis:<\/strong> K\u00fchl und trocken lagern<\/p>\n","protected":false},"excerpt":{"rendered":"<p>Kaffeebohnen &#8211; Brasilien &#8211; Arabica &#8211; Mittlere R\u00f6stung<br \/>\nKaffeespezialit\u00e4t mit einem delikaten, mild-s\u00fc\u00dfen Geschmack.<\/p>\n","protected":false},"featured_media":88440,"comment_status":"closed","ping_status":"closed","template":"","meta":{"_acf_changed":false},"product_cat":[606,386,245,387],"product_tag":[],"giftcard-category":[],"class_list":{"0":"post-41391","1":"product","2":"type-product","3":"status-publish","4":"has-post-thumbnail","6":"product_cat-schwarzer-freitag","7":"product_cat-kaffee","8":"product_cat-geniese","9":"product_cat-brasilien","11":"first","12":"instock","13":"taxable","14":"shipping-taxable","15":"product-type-variable","16":"has-default-attributes"},"acf":{"lijn_nummer":"4000","weight":"1","wissel":true,"ingredients":"<p><strong>Zutaten :<\/strong><br \/>\nKaffee : Kaffeebohnen<br \/>\nBohne : Arabica<br \/>\nSorte : Mundo Novo, Top\u00e1zio<br \/>\nKoffein : ja<\/p>\n","origin":"<p><strong>Herkunft:<\/strong><br \/>\nLand : Brasilien<br \/>\nKategorie : Single Estate, Direct Trade<br \/>\nH\u00f6henlage : 1275 m<\/p>\n<p>Diese hochwertige Kaffeespezialit\u00e4t ist ein sehr zug\u00e4nglicher Kaffee, der von einer Fazenda aus dem Bundesstaat Minas Gerais in Brasilien stammt.<\/p>\n","tasting_notes":"<p><strong>Geschmack:<\/strong><br \/>\nLeichter K\u00f6rper, Spezialit\u00e4tenkaffee, Ein sehr zug\u00e4nglicher Kaffee, mit einem delikaten, leicht s\u00fc\u00dfen Geschmack.<\/p>\n<p>Obwohl er keine Zusatzstoffe enth\u00e4lt, k\u00f6nnen echte Feinschmecker Noten von Schokolade und Karamell wahrnehmen.<\/p>\n<p>R\u00f6stung : Mittlere R\u00f6stung<\/p>\n","zetadvies":"<p>L<strong>agerungshinweis:<\/strong> K\u00fchl und trocken lagern<\/p>\n","new_description":"<p><strong>Beschreibung:<\/strong><br \/>\nKaffeebohnen &#8211; Brasilien &#8211; Arabica &#8211; Mittlere R\u00f6stung<br \/>\nKaffeespezialit\u00e4t mit einem raffinierten, mild-s\u00fc\u00dfen Geschmack.<\/p>\n<p>Genie\u00dfen Sie diese Spezialit\u00e4t mit einem Hauch von Schokolade und Karamell.<br \/>\nEin sehr zug\u00e4nglicher Kaffee, der von einer Fazenda aus dem Bundesstaat Minas Gerais in Brasilien stammt.<\/p>\n<p>Kaffeespezialit\u00e4t, hohe Qualit\u00e4t, Cupping Score : 84%<\/p>\n","productkenmerk1":"Tropisches Brasilien! Ein perfektes Klima f\u00fcr das Wachstum von Kaffee. Brasilien ist der gr\u00f6\u00dfte Kaffeeproduzent der Welt und der Spezialist f\u00fcr Arabica-Kaffeebohnen. Ein Genuss f\u00fcr sich selbst oder ein originelles Geschenk f\u00fcr Liebhaber von Deep L.","productkenmerk2":"Ger\u00f6stete Arabica-Kaffeebohnen, mittlere R\u00f6stung. Verpackt in einer sch\u00f6nen Bronze-Designerverpackung.","productkenmerk3":"Vollmundiger Spezialit\u00e4tenkaffee mit einem feinen, mild-s\u00fc\u00dfen Geschmack. Obwohl keine Zusatzstoffe enthalten sind, k\u00f6nnen echte Feinschmecker Noten von Schokolade und Karamell wahrnehmen.","productkenmerk4":"Hochwertige Kaffeespezialit\u00e4t mit einer Cupping-Punktzahl von 86","productkenmerk5":"Diese Kaffeespezialit\u00e4t w\u00e4chst auf einer H\u00f6he von 1275 Metern und stammt von einer einzigen Fazenda im brasilianischen Bundesstaat Minas Gerais. Sorte : Mundo Novo, Top\u00e1zio.","productkenmerk6":"Ein Genuss f\u00fcr sich selbst oder ein originelles Geschenk f\u00fcr Liebhaber von Deep L. Sorte : Mundo Novo.","productkenmerk7":"Ein Genuss f\u00fcr sich selbst und ein perfektes Geschenk f\u00fcr Liebhaber von L."},"_links":{"self":[{"href":"https:\/\/soolong.com\/de\/wp-json\/wp\/v2\/product\/41391","targetHints":{"allow":["GET"]}}],"collection":[{"href":"https:\/\/soolong.com\/de\/wp-json\/wp\/v2\/product"}],"about":[{"href":"https:\/\/soolong.com\/de\/wp-json\/wp\/v2\/types\/product"}],"replies":[{"embeddable":true,"href":"https:\/\/soolong.com\/de\/wp-json\/wp\/v2\/comments?post=41391"}],"wp:featuredmedia":[{"embeddable":true,"href":"https:\/\/soolong.com\/de\/wp-json\/wp\/v2\/media\/88440"}],"wp:attachment":[{"href":"https:\/\/soolong.com\/de\/wp-json\/wp\/v2\/media?parent=41391"}],"wp:term":[{"taxonomy":"product_cat","embeddable":true,"href":"https:\/\/soolong.com\/de\/wp-json\/wp\/v2\/product_cat?post=41391"},{"taxonomy":"product_tag","embeddable":true,"href":"https:\/\/soolong.com\/de\/wp-json\/wp\/v2\/product_tag?post=41391"},{"taxonomy":"giftcard-category","embeddable":true,"href":"https:\/\/soolong.com\/de\/wp-json\/wp\/v2\/giftcard-category?post=41391"}],"curies":[{"name":"wp","href":"https:\/\/api.w.org\/{rel}","templated":true}]}}