{"id":41355,"date":"2021-12-08T09:25:00","date_gmt":"2021-12-08T08:25:00","guid":{"rendered":"https:\/\/soolong.com\/product\/soolong-teeglas-teesieb\/"},"modified":"2025-06-24T16:11:12","modified_gmt":"2025-06-24T14:11:12","slug":"soolong-tea-glas-tea-sieb-edelstahl","status":"publish","type":"product","link":"https:\/\/soolong.com\/de\/product\/soolong-tea-glas-tea-sieb-edelstahl\/","title":{"rendered":"Soolong Teeglas &amp; Teesieb"},"content":{"rendered":"<p>B<strong>eschreibung:<\/strong> Teeglas 350ml mit Teesieb aus Edelstahl.<\/p>\n","protected":false},"excerpt":{"rendered":"<p>Teeglas mit Teesieb aus Edelstahl<\/p>\n","protected":false},"featured_media":23557,"comment_status":"closed","ping_status":"closed","template":"","meta":{"_acf_changed":false},"product_cat":[298,301,321,317,345],"product_tag":[],"giftcard-category":[],"class_list":{"0":"post-41355","1":"product","2":"type-product","3":"status-publish","4":"has-post-thumbnail","6":"product_cat-zubehor","7":"product_cat-t2make-teezubereitung","8":"product_cat-teefilter-teesieb","9":"product_cat-t2serve-tee-servieren","10":"product_cat-glaser-und-becher","12":"first","13":"instock","14":"taxable","15":"shipping-taxable","16":"purchasable","17":"product-type-simple"},"acf":{"lijn_nummer":"","weight":"","wissel":true,"new_description":"<p>Teeglas 350ml mit Teesieb aus Edelstahl.<\/p>\n","productkenmerk1":"Soolong Teeglas mit Teesieb aus Edelstahl.","productkenmerk2":"Perfekt f\u00fcr eine k\u00f6stliche Tasse Tee.","productkenmerk3":"Fassungsverm\u00f6gen 350ml,","productkenmerk4":"Ideal f\u00fcr Sie selbst und ein perfektes Geschenk f\u00fcr Teeliebhaber.","marktplaatstitel1":"Soolong - Teegl\u00e4ser - 350ml - Teesieb - Edelstahl"},"_links":{"self":[{"href":"https:\/\/soolong.com\/de\/wp-json\/wp\/v2\/product\/41355","targetHints":{"allow":["GET"]}}],"collection":[{"href":"https:\/\/soolong.com\/de\/wp-json\/wp\/v2\/product"}],"about":[{"href":"https:\/\/soolong.com\/de\/wp-json\/wp\/v2\/types\/product"}],"replies":[{"embeddable":true,"href":"https:\/\/soolong.com\/de\/wp-json\/wp\/v2\/comments?post=41355"}],"wp:featuredmedia":[{"embeddable":true,"href":"https:\/\/soolong.com\/de\/wp-json\/wp\/v2\/media\/23557"}],"wp:attachment":[{"href":"https:\/\/soolong.com\/de\/wp-json\/wp\/v2\/media?parent=41355"}],"wp:term":[{"taxonomy":"product_cat","embeddable":true,"href":"https:\/\/soolong.com\/de\/wp-json\/wp\/v2\/product_cat?post=41355"},{"taxonomy":"product_tag","embeddable":true,"href":"https:\/\/soolong.com\/de\/wp-json\/wp\/v2\/product_tag?post=41355"},{"taxonomy":"giftcard-category","embeddable":true,"href":"https:\/\/soolong.com\/de\/wp-json\/wp\/v2\/giftcard-category?post=41355"}],"curies":[{"name":"wp","href":"https:\/\/api.w.org\/{rel}","templated":true}]}}