{"id":41340,"date":"2021-12-08T09:25:00","date_gmt":"2021-12-08T08:25:00","guid":{"rendered":"https:\/\/soolong.com\/product\/soolong-t-2-go-glas-275ml\/"},"modified":"2025-06-24T16:13:57","modified_gmt":"2025-06-24T14:13:57","slug":"soolong-t-2-go-thermos-glass-275ml","status":"publish","type":"product","link":"https:\/\/soolong.com\/de\/product\/soolong-t-2-go-thermos-glass-275ml\/","title":{"rendered":"Soolong T-2-Go Glas 275ml"},"content":{"rendered":"<p><strong>Beschreibung:<\/strong><\/p>\n<p>Nehmen Sie Ihren Lieblingstee mit dem &#8220;T-2-Go Glas&#8221; \u00fcberall hin mit, Borosilikatglas ist temperaturbest\u00e4ndig und leicht zu reinigen,<\/p>\n<p>Doppelwandig, mit Teesieb aus Edelstahl und Bambusdeckel<\/p>\n","protected":false},"excerpt":{"rendered":"<p>T-2-Go Glas 275ml<\/p>\n","protected":false},"featured_media":23265,"comment_status":"closed","ping_status":"closed","template":"","meta":{"_acf_changed":false},"product_cat":[624,298,375],"product_tag":[],"giftcard-category":[],"class_list":{"0":"post-41340","1":"product","2":"type-product","3":"status-publish","4":"has-post-thumbnail","6":"product_cat-weihnachten","7":"product_cat-zubehor","8":"product_cat-t2go-tee-mitbringen","10":"first","11":"outofstock","12":"taxable","13":"shipping-taxable","14":"purchasable","15":"product-type-simple"},"acf":{"lijn_nummer":"","weight":"","wissel":true,"new_description":"<p>Nehmen Sie Ihren Lieblingstee mit dem &#8220;T-2-Go Glas&#8221; \u00fcberall hin mit, Borosilikatglas ist temperaturbest\u00e4ndig und leicht zu reinigen,<\/p>\n<p>Doppelwandig, mit Teesieb aus Edelstahl und Bambusdeckel<\/p>\n","productkenmerk1":"Soolong Glas-Thermoskanne \/ Trinkflasche mit Teesieb aus Edelstahl,","productkenmerk2":"T2Go: Ideal f\u00fcr unterwegs: Er h\u00e4lt Ihren Tee oder Kaffee sch\u00f6n hei\u00df und Ihren Eistee oder T-Vino sch\u00f6n k\u00fchl,","productkenmerk3":"Hergestellt aus Borosilikatglas, temperaturbest\u00e4ndig und doppelwandig,","productkenmerk4":"Fassungsverm\u00f6gen 275ml,","productkenmerk5":"Ideal f\u00fcr Sie selbst und ein perfektes Geschenk f\u00fcr Teeliebhaber,","marktplaatstitel1":"Soolong - Thermosflasche - Tee - T2Go - Glas - 275ml"},"_links":{"self":[{"href":"https:\/\/soolong.com\/de\/wp-json\/wp\/v2\/product\/41340","targetHints":{"allow":["GET"]}}],"collection":[{"href":"https:\/\/soolong.com\/de\/wp-json\/wp\/v2\/product"}],"about":[{"href":"https:\/\/soolong.com\/de\/wp-json\/wp\/v2\/types\/product"}],"replies":[{"embeddable":true,"href":"https:\/\/soolong.com\/de\/wp-json\/wp\/v2\/comments?post=41340"}],"wp:featuredmedia":[{"embeddable":true,"href":"https:\/\/soolong.com\/de\/wp-json\/wp\/v2\/media\/23265"}],"wp:attachment":[{"href":"https:\/\/soolong.com\/de\/wp-json\/wp\/v2\/media?parent=41340"}],"wp:term":[{"taxonomy":"product_cat","embeddable":true,"href":"https:\/\/soolong.com\/de\/wp-json\/wp\/v2\/product_cat?post=41340"},{"taxonomy":"product_tag","embeddable":true,"href":"https:\/\/soolong.com\/de\/wp-json\/wp\/v2\/product_tag?post=41340"},{"taxonomy":"giftcard-category","embeddable":true,"href":"https:\/\/soolong.com\/de\/wp-json\/wp\/v2\/giftcard-category?post=41340"}],"curies":[{"name":"wp","href":"https:\/\/api.w.org\/{rel}","templated":true}]}}