{"id":41176,"date":"2022-04-08T09:28:00","date_gmt":"2022-04-08T07:28:00","guid":{"rendered":"https:\/\/soolong.com\/product\/ticket\/"},"modified":"2025-06-24T15:45:30","modified_gmt":"2025-06-24T13:45:30","slug":"ticket","status":"publish","type":"product","link":"https:\/\/soolong.com\/de\/product\/ticket\/","title":{"rendered":"Ticket"},"content":{"rendered":"","protected":false},"excerpt":{"rendered":"<p>Es geht nichts \u00fcber eine personalisierte Karte. Sie k\u00f6nnen bei jedem Kauf eine Gru\u00dfkarte ausw\u00e4hlen und auf Wunsch einen Text hinzuf\u00fcgen,<\/p>\n","protected":false},"featured_media":9365,"comment_status":"closed","ping_status":"closed","template":"","meta":{"_acf_changed":false},"product_cat":[632],"product_tag":[],"giftcard-category":[],"class_list":{"0":"post-41176","1":"product","2":"type-product","3":"status-publish","4":"has-post-thumbnail","6":"product_cat-uncategorized-de-2","8":"first","9":"instock","10":"taxable","11":"shipping-taxable","12":"purchasable","13":"product-type-variable"},"acf":{"lijn_nummer":"","weight":""},"_links":{"self":[{"href":"https:\/\/soolong.com\/de\/wp-json\/wp\/v2\/product\/41176","targetHints":{"allow":["GET"]}}],"collection":[{"href":"https:\/\/soolong.com\/de\/wp-json\/wp\/v2\/product"}],"about":[{"href":"https:\/\/soolong.com\/de\/wp-json\/wp\/v2\/types\/product"}],"replies":[{"embeddable":true,"href":"https:\/\/soolong.com\/de\/wp-json\/wp\/v2\/comments?post=41176"}],"wp:featuredmedia":[{"embeddable":true,"href":"https:\/\/soolong.com\/de\/wp-json\/wp\/v2\/media\/9365"}],"wp:attachment":[{"href":"https:\/\/soolong.com\/de\/wp-json\/wp\/v2\/media?parent=41176"}],"wp:term":[{"taxonomy":"product_cat","embeddable":true,"href":"https:\/\/soolong.com\/de\/wp-json\/wp\/v2\/product_cat?post=41176"},{"taxonomy":"product_tag","embeddable":true,"href":"https:\/\/soolong.com\/de\/wp-json\/wp\/v2\/product_tag?post=41176"},{"taxonomy":"giftcard-category","embeddable":true,"href":"https:\/\/soolong.com\/de\/wp-json\/wp\/v2\/giftcard-category?post=41176"}],"curies":[{"name":"wp","href":"https:\/\/api.w.org\/{rel}","templated":true}]}}