{"id":41133,"date":"2021-12-08T09:26:00","date_gmt":"2021-12-08T08:26:00","guid":{"rendered":"https:\/\/soolong.com\/product\/soolong-teefilter-s\/"},"modified":"2025-04-02T11:19:46","modified_gmt":"2025-04-02T09:19:46","slug":"soolong-theefilter-tea-strainer-s","status":"publish","type":"product","link":"https:\/\/soolong.com\/de\/product\/soolong-theefilter-tea-strainer-s\/","title":{"rendered":"Soolong Teefilter S"},"content":{"rendered":"<p>B<strong>eschreibung:<\/strong> Hochwertiges Teesieb aus Edelstahl S, \u2205 5,6 cm mit Tropfschale aus Edelstahl, Ideal f\u00fcr die Zubereitung von losem Tee,<\/p>\n","protected":false},"excerpt":{"rendered":"<p>Teesieb \u2205 5,6 cm, mit Tropfschale &#8211; Edelstahl<\/p>\n","protected":false},"featured_media":22848,"comment_status":"closed","ping_status":"closed","template":"","meta":{"_acf_changed":false},"product_cat":[298,301,321],"product_tag":[],"giftcard-category":[],"class_list":{"0":"post-41133","1":"product","2":"type-product","3":"status-publish","4":"has-post-thumbnail","6":"product_cat-zubehor","7":"product_cat-t2make-teezubereitung","8":"product_cat-teefilter-teesieb","10":"first","11":"outofstock","12":"taxable","13":"shipping-taxable","14":"purchasable","15":"product-type-simple"},"acf":{"lijn_nummer":"","weight":"","wissel":true,"new_description":"<p>Hochwertiges Teesieb aus Edelstahl S, \u2205 5,6 cm mit Tropfschale aus Edelstahl, ideal zum Aufbr\u00fchen von losem Tee,<\/p>\n","productkenmerk1":"Soolong Teefilter, Teesieb S \u00d8 5,6 cm, mit Tropfschale,","productkenmerk2":"Hergestellt aus rostfreiem Stahl,","productkenmerk3":"Sp\u00fclmaschinenfest","productkenmerk4":"Sehr praktisches Teesieb, das speziell f\u00fcr die Zubereitung von losem Blatt-Tee entwickelt wurde,","marktplaatstitel1":"Soolong - Teefilter - Filter - Teesieb - S"},"_links":{"self":[{"href":"https:\/\/soolong.com\/de\/wp-json\/wp\/v2\/product\/41133","targetHints":{"allow":["GET"]}}],"collection":[{"href":"https:\/\/soolong.com\/de\/wp-json\/wp\/v2\/product"}],"about":[{"href":"https:\/\/soolong.com\/de\/wp-json\/wp\/v2\/types\/product"}],"replies":[{"embeddable":true,"href":"https:\/\/soolong.com\/de\/wp-json\/wp\/v2\/comments?post=41133"}],"wp:featuredmedia":[{"embeddable":true,"href":"https:\/\/soolong.com\/de\/wp-json\/wp\/v2\/media\/22848"}],"wp:attachment":[{"href":"https:\/\/soolong.com\/de\/wp-json\/wp\/v2\/media?parent=41133"}],"wp:term":[{"taxonomy":"product_cat","embeddable":true,"href":"https:\/\/soolong.com\/de\/wp-json\/wp\/v2\/product_cat?post=41133"},{"taxonomy":"product_tag","embeddable":true,"href":"https:\/\/soolong.com\/de\/wp-json\/wp\/v2\/product_tag?post=41133"},{"taxonomy":"giftcard-category","embeddable":true,"href":"https:\/\/soolong.com\/de\/wp-json\/wp\/v2\/giftcard-category?post=41133"}],"curies":[{"name":"wp","href":"https:\/\/api.w.org\/{rel}","templated":true}]}}