{"id":41121,"date":"2021-12-08T09:25:00","date_gmt":"2021-12-08T08:25:00","guid":{"rendered":"https:\/\/soolong.com\/product\/teebeutel-eco-50-stueck\/"},"modified":"2025-06-24T16:14:44","modified_gmt":"2025-06-24T14:14:44","slug":"soolong-teebeutel-oko-50-stk","status":"publish","type":"product","link":"https:\/\/soolong.com\/de\/product\/soolong-teebeutel-oko-50-stk\/","title":{"rendered":"Teebeutel Eco 50 St\u00fcck"},"content":{"rendered":"<p><strong>Beschreibung:<\/strong><\/p>\n<p>Teebeutel mit Verschlusskordel, 50 St\u00fcck, biologisch abbaubar,<\/p>\n<p> &#8211; Geeignet f\u00fcr die Zubereitung von losem Tee;<br \/>\n <br \/>&#8211; Geeignet f\u00fcr alle Teesorten, von Blatttee bis zu feinem Rooibos;<br \/>\n <br \/>&#8211; Geeignet f\u00fcr Teetassen und Teekannen;<br \/>\n <br \/>&#8211; Verleiht keinen Geschmack;<br \/>\n <br \/>&#8211; Hergestellt aus zertifizierten Naturmaterialien;<br \/>\n <br \/>&#8211; Gr\u00f6\u00dfe: 82 x 96 mm,<\/p>\n","protected":false},"excerpt":{"rendered":"<p>Teebeutel mit Kordelzug, biologisch abbaubar<\/p>\n","protected":false},"featured_media":26151,"comment_status":"closed","ping_status":"closed","template":"","meta":{"_acf_changed":false},"product_cat":[298,301,321],"product_tag":[],"giftcard-category":[],"class_list":{"0":"post-41121","1":"product","2":"type-product","3":"status-publish","4":"has-post-thumbnail","6":"product_cat-zubehor","7":"product_cat-t2make-teezubereitung","8":"product_cat-teefilter-teesieb","10":"first","11":"outofstock","12":"taxable","13":"shipping-taxable","14":"purchasable","15":"product-type-simple"},"acf":{"lijn_nummer":"","weight":"","wissel":true,"new_description":"<p>Teebeutel mit Verschlusskordel, 50 St\u00fcck, biologisch abbaubar,<\/p>\n<p> &#8211; Geeignet f\u00fcr die Zubereitung von losem Tee;<br \/>\n <br \/>&#8211; Geeignet f\u00fcr alle Teesorten, von Blatttee bis zu feinem Rooibos;<br \/>\n <br \/>&#8211; Geeignet f\u00fcr Teetassen und Teekannen;<br \/>\n <br \/>&#8211; Verleiht keinen Geschmack;<br \/>\n <br \/>&#8211; Hergestellt aus zertifizierten Naturmaterialien;<br \/>\n <br \/>&#8211; Gr\u00f6\u00dfe: 82 x 96 mm,<\/p>\n","productkenmerk1":"Soolong Eco Teebeutel lassen sich einfach mit losem Tee bef\u00fcllen und durch Ziehen an der Verschlussschnur verschlie\u00dfen. Praktisch, wenn Sie losen Tee in Teebeuteln verpacken oder transportieren m\u00f6chten,","productkenmerk2":"Geeignet f\u00fcr alle Teesorten, von Blatttee bis zu feinem Rooibos, f\u00fcr Teetassen und Teekannen,","productkenmerk3":"Hergestellt aus zertifizierten Naturmaterialien (chlorfrei) und geschmacksneutral,","productkenmerk4":"Biologisch abbaubar,","productkenmerk5":"Schachtel mit 50 St\u00fcck, Gr\u00f6\u00dfe: 82 x 96 mm,","marktplaatstitel1":"Soolong - Teebeutel - Eco - 50 St."},"_links":{"self":[{"href":"https:\/\/soolong.com\/de\/wp-json\/wp\/v2\/product\/41121","targetHints":{"allow":["GET"]}}],"collection":[{"href":"https:\/\/soolong.com\/de\/wp-json\/wp\/v2\/product"}],"about":[{"href":"https:\/\/soolong.com\/de\/wp-json\/wp\/v2\/types\/product"}],"replies":[{"embeddable":true,"href":"https:\/\/soolong.com\/de\/wp-json\/wp\/v2\/comments?post=41121"}],"wp:featuredmedia":[{"embeddable":true,"href":"https:\/\/soolong.com\/de\/wp-json\/wp\/v2\/media\/26151"}],"wp:attachment":[{"href":"https:\/\/soolong.com\/de\/wp-json\/wp\/v2\/media?parent=41121"}],"wp:term":[{"taxonomy":"product_cat","embeddable":true,"href":"https:\/\/soolong.com\/de\/wp-json\/wp\/v2\/product_cat?post=41121"},{"taxonomy":"product_tag","embeddable":true,"href":"https:\/\/soolong.com\/de\/wp-json\/wp\/v2\/product_tag?post=41121"},{"taxonomy":"giftcard-category","embeddable":true,"href":"https:\/\/soolong.com\/de\/wp-json\/wp\/v2\/giftcard-category?post=41121"}],"curies":[{"name":"wp","href":"https:\/\/api.w.org\/{rel}","templated":true}]}}