{"id":41093,"date":"2021-12-08T09:25:00","date_gmt":"2021-12-08T08:25:00","guid":{"rendered":"https:\/\/soolong.com\/product\/soolong-gusseisen-becher-90ml\/"},"modified":"2025-06-05T08:56:09","modified_gmt":"2025-06-05T06:56:09","slug":"soolong-cup-cast-iron-90ml","status":"publish","type":"product","link":"https:\/\/soolong.com\/de\/product\/soolong-cup-cast-iron-90ml\/","title":{"rendered":"Soolong Gusseisen Becher 90ml"},"content":{"rendered":"<p><strong>Beschreibung:<\/strong><\/p>\n<p>Teetasse aus Gusseisen im japanischen Stil, perfekt passend zur Soolong Teekanne aus Gusseisen, Stylische schwarze Teetasse mit trendigen Bronze-Akzenten auf der Au\u00dfenseite und emailliert auf der Innenseite, so dass sie nicht nur stilvoll aussieht, sondern auch lange hei\u00df bleibt und k\u00f6stlich trinkt,<\/p>\n<p>Tasseninhalt 90ml, \u00d8 78 mm und H\u00f6he 50 mm,<\/p>\n","protected":false},"excerpt":{"rendered":"<p>Gusseisen-Teebecher 90ml<\/p>\n","protected":false},"featured_media":53013,"comment_status":"closed","ping_status":"closed","template":"","meta":{"_acf_changed":false},"product_cat":[298,317,345,269],"product_tag":[],"giftcard-category":[],"class_list":{"0":"post-41093","1":"product","2":"type-product","3":"status-publish","4":"has-post-thumbnail","6":"product_cat-zubehor","7":"product_cat-t2serve-tee-servieren","8":"product_cat-glaser-und-becher","9":"product_cat-japan-de","11":"first","12":"instock","13":"taxable","14":"shipping-taxable","15":"purchasable","16":"product-type-simple"},"acf":{"lijn_nummer":"","weight":"","wissel":true,"new_description":"<p>Teetasse aus Gusseisen im japanischen Stil, perfekt passend zur Soolong Teekanne aus Gusseisen. Stilvolle schwarze Teetasse mit trendigen Bronze-Akzenten auf der Au\u00dfenseite und emailliert auf der Innenseite, so dass sie nicht nur stilvoll aussieht, sondern auch hervorragend trinkt,<\/p>\n<p>Inhalt Tasse 90ml, \u00d8 78 mm und H\u00f6he 50 mm,<\/p>\n","productkenmerk1":"Japanische Teekultur! Soolong Teetasse aus Gusseisen im japanischen Stil, Inhalt 90 ml, \u00d8 78 mm und H\u00f6he 50 mm,","productkenmerk2":"Hochwertiges Gusseisen, das den Tee lange hei\u00df h\u00e4lt,","productkenmerk3":"Die Innenseite ist zum Schutz vor Rost emailliert,","productkenmerk4":"Das Material, die Form und die Farben Schwarz und Bronze verleihen dieser Teetasse ein traditionelles und stilvolles Aussehen,","productkenmerk5":"Vervollst\u00e4ndigen Sie das Set mit der passenden gusseisernen Teekanne von Soolong","marktplaatstitel1":"Soolong - Becher - Tasse - Gusseisen - 90ml"},"_links":{"self":[{"href":"https:\/\/soolong.com\/de\/wp-json\/wp\/v2\/product\/41093","targetHints":{"allow":["GET"]}}],"collection":[{"href":"https:\/\/soolong.com\/de\/wp-json\/wp\/v2\/product"}],"about":[{"href":"https:\/\/soolong.com\/de\/wp-json\/wp\/v2\/types\/product"}],"replies":[{"embeddable":true,"href":"https:\/\/soolong.com\/de\/wp-json\/wp\/v2\/comments?post=41093"}],"wp:featuredmedia":[{"embeddable":true,"href":"https:\/\/soolong.com\/de\/wp-json\/wp\/v2\/media\/53013"}],"wp:attachment":[{"href":"https:\/\/soolong.com\/de\/wp-json\/wp\/v2\/media?parent=41093"}],"wp:term":[{"taxonomy":"product_cat","embeddable":true,"href":"https:\/\/soolong.com\/de\/wp-json\/wp\/v2\/product_cat?post=41093"},{"taxonomy":"product_tag","embeddable":true,"href":"https:\/\/soolong.com\/de\/wp-json\/wp\/v2\/product_tag?post=41093"},{"taxonomy":"giftcard-category","embeddable":true,"href":"https:\/\/soolong.com\/de\/wp-json\/wp\/v2\/giftcard-category?post=41093"}],"curies":[{"name":"wp","href":"https:\/\/api.w.org\/{rel}","templated":true}]}}