{"id":41066,"date":"2021-12-08T09:25:00","date_gmt":"2021-12-08T08:25:00","guid":{"rendered":"https:\/\/soolong.com\/product\/soolong-tasse-und-untertasse-025l-4er-set\/"},"modified":"2025-05-27T11:19:40","modified_gmt":"2025-05-27T09:19:40","slug":"soolong-tea-cups-and-dish-250ml","status":"publish","type":"product","link":"https:\/\/soolong.com\/de\/product\/soolong-tea-cups-and-dish-250ml\/","title":{"rendered":"Soolong Tasse und Untertasse 0,25L &#8211; 4er Set"},"content":{"rendered":"<p><strong>Beschreibung:<\/strong><\/p>\n<p>Glastasse und Untertasse, sowohl elegant als auch zeitlos und unverzichtbar in Ihrem Grundgeschirr,<br \/>\n <br \/>4er Set, Tasse Gr\u00f6\u00dfe: 0,25 l, \u2205 78 mm, 100 mm H\u00f6he, Untertasse \u2205 140 mm<\/p>\n","protected":false},"excerpt":{"rendered":"<p>Glastasse und Untertasse, 4er-Set<\/p>\n","protected":false},"featured_media":53979,"comment_status":"closed","ping_status":"closed","template":"","meta":{"_acf_changed":false},"product_cat":[298,317,345],"product_tag":[],"giftcard-category":[],"class_list":{"0":"post-41066","1":"product","2":"type-product","3":"status-publish","4":"has-post-thumbnail","6":"product_cat-zubehor","7":"product_cat-t2serve-tee-servieren","8":"product_cat-glaser-und-becher","10":"first","11":"instock","12":"taxable","13":"shipping-taxable","14":"purchasable","15":"product-type-simple"},"acf":{"lijn_nummer":"","new_description":"<p>Glastasse und Untertasse, sowohl elegant als auch zeitlos und unverzichtbar in Ihrem Grundgeschirr,<br \/>\n <br \/>Set aus 4 Teilen, Tasse: 0,25 l, \u2205 78 mm, 100 mm H\u00f6he, Untertasse \u2205 140 mm<\/p>\n","productkenmerk1":"Sch\u00f6ne Glastasse mit Untertasse, Fassungsverm\u00f6gen 250ml,","marktplaatstitel1":"Soolong - Teegl\u00e4ser - Tasse - Und - Untertasse - 250ml","weight":"","wissel":true},"_links":{"self":[{"href":"https:\/\/soolong.com\/de\/wp-json\/wp\/v2\/product\/41066","targetHints":{"allow":["GET"]}}],"collection":[{"href":"https:\/\/soolong.com\/de\/wp-json\/wp\/v2\/product"}],"about":[{"href":"https:\/\/soolong.com\/de\/wp-json\/wp\/v2\/types\/product"}],"replies":[{"embeddable":true,"href":"https:\/\/soolong.com\/de\/wp-json\/wp\/v2\/comments?post=41066"}],"wp:featuredmedia":[{"embeddable":true,"href":"https:\/\/soolong.com\/de\/wp-json\/wp\/v2\/media\/53979"}],"wp:attachment":[{"href":"https:\/\/soolong.com\/de\/wp-json\/wp\/v2\/media?parent=41066"}],"wp:term":[{"taxonomy":"product_cat","embeddable":true,"href":"https:\/\/soolong.com\/de\/wp-json\/wp\/v2\/product_cat?post=41066"},{"taxonomy":"product_tag","embeddable":true,"href":"https:\/\/soolong.com\/de\/wp-json\/wp\/v2\/product_tag?post=41066"},{"taxonomy":"giftcard-category","embeddable":true,"href":"https:\/\/soolong.com\/de\/wp-json\/wp\/v2\/giftcard-category?post=41066"}],"curies":[{"name":"wp","href":"https:\/\/api.w.org\/{rel}","templated":true}]}}