{"id":41045,"date":"2021-12-08T09:25:00","date_gmt":"2021-12-08T08:25:00","guid":{"rendered":"https:\/\/soolong.com\/product\/soolong-trendy-schwarztee-sieb\/"},"modified":"2025-05-22T06:00:30","modified_gmt":"2025-05-22T04:00:30","slug":"soolong-trendy-black-tea-sieve-egg","status":"publish","type":"product","link":"https:\/\/soolong.com\/de\/product\/soolong-trendy-black-tea-sieve-egg\/","title":{"rendered":"Soolong Trendy Schwarztee-Sieb"},"content":{"rendered":"<p>B<strong>eschreibung:<\/strong> Dieses trendige schwarze Teesieb aus Edelstahl ist ideal f\u00fcr die Zubereitung einer Tasse Tee mit losem Tee und l\u00e4sst sich bequem mitnehmen. Teesieb aus Edelstahl und titanbeschichtet Gr\u00f6\u00dfe: \u2205 50 mm, L\u00e4nge 160mm<\/p>\n","protected":false},"excerpt":{"rendered":"<p>Teesieb<\/p>\n","protected":false},"featured_media":7559,"comment_status":"closed","ping_status":"closed","template":"","meta":{"_acf_changed":false},"product_cat":[298,301,321],"product_tag":[],"giftcard-category":[],"class_list":{"0":"post-41045","1":"product","2":"type-product","3":"status-publish","4":"has-post-thumbnail","6":"product_cat-zubehor","7":"product_cat-t2make-teezubereitung","8":"product_cat-teefilter-teesieb","10":"first","11":"instock","12":"taxable","13":"shipping-taxable","14":"purchasable","15":"product-type-simple"},"acf":{"lijn_nummer":"","weight":"","wissel":true,"new_description":"<p>Dieses trendige schwarze Teesieb aus Edelstahl ist ideal f\u00fcr die Zubereitung einer Tasse Tee mit losem Tee und l\u00e4sst sich bequem mitnehmen. Das Teesieb ist aus rostfreiem Stahl gefertigt und titanbeschichtet. Gr\u00f6\u00dfe: \u00d8 50 mm, L\u00e4nge 160mm<\/p>\n","productkenmerk1":"Soolong trendiges Sieb f\u00fcr schwarzen Tee, Teepresse,","productkenmerk2":"Hergestellt aus Edelstahl mit Titanbeschichtung","productkenmerk3":"Abmessungen: \u00d8 50 mm, L\u00e4nge 160 mm","productkenmerk4":"Nachhaltige Alternative zu Teebeuteln,","marktplaatstitel1":"Soolong - Teesieb - Schwarz - Teeei - Trendy - 50mm"},"_links":{"self":[{"href":"https:\/\/soolong.com\/de\/wp-json\/wp\/v2\/product\/41045","targetHints":{"allow":["GET"]}}],"collection":[{"href":"https:\/\/soolong.com\/de\/wp-json\/wp\/v2\/product"}],"about":[{"href":"https:\/\/soolong.com\/de\/wp-json\/wp\/v2\/types\/product"}],"replies":[{"embeddable":true,"href":"https:\/\/soolong.com\/de\/wp-json\/wp\/v2\/comments?post=41045"}],"wp:featuredmedia":[{"embeddable":true,"href":"https:\/\/soolong.com\/de\/wp-json\/wp\/v2\/media\/7559"}],"wp:attachment":[{"href":"https:\/\/soolong.com\/de\/wp-json\/wp\/v2\/media?parent=41045"}],"wp:term":[{"taxonomy":"product_cat","embeddable":true,"href":"https:\/\/soolong.com\/de\/wp-json\/wp\/v2\/product_cat?post=41045"},{"taxonomy":"product_tag","embeddable":true,"href":"https:\/\/soolong.com\/de\/wp-json\/wp\/v2\/product_tag?post=41045"},{"taxonomy":"giftcard-category","embeddable":true,"href":"https:\/\/soolong.com\/de\/wp-json\/wp\/v2\/giftcard-category?post=41045"}],"curies":[{"name":"wp","href":"https:\/\/api.w.org\/{rel}","templated":true}]}}